{"id":9984,"date":"2022-06-19T13:09:45","date_gmt":"2022-06-19T11:09:45","guid":{"rendered":"https:\/\/somosdelprieto.com\/?page_id=9984"},"modified":"2022-11-23T20:20:37","modified_gmt":"2022-11-23T19:20:37","slug":"principal-aula-del-futuro","status":"publish","type":"page","link":"https:\/\/somosdelprieto.com\/index.php\/proyectos\/principal-aula-del-futuro\/","title":{"rendered":"AULA DEL FUTURO"},"content":{"rendered":"<div class=\"container\">\n<div class=\"row\"><!-- flip root --><p><\/p>\n<div class=\"box-item col-md-4\">\n<div class=\"flip-box\">\n<div class=\"flip-box-front text-center\" style=\"background-image: url('https:\/\/i.ibb.co\/gFK40fR\/Qu-es-Ad-F.jpg');\">\n<div class=\"inner color-snow\">\n<h4 class=\"flip-box-header color-snow pt-5\">\u00bfQu\u00e9 es el aula del futuro?<\/h4>\n<p><img decoding=\"async\" class=\"flip-box-img\" src=\"https:\/\/i.ibb.co\/B4DWKD8\/flip.png\" alt=\"\"><\/p>\n<\/div>\n<\/div>\n<div class=\"flip-box-back text-center\" style=\"background-image: url('https:\/\/i.ibb.co\/gFK40fR\/Qu-es-Ad-F.jpg');\">\n<div class=\"inner color-snow\">\n<h4 class=\"flip-box-header color-snow pt-5\">Prep\u00e1rate&#8230;te lo contamos<\/h4>\n<p><a href=\"https:\/\/somosdelprieto.com\/index.php\/portada\/proyectos-2\/aula-del-siglo-xxi-aula-del-futuro\/que-es-el-aula-del-futuro\/\"><button class=\"flip-box-button\">More<\/button><\/a><\/p>\n<\/div>\n<\/div>\n<\/div>\n<\/div>\n<p><!-- flip projects --><\/p>\n<div class=\"box-item col-md-4\">\n<div class=\"flip-box\">\n<div class=\"flip-box-front text-center\" style=\"background-image: url('https:\/\/i.ibb.co\/NytPS31\/Nuestra-ADF.png');\">\n<div class=\"inner color-snow\">\n<h4 class=\"flip-box-header color-snow pt-5\">Nuestro aula del futuro<\/h4>\n<p><img decoding=\"async\" class=\"flip-box-img\" src=\"https:\/\/i.ibb.co\/B4DWKD8\/flip.png\" alt=\"\"><\/p>\n<\/div>\n<\/div>\n<div class=\"flip-box-back text-center\" style=\"background-image: url('https:\/\/i.ibb.co\/NytPS31\/Nuestra-ADF.png');\">\n<div class=\"inner color-snow\">\n<h4 class=\"flip-box-header color-snow pt-5\">\u00bfQuieres conocerla?<\/h4>\n<p><a href=\"https:\/\/somosdelprieto.com\/index.php\/portada\/proyectos-2\/aula-del-siglo-xxi-aula-del-futuro\/nuestra-aula-del-futuro\/\"><button class=\"flip-box-button\">More<\/button><\/a><\/p>\n<\/div>\n<\/div>\n<\/div>\n<\/div>\n<p><!--  flip Team--><\/p>\n<div class=\"box-item col-md-4\">\n<div class=\"flip-box\">\n<div class=\"flip-box-front text-center\" style=\"background-image: url('https:\/\/i.ibb.co\/FzYLCX1\/Herramientas-digitales.png');\">\n<div class=\"inner color-snow\">\n<h4 class=\"flip-box-header color-snow pt-5\">Herramientas del Aula del futuro<\/h4>\n<p><img decoding=\"async\" class=\"flip-box-img\" src=\"https:\/\/i.ibb.co\/B4DWKD8\/flip.png\" alt=\"\"><\/p>\n<\/div>\n<\/div>\n<div class=\"flip-box-back text-center\" style=\"background-image: url('https:\/\/i.ibb.co\/FzYLCX1\/Herramientas-digitales.png');\">\n<div class=\"inner color-snow\">\n<h4 class=\"flip-box-header color-snow pt-5\">Te explicamos qu\u00e9 herramientas se pueden utilizar<\/h4>\n<p><a href=\"https:\/\/somosdelprieto.com\/index.php\/portada\/proyectos-2\/aula-del-siglo-xxi-aula-del-futuro\/herramientas-aula-del-futuro\/\"><button class=\"flip-box-button\">More<\/button><\/a><\/p>\n<\/div>\n<\/div>\n<\/div>\n<\/div>\n<\/div>\n<\/div>\n<p><!-- ROW 2 --><\/p>\n<div class=\"container\">\n<div class=\"row\"><!-- flip theatre --><p><\/p>\n<div class=\"box-item col-md-4\">\n<div class=\"flip-box\">\n<div class=\"flip-box-front text-center\" style=\"background-image: url('https:\/\/i.ibb.co\/sJ3sg4y\/Intercambio-de-buenas-pr-cticas.jpg');\">\n<div class=\"inner color-snow\">\n<h4 class=\"flip-box-header color-snow pt-5\">Intercambio de buenas pr\u00e1cticas<\/h4>\n<p><img decoding=\"async\" class=\"flip-box-img\" src=\"https:\/\/i.ibb.co\/B4DWKD8\/flip.png\" alt=\"\"><\/p>\n<\/div>\n<\/div>\n<div class=\"flip-box-back text-center\" style=\"background-image: url('https:\/\/i.ibb.co\/sJ3sg4y\/Intercambio-de-buenas-pr-cticas.jpg');\">\n<div class=\"inner color-snow\">\n<h4 class=\"flip-box-header color-snow pt-5\">\u00c9stas son las pr\u00e1cticas destacadas que podemos mostrarte<\/h4>\n<p><a href=\"https:\/\/somosdelprieto.com\/index.php\/portada\/proyectos-2\/aula-del-siglo-xxi-aula-del-futuro\/ejemplos-de-buenas-practicas-aula-del-futuro\/\"><button class=\"flip-box-button\">More<\/button><\/a><\/p>\n<\/div>\n<\/div>\n<\/div>\n<\/div>\n<div class=\"box-item col-md-4\">\n<div class=\"flip-box\">\n<div class=\"flip-box-front text-center\" style=\"background-image: url('https:\/\/i.ibb.co\/dbs59zD\/Novedades.jpg');\">\n<div class=\"inner color-snow\">\n<h4 class=\"flip-box-header color-snow pt-5\">Novedades<\/h4>\n<p><img decoding=\"async\" class=\"flip-box-img\" src=\"https:\/\/i.ibb.co\/B4DWKD8\/flip.png\" alt=\"\"><\/p>\n<\/div>\n<\/div>\n<div class=\"flip-box-back text-center\" style=\"background-image: url('https:\/\/i.ibb.co\/dbs59zD\/Novedades.jpg');\">\n<div class=\"inner color-snow\">\n<h4 class=\"flip-box-header color-snow pt-5\">Conoce todas las novedades<\/h4>\n<p><a href=\"https:\/\/somosdelprieto.com\/index.php\/portada\/proyectos-2\/aula-del-siglo-xxi-aula-del-futuro\/novedades-aula-del-futuro\/\"><button class=\"flip-box-button\">More<\/button><\/a><\/p>\n<\/div>\n<\/div>\n<\/div>\n<\/div>\n<div class=\"box-item col-md-4\">\n<div class=\"flip-box\">\n<div class=\"flip-box-front text-center\" style=\"background-image: url('https:\/\/i.ibb.co\/SyVrmbx\/PROYECTOS-APB-ESO.jpg');\">\n<div class=\"inner color-snow\">\n<h4 class=\"flip-box-header color-snow pt-5\">Proyectos curso 2022-2023<\/h4>\n<p><img decoding=\"async\" class=\"flip-box-img\" src=\"https:\/\/i.ibb.co\/B4DWKD8\/flip.png\" alt=\"\"><\/p>\n<\/div>\n<\/div>\n<div class=\"flip-box-back text-center\" style=\"background-image: url('https:\/\/i.ibb.co\/SyVrmbx\/PROYECTOS-APB-ESO.jpg');\">\n<div class=\"inner color-snow\">\n<h4 class=\"flip-box-header color-snow pt-5\">Conoce todos nuestros proyectos<\/h4>\n<p><a href=\"https:\/\/somosdelprieto.com\/?page_id=12862\/\"><button class=\"flip-box-button\">More<\/button><\/a><\/p>\n<\/div>\n<\/div>\n<\/div>\n<\/div>\n<\/div>\n<\/div>\n\n\n<p><\/p>\n","protected":false},"excerpt":{"rendered":"<p>\u00bfQu\u00e9 es el aula del futuro? Prep\u00e1rate&#8230;te lo contamos More Nuestro aula del futuro \u00bfQuieres conocerla? More Herramientas del Aula del futuro Te explicamos qu\u00e9 herramientas se pueden utilizar More Intercambio de buenas pr\u00e1cticas \u00c9stas son las pr\u00e1cticas destacadas que podemos mostrarte More Novedades Conoce todas las novedades More Proyectos curso 2022-2023 Conoce todos nuestros &hellip; <\/p>\n<p class=\"link-more\"><a href=\"https:\/\/somosdelprieto.com\/index.php\/proyectos\/principal-aula-del-futuro\/\" class=\"more-link\">Continuar leyendo<span class=\"screen-reader-text\"> \u00abAULA DEL FUTURO\u00bb<\/span><\/a><\/p>\n","protected":false},"author":4,"featured_media":0,"parent":7231,"menu_order":0,"comment_status":"closed","ping_status":"closed","template":"","meta":{"footnotes":""},"class_list":["post-9984","page","type-page","status-publish","hentry"],"_links":{"self":[{"href":"https:\/\/somosdelprieto.com\/index.php\/wp-json\/wp\/v2\/pages\/9984","targetHints":{"allow":["GET"]}}],"collection":[{"href":"https:\/\/somosdelprieto.com\/index.php\/wp-json\/wp\/v2\/pages"}],"about":[{"href":"https:\/\/somosdelprieto.com\/index.php\/wp-json\/wp\/v2\/types\/page"}],"author":[{"embeddable":true,"href":"https:\/\/somosdelprieto.com\/index.php\/wp-json\/wp\/v2\/users\/4"}],"replies":[{"embeddable":true,"href":"https:\/\/somosdelprieto.com\/index.php\/wp-json\/wp\/v2\/comments?post=9984"}],"version-history":[{"count":22,"href":"https:\/\/somosdelprieto.com\/index.php\/wp-json\/wp\/v2\/pages\/9984\/revisions"}],"predecessor-version":[{"id":12948,"href":"https:\/\/somosdelprieto.com\/index.php\/wp-json\/wp\/v2\/pages\/9984\/revisions\/12948"}],"up":[{"embeddable":true,"href":"https:\/\/somosdelprieto.com\/index.php\/wp-json\/wp\/v2\/pages\/7231"}],"wp:attachment":[{"href":"https:\/\/somosdelprieto.com\/index.php\/wp-json\/wp\/v2\/media?parent=9984"}],"curies":[{"name":"wp","href":"https:\/\/api.w.org\/{rel}","templated":true}]}}