{"id":9913,"date":"2022-04-27T12:33:49","date_gmt":"2022-04-27T10:33:49","guid":{"rendered":"https:\/\/somosdelprieto.com\/?page_id=9913"},"modified":"2022-04-27T12:33:49","modified_gmt":"2022-04-27T10:33:49","slug":"ganador-concurso-mejor-logo-aula-de-emprendimiento","status":"publish","type":"page","link":"https:\/\/somosdelprieto.com\/index.php\/ganador-concurso-mejor-logo-aula-de-emprendimiento\/","title":{"rendered":"GANADOR CONCURSO \u00abMEJOR LOGO AULA DE EMPRENDIMIENTO\u00bb"},"content":{"rendered":"\n<p><\/p>\n\n\n\n<div class=\"wp-block-image\"><figure class=\"aligncenter size-large\"><img loading=\"lazy\" decoding=\"async\" width=\"371\" height=\"371\" src=\"https:\/\/somosdelprieto.com\/wp-content\/uploads\/2022\/04\/logotipo-participante-1-edited.png\" alt=\"\" class=\"wp-image-9915\" srcset=\"https:\/\/somosdelprieto.com\/wp-content\/uploads\/2022\/04\/logotipo-participante-1-edited.png 371w, https:\/\/somosdelprieto.com\/wp-content\/uploads\/2022\/04\/logotipo-participante-1-edited-300x300.png 300w, https:\/\/somosdelprieto.com\/wp-content\/uploads\/2022\/04\/logotipo-participante-1-edited-150x150.png 150w, https:\/\/somosdelprieto.com\/wp-content\/uploads\/2022\/04\/logotipo-participante-1-edited-100x100.png 100w\" sizes=\"auto, (max-width: 371px) 100vw, 371px\" \/><\/figure><\/div>\n\n\n\n<p><\/p>\n\n\n\n<p>Aqu\u00ed os presentamos el logo ganador de nuestro concurso. Ha sido realizado por Andr\u00e9s \u00e1lamo (alumno de 2\u00ba del Ciclo Formativo de Carrocer\u00eda).<\/p>\n\n\n\n<p>\u00a1\u00a1\u00a1 ENHORABUENA !!!<\/p>\n","protected":false},"excerpt":{"rendered":"<p>Aqu\u00ed os presentamos el logo ganador de nuestro concurso. Ha sido realizado por Andr\u00e9s \u00e1lamo (alumno de 2\u00ba del Ciclo Formativo de Carrocer\u00eda). \u00a1\u00a1\u00a1 ENHORABUENA !!!<\/p>\n","protected":false},"author":30,"featured_media":0,"parent":0,"menu_order":0,"comment_status":"closed","ping_status":"closed","template":"","meta":{"footnotes":""},"class_list":["post-9913","page","type-page","status-publish","hentry"],"_links":{"self":[{"href":"https:\/\/somosdelprieto.com\/index.php\/wp-json\/wp\/v2\/pages\/9913","targetHints":{"allow":["GET"]}}],"collection":[{"href":"https:\/\/somosdelprieto.com\/index.php\/wp-json\/wp\/v2\/pages"}],"about":[{"href":"https:\/\/somosdelprieto.com\/index.php\/wp-json\/wp\/v2\/types\/page"}],"author":[{"embeddable":true,"href":"https:\/\/somosdelprieto.com\/index.php\/wp-json\/wp\/v2\/users\/30"}],"replies":[{"embeddable":true,"href":"https:\/\/somosdelprieto.com\/index.php\/wp-json\/wp\/v2\/comments?post=9913"}],"version-history":[{"count":1,"href":"https:\/\/somosdelprieto.com\/index.php\/wp-json\/wp\/v2\/pages\/9913\/revisions"}],"predecessor-version":[{"id":9918,"href":"https:\/\/somosdelprieto.com\/index.php\/wp-json\/wp\/v2\/pages\/9913\/revisions\/9918"}],"wp:attachment":[{"href":"https:\/\/somosdelprieto.com\/index.php\/wp-json\/wp\/v2\/media?parent=9913"}],"curies":[{"name":"wp","href":"https:\/\/api.w.org\/{rel}","templated":true}]}}