{"id":8981,"date":"2022-02-18T11:01:22","date_gmt":"2022-02-18T10:01:22","guid":{"rendered":"https:\/\/somosdelprieto.com\/?page_id=8981"},"modified":"2022-03-20T18:12:53","modified_gmt":"2022-03-20T17:12:53","slug":"analisis-de-servidor-iot","status":"publish","type":"page","link":"https:\/\/somosdelprieto.com\/index.php\/analisis-de-servidor-iot\/","title":{"rendered":"An\u00e1lisis de servidor IOT"},"content":{"rendered":"<p>1\u00ba d\u00eda martes 22\/Febrero\/2022<br \/>El alumnado de 2\u00ba Sistemas Microinform\u00e1ticos y Redes (Grupo B) + 2\u00ba Sistemas Electrot\u00e9cnicos y Automatizados han comenzado la instalaci\u00f3n del servidor IOT<\/p>\n\n\n<figure class=\"wp-block-gallery columns-3 is-cropped wp-block-gallery-1 is-layout-flex wp-block-gallery-is-layout-flex\"><ul class=\"blocks-gallery-grid\"><li class=\"blocks-gallery-item\"><figure><img loading=\"lazy\" decoding=\"async\" width=\"1024\" height=\"768\" src=\"https:\/\/somosdelprieto.com\/wp-content\/uploads\/2022\/02\/1645722261367-1024x768.jpg\" alt=\"\" data-id=\"9040\" data-full-url=\"https:\/\/somosdelprieto.com\/wp-content\/uploads\/2022\/02\/1645722261367-scaled.jpg\" data-link=\"https:\/\/somosdelprieto.com\/index.php\/analisis-de-servidor-iot\/attachment\/1645722261367\/\" class=\"wp-image-9040\" srcset=\"https:\/\/somosdelprieto.com\/wp-content\/uploads\/2022\/02\/1645722261367-1024x768.jpg 1024w, https:\/\/somosdelprieto.com\/wp-content\/uploads\/2022\/02\/1645722261367-300x225.jpg 300w, https:\/\/somosdelprieto.com\/wp-content\/uploads\/2022\/02\/1645722261367-768x576.jpg 768w, https:\/\/somosdelprieto.com\/wp-content\/uploads\/2022\/02\/1645722261367-1536x1152.jpg 1536w, https:\/\/somosdelprieto.com\/wp-content\/uploads\/2022\/02\/1645722261367-2048x1536.jpg 2048w\" sizes=\"auto, (max-width: 767px) 89vw, (max-width: 1000px) 54vw, (max-width: 1071px) 543px, 580px\" \/><\/figure><\/li><li class=\"blocks-gallery-item\"><figure><img loading=\"lazy\" decoding=\"async\" width=\"1024\" height=\"768\" src=\"https:\/\/somosdelprieto.com\/wp-content\/uploads\/2022\/02\/1645722261390-1024x768.jpg\" alt=\"\" data-id=\"9042\" data-full-url=\"https:\/\/somosdelprieto.com\/wp-content\/uploads\/2022\/02\/1645722261390-scaled.jpg\" data-link=\"https:\/\/somosdelprieto.com\/index.php\/analisis-de-servidor-iot\/attachment\/1645722261390\/\" class=\"wp-image-9042\" srcset=\"https:\/\/somosdelprieto.com\/wp-content\/uploads\/2022\/02\/1645722261390-1024x768.jpg 1024w, https:\/\/somosdelprieto.com\/wp-content\/uploads\/2022\/02\/1645722261390-300x225.jpg 300w, https:\/\/somosdelprieto.com\/wp-content\/uploads\/2022\/02\/1645722261390-768x576.jpg 768w, https:\/\/somosdelprieto.com\/wp-content\/uploads\/2022\/02\/1645722261390-1536x1152.jpg 1536w, https:\/\/somosdelprieto.com\/wp-content\/uploads\/2022\/02\/1645722261390-2048x1536.jpg 2048w\" sizes=\"auto, (max-width: 767px) 89vw, (max-width: 1000px) 54vw, (max-width: 1071px) 543px, 580px\" \/><\/figure><\/li><li class=\"blocks-gallery-item\"><figure><img loading=\"lazy\" decoding=\"async\" width=\"1024\" height=\"768\" src=\"https:\/\/somosdelprieto.com\/wp-content\/uploads\/2022\/02\/1645722261436-1024x768.jpg\" alt=\"\" data-id=\"9044\" data-full-url=\"https:\/\/somosdelprieto.com\/wp-content\/uploads\/2022\/02\/1645722261436-scaled.jpg\" data-link=\"https:\/\/somosdelprieto.com\/index.php\/analisis-de-servidor-iot\/attachment\/1645722261436\/\" class=\"wp-image-9044\" srcset=\"https:\/\/somosdelprieto.com\/wp-content\/uploads\/2022\/02\/1645722261436-1024x768.jpg 1024w, https:\/\/somosdelprieto.com\/wp-content\/uploads\/2022\/02\/1645722261436-300x225.jpg 300w, https:\/\/somosdelprieto.com\/wp-content\/uploads\/2022\/02\/1645722261436-768x576.jpg 768w, https:\/\/somosdelprieto.com\/wp-content\/uploads\/2022\/02\/1645722261436-1536x1152.jpg 1536w, https:\/\/somosdelprieto.com\/wp-content\/uploads\/2022\/02\/1645722261436-2048x1536.jpg 2048w\" sizes=\"auto, (max-width: 767px) 89vw, (max-width: 1000px) 54vw, (max-width: 1071px) 543px, 580px\" \/><\/figure><\/li><li class=\"blocks-gallery-item\"><figure><img loading=\"lazy\" decoding=\"async\" width=\"1024\" height=\"768\" src=\"https:\/\/somosdelprieto.com\/wp-content\/uploads\/2022\/02\/1645722261409-1024x768.jpg\" alt=\"\" data-id=\"9043\" data-full-url=\"https:\/\/somosdelprieto.com\/wp-content\/uploads\/2022\/02\/1645722261409-scaled.jpg\" data-link=\"https:\/\/somosdelprieto.com\/index.php\/analisis-de-servidor-iot\/attachment\/1645722261409\/\" class=\"wp-image-9043\" srcset=\"https:\/\/somosdelprieto.com\/wp-content\/uploads\/2022\/02\/1645722261409-1024x768.jpg 1024w, https:\/\/somosdelprieto.com\/wp-content\/uploads\/2022\/02\/1645722261409-300x225.jpg 300w, https:\/\/somosdelprieto.com\/wp-content\/uploads\/2022\/02\/1645722261409-768x576.jpg 768w, https:\/\/somosdelprieto.com\/wp-content\/uploads\/2022\/02\/1645722261409-1536x1152.jpg 1536w, https:\/\/somosdelprieto.com\/wp-content\/uploads\/2022\/02\/1645722261409-2048x1536.jpg 2048w\" sizes=\"auto, (max-width: 767px) 89vw, (max-width: 1000px) 54vw, (max-width: 1071px) 543px, 580px\" \/><\/figure><\/li><li class=\"blocks-gallery-item\"><figure><img loading=\"lazy\" decoding=\"async\" width=\"1024\" height=\"768\" src=\"https:\/\/somosdelprieto.com\/wp-content\/uploads\/2022\/02\/1645722261466-1024x768.jpg\" alt=\"\" data-id=\"9045\" data-full-url=\"https:\/\/somosdelprieto.com\/wp-content\/uploads\/2022\/02\/1645722261466-scaled.jpg\" data-link=\"https:\/\/somosdelprieto.com\/index.php\/analisis-de-servidor-iot\/attachment\/1645722261466\/\" class=\"wp-image-9045\" srcset=\"https:\/\/somosdelprieto.com\/wp-content\/uploads\/2022\/02\/1645722261466-1024x768.jpg 1024w, https:\/\/somosdelprieto.com\/wp-content\/uploads\/2022\/02\/1645722261466-300x225.jpg 300w, https:\/\/somosdelprieto.com\/wp-content\/uploads\/2022\/02\/1645722261466-768x576.jpg 768w, https:\/\/somosdelprieto.com\/wp-content\/uploads\/2022\/02\/1645722261466-1536x1152.jpg 1536w, https:\/\/somosdelprieto.com\/wp-content\/uploads\/2022\/02\/1645722261466-2048x1536.jpg 2048w\" sizes=\"auto, (max-width: 767px) 89vw, (max-width: 1000px) 54vw, (max-width: 1071px) 543px, 580px\" \/><\/figure><\/li><li class=\"blocks-gallery-item\"><figure><img loading=\"lazy\" decoding=\"async\" width=\"1024\" height=\"768\" src=\"https:\/\/somosdelprieto.com\/wp-content\/uploads\/2022\/02\/1645722261492-1024x768.jpg\" alt=\"\" data-id=\"9046\" data-full-url=\"https:\/\/somosdelprieto.com\/wp-content\/uploads\/2022\/02\/1645722261492-scaled.jpg\" data-link=\"https:\/\/somosdelprieto.com\/index.php\/analisis-de-servidor-iot\/attachment\/1645722261492\/\" class=\"wp-image-9046\" srcset=\"https:\/\/somosdelprieto.com\/wp-content\/uploads\/2022\/02\/1645722261492-1024x768.jpg 1024w, https:\/\/somosdelprieto.com\/wp-content\/uploads\/2022\/02\/1645722261492-300x225.jpg 300w, https:\/\/somosdelprieto.com\/wp-content\/uploads\/2022\/02\/1645722261492-768x576.jpg 768w, https:\/\/somosdelprieto.com\/wp-content\/uploads\/2022\/02\/1645722261492-1536x1152.jpg 1536w, https:\/\/somosdelprieto.com\/wp-content\/uploads\/2022\/02\/1645722261492-2048x1536.jpg 2048w\" sizes=\"auto, (max-width: 767px) 89vw, (max-width: 1000px) 54vw, (max-width: 1071px) 543px, 580px\" \/><\/figure><\/li><\/ul><\/figure>\n\n\n\n<p>Se ha instalado en las 5 raspberry pi del aula ATECA, los distintos servidores que hacen que este peque\u00f1o ordenador pueda recibir los datos de los sensores, almacenarlos y mostrarlos de forma gr\u00e1fica.<\/p>\n\n\n\n<p>Los servicios IoT instalados:<\/p>\n\n\n\n<ul class=\"wp-block-list\"><li><strong>Mosquitto<\/strong>: broker del protocolo MQTT que proporciona un m\u00e9todo ligero para llevar a cabo la mensajer\u00eda utilizando un modelo de publicaci\u00f3n\/suscripci\u00f3n. Esto lo hace adecuado para la \u00abInternet de los objetos\u00bb de mensajer\u00eda como con sensores de baja potencia o dispositivos m\u00f3viles como tel\u00e9fonos, ordenadores embebidos o microcontroladores como el Arduino.<\/li><li><strong>Node-Red:<\/strong> herramienta de programaci\u00f3n visual. Muestra visualmente las relaciones y funciones, y permite al usuario programar sin tener que escribir una l\u00ednea. Node-RED es un editor de flujo basado en el navegador donde se puede a\u00f1adir o eliminar nodos y conectarlos entre s\u00ed con el fin de hacer que se comuniquen entre ellos.<\/li><li><strong>Influxdb: <\/strong>sistema de gesti\u00f3n de bases de datos que permite almacenar los valores recibidos de los distintos sensores, incluyendo el momento temporal en el que se recibe la informaci\u00f3n.<\/li><li><strong>Grafana: <\/strong>herramienta para visualizar datos de serie temporales. A partir de una serie de datos recolectados de los diferentes sensores de la instalaci\u00f3n dom\u00f3tica, obtendremos un panorama gr\u00e1fico de la situaci\u00f3n de la misma.<\/li><li><strong>Homeassistant: <\/strong>software que permite automatizar y controlar la dom\u00f3tica del hogar.<\/li><\/ul>\n\n\n\n<p>2\u00ba d\u00eda viernes 25\/Febrero\/2022<\/p>\n\n\n\n<div class=\"wp-block-group\"><div class=\"wp-block-group__inner-container is-layout-flow wp-block-group-is-layout-flow\">\n<figure class=\"wp-block-gallery columns-3 is-cropped wp-block-gallery-2 is-layout-flex wp-block-gallery-is-layout-flex\"><ul class=\"blocks-gallery-grid\"><li class=\"blocks-gallery-item\"><figure><img loading=\"lazy\" decoding=\"async\" width=\"1024\" height=\"768\" src=\"https:\/\/somosdelprieto.com\/wp-content\/uploads\/2022\/03\/1647795175283-1024x768.jpg\" alt=\"\" data-id=\"9397\" data-link=\"https:\/\/somosdelprieto.com\/index.php\/analisis-de-servidor-iot\/attachment\/1647795175283\/\" class=\"wp-image-9397\" srcset=\"https:\/\/somosdelprieto.com\/wp-content\/uploads\/2022\/03\/1647795175283-1024x768.jpg 1024w, https:\/\/somosdelprieto.com\/wp-content\/uploads\/2022\/03\/1647795175283-300x225.jpg 300w, https:\/\/somosdelprieto.com\/wp-content\/uploads\/2022\/03\/1647795175283-768x576.jpg 768w, https:\/\/somosdelprieto.com\/wp-content\/uploads\/2022\/03\/1647795175283-1536x1152.jpg 1536w, https:\/\/somosdelprieto.com\/wp-content\/uploads\/2022\/03\/1647795175283-2048x1536.jpg 2048w\" sizes=\"auto, (max-width: 767px) 89vw, (max-width: 1000px) 54vw, (max-width: 1071px) 543px, 580px\" \/><\/figure><\/li><li class=\"blocks-gallery-item\"><figure><img loading=\"lazy\" decoding=\"async\" width=\"1024\" height=\"768\" src=\"https:\/\/somosdelprieto.com\/wp-content\/uploads\/2022\/03\/1647795175262-1024x768.jpg\" alt=\"\" data-id=\"9398\" data-link=\"https:\/\/somosdelprieto.com\/index.php\/analisis-de-servidor-iot\/attachment\/1647795175262\/\" class=\"wp-image-9398\" srcset=\"https:\/\/somosdelprieto.com\/wp-content\/uploads\/2022\/03\/1647795175262-1024x768.jpg 1024w, https:\/\/somosdelprieto.com\/wp-content\/uploads\/2022\/03\/1647795175262-300x225.jpg 300w, https:\/\/somosdelprieto.com\/wp-content\/uploads\/2022\/03\/1647795175262-768x576.jpg 768w, https:\/\/somosdelprieto.com\/wp-content\/uploads\/2022\/03\/1647795175262-1536x1152.jpg 1536w, https:\/\/somosdelprieto.com\/wp-content\/uploads\/2022\/03\/1647795175262-2048x1536.jpg 2048w\" sizes=\"auto, (max-width: 767px) 89vw, (max-width: 1000px) 54vw, (max-width: 1071px) 543px, 580px\" \/><\/figure><\/li><li class=\"blocks-gallery-item\"><figure><img loading=\"lazy\" decoding=\"async\" width=\"1024\" height=\"768\" src=\"https:\/\/somosdelprieto.com\/wp-content\/uploads\/2022\/03\/1647795175240-1024x768.jpg\" alt=\"\" data-id=\"9400\" data-link=\"https:\/\/somosdelprieto.com\/index.php\/analisis-de-servidor-iot\/attachment\/1647795175240\/\" class=\"wp-image-9400\" srcset=\"https:\/\/somosdelprieto.com\/wp-content\/uploads\/2022\/03\/1647795175240-1024x768.jpg 1024w, https:\/\/somosdelprieto.com\/wp-content\/uploads\/2022\/03\/1647795175240-300x225.jpg 300w, https:\/\/somosdelprieto.com\/wp-content\/uploads\/2022\/03\/1647795175240-768x576.jpg 768w, https:\/\/somosdelprieto.com\/wp-content\/uploads\/2022\/03\/1647795175240-1536x1152.jpg 1536w, https:\/\/somosdelprieto.com\/wp-content\/uploads\/2022\/03\/1647795175240-2048x1536.jpg 2048w\" sizes=\"auto, (max-width: 767px) 89vw, (max-width: 1000px) 54vw, (max-width: 1071px) 543px, 580px\" \/><\/figure><\/li><li class=\"blocks-gallery-item\"><figure><img loading=\"lazy\" decoding=\"async\" width=\"1024\" height=\"768\" src=\"https:\/\/somosdelprieto.com\/wp-content\/uploads\/2022\/03\/1647795175272-1-1024x768.jpg\" alt=\"\" data-id=\"9401\" data-link=\"https:\/\/somosdelprieto.com\/index.php\/analisis-de-servidor-iot\/1647795175272-1\/\" class=\"wp-image-9401\" srcset=\"https:\/\/somosdelprieto.com\/wp-content\/uploads\/2022\/03\/1647795175272-1-1024x768.jpg 1024w, https:\/\/somosdelprieto.com\/wp-content\/uploads\/2022\/03\/1647795175272-1-300x225.jpg 300w, https:\/\/somosdelprieto.com\/wp-content\/uploads\/2022\/03\/1647795175272-1-768x576.jpg 768w, https:\/\/somosdelprieto.com\/wp-content\/uploads\/2022\/03\/1647795175272-1-1536x1152.jpg 1536w, https:\/\/somosdelprieto.com\/wp-content\/uploads\/2022\/03\/1647795175272-1-2048x1536.jpg 2048w\" sizes=\"auto, (max-width: 767px) 89vw, (max-width: 1000px) 54vw, (max-width: 1071px) 543px, 580px\" \/><\/figure><\/li><li class=\"blocks-gallery-item\"><figure><img loading=\"lazy\" decoding=\"async\" width=\"1024\" height=\"768\" src=\"https:\/\/somosdelprieto.com\/wp-content\/uploads\/2022\/03\/1647795175293-1-1024x768.jpg\" alt=\"\" data-id=\"9402\" data-full-url=\"https:\/\/somosdelprieto.com\/wp-content\/uploads\/2022\/03\/1647795175293-1-scaled.jpg\" data-link=\"https:\/\/somosdelprieto.com\/index.php\/analisis-de-servidor-iot\/1647795175293-1\/\" class=\"wp-image-9402\" srcset=\"https:\/\/somosdelprieto.com\/wp-content\/uploads\/2022\/03\/1647795175293-1-1024x768.jpg 1024w, https:\/\/somosdelprieto.com\/wp-content\/uploads\/2022\/03\/1647795175293-1-300x225.jpg 300w, https:\/\/somosdelprieto.com\/wp-content\/uploads\/2022\/03\/1647795175293-1-768x576.jpg 768w, https:\/\/somosdelprieto.com\/wp-content\/uploads\/2022\/03\/1647795175293-1-1536x1152.jpg 1536w, https:\/\/somosdelprieto.com\/wp-content\/uploads\/2022\/03\/1647795175293-1-2048x1536.jpg 2048w\" sizes=\"auto, (max-width: 767px) 89vw, (max-width: 1000px) 54vw, (max-width: 1071px) 543px, 580px\" \/><\/figure><\/li><\/ul><\/figure>\n<\/div><\/div>\n\n\n\n<p>El profesor de la especialidad de electricidad, Ignacio Monedero  ha explicado al grupo de 2\u00ba de Sistemas Microinform\u00e1ticos y Redes, en el m\u00f3dulo \u00abServicios en Red\u00bb, c\u00f3mo se realiza la conexi\u00f3n entre los distintos servicios que se han instalado, mostrando un ejemplo de su funcionamiento.<\/p>\n\n\n\n<p>3\u00ba d\u00eda viernes 18\/Marzo\/2022<\/p>\n\n\n\n<figure class=\"wp-block-gallery columns-3 is-cropped wp-block-gallery-3 is-layout-flex wp-block-gallery-is-layout-flex\"><ul class=\"blocks-gallery-grid\"><li class=\"blocks-gallery-item\"><figure><img loading=\"lazy\" decoding=\"async\" width=\"1024\" height=\"768\" src=\"https:\/\/somosdelprieto.com\/wp-content\/uploads\/2022\/03\/1647795134147-1024x768.jpg\" alt=\"\" data-id=\"9403\" data-link=\"https:\/\/somosdelprieto.com\/index.php\/analisis-de-servidor-iot\/attachment\/1647795134147\/\" class=\"wp-image-9403\" srcset=\"https:\/\/somosdelprieto.com\/wp-content\/uploads\/2022\/03\/1647795134147-1024x768.jpg 1024w, https:\/\/somosdelprieto.com\/wp-content\/uploads\/2022\/03\/1647795134147-300x225.jpg 300w, https:\/\/somosdelprieto.com\/wp-content\/uploads\/2022\/03\/1647795134147-768x576.jpg 768w, https:\/\/somosdelprieto.com\/wp-content\/uploads\/2022\/03\/1647795134147-1536x1152.jpg 1536w, https:\/\/somosdelprieto.com\/wp-content\/uploads\/2022\/03\/1647795134147-2048x1536.jpg 2048w\" sizes=\"auto, (max-width: 767px) 89vw, (max-width: 1000px) 54vw, (max-width: 1071px) 543px, 580px\" \/><\/figure><\/li><li class=\"blocks-gallery-item\"><figure><img loading=\"lazy\" decoding=\"async\" width=\"1024\" height=\"768\" src=\"https:\/\/somosdelprieto.com\/wp-content\/uploads\/2022\/03\/1647795134156-1024x768.jpg\" alt=\"\" data-id=\"9404\" data-link=\"https:\/\/somosdelprieto.com\/index.php\/analisis-de-servidor-iot\/attachment\/1647795134156\/\" class=\"wp-image-9404\" srcset=\"https:\/\/somosdelprieto.com\/wp-content\/uploads\/2022\/03\/1647795134156-1024x768.jpg 1024w, https:\/\/somosdelprieto.com\/wp-content\/uploads\/2022\/03\/1647795134156-300x225.jpg 300w, https:\/\/somosdelprieto.com\/wp-content\/uploads\/2022\/03\/1647795134156-768x576.jpg 768w, https:\/\/somosdelprieto.com\/wp-content\/uploads\/2022\/03\/1647795134156-1536x1152.jpg 1536w, https:\/\/somosdelprieto.com\/wp-content\/uploads\/2022\/03\/1647795134156-2048x1536.jpg 2048w\" sizes=\"auto, (max-width: 767px) 89vw, (max-width: 1000px) 54vw, (max-width: 1071px) 543px, 580px\" \/><\/figure><\/li><li class=\"blocks-gallery-item\"><figure><img loading=\"lazy\" decoding=\"async\" width=\"1024\" height=\"768\" src=\"https:\/\/somosdelprieto.com\/wp-content\/uploads\/2022\/03\/1647795940148-1024x768.jpg\" alt=\"\" data-id=\"9405\" data-full-url=\"https:\/\/somosdelprieto.com\/wp-content\/uploads\/2022\/03\/1647795940148-scaled.jpg\" data-link=\"https:\/\/somosdelprieto.com\/index.php\/analisis-de-servidor-iot\/attachment\/1647795940148\/\" class=\"wp-image-9405\" srcset=\"https:\/\/somosdelprieto.com\/wp-content\/uploads\/2022\/03\/1647795940148-1024x768.jpg 1024w, https:\/\/somosdelprieto.com\/wp-content\/uploads\/2022\/03\/1647795940148-300x225.jpg 300w, https:\/\/somosdelprieto.com\/wp-content\/uploads\/2022\/03\/1647795940148-768x576.jpg 768w, https:\/\/somosdelprieto.com\/wp-content\/uploads\/2022\/03\/1647795940148-1536x1152.jpg 1536w, https:\/\/somosdelprieto.com\/wp-content\/uploads\/2022\/03\/1647795940148-2048x1536.jpg 2048w\" sizes=\"auto, (max-width: 767px) 89vw, (max-width: 1000px) 54vw, (max-width: 1071px) 543px, 580px\" \/><\/figure><\/li><li class=\"blocks-gallery-item\"><figure><img loading=\"lazy\" decoding=\"async\" width=\"1024\" height=\"768\" src=\"https:\/\/somosdelprieto.com\/wp-content\/uploads\/2022\/03\/1647795940165-1024x768.jpg\" alt=\"\" data-id=\"9406\" data-full-url=\"https:\/\/somosdelprieto.com\/wp-content\/uploads\/2022\/03\/1647795940165-scaled.jpg\" data-link=\"https:\/\/somosdelprieto.com\/index.php\/analisis-de-servidor-iot\/attachment\/1647795940165\/\" class=\"wp-image-9406\" srcset=\"https:\/\/somosdelprieto.com\/wp-content\/uploads\/2022\/03\/1647795940165-1024x768.jpg 1024w, https:\/\/somosdelprieto.com\/wp-content\/uploads\/2022\/03\/1647795940165-300x225.jpg 300w, https:\/\/somosdelprieto.com\/wp-content\/uploads\/2022\/03\/1647795940165-768x576.jpg 768w, https:\/\/somosdelprieto.com\/wp-content\/uploads\/2022\/03\/1647795940165-1536x1152.jpg 1536w, https:\/\/somosdelprieto.com\/wp-content\/uploads\/2022\/03\/1647795940165-2048x1536.jpg 2048w\" sizes=\"auto, (max-width: 767px) 89vw, (max-width: 1000px) 54vw, (max-width: 1071px) 543px, 580px\" \/><\/figure><\/li><li class=\"blocks-gallery-item\"><figure><img loading=\"lazy\" decoding=\"async\" width=\"1024\" height=\"768\" src=\"https:\/\/somosdelprieto.com\/wp-content\/uploads\/2022\/03\/1647795940181-1024x768.jpg\" alt=\"\" data-id=\"9407\" data-full-url=\"https:\/\/somosdelprieto.com\/wp-content\/uploads\/2022\/03\/1647795940181-scaled.jpg\" data-link=\"https:\/\/somosdelprieto.com\/index.php\/analisis-de-servidor-iot\/attachment\/1647795940181\/\" class=\"wp-image-9407\" srcset=\"https:\/\/somosdelprieto.com\/wp-content\/uploads\/2022\/03\/1647795940181-1024x768.jpg 1024w, https:\/\/somosdelprieto.com\/wp-content\/uploads\/2022\/03\/1647795940181-300x225.jpg 300w, https:\/\/somosdelprieto.com\/wp-content\/uploads\/2022\/03\/1647795940181-768x576.jpg 768w, https:\/\/somosdelprieto.com\/wp-content\/uploads\/2022\/03\/1647795940181-1536x1152.jpg 1536w, https:\/\/somosdelprieto.com\/wp-content\/uploads\/2022\/03\/1647795940181-2048x1536.jpg 2048w\" sizes=\"auto, (max-width: 767px) 89vw, (max-width: 1000px) 54vw, (max-width: 1071px) 543px, 580px\" \/><\/figure><\/li><li class=\"blocks-gallery-item\"><figure><img loading=\"lazy\" decoding=\"async\" width=\"1024\" height=\"768\" src=\"https:\/\/somosdelprieto.com\/wp-content\/uploads\/2022\/03\/1647795940129-1024x768.jpg\" alt=\"\" data-id=\"9408\" data-full-url=\"https:\/\/somosdelprieto.com\/wp-content\/uploads\/2022\/03\/1647795940129-scaled.jpg\" data-link=\"https:\/\/somosdelprieto.com\/index.php\/analisis-de-servidor-iot\/attachment\/1647795940129\/\" class=\"wp-image-9408\" srcset=\"https:\/\/somosdelprieto.com\/wp-content\/uploads\/2022\/03\/1647795940129-1024x768.jpg 1024w, https:\/\/somosdelprieto.com\/wp-content\/uploads\/2022\/03\/1647795940129-300x225.jpg 300w, https:\/\/somosdelprieto.com\/wp-content\/uploads\/2022\/03\/1647795940129-768x576.jpg 768w, https:\/\/somosdelprieto.com\/wp-content\/uploads\/2022\/03\/1647795940129-1536x1152.jpg 1536w, https:\/\/somosdelprieto.com\/wp-content\/uploads\/2022\/03\/1647795940129-2048x1536.jpg 2048w\" sizes=\"auto, (max-width: 767px) 89vw, (max-width: 1000px) 54vw, (max-width: 1071px) 543px, 580px\" \/><\/figure><\/li><\/ul><\/figure>\n\n\n\n<p><\/p>\n","protected":false},"excerpt":{"rendered":"<p>1\u00ba d\u00eda martes 22\/Febrero\/2022El alumnado de 2\u00ba Sistemas Microinform\u00e1ticos y Redes (Grupo B) + 2\u00ba Sistemas Electrot\u00e9cnicos y Automatizados han comenzado la instalaci\u00f3n del servidor IOT Se ha instalado en las 5 raspberry pi del aula ATECA, los distintos servidores que hacen que este peque\u00f1o ordenador pueda recibir los datos de los sensores, almacenarlos y &hellip; <\/p>\n<p class=\"link-more\"><a href=\"https:\/\/somosdelprieto.com\/index.php\/analisis-de-servidor-iot\/\" class=\"more-link\">Continuar leyendo<span class=\"screen-reader-text\"> \u00abAn\u00e1lisis de servidor IOT\u00bb<\/span><\/a><\/p>\n","protected":false},"author":59,"featured_media":0,"parent":0,"menu_order":0,"comment_status":"closed","ping_status":"closed","template":"","meta":{"footnotes":""},"class_list":["post-8981","page","type-page","status-publish","hentry"],"_links":{"self":[{"href":"https:\/\/somosdelprieto.com\/index.php\/wp-json\/wp\/v2\/pages\/8981","targetHints":{"allow":["GET"]}}],"collection":[{"href":"https:\/\/somosdelprieto.com\/index.php\/wp-json\/wp\/v2\/pages"}],"about":[{"href":"https:\/\/somosdelprieto.com\/index.php\/wp-json\/wp\/v2\/types\/page"}],"author":[{"embeddable":true,"href":"https:\/\/somosdelprieto.com\/index.php\/wp-json\/wp\/v2\/users\/59"}],"replies":[{"embeddable":true,"href":"https:\/\/somosdelprieto.com\/index.php\/wp-json\/wp\/v2\/comments?post=8981"}],"version-history":[{"count":5,"href":"https:\/\/somosdelprieto.com\/index.php\/wp-json\/wp\/v2\/pages\/8981\/revisions"}],"predecessor-version":[{"id":9410,"href":"https:\/\/somosdelprieto.com\/index.php\/wp-json\/wp\/v2\/pages\/8981\/revisions\/9410"}],"wp:attachment":[{"href":"https:\/\/somosdelprieto.com\/index.php\/wp-json\/wp\/v2\/media?parent=8981"}],"curies":[{"name":"wp","href":"https:\/\/api.w.org\/{rel}","templated":true}]}}