{"id":8670,"date":"2022-01-26T16:57:38","date_gmt":"2022-01-26T15:57:38","guid":{"rendered":"https:\/\/somosdelprieto.com\/?page_id=8670"},"modified":"2022-01-29T00:12:21","modified_gmt":"2022-01-28T23:12:21","slug":"charlas-informativas-de-comisiones-obreras","status":"publish","type":"page","link":"https:\/\/somosdelprieto.com\/index.php\/portada\/empleo\/clubdeempleo\/charlas-informativas-de-comisiones-obreras\/","title":{"rendered":"CHARLAS INFORMATIVAS DE COMISIONES OBRERAS"},"content":{"rendered":"\n<p>Durante la semana del 13 al 17 de Diciembre, el sindicato Comisiones Obreras (con Luc\u00eda L\u00f3pez al frente) nos acompa\u00f1\u00f3 para dar diversas charlas informativas a nuestro alumnado.<\/p>\n\n\n\n<p>Dichas charlas fueron dirigidas a nuestr@s chicos y chicas de segundo curso de Ciclos Formativos (tanto de Grado Medio, como Superior), y se destinaron a explicar de una forma pr\u00e1ctica y mediante casos reales qu\u00e9 se pueden encontrar en su salida al mundo laboral, una vez que hayan terminado los estudios.<\/p>\n\n\n\n<p>Todo el alumnado estuvo muy interesado y realiz\u00f3 diversas preguntas, a las que los ponentes de las charlas contestaron y pusieron ejemplos con la finalidad de hacerlo m\u00e1s f\u00e1cil para los chic@s.<\/p>\n\n\n\n<p>Damos las gracias tanto al alumnado existente como al sindicato por su participaci\u00f3n.<\/p>\n\n\n\n<p>A continuaci\u00f3n os dejamos algunas fotos que hicimos durante las charlas.<\/p>\n\n\n\n<figure class=\"wp-block-gallery columns-2 is-cropped wp-block-gallery-1 is-layout-flex wp-block-gallery-is-layout-flex\"><ul class=\"blocks-gallery-grid\"><li class=\"blocks-gallery-item\"><figure><a href=\"https:\/\/somosdelprieto.com\/?attachment_id=8671\"><img loading=\"lazy\" decoding=\"async\" width=\"300\" height=\"135\" src=\"https:\/\/somosdelprieto.com\/wp-content\/uploads\/2022\/01\/IMG_20211213_114909-300x135.jpg\" alt=\"\" data-id=\"8671\" data-full-url=\"https:\/\/somosdelprieto.com\/wp-content\/uploads\/2022\/01\/IMG_20211213_114909-scaled.jpg\" data-link=\"https:\/\/somosdelprieto.com\/?attachment_id=8671\" class=\"wp-image-8671\" srcset=\"https:\/\/somosdelprieto.com\/wp-content\/uploads\/2022\/01\/IMG_20211213_114909-300x135.jpg 300w, https:\/\/somosdelprieto.com\/wp-content\/uploads\/2022\/01\/IMG_20211213_114909-1024x461.jpg 1024w, https:\/\/somosdelprieto.com\/wp-content\/uploads\/2022\/01\/IMG_20211213_114909-768x346.jpg 768w, https:\/\/somosdelprieto.com\/wp-content\/uploads\/2022\/01\/IMG_20211213_114909-1536x691.jpg 1536w, https:\/\/somosdelprieto.com\/wp-content\/uploads\/2022\/01\/IMG_20211213_114909-2048x922.jpg 2048w\" sizes=\"auto, (max-width: 300px) 100vw, 300px\" \/><\/a><\/figure><\/li><li class=\"blocks-gallery-item\"><figure><a href=\"https:\/\/somosdelprieto.com\/?attachment_id=8672\"><img loading=\"lazy\" decoding=\"async\" width=\"300\" height=\"135\" src=\"https:\/\/somosdelprieto.com\/wp-content\/uploads\/2022\/01\/IMG_20211213_114933-300x135.jpg\" alt=\"\" data-id=\"8672\" data-full-url=\"https:\/\/somosdelprieto.com\/wp-content\/uploads\/2022\/01\/IMG_20211213_114933-scaled.jpg\" data-link=\"https:\/\/somosdelprieto.com\/?attachment_id=8672\" class=\"wp-image-8672\" srcset=\"https:\/\/somosdelprieto.com\/wp-content\/uploads\/2022\/01\/IMG_20211213_114933-300x135.jpg 300w, https:\/\/somosdelprieto.com\/wp-content\/uploads\/2022\/01\/IMG_20211213_114933-1024x461.jpg 1024w, https:\/\/somosdelprieto.com\/wp-content\/uploads\/2022\/01\/IMG_20211213_114933-768x346.jpg 768w, https:\/\/somosdelprieto.com\/wp-content\/uploads\/2022\/01\/IMG_20211213_114933-1536x691.jpg 1536w, https:\/\/somosdelprieto.com\/wp-content\/uploads\/2022\/01\/IMG_20211213_114933-2048x922.jpg 2048w\" sizes=\"auto, (max-width: 300px) 100vw, 300px\" \/><\/a><\/figure><\/li><li class=\"blocks-gallery-item\"><figure><a href=\"https:\/\/somosdelprieto.com\/?attachment_id=8673\"><img loading=\"lazy\" decoding=\"async\" width=\"300\" height=\"135\" src=\"https:\/\/somosdelprieto.com\/wp-content\/uploads\/2022\/01\/IMG_20211213_115313-300x135.jpg\" alt=\"\" data-id=\"8673\" data-full-url=\"https:\/\/somosdelprieto.com\/wp-content\/uploads\/2022\/01\/IMG_20211213_115313-scaled.jpg\" data-link=\"https:\/\/somosdelprieto.com\/?attachment_id=8673\" class=\"wp-image-8673\" srcset=\"https:\/\/somosdelprieto.com\/wp-content\/uploads\/2022\/01\/IMG_20211213_115313-300x135.jpg 300w, https:\/\/somosdelprieto.com\/wp-content\/uploads\/2022\/01\/IMG_20211213_115313-1024x461.jpg 1024w, https:\/\/somosdelprieto.com\/wp-content\/uploads\/2022\/01\/IMG_20211213_115313-768x346.jpg 768w, https:\/\/somosdelprieto.com\/wp-content\/uploads\/2022\/01\/IMG_20211213_115313-1536x691.jpg 1536w, https:\/\/somosdelprieto.com\/wp-content\/uploads\/2022\/01\/IMG_20211213_115313-2048x922.jpg 2048w\" sizes=\"auto, (max-width: 300px) 100vw, 300px\" \/><\/a><\/figure><\/li><li class=\"blocks-gallery-item\"><figure><a href=\"https:\/\/somosdelprieto.com\/?attachment_id=8674\"><img loading=\"lazy\" decoding=\"async\" width=\"300\" height=\"135\" src=\"https:\/\/somosdelprieto.com\/wp-content\/uploads\/2022\/01\/IMG_20211213_115427-300x135.jpg\" alt=\"\" data-id=\"8674\" data-full-url=\"https:\/\/somosdelprieto.com\/wp-content\/uploads\/2022\/01\/IMG_20211213_115427-scaled.jpg\" data-link=\"https:\/\/somosdelprieto.com\/?attachment_id=8674\" class=\"wp-image-8674\" srcset=\"https:\/\/somosdelprieto.com\/wp-content\/uploads\/2022\/01\/IMG_20211213_115427-300x135.jpg 300w, https:\/\/somosdelprieto.com\/wp-content\/uploads\/2022\/01\/IMG_20211213_115427-1024x461.jpg 1024w, https:\/\/somosdelprieto.com\/wp-content\/uploads\/2022\/01\/IMG_20211213_115427-768x346.jpg 768w, https:\/\/somosdelprieto.com\/wp-content\/uploads\/2022\/01\/IMG_20211213_115427-1536x691.jpg 1536w, https:\/\/somosdelprieto.com\/wp-content\/uploads\/2022\/01\/IMG_20211213_115427-2048x922.jpg 2048w\" sizes=\"auto, (max-width: 300px) 100vw, 300px\" \/><\/a><\/figure><\/li><li class=\"blocks-gallery-item\"><figure><a href=\"https:\/\/somosdelprieto.com\/?attachment_id=8675\"><img loading=\"lazy\" decoding=\"async\" width=\"300\" height=\"135\" src=\"https:\/\/somosdelprieto.com\/wp-content\/uploads\/2022\/01\/IMG_20211213_115643-300x135.jpg\" alt=\"\" data-id=\"8675\" data-full-url=\"https:\/\/somosdelprieto.com\/wp-content\/uploads\/2022\/01\/IMG_20211213_115643-scaled.jpg\" data-link=\"https:\/\/somosdelprieto.com\/?attachment_id=8675\" class=\"wp-image-8675\" srcset=\"https:\/\/somosdelprieto.com\/wp-content\/uploads\/2022\/01\/IMG_20211213_115643-300x135.jpg 300w, https:\/\/somosdelprieto.com\/wp-content\/uploads\/2022\/01\/IMG_20211213_115643-1024x461.jpg 1024w, https:\/\/somosdelprieto.com\/wp-content\/uploads\/2022\/01\/IMG_20211213_115643-768x346.jpg 768w, https:\/\/somosdelprieto.com\/wp-content\/uploads\/2022\/01\/IMG_20211213_115643-1536x691.jpg 1536w, https:\/\/somosdelprieto.com\/wp-content\/uploads\/2022\/01\/IMG_20211213_115643-2048x922.jpg 2048w\" sizes=\"auto, (max-width: 300px) 100vw, 300px\" \/><\/a><\/figure><\/li><li class=\"blocks-gallery-item\"><figure><a href=\"https:\/\/somosdelprieto.com\/?attachment_id=8676\"><img loading=\"lazy\" decoding=\"async\" width=\"300\" height=\"135\" src=\"https:\/\/somosdelprieto.com\/wp-content\/uploads\/2022\/01\/IMG_20211213_120018-300x135.jpg\" alt=\"\" data-id=\"8676\" data-full-url=\"https:\/\/somosdelprieto.com\/wp-content\/uploads\/2022\/01\/IMG_20211213_120018-scaled.jpg\" data-link=\"https:\/\/somosdelprieto.com\/?attachment_id=8676\" class=\"wp-image-8676\" srcset=\"https:\/\/somosdelprieto.com\/wp-content\/uploads\/2022\/01\/IMG_20211213_120018-300x135.jpg 300w, https:\/\/somosdelprieto.com\/wp-content\/uploads\/2022\/01\/IMG_20211213_120018-1024x461.jpg 1024w, https:\/\/somosdelprieto.com\/wp-content\/uploads\/2022\/01\/IMG_20211213_120018-768x346.jpg 768w, https:\/\/somosdelprieto.com\/wp-content\/uploads\/2022\/01\/IMG_20211213_120018-1536x691.jpg 1536w, https:\/\/somosdelprieto.com\/wp-content\/uploads\/2022\/01\/IMG_20211213_120018-2048x922.jpg 2048w\" sizes=\"auto, (max-width: 300px) 100vw, 300px\" \/><\/a><\/figure><\/li><li class=\"blocks-gallery-item\"><figure><a href=\"https:\/\/somosdelprieto.com\/?attachment_id=8677\"><img loading=\"lazy\" decoding=\"async\" width=\"300\" height=\"135\" src=\"https:\/\/somosdelprieto.com\/wp-content\/uploads\/2022\/01\/IMG_20211213_122106-300x135.jpg\" alt=\"\" data-id=\"8677\" data-full-url=\"https:\/\/somosdelprieto.com\/wp-content\/uploads\/2022\/01\/IMG_20211213_122106-scaled.jpg\" data-link=\"https:\/\/somosdelprieto.com\/?attachment_id=8677\" class=\"wp-image-8677\" srcset=\"https:\/\/somosdelprieto.com\/wp-content\/uploads\/2022\/01\/IMG_20211213_122106-300x135.jpg 300w, https:\/\/somosdelprieto.com\/wp-content\/uploads\/2022\/01\/IMG_20211213_122106-1024x461.jpg 1024w, https:\/\/somosdelprieto.com\/wp-content\/uploads\/2022\/01\/IMG_20211213_122106-768x346.jpg 768w, https:\/\/somosdelprieto.com\/wp-content\/uploads\/2022\/01\/IMG_20211213_122106-1536x691.jpg 1536w, https:\/\/somosdelprieto.com\/wp-content\/uploads\/2022\/01\/IMG_20211213_122106-2048x922.jpg 2048w\" sizes=\"auto, (max-width: 300px) 100vw, 300px\" \/><\/a><\/figure><\/li><li class=\"blocks-gallery-item\"><figure><a href=\"https:\/\/somosdelprieto.com\/?attachment_id=8678\"><img loading=\"lazy\" decoding=\"async\" width=\"300\" height=\"135\" src=\"https:\/\/somosdelprieto.com\/wp-content\/uploads\/2022\/01\/IMG_20211213_122203-300x135.jpg\" alt=\"\" data-id=\"8678\" data-full-url=\"https:\/\/somosdelprieto.com\/wp-content\/uploads\/2022\/01\/IMG_20211213_122203-scaled.jpg\" data-link=\"https:\/\/somosdelprieto.com\/?attachment_id=8678\" class=\"wp-image-8678\" srcset=\"https:\/\/somosdelprieto.com\/wp-content\/uploads\/2022\/01\/IMG_20211213_122203-300x135.jpg 300w, https:\/\/somosdelprieto.com\/wp-content\/uploads\/2022\/01\/IMG_20211213_122203-1024x461.jpg 1024w, https:\/\/somosdelprieto.com\/wp-content\/uploads\/2022\/01\/IMG_20211213_122203-768x346.jpg 768w, https:\/\/somosdelprieto.com\/wp-content\/uploads\/2022\/01\/IMG_20211213_122203-1536x691.jpg 1536w, https:\/\/somosdelprieto.com\/wp-content\/uploads\/2022\/01\/IMG_20211213_122203-2048x922.jpg 2048w\" sizes=\"auto, (max-width: 300px) 100vw, 300px\" \/><\/a><\/figure><\/li><li class=\"blocks-gallery-item\"><figure><a href=\"https:\/\/somosdelprieto.com\/?attachment_id=8679\"><img loading=\"lazy\" decoding=\"async\" width=\"300\" height=\"135\" src=\"https:\/\/somosdelprieto.com\/wp-content\/uploads\/2022\/01\/IMG_20211213_122855-300x135.jpg\" alt=\"\" data-id=\"8679\" data-full-url=\"https:\/\/somosdelprieto.com\/wp-content\/uploads\/2022\/01\/IMG_20211213_122855-scaled.jpg\" data-link=\"https:\/\/somosdelprieto.com\/?attachment_id=8679\" class=\"wp-image-8679\" srcset=\"https:\/\/somosdelprieto.com\/wp-content\/uploads\/2022\/01\/IMG_20211213_122855-300x135.jpg 300w, https:\/\/somosdelprieto.com\/wp-content\/uploads\/2022\/01\/IMG_20211213_122855-1024x461.jpg 1024w, https:\/\/somosdelprieto.com\/wp-content\/uploads\/2022\/01\/IMG_20211213_122855-768x346.jpg 768w, https:\/\/somosdelprieto.com\/wp-content\/uploads\/2022\/01\/IMG_20211213_122855-1536x691.jpg 1536w, https:\/\/somosdelprieto.com\/wp-content\/uploads\/2022\/01\/IMG_20211213_122855-2048x922.jpg 2048w\" sizes=\"auto, (max-width: 300px) 100vw, 300px\" \/><\/a><\/figure><\/li><li class=\"blocks-gallery-item\"><figure><a href=\"https:\/\/somosdelprieto.com\/?attachment_id=8680\"><img loading=\"lazy\" decoding=\"async\" width=\"300\" height=\"135\" src=\"https:\/\/somosdelprieto.com\/wp-content\/uploads\/2022\/01\/IMG_20211213_123753-300x135.jpg\" alt=\"\" data-id=\"8680\" data-full-url=\"https:\/\/somosdelprieto.com\/wp-content\/uploads\/2022\/01\/IMG_20211213_123753-scaled.jpg\" data-link=\"https:\/\/somosdelprieto.com\/?attachment_id=8680\" class=\"wp-image-8680\" srcset=\"https:\/\/somosdelprieto.com\/wp-content\/uploads\/2022\/01\/IMG_20211213_123753-300x135.jpg 300w, https:\/\/somosdelprieto.com\/wp-content\/uploads\/2022\/01\/IMG_20211213_123753-1024x461.jpg 1024w, https:\/\/somosdelprieto.com\/wp-content\/uploads\/2022\/01\/IMG_20211213_123753-768x346.jpg 768w, https:\/\/somosdelprieto.com\/wp-content\/uploads\/2022\/01\/IMG_20211213_123753-1536x691.jpg 1536w, https:\/\/somosdelprieto.com\/wp-content\/uploads\/2022\/01\/IMG_20211213_123753-2048x922.jpg 2048w\" sizes=\"auto, (max-width: 300px) 100vw, 300px\" \/><\/a><\/figure><\/li><li class=\"blocks-gallery-item\"><figure><a href=\"https:\/\/somosdelprieto.com\/?attachment_id=8681\"><img loading=\"lazy\" decoding=\"async\" width=\"300\" height=\"135\" src=\"https:\/\/somosdelprieto.com\/wp-content\/uploads\/2022\/01\/IMG_20211213_125231-300x135.jpg\" alt=\"\" data-id=\"8681\" data-full-url=\"https:\/\/somosdelprieto.com\/wp-content\/uploads\/2022\/01\/IMG_20211213_125231-scaled.jpg\" data-link=\"https:\/\/somosdelprieto.com\/?attachment_id=8681\" class=\"wp-image-8681\" srcset=\"https:\/\/somosdelprieto.com\/wp-content\/uploads\/2022\/01\/IMG_20211213_125231-300x135.jpg 300w, https:\/\/somosdelprieto.com\/wp-content\/uploads\/2022\/01\/IMG_20211213_125231-1024x461.jpg 1024w, https:\/\/somosdelprieto.com\/wp-content\/uploads\/2022\/01\/IMG_20211213_125231-768x346.jpg 768w, https:\/\/somosdelprieto.com\/wp-content\/uploads\/2022\/01\/IMG_20211213_125231-1536x691.jpg 1536w, https:\/\/somosdelprieto.com\/wp-content\/uploads\/2022\/01\/IMG_20211213_125231-2048x922.jpg 2048w\" sizes=\"auto, (max-width: 300px) 100vw, 300px\" \/><\/a><\/figure><\/li><li class=\"blocks-gallery-item\"><figure><a href=\"https:\/\/somosdelprieto.com\/?attachment_id=8682\"><img loading=\"lazy\" decoding=\"async\" width=\"300\" height=\"135\" src=\"https:\/\/somosdelprieto.com\/wp-content\/uploads\/2022\/01\/IMG_20211213_133044-300x135.jpg\" alt=\"\" data-id=\"8682\" data-full-url=\"https:\/\/somosdelprieto.com\/wp-content\/uploads\/2022\/01\/IMG_20211213_133044-scaled.jpg\" data-link=\"https:\/\/somosdelprieto.com\/?attachment_id=8682\" class=\"wp-image-8682\" srcset=\"https:\/\/somosdelprieto.com\/wp-content\/uploads\/2022\/01\/IMG_20211213_133044-300x135.jpg 300w, https:\/\/somosdelprieto.com\/wp-content\/uploads\/2022\/01\/IMG_20211213_133044-1024x461.jpg 1024w, https:\/\/somosdelprieto.com\/wp-content\/uploads\/2022\/01\/IMG_20211213_133044-768x346.jpg 768w, https:\/\/somosdelprieto.com\/wp-content\/uploads\/2022\/01\/IMG_20211213_133044-1536x691.jpg 1536w, https:\/\/somosdelprieto.com\/wp-content\/uploads\/2022\/01\/IMG_20211213_133044-2048x922.jpg 2048w\" sizes=\"auto, (max-width: 300px) 100vw, 300px\" \/><\/a><\/figure><\/li><li class=\"blocks-gallery-item\"><figure><a href=\"https:\/\/somosdelprieto.com\/?attachment_id=8683\"><img loading=\"lazy\" decoding=\"async\" width=\"300\" height=\"135\" src=\"https:\/\/somosdelprieto.com\/wp-content\/uploads\/2022\/01\/IMG_20211213_133501-300x135.jpg\" alt=\"\" data-id=\"8683\" data-full-url=\"https:\/\/somosdelprieto.com\/wp-content\/uploads\/2022\/01\/IMG_20211213_133501-scaled.jpg\" data-link=\"https:\/\/somosdelprieto.com\/?attachment_id=8683\" class=\"wp-image-8683\" srcset=\"https:\/\/somosdelprieto.com\/wp-content\/uploads\/2022\/01\/IMG_20211213_133501-300x135.jpg 300w, https:\/\/somosdelprieto.com\/wp-content\/uploads\/2022\/01\/IMG_20211213_133501-1024x461.jpg 1024w, https:\/\/somosdelprieto.com\/wp-content\/uploads\/2022\/01\/IMG_20211213_133501-768x346.jpg 768w, https:\/\/somosdelprieto.com\/wp-content\/uploads\/2022\/01\/IMG_20211213_133501-1536x691.jpg 1536w, https:\/\/somosdelprieto.com\/wp-content\/uploads\/2022\/01\/IMG_20211213_133501-2048x922.jpg 2048w\" sizes=\"auto, (max-width: 300px) 100vw, 300px\" \/><\/a><\/figure><\/li><li class=\"blocks-gallery-item\"><figure><a href=\"https:\/\/somosdelprieto.com\/?attachment_id=8684\"><img loading=\"lazy\" decoding=\"async\" width=\"300\" height=\"135\" src=\"https:\/\/somosdelprieto.com\/wp-content\/uploads\/2022\/01\/IMG_20211213_134108-300x135.jpg\" alt=\"\" data-id=\"8684\" data-full-url=\"https:\/\/somosdelprieto.com\/wp-content\/uploads\/2022\/01\/IMG_20211213_134108-scaled.jpg\" data-link=\"https:\/\/somosdelprieto.com\/?attachment_id=8684\" class=\"wp-image-8684\" srcset=\"https:\/\/somosdelprieto.com\/wp-content\/uploads\/2022\/01\/IMG_20211213_134108-300x135.jpg 300w, https:\/\/somosdelprieto.com\/wp-content\/uploads\/2022\/01\/IMG_20211213_134108-1024x461.jpg 1024w, https:\/\/somosdelprieto.com\/wp-content\/uploads\/2022\/01\/IMG_20211213_134108-768x346.jpg 768w, https:\/\/somosdelprieto.com\/wp-content\/uploads\/2022\/01\/IMG_20211213_134108-1536x691.jpg 1536w, https:\/\/somosdelprieto.com\/wp-content\/uploads\/2022\/01\/IMG_20211213_134108-2048x922.jpg 2048w\" sizes=\"auto, (max-width: 300px) 100vw, 300px\" \/><\/a><\/figure><\/li><li class=\"blocks-gallery-item\"><figure><a href=\"https:\/\/somosdelprieto.com\/?attachment_id=8685\"><img loading=\"lazy\" decoding=\"async\" width=\"300\" height=\"135\" src=\"https:\/\/somosdelprieto.com\/wp-content\/uploads\/2022\/01\/IMG_20211213_134145-300x135.jpg\" alt=\"\" data-id=\"8685\" data-full-url=\"https:\/\/somosdelprieto.com\/wp-content\/uploads\/2022\/01\/IMG_20211213_134145-scaled.jpg\" data-link=\"https:\/\/somosdelprieto.com\/?attachment_id=8685\" class=\"wp-image-8685\" srcset=\"https:\/\/somosdelprieto.com\/wp-content\/uploads\/2022\/01\/IMG_20211213_134145-300x135.jpg 300w, https:\/\/somosdelprieto.com\/wp-content\/uploads\/2022\/01\/IMG_20211213_134145-1024x461.jpg 1024w, https:\/\/somosdelprieto.com\/wp-content\/uploads\/2022\/01\/IMG_20211213_134145-768x346.jpg 768w, https:\/\/somosdelprieto.com\/wp-content\/uploads\/2022\/01\/IMG_20211213_134145-1536x691.jpg 1536w, https:\/\/somosdelprieto.com\/wp-content\/uploads\/2022\/01\/IMG_20211213_134145-2048x922.jpg 2048w\" sizes=\"auto, (max-width: 300px) 100vw, 300px\" \/><\/a><\/figure><\/li><li class=\"blocks-gallery-item\"><figure><a href=\"https:\/\/somosdelprieto.com\/?attachment_id=8687\"><img loading=\"lazy\" decoding=\"async\" width=\"300\" height=\"135\" src=\"https:\/\/somosdelprieto.com\/wp-content\/uploads\/2022\/01\/IMG_20211216_104712-300x135.jpg\" alt=\"\" data-id=\"8687\" data-full-url=\"https:\/\/somosdelprieto.com\/wp-content\/uploads\/2022\/01\/IMG_20211216_104712-scaled.jpg\" data-link=\"https:\/\/somosdelprieto.com\/?attachment_id=8687\" class=\"wp-image-8687\" srcset=\"https:\/\/somosdelprieto.com\/wp-content\/uploads\/2022\/01\/IMG_20211216_104712-300x135.jpg 300w, https:\/\/somosdelprieto.com\/wp-content\/uploads\/2022\/01\/IMG_20211216_104712-1024x461.jpg 1024w, https:\/\/somosdelprieto.com\/wp-content\/uploads\/2022\/01\/IMG_20211216_104712-768x346.jpg 768w, https:\/\/somosdelprieto.com\/wp-content\/uploads\/2022\/01\/IMG_20211216_104712-1536x691.jpg 1536w, https:\/\/somosdelprieto.com\/wp-content\/uploads\/2022\/01\/IMG_20211216_104712-2048x922.jpg 2048w\" sizes=\"auto, (max-width: 300px) 100vw, 300px\" \/><\/a><\/figure><\/li><li class=\"blocks-gallery-item\"><figure><a href=\"https:\/\/somosdelprieto.com\/?attachment_id=8688\"><img loading=\"lazy\" decoding=\"async\" width=\"135\" height=\"300\" src=\"https:\/\/somosdelprieto.com\/wp-content\/uploads\/2022\/01\/IMG_20211216_105327-135x300.jpg\" alt=\"\" data-id=\"8688\" data-full-url=\"https:\/\/somosdelprieto.com\/wp-content\/uploads\/2022\/01\/IMG_20211216_105327-scaled.jpg\" data-link=\"https:\/\/somosdelprieto.com\/?attachment_id=8688\" class=\"wp-image-8688\" srcset=\"https:\/\/somosdelprieto.com\/wp-content\/uploads\/2022\/01\/IMG_20211216_105327-135x300.jpg 135w, https:\/\/somosdelprieto.com\/wp-content\/uploads\/2022\/01\/IMG_20211216_105327-461x1024.jpg 461w, https:\/\/somosdelprieto.com\/wp-content\/uploads\/2022\/01\/IMG_20211216_105327-768x1707.jpg 768w, https:\/\/somosdelprieto.com\/wp-content\/uploads\/2022\/01\/IMG_20211216_105327-691x1536.jpg 691w, https:\/\/somosdelprieto.com\/wp-content\/uploads\/2022\/01\/IMG_20211216_105327-922x2048.jpg 922w, https:\/\/somosdelprieto.com\/wp-content\/uploads\/2022\/01\/IMG_20211216_105327-scaled.jpg 1152w\" sizes=\"auto, (max-width: 135px) 100vw, 135px\" \/><\/a><\/figure><\/li><li class=\"blocks-gallery-item\"><figure><a href=\"https:\/\/somosdelprieto.com\/?attachment_id=8690\"><img loading=\"lazy\" decoding=\"async\" width=\"300\" height=\"135\" src=\"https:\/\/somosdelprieto.com\/wp-content\/uploads\/2022\/01\/IMG_20211216_110512-300x135.jpg\" alt=\"\" data-id=\"8690\" data-full-url=\"https:\/\/somosdelprieto.com\/wp-content\/uploads\/2022\/01\/IMG_20211216_110512-scaled.jpg\" data-link=\"https:\/\/somosdelprieto.com\/?attachment_id=8690\" class=\"wp-image-8690\" srcset=\"https:\/\/somosdelprieto.com\/wp-content\/uploads\/2022\/01\/IMG_20211216_110512-300x135.jpg 300w, https:\/\/somosdelprieto.com\/wp-content\/uploads\/2022\/01\/IMG_20211216_110512-1024x461.jpg 1024w, https:\/\/somosdelprieto.com\/wp-content\/uploads\/2022\/01\/IMG_20211216_110512-768x346.jpg 768w, https:\/\/somosdelprieto.com\/wp-content\/uploads\/2022\/01\/IMG_20211216_110512-1536x691.jpg 1536w, https:\/\/somosdelprieto.com\/wp-content\/uploads\/2022\/01\/IMG_20211216_110512-2048x922.jpg 2048w\" sizes=\"auto, (max-width: 300px) 100vw, 300px\" \/><\/a><\/figure><\/li><li class=\"blocks-gallery-item\"><figure><a href=\"https:\/\/somosdelprieto.com\/?attachment_id=8691\"><img loading=\"lazy\" decoding=\"async\" width=\"222\" height=\"300\" src=\"https:\/\/somosdelprieto.com\/wp-content\/uploads\/2022\/01\/IMG_20211217_103312-222x300.jpg\" alt=\"\" data-id=\"8691\" data-full-url=\"https:\/\/somosdelprieto.com\/wp-content\/uploads\/2022\/01\/IMG_20211217_103312-scaled.jpg\" data-link=\"https:\/\/somosdelprieto.com\/?attachment_id=8691\" class=\"wp-image-8691\" srcset=\"https:\/\/somosdelprieto.com\/wp-content\/uploads\/2022\/01\/IMG_20211217_103312-222x300.jpg 222w, https:\/\/somosdelprieto.com\/wp-content\/uploads\/2022\/01\/IMG_20211217_103312-759x1024.jpg 759w, https:\/\/somosdelprieto.com\/wp-content\/uploads\/2022\/01\/IMG_20211217_103312-768x1036.jpg 768w, https:\/\/somosdelprieto.com\/wp-content\/uploads\/2022\/01\/IMG_20211217_103312-1139x1536.jpg 1139w, https:\/\/somosdelprieto.com\/wp-content\/uploads\/2022\/01\/IMG_20211217_103312-1518x2048.jpg 1518w, https:\/\/somosdelprieto.com\/wp-content\/uploads\/2022\/01\/IMG_20211217_103312-scaled.jpg 1898w\" sizes=\"auto, (max-width: 222px) 100vw, 222px\" \/><\/a><\/figure><\/li><\/ul><\/figure>\n","protected":false},"excerpt":{"rendered":"<p>Durante la semana del 13 al 17 de Diciembre, el sindicato Comisiones Obreras (con Luc\u00eda L\u00f3pez al frente) nos acompa\u00f1\u00f3 para dar diversas charlas informativas a nuestro alumnado. Dichas charlas fueron dirigidas a nuestr@s chicos y chicas de segundo curso de Ciclos Formativos (tanto de Grado Medio, como Superior), y se destinaron a explicar de &hellip; <\/p>\n<p class=\"link-more\"><a href=\"https:\/\/somosdelprieto.com\/index.php\/portada\/empleo\/clubdeempleo\/charlas-informativas-de-comisiones-obreras\/\" class=\"more-link\">Continuar leyendo<span class=\"screen-reader-text\"> \u00abCHARLAS INFORMATIVAS DE COMISIONES OBRERAS\u00bb<\/span><\/a><\/p>\n","protected":false},"author":30,"featured_media":0,"parent":11,"menu_order":0,"comment_status":"closed","ping_status":"closed","template":"","meta":{"footnotes":""},"class_list":["post-8670","page","type-page","status-publish","hentry"],"_links":{"self":[{"href":"https:\/\/somosdelprieto.com\/index.php\/wp-json\/wp\/v2\/pages\/8670","targetHints":{"allow":["GET"]}}],"collection":[{"href":"https:\/\/somosdelprieto.com\/index.php\/wp-json\/wp\/v2\/pages"}],"about":[{"href":"https:\/\/somosdelprieto.com\/index.php\/wp-json\/wp\/v2\/types\/page"}],"author":[{"embeddable":true,"href":"https:\/\/somosdelprieto.com\/index.php\/wp-json\/wp\/v2\/users\/30"}],"replies":[{"embeddable":true,"href":"https:\/\/somosdelprieto.com\/index.php\/wp-json\/wp\/v2\/comments?post=8670"}],"version-history":[{"count":3,"href":"https:\/\/somosdelprieto.com\/index.php\/wp-json\/wp\/v2\/pages\/8670\/revisions"}],"predecessor-version":[{"id":8787,"href":"https:\/\/somosdelprieto.com\/index.php\/wp-json\/wp\/v2\/pages\/8670\/revisions\/8787"}],"up":[{"embeddable":true,"href":"https:\/\/somosdelprieto.com\/index.php\/wp-json\/wp\/v2\/pages\/11"}],"wp:attachment":[{"href":"https:\/\/somosdelprieto.com\/index.php\/wp-json\/wp\/v2\/media?parent=8670"}],"curies":[{"name":"wp","href":"https:\/\/api.w.org\/{rel}","templated":true}]}}