{"id":8636,"date":"2022-01-25T16:31:07","date_gmt":"2022-01-25T15:31:07","guid":{"rendered":"https:\/\/somosdelprieto.com\/?page_id=8636"},"modified":"2022-02-04T18:37:28","modified_gmt":"2022-02-04T17:37:28","slug":"inauguracion-del-aula-de-emprendimiento-con-el-profesorado-del-centro","status":"publish","type":"page","link":"https:\/\/somosdelprieto.com\/index.php\/inauguracion-del-aula-de-emprendimiento-con-el-profesorado-del-centro\/","title":{"rendered":"INAUGURACI\u00d3N DEL AULA DE EMPRENDIMIENTO"},"content":{"rendered":"\n<p class=\"has-text-align-center\">El pasado viernes 3 de diciembre, tuvo lugar la inauguraci\u00f3n del Aula de Emprendimiento. Fueron algunos profesores y profesoras de nuestro centro los que nos acompa\u00f1aron en el mencionado evento. Pudimos explicarles c\u00f3mo est\u00e1 organizado el aula, los distintos espacios que en ella encontramos, as\u00ed como las actividades y talleres que se pueden realizar all\u00ed.<\/p>\n\n\n\n<p class=\"has-text-align-center\">Muchas gracias a tod@s por la asistencia.<\/p>\n\n\n\n<p class=\"has-text-align-center\">A continuaci\u00f3n os dejamos unas fotos del evento.<\/p>\n\n\n\n<figure class=\"wp-block-gallery columns-3 is-cropped wp-block-gallery-1 is-layout-flex wp-block-gallery-is-layout-flex\"><ul class=\"blocks-gallery-grid\"><li class=\"blocks-gallery-item\"><figure><img loading=\"lazy\" decoding=\"async\" width=\"1024\" height=\"461\" src=\"https:\/\/somosdelprieto.com\/wp-content\/uploads\/2022\/01\/IMG_20211203_114324-1024x461.jpg\" alt=\"\" data-id=\"8639\" data-full-url=\"https:\/\/somosdelprieto.com\/wp-content\/uploads\/2022\/01\/IMG_20211203_114324-scaled.jpg\" data-link=\"https:\/\/somosdelprieto.com\/?attachment_id=8639\" class=\"wp-image-8639\" srcset=\"https:\/\/somosdelprieto.com\/wp-content\/uploads\/2022\/01\/IMG_20211203_114324-1024x461.jpg 1024w, https:\/\/somosdelprieto.com\/wp-content\/uploads\/2022\/01\/IMG_20211203_114324-300x135.jpg 300w, https:\/\/somosdelprieto.com\/wp-content\/uploads\/2022\/01\/IMG_20211203_114324-768x346.jpg 768w, https:\/\/somosdelprieto.com\/wp-content\/uploads\/2022\/01\/IMG_20211203_114324-1536x691.jpg 1536w, https:\/\/somosdelprieto.com\/wp-content\/uploads\/2022\/01\/IMG_20211203_114324-2048x922.jpg 2048w\" sizes=\"auto, (max-width: 767px) 89vw, (max-width: 1000px) 54vw, (max-width: 1071px) 543px, 580px\" \/><\/figure><\/li><li class=\"blocks-gallery-item\"><figure><img loading=\"lazy\" decoding=\"async\" width=\"1024\" height=\"461\" src=\"https:\/\/somosdelprieto.com\/wp-content\/uploads\/2022\/01\/IMG_20211203_114358-1024x461.jpg\" alt=\"\" data-id=\"8640\" data-full-url=\"https:\/\/somosdelprieto.com\/wp-content\/uploads\/2022\/01\/IMG_20211203_114358-scaled.jpg\" data-link=\"https:\/\/somosdelprieto.com\/?attachment_id=8640\" class=\"wp-image-8640\" srcset=\"https:\/\/somosdelprieto.com\/wp-content\/uploads\/2022\/01\/IMG_20211203_114358-1024x461.jpg 1024w, https:\/\/somosdelprieto.com\/wp-content\/uploads\/2022\/01\/IMG_20211203_114358-300x135.jpg 300w, https:\/\/somosdelprieto.com\/wp-content\/uploads\/2022\/01\/IMG_20211203_114358-768x346.jpg 768w, https:\/\/somosdelprieto.com\/wp-content\/uploads\/2022\/01\/IMG_20211203_114358-1536x691.jpg 1536w, https:\/\/somosdelprieto.com\/wp-content\/uploads\/2022\/01\/IMG_20211203_114358-2048x922.jpg 2048w\" sizes=\"auto, (max-width: 767px) 89vw, (max-width: 1000px) 54vw, (max-width: 1071px) 543px, 580px\" \/><\/figure><\/li><li class=\"blocks-gallery-item\"><figure><img loading=\"lazy\" decoding=\"async\" width=\"1024\" height=\"461\" src=\"https:\/\/somosdelprieto.com\/wp-content\/uploads\/2022\/01\/IMG_20211203_114406-1024x461.jpg\" alt=\"\" data-id=\"8641\" data-full-url=\"https:\/\/somosdelprieto.com\/wp-content\/uploads\/2022\/01\/IMG_20211203_114406-scaled.jpg\" data-link=\"https:\/\/somosdelprieto.com\/?attachment_id=8641\" class=\"wp-image-8641\" srcset=\"https:\/\/somosdelprieto.com\/wp-content\/uploads\/2022\/01\/IMG_20211203_114406-1024x461.jpg 1024w, https:\/\/somosdelprieto.com\/wp-content\/uploads\/2022\/01\/IMG_20211203_114406-300x135.jpg 300w, https:\/\/somosdelprieto.com\/wp-content\/uploads\/2022\/01\/IMG_20211203_114406-768x346.jpg 768w, https:\/\/somosdelprieto.com\/wp-content\/uploads\/2022\/01\/IMG_20211203_114406-1536x691.jpg 1536w, https:\/\/somosdelprieto.com\/wp-content\/uploads\/2022\/01\/IMG_20211203_114406-2048x922.jpg 2048w\" sizes=\"auto, (max-width: 767px) 89vw, (max-width: 1000px) 54vw, (max-width: 1071px) 543px, 580px\" \/><\/figure><\/li><li class=\"blocks-gallery-item\"><figure><img loading=\"lazy\" decoding=\"async\" width=\"1024\" height=\"461\" src=\"https:\/\/somosdelprieto.com\/wp-content\/uploads\/2022\/01\/IMG_20211203_114557-1024x461.jpg\" alt=\"\" data-id=\"8642\" data-full-url=\"https:\/\/somosdelprieto.com\/wp-content\/uploads\/2022\/01\/IMG_20211203_114557-scaled.jpg\" data-link=\"https:\/\/somosdelprieto.com\/?attachment_id=8642\" class=\"wp-image-8642\" srcset=\"https:\/\/somosdelprieto.com\/wp-content\/uploads\/2022\/01\/IMG_20211203_114557-1024x461.jpg 1024w, https:\/\/somosdelprieto.com\/wp-content\/uploads\/2022\/01\/IMG_20211203_114557-300x135.jpg 300w, https:\/\/somosdelprieto.com\/wp-content\/uploads\/2022\/01\/IMG_20211203_114557-768x346.jpg 768w, https:\/\/somosdelprieto.com\/wp-content\/uploads\/2022\/01\/IMG_20211203_114557-1536x691.jpg 1536w, https:\/\/somosdelprieto.com\/wp-content\/uploads\/2022\/01\/IMG_20211203_114557-2048x922.jpg 2048w\" sizes=\"auto, (max-width: 767px) 89vw, (max-width: 1000px) 54vw, (max-width: 1071px) 543px, 580px\" \/><\/figure><\/li><li class=\"blocks-gallery-item\"><figure><img loading=\"lazy\" decoding=\"async\" width=\"1024\" height=\"769\" src=\"https:\/\/somosdelprieto.com\/wp-content\/uploads\/2022\/01\/IMG-20211203-WA0006-1024x769.jpg\" alt=\"\" data-id=\"8643\" data-full-url=\"https:\/\/somosdelprieto.com\/wp-content\/uploads\/2022\/01\/IMG-20211203-WA0006.jpg\" data-link=\"https:\/\/somosdelprieto.com\/?attachment_id=8643\" class=\"wp-image-8643\" srcset=\"https:\/\/somosdelprieto.com\/wp-content\/uploads\/2022\/01\/IMG-20211203-WA0006-1024x769.jpg 1024w, https:\/\/somosdelprieto.com\/wp-content\/uploads\/2022\/01\/IMG-20211203-WA0006-300x225.jpg 300w, https:\/\/somosdelprieto.com\/wp-content\/uploads\/2022\/01\/IMG-20211203-WA0006-768x576.jpg 768w, https:\/\/somosdelprieto.com\/wp-content\/uploads\/2022\/01\/IMG-20211203-WA0006-1536x1153.jpg 1536w, https:\/\/somosdelprieto.com\/wp-content\/uploads\/2022\/01\/IMG-20211203-WA0006.jpg 1600w\" sizes=\"auto, (max-width: 767px) 89vw, (max-width: 1000px) 54vw, (max-width: 1071px) 543px, 580px\" \/><\/figure><\/li><li class=\"blocks-gallery-item\"><figure><img loading=\"lazy\" decoding=\"async\" width=\"1024\" height=\"769\" src=\"https:\/\/somosdelprieto.com\/wp-content\/uploads\/2022\/01\/IMG-20211203-WA0007-1-1024x769.jpg\" alt=\"\" data-id=\"8644\" data-full-url=\"https:\/\/somosdelprieto.com\/wp-content\/uploads\/2022\/01\/IMG-20211203-WA0007-1.jpg\" data-link=\"https:\/\/somosdelprieto.com\/?attachment_id=8644\" class=\"wp-image-8644\" srcset=\"https:\/\/somosdelprieto.com\/wp-content\/uploads\/2022\/01\/IMG-20211203-WA0007-1-1024x769.jpg 1024w, https:\/\/somosdelprieto.com\/wp-content\/uploads\/2022\/01\/IMG-20211203-WA0007-1-300x225.jpg 300w, https:\/\/somosdelprieto.com\/wp-content\/uploads\/2022\/01\/IMG-20211203-WA0007-1-768x576.jpg 768w, https:\/\/somosdelprieto.com\/wp-content\/uploads\/2022\/01\/IMG-20211203-WA0007-1-1536x1153.jpg 1536w, https:\/\/somosdelprieto.com\/wp-content\/uploads\/2022\/01\/IMG-20211203-WA0007-1.jpg 1600w\" sizes=\"auto, (max-width: 767px) 89vw, (max-width: 1000px) 54vw, (max-width: 1071px) 543px, 580px\" \/><\/figure><\/li><li class=\"blocks-gallery-item\"><figure><img loading=\"lazy\" decoding=\"async\" width=\"1024\" height=\"769\" src=\"https:\/\/somosdelprieto.com\/wp-content\/uploads\/2022\/01\/IMG-20211203-WA0008-1024x769.jpg\" alt=\"\" data-id=\"8645\" data-full-url=\"https:\/\/somosdelprieto.com\/wp-content\/uploads\/2022\/01\/IMG-20211203-WA0008.jpg\" data-link=\"https:\/\/somosdelprieto.com\/?attachment_id=8645\" class=\"wp-image-8645\" srcset=\"https:\/\/somosdelprieto.com\/wp-content\/uploads\/2022\/01\/IMG-20211203-WA0008-1024x769.jpg 1024w, https:\/\/somosdelprieto.com\/wp-content\/uploads\/2022\/01\/IMG-20211203-WA0008-300x225.jpg 300w, https:\/\/somosdelprieto.com\/wp-content\/uploads\/2022\/01\/IMG-20211203-WA0008-768x576.jpg 768w, https:\/\/somosdelprieto.com\/wp-content\/uploads\/2022\/01\/IMG-20211203-WA0008-1536x1153.jpg 1536w, https:\/\/somosdelprieto.com\/wp-content\/uploads\/2022\/01\/IMG-20211203-WA0008.jpg 1600w\" sizes=\"auto, (max-width: 767px) 89vw, (max-width: 1000px) 54vw, (max-width: 1071px) 543px, 580px\" \/><\/figure><\/li><li class=\"blocks-gallery-item\"><figure><img loading=\"lazy\" decoding=\"async\" width=\"1024\" height=\"769\" src=\"https:\/\/somosdelprieto.com\/wp-content\/uploads\/2022\/01\/IMG-20211203-WA0011-1024x769.jpg\" alt=\"\" data-id=\"8646\" data-full-url=\"https:\/\/somosdelprieto.com\/wp-content\/uploads\/2022\/01\/IMG-20211203-WA0011.jpg\" data-link=\"https:\/\/somosdelprieto.com\/?attachment_id=8646\" class=\"wp-image-8646\" srcset=\"https:\/\/somosdelprieto.com\/wp-content\/uploads\/2022\/01\/IMG-20211203-WA0011-1024x769.jpg 1024w, https:\/\/somosdelprieto.com\/wp-content\/uploads\/2022\/01\/IMG-20211203-WA0011-300x225.jpg 300w, https:\/\/somosdelprieto.com\/wp-content\/uploads\/2022\/01\/IMG-20211203-WA0011-768x576.jpg 768w, https:\/\/somosdelprieto.com\/wp-content\/uploads\/2022\/01\/IMG-20211203-WA0011-1536x1153.jpg 1536w, https:\/\/somosdelprieto.com\/wp-content\/uploads\/2022\/01\/IMG-20211203-WA0011.jpg 2048w\" sizes=\"auto, (max-width: 767px) 89vw, (max-width: 1000px) 54vw, (max-width: 1071px) 543px, 580px\" \/><\/figure><\/li><li class=\"blocks-gallery-item\"><figure><img loading=\"lazy\" decoding=\"async\" width=\"1024\" height=\"769\" src=\"https:\/\/somosdelprieto.com\/wp-content\/uploads\/2022\/01\/IMG-20211203-WA0012-1024x769.jpg\" alt=\"\" data-id=\"8647\" data-full-url=\"https:\/\/somosdelprieto.com\/wp-content\/uploads\/2022\/01\/IMG-20211203-WA0012.jpg\" data-link=\"https:\/\/somosdelprieto.com\/?attachment_id=8647\" class=\"wp-image-8647\" srcset=\"https:\/\/somosdelprieto.com\/wp-content\/uploads\/2022\/01\/IMG-20211203-WA0012-1024x769.jpg 1024w, https:\/\/somosdelprieto.com\/wp-content\/uploads\/2022\/01\/IMG-20211203-WA0012-300x225.jpg 300w, https:\/\/somosdelprieto.com\/wp-content\/uploads\/2022\/01\/IMG-20211203-WA0012-768x576.jpg 768w, https:\/\/somosdelprieto.com\/wp-content\/uploads\/2022\/01\/IMG-20211203-WA0012-1536x1153.jpg 1536w, https:\/\/somosdelprieto.com\/wp-content\/uploads\/2022\/01\/IMG-20211203-WA0012.jpg 2048w\" sizes=\"auto, (max-width: 767px) 89vw, (max-width: 1000px) 54vw, (max-width: 1071px) 543px, 580px\" \/><\/figure><\/li><li class=\"blocks-gallery-item\"><figure><img loading=\"lazy\" decoding=\"async\" width=\"1024\" height=\"769\" src=\"https:\/\/somosdelprieto.com\/wp-content\/uploads\/2022\/01\/IMG-20211203-WA0014-1024x769.jpg\" alt=\"\" data-id=\"8648\" data-full-url=\"https:\/\/somosdelprieto.com\/wp-content\/uploads\/2022\/01\/IMG-20211203-WA0014.jpg\" data-link=\"https:\/\/somosdelprieto.com\/?attachment_id=8648\" class=\"wp-image-8648\" srcset=\"https:\/\/somosdelprieto.com\/wp-content\/uploads\/2022\/01\/IMG-20211203-WA0014-1024x769.jpg 1024w, https:\/\/somosdelprieto.com\/wp-content\/uploads\/2022\/01\/IMG-20211203-WA0014-300x225.jpg 300w, https:\/\/somosdelprieto.com\/wp-content\/uploads\/2022\/01\/IMG-20211203-WA0014-768x576.jpg 768w, https:\/\/somosdelprieto.com\/wp-content\/uploads\/2022\/01\/IMG-20211203-WA0014-1536x1153.jpg 1536w, https:\/\/somosdelprieto.com\/wp-content\/uploads\/2022\/01\/IMG-20211203-WA0014.jpg 2048w\" sizes=\"auto, (max-width: 767px) 89vw, (max-width: 1000px) 54vw, (max-width: 1071px) 543px, 580px\" \/><\/figure><\/li><li class=\"blocks-gallery-item\"><figure><img loading=\"lazy\" decoding=\"async\" width=\"1024\" height=\"769\" src=\"https:\/\/somosdelprieto.com\/wp-content\/uploads\/2022\/01\/IMG-20211203-WA0015-1024x769.jpg\" alt=\"\" data-id=\"8649\" data-full-url=\"https:\/\/somosdelprieto.com\/wp-content\/uploads\/2022\/01\/IMG-20211203-WA0015.jpg\" data-link=\"https:\/\/somosdelprieto.com\/?attachment_id=8649\" class=\"wp-image-8649\" srcset=\"https:\/\/somosdelprieto.com\/wp-content\/uploads\/2022\/01\/IMG-20211203-WA0015-1024x769.jpg 1024w, https:\/\/somosdelprieto.com\/wp-content\/uploads\/2022\/01\/IMG-20211203-WA0015-300x225.jpg 300w, https:\/\/somosdelprieto.com\/wp-content\/uploads\/2022\/01\/IMG-20211203-WA0015-768x576.jpg 768w, https:\/\/somosdelprieto.com\/wp-content\/uploads\/2022\/01\/IMG-20211203-WA0015-1536x1153.jpg 1536w, https:\/\/somosdelprieto.com\/wp-content\/uploads\/2022\/01\/IMG-20211203-WA0015.jpg 2048w\" sizes=\"auto, (max-width: 767px) 89vw, (max-width: 1000px) 54vw, (max-width: 1071px) 543px, 580px\" \/><\/figure><\/li><\/ul><\/figure>\n","protected":false},"excerpt":{"rendered":"<p>El pasado viernes 3 de diciembre, tuvo lugar la inauguraci\u00f3n del Aula de Emprendimiento. Fueron algunos profesores y profesoras de nuestro centro los que nos acompa\u00f1aron en el mencionado evento. Pudimos explicarles c\u00f3mo est\u00e1 organizado el aula, los distintos espacios que en ella encontramos, as\u00ed como las actividades y talleres que se pueden realizar all\u00ed. &hellip; <\/p>\n<p class=\"link-more\"><a href=\"https:\/\/somosdelprieto.com\/index.php\/inauguracion-del-aula-de-emprendimiento-con-el-profesorado-del-centro\/\" class=\"more-link\">Continuar leyendo<span class=\"screen-reader-text\"> \u00abINAUGURACI\u00d3N DEL AULA DE EMPRENDIMIENTO\u00bb<\/span><\/a><\/p>\n","protected":false},"author":30,"featured_media":8634,"parent":0,"menu_order":0,"comment_status":"closed","ping_status":"closed","template":"","meta":{"footnotes":""},"class_list":["post-8636","page","type-page","status-publish","has-post-thumbnail","hentry"],"_links":{"self":[{"href":"https:\/\/somosdelprieto.com\/index.php\/wp-json\/wp\/v2\/pages\/8636","targetHints":{"allow":["GET"]}}],"collection":[{"href":"https:\/\/somosdelprieto.com\/index.php\/wp-json\/wp\/v2\/pages"}],"about":[{"href":"https:\/\/somosdelprieto.com\/index.php\/wp-json\/wp\/v2\/types\/page"}],"author":[{"embeddable":true,"href":"https:\/\/somosdelprieto.com\/index.php\/wp-json\/wp\/v2\/users\/30"}],"replies":[{"embeddable":true,"href":"https:\/\/somosdelprieto.com\/index.php\/wp-json\/wp\/v2\/comments?post=8636"}],"version-history":[{"count":5,"href":"https:\/\/somosdelprieto.com\/index.php\/wp-json\/wp\/v2\/pages\/8636\/revisions"}],"predecessor-version":[{"id":8892,"href":"https:\/\/somosdelprieto.com\/index.php\/wp-json\/wp\/v2\/pages\/8636\/revisions\/8892"}],"wp:featuredmedia":[{"embeddable":true,"href":"https:\/\/somosdelprieto.com\/index.php\/wp-json\/wp\/v2\/media\/8634"}],"wp:attachment":[{"href":"https:\/\/somosdelprieto.com\/index.php\/wp-json\/wp\/v2\/media?parent=8636"}],"curies":[{"name":"wp","href":"https:\/\/api.w.org\/{rel}","templated":true}]}}