{"id":855,"date":"2020-05-18T11:23:27","date_gmt":"2020-05-18T09:23:27","guid":{"rendered":"https:\/\/somosdelprieto.com\/?page_id=855"},"modified":"2026-01-08T12:12:10","modified_gmt":"2026-01-08T11:12:10","slug":"cargos","status":"publish","type":"page","link":"https:\/\/somosdelprieto.com\/index.php\/cargos\/","title":{"rendered":"Cargos"},"content":{"rendered":"<div class=\"wp-block-image\">\n<figure class=\"aligncenter size-large is-resized\"><img loading=\"lazy\" decoding=\"async\" width=\"102\" height=\"80\" src=\"https:\/\/somosdelprieto.com\/wp-content\/uploads\/2020\/05\/cargos.png\" alt=\"\" class=\"wp-image-912\" style=\"width:148px;height:116px\"\/><\/figure>\n<\/div>\n\n\n<div class=\"wp-block-columns is-layout-flex wp-container-core-columns-is-layout-9d6595d7 wp-block-columns-is-layout-flex\"><\/div>\n\n\n\n<div class=\"wp-block-group\"><div class=\"wp-block-group__inner-container is-layout-flow wp-block-group-is-layout-flow\">\n<div class=\"wp-block-columns is-layout-flex wp-container-core-columns-is-layout-9d6595d7 wp-block-columns-is-layout-flex\">\n<div class=\"wp-block-column is-layout-flow wp-block-column-is-layout-flow\"><\/div>\n\n\n\n<div class=\"wp-block-column is-layout-flow wp-block-column-is-layout-flow\"><\/div>\n<\/div>\n<\/div><\/div>\n\n\n\n<figure class=\"wp-block-table\"><table><tbody><tr><td>Director<\/td><td>David Espinosa Salas<\/td><td>direccion@iesgregorioprieto.com<\/td><\/tr><tr><td>Secretario<\/td><td>Tom\u00e1s a. Gonz\u00e1lez Molina<\/td><td>secretario@iesgregorioprieto.com<\/td><\/tr><tr><td>Jefe de estudios<\/td><td>Jos\u00e9 M\u00aa D\u00edaz-Cano Salcedo&nbsp;&nbsp;<\/td><td>jefatura@iesgregorioprieto.com<\/td><\/tr><tr><td>Jefa de estudios Bachillerato<\/td><td>Ana Mar\u00eda Nieto Ruiz<\/td><td>jefatura.bachillerato@iesgregorioprieto.com<\/td><\/tr><tr><td>Jefa de estudios ESO<\/td><td>M\u00aa Pilar Garc\u00eda L\u00f3pez-Tello<\/td><td>jefatura.eso@iesgregorioprieto.com<\/td><\/tr><tr><td>Jefa de estudios FP<\/td><td>Elena Mart\u00ednez Sanz<\/td><td>jefatura.fp@iesgregorioprieto.com<\/td><\/tr><tr><td>Jefe de estudios TIC<\/td><td>Sebasti\u00e1n Alfredo Aldavero Molina <\/td><td>jefatura.tic@iesgregorioprieto.com<\/td><\/tr><tr><td><a href=\"http:\/\/www.elorienta.com\/gregorioprieto\/\" target=\"_blank\" rel=\"noreferrer noopener\">Orientador<\/a>a<\/td><td><br>Pilar Encarnaci\u00f3n Y\u00e9pez Gil<\/td><td>orientacion@iesgregorioprieto.com<\/td><\/tr><tr><td>Coordinador de Formaci\u00f3n y Transformaci\u00f3n Digital<\/td><td>Sergio Pedrera<\/td><td>formacion@iesgregorioprieto.com<\/td><\/tr><tr><td>Coordinador de Prevenci\u00f3n <\/td><td>Luis Javier C\u00e1rdenas Calcerrada<\/td><td><br>luisjaviercardenas@iesgregorioprieto.com<\/td><\/tr><tr><td>Asesora Ling\u00fc\u00edstica&nbsp;&nbsp;&nbsp;<\/td><td>Estrella G\u00f3mez<\/td><td>british@iesgregorioprieto.com<\/td><\/tr><tr><td>Responsable de Programas Europeos<\/td><td>Virginia Vidal<\/td><td>erasmusiesgp@gmail.com<\/td><\/tr><tr><td>Responsable de Act. Extracurriculares<\/td><td>Antonio Romero Bell\u00f3n<\/td><td>extraescolares@iesgregorioprieto.com<\/td><\/tr><tr><td>Coordinadora de Bienestar y Protecci\u00f3n<\/td><td>Mar\u00eda Jim\u00e9nez S\u00e1nchez-Migall\u00f3n<\/td><td>igualdad@iesgregorioprieto.com<\/td><\/tr><tr><td>Responsable de la Biblioteca<\/td><td>Mar\u00eda \u00c1ngeles Fern\u00e1ndez Valverde<\/td><td>mmfv08@educastillalamancha.es<\/td><\/tr><tr><td>Coordinadora del Proyecto Escolar Saludable<\/td><td>Mar\u00eda del Pilar S\u00e1nchez Sarri\u00f3n<\/td><td>ef@iesgregorioprieto.com<\/td><\/tr><tr><td>Responsable del Aula de Tecnolog\u00eda Aplicada<\/td><td>Manuel Abaldea<\/td><td>ateca@iesgregorioprieto.com<\/td><\/tr><tr><td>Responsable del Aula Profesional de Emprendimiento<\/td><td>Mari Luz Navas<\/td><td>emprendimiento@iesgregorioprieto.com<\/td><\/tr><\/tbody><\/table><\/figure>\n","protected":false},"excerpt":{"rendered":"<p>Director David Espinosa Salas direccion@iesgregorioprieto.com Secretario Tom\u00e1s a. Gonz\u00e1lez Molina secretario@iesgregorioprieto.com Jefe de estudios Jos\u00e9 M\u00aa D\u00edaz-Cano Salcedo&nbsp;&nbsp; jefatura@iesgregorioprieto.com Jefa de estudios Bachillerato Ana Mar\u00eda Nieto Ruiz jefatura.bachillerato@iesgregorioprieto.com Jefa de estudios ESO M\u00aa Pilar Garc\u00eda L\u00f3pez-Tello jefatura.eso@iesgregorioprieto.com Jefa de estudios FP Elena Mart\u00ednez Sanz jefatura.fp@iesgregorioprieto.com Jefe de estudios TIC Sebasti\u00e1n Alfredo Aldavero Molina jefatura.tic@iesgregorioprieto.com Orientadora &hellip; <\/p>\n<p class=\"link-more\"><a href=\"https:\/\/somosdelprieto.com\/index.php\/cargos\/\" class=\"more-link\">Continuar leyendo<span class=\"screen-reader-text\"> \u00abCargos\u00bb<\/span><\/a><\/p>\n","protected":false},"author":11,"featured_media":0,"parent":0,"menu_order":0,"comment_status":"closed","ping_status":"closed","template":"","meta":{"footnotes":""},"class_list":["post-855","page","type-page","status-publish","hentry"],"_links":{"self":[{"href":"https:\/\/somosdelprieto.com\/index.php\/wp-json\/wp\/v2\/pages\/855","targetHints":{"allow":["GET"]}}],"collection":[{"href":"https:\/\/somosdelprieto.com\/index.php\/wp-json\/wp\/v2\/pages"}],"about":[{"href":"https:\/\/somosdelprieto.com\/index.php\/wp-json\/wp\/v2\/types\/page"}],"author":[{"embeddable":true,"href":"https:\/\/somosdelprieto.com\/index.php\/wp-json\/wp\/v2\/users\/11"}],"replies":[{"embeddable":true,"href":"https:\/\/somosdelprieto.com\/index.php\/wp-json\/wp\/v2\/comments?post=855"}],"version-history":[{"count":11,"href":"https:\/\/somosdelprieto.com\/index.php\/wp-json\/wp\/v2\/pages\/855\/revisions"}],"predecessor-version":[{"id":22995,"href":"https:\/\/somosdelprieto.com\/index.php\/wp-json\/wp\/v2\/pages\/855\/revisions\/22995"}],"wp:attachment":[{"href":"https:\/\/somosdelprieto.com\/index.php\/wp-json\/wp\/v2\/media?parent=855"}],"curies":[{"name":"wp","href":"https:\/\/api.w.org\/{rel}","templated":true}]}}