{"id":853,"date":"2020-05-18T11:23:10","date_gmt":"2020-05-18T09:23:10","guid":{"rendered":"https:\/\/somosdelprieto.com\/?page_id=853"},"modified":"2025-08-22T18:40:38","modified_gmt":"2025-08-22T16:40:38","slug":"familias","status":"publish","type":"page","link":"https:\/\/somosdelprieto.com\/index.php\/familias\/","title":{"rendered":"Familias"},"content":{"rendered":"\n<p>                       <strong>JUNTA DIRECTIVA AMPA<\/strong><\/p>\n\n\n\n<div class=\"wp-block-columns is-layout-flex wp-container-core-columns-is-layout-9d6595d7 wp-block-columns-is-layout-flex\">\n<div class=\"wp-block-column is-layout-flow wp-block-column-is-layout-flow\" style=\"flex-basis:66.66%\">\n<figure class=\"wp-block-table\"><table><tbody><tr><td>PRESIDENTE<\/td><td>Beatriz Blanes<\/td><\/tr><tr><td>VICEPRESIDENTE<br><\/td><td><\/td><\/tr><tr><td>SECRETARIO<\/td><td>&nbsp;Agust\u00edn Fern\u00e1ndez Coronado<\/td><\/tr><tr><td>TESORERA<\/td><td>Mar\u00eda Jos\u00e9 Elices P\u00e9rez<\/td><\/tr><tr><td>VOCALES<\/td><td>&#8211; M\u00aa Bego\u00f1a Arnedillo Earle<br>&#8211; Mar\u00eda del Carmen Gallego Cano<br>&#8211; Ana Isabel Manso Gonz\u00e1lez<br>&#8211; Miguel \u00c4ngel L\u00f3pez Blanes<br>&#8211; Mateo Fern\u00e1ndez Aguilar<br>&#8211; Eva Haro Gamazo<br>&#8211; Victor Manuel Hidalgo Gonz\u00e1lez<br>&#8211; Ana Bel\u00e9n Fern\u00e1ndez Quir\u00f3s<br>&#8211; Mar\u00eds del Pilar Garc\u00eda&nbsp;Arroyo<\/td><\/tr><\/tbody><\/table><figcaption class=\"wp-element-caption\"><strong><span class=\"has-inline-color has-luminous-vivid-orange-color\">CONTACTAR<\/span>:<\/strong> ampaiesgp@gmail.com<br><strong><span class=\"has-inline-color has-luminous-vivid-orange-color\">WHATSAPP<\/span><\/strong>: 611339303<\/figcaption><\/figure>\n\n\n\n<p class=\"has-text-align-center\"><strong>REPRESENTANTES DE PADRES EN EL CONSEJO ESCOLAR<\/strong>: <\/p>\n\n\n\n<figure class=\"wp-block-table\"><table><tbody><tr><td><br>Arnedillo Earle, Mar\u00eda Bego\u00f1a<br>Jim\u00e9nez Ochando, Ignacio Javier<br>Madrigal \u00c1lvarez, Carolina<br><br><\/td><\/tr><\/tbody><\/table><\/figure>\n<\/div>\n\n\n\n<div class=\"wp-block-column is-layout-flow wp-block-column-is-layout-flow\" style=\"flex-basis:33.33%\">\n<figure class=\"wp-block-image size-large is-resized\"><img loading=\"lazy\" decoding=\"async\" width=\"172\" height=\"184\" src=\"https:\/\/somosdelprieto.com\/wp-content\/uploads\/2020\/05\/family.png\" alt=\"\" class=\"wp-image-907\" style=\"width:257px;height:275px\"\/><\/figure>\n<\/div>\n<\/div>\n\n\n\n<p><strong>NOTICIAS Y NOVEDADES:<\/strong><\/p>\n\n\n\n<ul class=\"wp-block-list\">\n<li><a href=\"https:\/\/forms.office.com\/Pages\/ResponsePage.aspx?id=GALCiT482kuDLf9RVyIcO8OMPLB91ftBll7XKWlsgyhUODBLRkdFR09TTUxXU0lTVUJFSEszU0NDTCQlQCN0PWcu\">Encuesta a las familias sobre el Banco de Libros<\/a><\/li>\n\n\n\n<li>Curso preparatorio ex\u00e1menes certificado Cambridge English (Preguntar al AMPA)<\/li>\n\n\n\n<li>Ganador concurso de logotipo AMPA<\/li>\n<\/ul>\n\n\n\n<div class=\"wp-block-columns is-layout-flex wp-container-core-columns-is-layout-9d6595d7 wp-block-columns-is-layout-flex\">\n<div class=\"wp-block-column is-layout-flow wp-block-column-is-layout-flow\"><div class=\"wp-block-image\">\n<figure class=\"aligncenter size-large is-resized\"><img loading=\"lazy\" decoding=\"async\" width=\"212\" height=\"325\" src=\"https:\/\/somosdelprieto.com\/wp-content\/uploads\/2020\/05\/logo-ampa-1.jpeg\" alt=\"\" class=\"wp-image-909\" style=\"width:204px;height:312px\" srcset=\"https:\/\/somosdelprieto.com\/wp-content\/uploads\/2020\/05\/logo-ampa-1.jpeg 212w, https:\/\/somosdelprieto.com\/wp-content\/uploads\/2020\/05\/logo-ampa-1-196x300.jpeg 196w\" sizes=\"auto, (max-width: 212px) 100vw, 212px\" \/><\/figure>\n<\/div>\n\n\n<p>Informaci\u00f3n AMPA&#8217;s<\/p>\n<\/div>\n\n\n\n<div class=\"wp-block-column is-layout-flow wp-block-column-is-layout-flow\">\n<p class=\"has-text-align-center\">El logo representa una asociaci\u00f3n de 2 personas(padre-madre), la l\u00ednea ininterrumpida comunica la idea de uni\u00f3n y colaboraci\u00f3n, colaboraci\u00f3n entre s\u00ed y con el centro educativo.  <\/p>\n\n\n\n<p class=\"has-text-align-center\">A su vez forman la sigla AMPA (A-M en la parte superior, P-A en la parte inferior)<\/p>\n\n\n\n<p class=\"has-text-align-center\">&nbsp;<strong>Autor:<\/strong> Alexis Nikitchuk (Paysand\u00fa, Uruguay)<\/p>\n<\/div>\n<\/div>\n\n\n\n<div class=\"wp-block-file\"><a id=\"wp-block-file--media-399f4cf8-6c05-4bae-b3ce-3c429d9cf09a\" href=\"https:\/\/somosdelprieto.com\/wp-content\/uploads\/2025\/08\/INSTRUCCIONES-AMPA-2025-26.docx\">INSTRUCCIONES AMPA 2025-26<\/a><a href=\"https:\/\/somosdelprieto.com\/wp-content\/uploads\/2025\/08\/INSTRUCCIONES-AMPA-2025-26.docx\" class=\"wp-block-file__button wp-element-button\" download aria-describedby=\"wp-block-file--media-399f4cf8-6c05-4bae-b3ce-3c429d9cf09a\">Descarga<\/a><\/div>\n\n\n\n<p><strong>AMPA IES Gregorio <\/strong><strong>Prieto <\/strong><strong>Inscripci\u00f3n Curso 2025<\/strong>\u2010<strong>2026<\/strong><\/p>\n\n\n\n<p>Estimados padres,<\/p>\n\n\n\n<p><strong>www.iesgregorioprieto.com\/ampa ampaiesgp@gmail.com<\/strong><\/p>\n\n\n\n<p><strong><\/strong><strong>611339303 <\/strong><strong><br><\/strong><\/p>\n\n\n\n<p>El AMPA es una asociaci\u00f3n integrada por los padres y madres del alumnado, por ello queremos animaros a que os asoci\u00e9is para que el AMPA pueda ser fuerte y represente a la mayor\u00eda de las familias. Una de nuestras principales actividades son las reuniones con el equipo directivo del centro, mediante estas reuniones trasladamos las inquietudes y sugerencias que nos hac\u00e9is llegar.<\/p>\n\n\n\n<p>Adem\u00e1s durante todo el a\u00f1o, hemos colaborado en m\u00faltiples acciones:<\/p>\n\n\n\n<p>\u2010 Organizaci\u00f3n y subvenci\u00f3n de cursos de preparaci\u00f3n para los ex\u00e1menes de Certificaci\u00f3n Cambridge B1, B2 y C1.<\/p>\n\n\n\n<p>\u2010 Participaci\u00f3n en el Consejo Escolar y colaboraci\u00f3n en el proyecto educativo de nuestro Centro. &#8211; Colaboraci\u00f3n en las actividades extraescolares y complementarias que los diferentes Departamentos del IES han realizado con todos los alumnos.<\/p>\n\n\n\n<p>Estamos preparando las actividades para el curso 2025\u20102026. Entre las m\u00e1s destacadas seguir\u00e1n estando las clases de preparaci\u00f3n de ex\u00e1menes B1, B2 y C1 de Cambridge que comenzar\u00e1n a principios de Octubre, hasta la fecha de los respectivos ex\u00e1menes. Dada la gran demanda de a\u00f1os anteriores, si est\u00e1is interesados indicarlo en el formulario de inscripci\u00f3n, aunque no sea vinculante, para poder organizarlos cursos con tiempo y estar\u00e1s informado puntualmente.<\/p>\n\n\n\n<p>Para poder seguir realizando las actividades, necesitamos la colaboraci\u00f3n de todos. Tambi\u00e9n es importante que exista una renovaci\u00f3n continua de los cargos de la Junta Directiva, ya que varios de nuestros actuales miembros dejan su cargo este curso que vamos a comenzar y necesitamos nuevas incorporaciones para que el ampa pueda continuar con su labor. Al final del formulario puedes indicar si est\u00e1s interesado en pertenecer a la misma.<\/p>\n\n\n\n<p>La cuota anual es de <strong><u>15 <\/u><\/strong><strong><u>\u20ac <\/u><\/strong><strong><u>por familia<\/u><\/strong>, puedes realizar el ingreso en la siguiente cuenta, indicando el <strong><u>nombre del alumno y el curso<\/u> <\/strong>en que se matricula en el curso 2025\u20102026:<\/p>\n\n\n\n<p><strong>CAIXABANK IBAN ES67 2100 6316 2013 0028 1289<\/strong><\/p>\n\n\n\n<p><strong>MUY IMPORTANTE:<\/strong><\/p>\n\n\n\n<p>Para completar la inscripci\u00f3n debes hacernos llegar el justificante (Foto o PDF) del ingreso a trav\u00e9s del correo electr\u00f3nico <strong>ampaiesgp@gmail.com <\/strong>o mediante <strong><u>WhatsApp al 611339303 <\/u><\/strong>y por el mismo medio te haremos llegar un enlace para cumplimentar el formulario con los datos que necesitamos para mantenerte informado. Si no se realiza este tr\u00e1mite y s\u00f3lo se hace el pago de la cuota no dispondremos de los datos&nbsp; necesarios para ponernos en contacto contigo y as\u00ed enviarte dicho enlace.&nbsp;<\/p>\n\n\n\n<p>Esperando contar con tu participaci\u00f3n en el AMPA recibe un saludo.<\/p>\n","protected":false},"excerpt":{"rendered":"<p>JUNTA DIRECTIVA AMPA PRESIDENTE Beatriz Blanes VICEPRESIDENTE SECRETARIO &nbsp;Agust\u00edn Fern\u00e1ndez Coronado TESORERA Mar\u00eda Jos\u00e9 Elices P\u00e9rez VOCALES &#8211; M\u00aa Bego\u00f1a Arnedillo Earle&#8211; Mar\u00eda del Carmen Gallego Cano&#8211; Ana Isabel Manso Gonz\u00e1lez&#8211; Miguel \u00c4ngel L\u00f3pez Blanes&#8211; Mateo Fern\u00e1ndez Aguilar&#8211; Eva Haro Gamazo&#8211; Victor Manuel Hidalgo Gonz\u00e1lez&#8211; Ana Bel\u00e9n Fern\u00e1ndez Quir\u00f3s&#8211; Mar\u00eds del Pilar Garc\u00eda&nbsp;Arroyo CONTACTAR: ampaiesgp@gmail.comWHATSAPP: &hellip; <\/p>\n<p class=\"link-more\"><a href=\"https:\/\/somosdelprieto.com\/index.php\/familias\/\" class=\"more-link\">Continuar leyendo<span class=\"screen-reader-text\"> \u00abFamilias\u00bb<\/span><\/a><\/p>\n","protected":false},"author":11,"featured_media":0,"parent":0,"menu_order":0,"comment_status":"closed","ping_status":"closed","template":"","meta":{"footnotes":""},"class_list":["post-853","page","type-page","status-publish","hentry"],"_links":{"self":[{"href":"https:\/\/somosdelprieto.com\/index.php\/wp-json\/wp\/v2\/pages\/853","targetHints":{"allow":["GET"]}}],"collection":[{"href":"https:\/\/somosdelprieto.com\/index.php\/wp-json\/wp\/v2\/pages"}],"about":[{"href":"https:\/\/somosdelprieto.com\/index.php\/wp-json\/wp\/v2\/types\/page"}],"author":[{"embeddable":true,"href":"https:\/\/somosdelprieto.com\/index.php\/wp-json\/wp\/v2\/users\/11"}],"replies":[{"embeddable":true,"href":"https:\/\/somosdelprieto.com\/index.php\/wp-json\/wp\/v2\/comments?post=853"}],"version-history":[{"count":19,"href":"https:\/\/somosdelprieto.com\/index.php\/wp-json\/wp\/v2\/pages\/853\/revisions"}],"predecessor-version":[{"id":22123,"href":"https:\/\/somosdelprieto.com\/index.php\/wp-json\/wp\/v2\/pages\/853\/revisions\/22123"}],"wp:attachment":[{"href":"https:\/\/somosdelprieto.com\/index.php\/wp-json\/wp\/v2\/media?parent=853"}],"curies":[{"name":"wp","href":"https:\/\/api.w.org\/{rel}","templated":true}]}}