{"id":8365,"date":"2021-12-02T18:12:49","date_gmt":"2021-12-02T17:12:49","guid":{"rendered":"https:\/\/somosdelprieto.com\/?page_id=8365"},"modified":"2021-12-02T18:13:26","modified_gmt":"2021-12-02T17:13:26","slug":"galeria-de-imagenes-asi-se-trabaja-en-nuestro-ape","status":"publish","type":"page","link":"https:\/\/somosdelprieto.com\/index.php\/galeria-de-imagenes-asi-se-trabaja-en-nuestro-ape\/","title":{"rendered":"GALER\u00cdA DE IM\u00c1GENES (AS\u00cd SE TRABAJA EN NUESTRO APE)"},"content":{"rendered":"\n<figure class=\"wp-block-gallery columns-3 is-cropped wp-block-gallery-1 is-layout-flex wp-block-gallery-is-layout-flex\"><ul class=\"blocks-gallery-grid\"><li class=\"blocks-gallery-item\"><figure><img loading=\"lazy\" decoding=\"async\" width=\"1024\" height=\"461\" src=\"https:\/\/somosdelprieto.com\/wp-content\/uploads\/2021\/12\/WhatsApp-Image-2021-10-27-at-12.43.32-4-1-1024x461.jpeg\" alt=\"\" data-id=\"8366\" data-full-url=\"https:\/\/somosdelprieto.com\/wp-content\/uploads\/2021\/12\/WhatsApp-Image-2021-10-27-at-12.43.32-4-1.jpeg\" data-link=\"https:\/\/somosdelprieto.com\/?attachment_id=8366\" class=\"wp-image-8366\" srcset=\"https:\/\/somosdelprieto.com\/wp-content\/uploads\/2021\/12\/WhatsApp-Image-2021-10-27-at-12.43.32-4-1-1024x461.jpeg 1024w, https:\/\/somosdelprieto.com\/wp-content\/uploads\/2021\/12\/WhatsApp-Image-2021-10-27-at-12.43.32-4-1-300x135.jpeg 300w, https:\/\/somosdelprieto.com\/wp-content\/uploads\/2021\/12\/WhatsApp-Image-2021-10-27-at-12.43.32-4-1-768x346.jpeg 768w, https:\/\/somosdelprieto.com\/wp-content\/uploads\/2021\/12\/WhatsApp-Image-2021-10-27-at-12.43.32-4-1-1536x691.jpeg 1536w, https:\/\/somosdelprieto.com\/wp-content\/uploads\/2021\/12\/WhatsApp-Image-2021-10-27-at-12.43.32-4-1.jpeg 2000w\" sizes=\"auto, (max-width: 767px) 89vw, (max-width: 1000px) 54vw, (max-width: 1071px) 543px, 580px\" \/><\/figure><\/li><li class=\"blocks-gallery-item\"><figure><img loading=\"lazy\" decoding=\"async\" width=\"1024\" height=\"769\" src=\"https:\/\/somosdelprieto.com\/wp-content\/uploads\/2021\/12\/WhatsApp-Image-2021-10-29-at-09.41.34-2-1-1024x769.jpeg\" alt=\"\" data-id=\"8367\" data-full-url=\"https:\/\/somosdelprieto.com\/wp-content\/uploads\/2021\/12\/WhatsApp-Image-2021-10-29-at-09.41.34-2-1.jpeg\" data-link=\"https:\/\/somosdelprieto.com\/?attachment_id=8367\" class=\"wp-image-8367\" srcset=\"https:\/\/somosdelprieto.com\/wp-content\/uploads\/2021\/12\/WhatsApp-Image-2021-10-29-at-09.41.34-2-1-1024x769.jpeg 1024w, https:\/\/somosdelprieto.com\/wp-content\/uploads\/2021\/12\/WhatsApp-Image-2021-10-29-at-09.41.34-2-1-300x225.jpeg 300w, https:\/\/somosdelprieto.com\/wp-content\/uploads\/2021\/12\/WhatsApp-Image-2021-10-29-at-09.41.34-2-1-768x576.jpeg 768w, https:\/\/somosdelprieto.com\/wp-content\/uploads\/2021\/12\/WhatsApp-Image-2021-10-29-at-09.41.34-2-1-1536x1153.jpeg 1536w, https:\/\/somosdelprieto.com\/wp-content\/uploads\/2021\/12\/WhatsApp-Image-2021-10-29-at-09.41.34-2-1.jpeg 1600w\" sizes=\"auto, (max-width: 767px) 89vw, (max-width: 1000px) 54vw, (max-width: 1071px) 543px, 580px\" \/><\/figure><\/li><li class=\"blocks-gallery-item\"><figure><img loading=\"lazy\" decoding=\"async\" width=\"1024\" height=\"461\" src=\"https:\/\/somosdelprieto.com\/wp-content\/uploads\/2021\/12\/WhatsApp-Image-2021-10-29-at-11.12.23-2-1-1024x461.jpeg\" alt=\"\" data-id=\"8368\" data-full-url=\"https:\/\/somosdelprieto.com\/wp-content\/uploads\/2021\/12\/WhatsApp-Image-2021-10-29-at-11.12.23-2-1.jpeg\" data-link=\"https:\/\/somosdelprieto.com\/?attachment_id=8368\" class=\"wp-image-8368\" srcset=\"https:\/\/somosdelprieto.com\/wp-content\/uploads\/2021\/12\/WhatsApp-Image-2021-10-29-at-11.12.23-2-1-1024x461.jpeg 1024w, https:\/\/somosdelprieto.com\/wp-content\/uploads\/2021\/12\/WhatsApp-Image-2021-10-29-at-11.12.23-2-1-300x135.jpeg 300w, https:\/\/somosdelprieto.com\/wp-content\/uploads\/2021\/12\/WhatsApp-Image-2021-10-29-at-11.12.23-2-1-768x346.jpeg 768w, https:\/\/somosdelprieto.com\/wp-content\/uploads\/2021\/12\/WhatsApp-Image-2021-10-29-at-11.12.23-2-1-1536x691.jpeg 1536w, https:\/\/somosdelprieto.com\/wp-content\/uploads\/2021\/12\/WhatsApp-Image-2021-10-29-at-11.12.23-2-1.jpeg 2000w\" sizes=\"auto, (max-width: 767px) 89vw, (max-width: 1000px) 54vw, (max-width: 1071px) 543px, 580px\" \/><\/figure><\/li><li class=\"blocks-gallery-item\"><figure><img loading=\"lazy\" decoding=\"async\" width=\"1024\" height=\"461\" src=\"https:\/\/somosdelprieto.com\/wp-content\/uploads\/2021\/12\/WhatsApp-Image-2021-10-29-at-11.12.23-3-1-1024x461.jpeg\" alt=\"\" data-id=\"8369\" data-full-url=\"https:\/\/somosdelprieto.com\/wp-content\/uploads\/2021\/12\/WhatsApp-Image-2021-10-29-at-11.12.23-3-1.jpeg\" data-link=\"https:\/\/somosdelprieto.com\/?attachment_id=8369\" class=\"wp-image-8369\" srcset=\"https:\/\/somosdelprieto.com\/wp-content\/uploads\/2021\/12\/WhatsApp-Image-2021-10-29-at-11.12.23-3-1-1024x461.jpeg 1024w, https:\/\/somosdelprieto.com\/wp-content\/uploads\/2021\/12\/WhatsApp-Image-2021-10-29-at-11.12.23-3-1-300x135.jpeg 300w, https:\/\/somosdelprieto.com\/wp-content\/uploads\/2021\/12\/WhatsApp-Image-2021-10-29-at-11.12.23-3-1-768x346.jpeg 768w, https:\/\/somosdelprieto.com\/wp-content\/uploads\/2021\/12\/WhatsApp-Image-2021-10-29-at-11.12.23-3-1-1536x691.jpeg 1536w, https:\/\/somosdelprieto.com\/wp-content\/uploads\/2021\/12\/WhatsApp-Image-2021-10-29-at-11.12.23-3-1.jpeg 2000w\" sizes=\"auto, (max-width: 767px) 89vw, (max-width: 1000px) 54vw, (max-width: 1071px) 543px, 580px\" \/><\/figure><\/li><li class=\"blocks-gallery-item\"><figure><img loading=\"lazy\" decoding=\"async\" width=\"1024\" height=\"461\" src=\"https:\/\/somosdelprieto.com\/wp-content\/uploads\/2021\/12\/WhatsApp-Image-2021-10-29-at-11.12.24-4-1-1024x461.jpeg\" alt=\"\" data-id=\"8370\" data-full-url=\"https:\/\/somosdelprieto.com\/wp-content\/uploads\/2021\/12\/WhatsApp-Image-2021-10-29-at-11.12.24-4-1.jpeg\" data-link=\"https:\/\/somosdelprieto.com\/?attachment_id=8370\" class=\"wp-image-8370\" srcset=\"https:\/\/somosdelprieto.com\/wp-content\/uploads\/2021\/12\/WhatsApp-Image-2021-10-29-at-11.12.24-4-1-1024x461.jpeg 1024w, https:\/\/somosdelprieto.com\/wp-content\/uploads\/2021\/12\/WhatsApp-Image-2021-10-29-at-11.12.24-4-1-300x135.jpeg 300w, https:\/\/somosdelprieto.com\/wp-content\/uploads\/2021\/12\/WhatsApp-Image-2021-10-29-at-11.12.24-4-1-768x346.jpeg 768w, https:\/\/somosdelprieto.com\/wp-content\/uploads\/2021\/12\/WhatsApp-Image-2021-10-29-at-11.12.24-4-1-1536x691.jpeg 1536w, https:\/\/somosdelprieto.com\/wp-content\/uploads\/2021\/12\/WhatsApp-Image-2021-10-29-at-11.12.24-4-1.jpeg 2000w\" sizes=\"auto, (max-width: 767px) 89vw, (max-width: 1000px) 54vw, (max-width: 1071px) 543px, 580px\" \/><\/figure><\/li><li class=\"blocks-gallery-item\"><figure><img loading=\"lazy\" decoding=\"async\" width=\"1024\" height=\"461\" src=\"https:\/\/somosdelprieto.com\/wp-content\/uploads\/2021\/12\/WhatsApp-Image-2021-10-29-at-11.13.01-2-1-1024x461.jpeg\" alt=\"\" data-id=\"8371\" data-full-url=\"https:\/\/somosdelprieto.com\/wp-content\/uploads\/2021\/12\/WhatsApp-Image-2021-10-29-at-11.13.01-2-1.jpeg\" data-link=\"https:\/\/somosdelprieto.com\/?attachment_id=8371\" class=\"wp-image-8371\" srcset=\"https:\/\/somosdelprieto.com\/wp-content\/uploads\/2021\/12\/WhatsApp-Image-2021-10-29-at-11.13.01-2-1-1024x461.jpeg 1024w, https:\/\/somosdelprieto.com\/wp-content\/uploads\/2021\/12\/WhatsApp-Image-2021-10-29-at-11.13.01-2-1-300x135.jpeg 300w, https:\/\/somosdelprieto.com\/wp-content\/uploads\/2021\/12\/WhatsApp-Image-2021-10-29-at-11.13.01-2-1-768x346.jpeg 768w, https:\/\/somosdelprieto.com\/wp-content\/uploads\/2021\/12\/WhatsApp-Image-2021-10-29-at-11.13.01-2-1-1536x691.jpeg 1536w, https:\/\/somosdelprieto.com\/wp-content\/uploads\/2021\/12\/WhatsApp-Image-2021-10-29-at-11.13.01-2-1.jpeg 1600w\" sizes=\"auto, (max-width: 767px) 89vw, (max-width: 1000px) 54vw, (max-width: 1071px) 543px, 580px\" \/><\/figure><\/li><li class=\"blocks-gallery-item\"><figure><img loading=\"lazy\" decoding=\"async\" width=\"1024\" height=\"685\" src=\"https:\/\/somosdelprieto.com\/wp-content\/uploads\/2021\/12\/WhatsApp-Image-2021-10-29-at-12.08.15-1-1024x685.jpeg\" alt=\"\" data-id=\"8372\" data-full-url=\"https:\/\/somosdelprieto.com\/wp-content\/uploads\/2021\/12\/WhatsApp-Image-2021-10-29-at-12.08.15-1.jpeg\" data-link=\"https:\/\/somosdelprieto.com\/?attachment_id=8372\" class=\"wp-image-8372\" srcset=\"https:\/\/somosdelprieto.com\/wp-content\/uploads\/2021\/12\/WhatsApp-Image-2021-10-29-at-12.08.15-1-1024x685.jpeg 1024w, https:\/\/somosdelprieto.com\/wp-content\/uploads\/2021\/12\/WhatsApp-Image-2021-10-29-at-12.08.15-1-300x201.jpeg 300w, https:\/\/somosdelprieto.com\/wp-content\/uploads\/2021\/12\/WhatsApp-Image-2021-10-29-at-12.08.15-1-768x513.jpeg 768w, https:\/\/somosdelprieto.com\/wp-content\/uploads\/2021\/12\/WhatsApp-Image-2021-10-29-at-12.08.15-1.jpeg 1080w\" sizes=\"auto, (max-width: 767px) 89vw, (max-width: 1000px) 54vw, (max-width: 1071px) 543px, 580px\" \/><\/figure><\/li><li class=\"blocks-gallery-item\"><figure><img loading=\"lazy\" decoding=\"async\" width=\"1024\" height=\"1013\" src=\"https:\/\/somosdelprieto.com\/wp-content\/uploads\/2021\/12\/WhatsApp-Image-2021-10-29-at-12.08.58-1-1024x1013.jpeg\" alt=\"\" data-id=\"8373\" data-full-url=\"https:\/\/somosdelprieto.com\/wp-content\/uploads\/2021\/12\/WhatsApp-Image-2021-10-29-at-12.08.58-1.jpeg\" data-link=\"https:\/\/somosdelprieto.com\/?attachment_id=8373\" class=\"wp-image-8373\" srcset=\"https:\/\/somosdelprieto.com\/wp-content\/uploads\/2021\/12\/WhatsApp-Image-2021-10-29-at-12.08.58-1-1024x1013.jpeg 1024w, https:\/\/somosdelprieto.com\/wp-content\/uploads\/2021\/12\/WhatsApp-Image-2021-10-29-at-12.08.58-1-300x297.jpeg 300w, https:\/\/somosdelprieto.com\/wp-content\/uploads\/2021\/12\/WhatsApp-Image-2021-10-29-at-12.08.58-1-768x759.jpeg 768w, https:\/\/somosdelprieto.com\/wp-content\/uploads\/2021\/12\/WhatsApp-Image-2021-10-29-at-12.08.58-1-100x100.jpeg 100w, https:\/\/somosdelprieto.com\/wp-content\/uploads\/2021\/12\/WhatsApp-Image-2021-10-29-at-12.08.58-1.jpeg 1080w\" sizes=\"auto, (max-width: 767px) 89vw, (max-width: 1000px) 54vw, (max-width: 1071px) 543px, 580px\" \/><\/figure><\/li><li class=\"blocks-gallery-item\"><figure><img loading=\"lazy\" decoding=\"async\" width=\"1024\" height=\"905\" src=\"https:\/\/somosdelprieto.com\/wp-content\/uploads\/2021\/12\/WhatsApp-Image-2021-10-29-at-12.09.49-1-1024x905.jpeg\" alt=\"\" data-id=\"8374\" data-full-url=\"https:\/\/somosdelprieto.com\/wp-content\/uploads\/2021\/12\/WhatsApp-Image-2021-10-29-at-12.09.49-1.jpeg\" data-link=\"https:\/\/somosdelprieto.com\/?attachment_id=8374\" class=\"wp-image-8374\" srcset=\"https:\/\/somosdelprieto.com\/wp-content\/uploads\/2021\/12\/WhatsApp-Image-2021-10-29-at-12.09.49-1-1024x905.jpeg 1024w, https:\/\/somosdelprieto.com\/wp-content\/uploads\/2021\/12\/WhatsApp-Image-2021-10-29-at-12.09.49-1-300x265.jpeg 300w, https:\/\/somosdelprieto.com\/wp-content\/uploads\/2021\/12\/WhatsApp-Image-2021-10-29-at-12.09.49-1-768x678.jpeg 768w, https:\/\/somosdelprieto.com\/wp-content\/uploads\/2021\/12\/WhatsApp-Image-2021-10-29-at-12.09.49-1.jpeg 1080w\" sizes=\"auto, (max-width: 767px) 89vw, (max-width: 1000px) 54vw, (max-width: 1071px) 543px, 580px\" \/><\/figure><\/li><li class=\"blocks-gallery-item\"><figure><img loading=\"lazy\" decoding=\"async\" width=\"1024\" height=\"622\" src=\"https:\/\/somosdelprieto.com\/wp-content\/uploads\/2021\/12\/WhatsApp-Image-2021-10-29-at-12.16.09-1-1024x622.jpeg\" alt=\"\" data-id=\"8375\" data-full-url=\"https:\/\/somosdelprieto.com\/wp-content\/uploads\/2021\/12\/WhatsApp-Image-2021-10-29-at-12.16.09-1.jpeg\" data-link=\"https:\/\/somosdelprieto.com\/?attachment_id=8375\" class=\"wp-image-8375\" srcset=\"https:\/\/somosdelprieto.com\/wp-content\/uploads\/2021\/12\/WhatsApp-Image-2021-10-29-at-12.16.09-1-1024x622.jpeg 1024w, https:\/\/somosdelprieto.com\/wp-content\/uploads\/2021\/12\/WhatsApp-Image-2021-10-29-at-12.16.09-1-300x182.jpeg 300w, https:\/\/somosdelprieto.com\/wp-content\/uploads\/2021\/12\/WhatsApp-Image-2021-10-29-at-12.16.09-1-768x466.jpeg 768w, https:\/\/somosdelprieto.com\/wp-content\/uploads\/2021\/12\/WhatsApp-Image-2021-10-29-at-12.16.09-1.jpeg 1080w\" sizes=\"auto, (max-width: 767px) 89vw, (max-width: 1000px) 54vw, (max-width: 1071px) 543px, 580px\" \/><\/figure><\/li><li class=\"blocks-gallery-item\"><figure><img loading=\"lazy\" decoding=\"async\" width=\"1024\" height=\"733\" src=\"https:\/\/somosdelprieto.com\/wp-content\/uploads\/2021\/12\/WhatsApp-Image-2021-10-29-at-12.16.46-2-1024x733.jpeg\" alt=\"\" data-id=\"8376\" data-full-url=\"https:\/\/somosdelprieto.com\/wp-content\/uploads\/2021\/12\/WhatsApp-Image-2021-10-29-at-12.16.46-2.jpeg\" data-link=\"https:\/\/somosdelprieto.com\/?attachment_id=8376\" class=\"wp-image-8376\" srcset=\"https:\/\/somosdelprieto.com\/wp-content\/uploads\/2021\/12\/WhatsApp-Image-2021-10-29-at-12.16.46-2-1024x733.jpeg 1024w, https:\/\/somosdelprieto.com\/wp-content\/uploads\/2021\/12\/WhatsApp-Image-2021-10-29-at-12.16.46-2-300x215.jpeg 300w, https:\/\/somosdelprieto.com\/wp-content\/uploads\/2021\/12\/WhatsApp-Image-2021-10-29-at-12.16.46-2-768x550.jpeg 768w, https:\/\/somosdelprieto.com\/wp-content\/uploads\/2021\/12\/WhatsApp-Image-2021-10-29-at-12.16.46-2.jpeg 1080w\" sizes=\"auto, (max-width: 767px) 89vw, (max-width: 1000px) 54vw, (max-width: 1071px) 543px, 580px\" \/><\/figure><\/li><\/ul><\/figure>\n","protected":false},"excerpt":{"rendered":"","protected":false},"author":30,"featured_media":8377,"parent":0,"menu_order":0,"comment_status":"closed","ping_status":"closed","template":"","meta":{"footnotes":""},"class_list":["post-8365","page","type-page","status-publish","has-post-thumbnail","hentry"],"_links":{"self":[{"href":"https:\/\/somosdelprieto.com\/index.php\/wp-json\/wp\/v2\/pages\/8365","targetHints":{"allow":["GET"]}}],"collection":[{"href":"https:\/\/somosdelprieto.com\/index.php\/wp-json\/wp\/v2\/pages"}],"about":[{"href":"https:\/\/somosdelprieto.com\/index.php\/wp-json\/wp\/v2\/types\/page"}],"author":[{"embeddable":true,"href":"https:\/\/somosdelprieto.com\/index.php\/wp-json\/wp\/v2\/users\/30"}],"replies":[{"embeddable":true,"href":"https:\/\/somosdelprieto.com\/index.php\/wp-json\/wp\/v2\/comments?post=8365"}],"version-history":[{"count":2,"href":"https:\/\/somosdelprieto.com\/index.php\/wp-json\/wp\/v2\/pages\/8365\/revisions"}],"predecessor-version":[{"id":9079,"href":"https:\/\/somosdelprieto.com\/index.php\/wp-json\/wp\/v2\/pages\/8365\/revisions\/9079"}],"wp:featuredmedia":[{"embeddable":true,"href":"https:\/\/somosdelprieto.com\/index.php\/wp-json\/wp\/v2\/media\/8377"}],"wp:attachment":[{"href":"https:\/\/somosdelprieto.com\/index.php\/wp-json\/wp\/v2\/media?parent=8365"}],"curies":[{"name":"wp","href":"https:\/\/api.w.org\/{rel}","templated":true}]}}