{"id":8133,"date":"2021-11-11T10:20:52","date_gmt":"2021-11-11T09:20:52","guid":{"rendered":"https:\/\/somosdelprieto.com\/?page_id=8133"},"modified":"2023-06-30T10:41:14","modified_gmt":"2023-06-30T08:41:14","slug":"aula-ateca","status":"publish","type":"page","link":"https:\/\/somosdelprieto.com\/index.php\/aula-ateca\/","title":{"rendered":"Aula de Tecnolog\u00eda Aplicada"},"content":{"rendered":"\n<p><img decoding=\"async\" class=\"wp-image-8132\" style=\"width: 500px\" src=\"https:\/\/somosdelprieto.com\/wp-content\/uploads\/2021\/11\/ateca.gif\" alt=\"\"><\/p>\n\n\n\n<p>Este aula est\u00e1 prepara para desarrollar proyectos y experimentar en campos como:<\/p>\n\n\n\n<ul class=\"wp-block-list\"><li>Realidad Virtual, Ampliada y Mixta.<ul><li><a href=\"https:\/\/somosdelprieto.com\/index.php\/aplicacion-de-digitalizacion-de-operaciones-sobre-gafas-hololens\/\">Aplicacion de digitalizacion de operaciones sobre gafas Hololens.<\/a> (2022-2023)<\/li><\/ul><ul><li><a href=\"https:\/\/somosdelprieto.com\/index.php\/taller-de-realidad-virtual-e-inteligencia-artificial-para-feria-fp\/\">Taller de realidad virtual e inteligencia artificial para feria FP.<\/a> (2022-2023)<\/li><\/ul><ul><li><a rel=\"noreferrer noopener\" href=\"https:\/\/somosdelprieto.com\/index.php\/2023\/06\/04\/sois-el-futuro\/\" data-type=\"URL\" data-id=\"https:\/\/somosdelprieto.com\/index.php\/2023\/06\/04\/sois-el-futuro\/\" target=\"_blank\">Gravity Sketch &#8211; Dibujo en 3 dimensiones con realidad Virtual. (2022-2023)<\/a><\/li><li><a href=\"https:\/\/somosdelprieto.com\/index.php\/proyecto-de-innovacion-softskills-games\/\" data-type=\"URL\" data-id=\"https:\/\/somosdelprieto.com\/index.php\/proyecto-de-innovacion-softskills-games\/\">Proyecto SoftSkills Games. (2021-2022)<\/a><\/li><li><a href=\"https:\/\/somosdelprieto.com\/index.php\/grabacion-demo-juego-vr\/\">Grabaci\u00f3n demo juego VR. (2021-2022)<\/a><\/li><li><a href=\"https:\/\/somosdelprieto.com\/index.php\/prueba-de-las-gafas-de-realidad-virtual\/\">Prueba y toma de contacto con los equipos de realidad virtual<\/a><a href=\"https:\/\/somosdelprieto.com\/index.php\/proyecto-de-innovacion-softskills-games\/\">. (2021-2022)<\/a> <\/li><\/ul><\/li><li>Rob\u00f3tica.<ul><li><a href=\"https:\/\/somosdelprieto.com\/index.php\/actualizacion-de-impresora-bq-hephestos\/\">Actualizaci\u00f3n de impresora BQ Hephestos. (2022-2023)<\/a><\/li><\/ul><ul><li>Automatizaci\u00f3n de puerta de entrada a parking. (2022-2023)<\/li><\/ul><ul><li><a href=\"https:\/\/somosdelprieto.com\/index.php\/sistema-de-seguridad-en-elevadores-de-un-taller\/\" data-type=\"URL\">Sistema de seguridad en elevadores de un taller. (2021-2022<\/a>)<\/li><li><a href=\"https:\/\/somosdelprieto.com\/index.php\/fabricacion-de-una-impresora-3d\/\">Fabricaci\u00f3n de una impresora 3D. (2021-2023)<\/a><\/li><\/ul><\/li><li>Programaci\u00f3n. <ul><li><a href=\"https:\/\/somosdelprieto.com\/index.php\/analisis-componentes-pc-gaming\/\">An\u00e1lisis componentes PC Gaming. (2021-2022)<\/a><\/li><li><a href=\"https:\/\/somosdelprieto.com\/index.php\/analisis-de-servidor-iot\/\">An\u00e1lisis de servidor IOT. (2021-2022)<\/a><\/li><li><a href=\"https:\/\/somosdelprieto.com\/index.php\/virtualizacion-de-servicios-con-docker\/\">Virtualizaci\u00f3n de servicios con Docker. (2021-2022).<\/a><\/li><\/ul><\/li><li>Dom\u00f3tica. <ul><li><a rel=\"noreferrer noopener\" href=\"https:\/\/somosdelprieto.com\/index.php\/instalacion-de-servidor-domotico-home-assistant\/\" target=\"_blank\">Instalaci\u00f3n de servidor dom\u00f3tico Home Assistant. (2022-2023)<\/a><\/li><li><a href=\"https:\/\/somosdelprieto.com\/index.php\/automatizacion-de-la-apertura-y-cierre-de-las-persianas-del-aula-ateca\/\">Domotizaci\u00f3n del aula ATECA (2022-2023)<\/a><\/li><\/ul><\/li><li><span style=\"font-size: 1rem;\">Conectividad de Alta Velocidad.<\/span><\/li><li>Dise\u00f1o, impresi\u00f3n y escaneado 3D.<ul><li><a href=\"https:\/\/somosdelprieto.com\/index.php\/diseno-y-fabricacion-de-juego-de-alabes-para-anemometro\/\">Dise\u00f1o y fabricaci\u00f3n de juego de \u00e1labes para anem\u00f3metro.<\/a> (2022-2023)<\/li><\/ul><ul><li><a href=\"https:\/\/somosdelprieto.com\/index.php\/formacion-en-modelado-e-impresion-3d\/\">Formaci\u00f3n en Modelado e Impresi\u00f3n 3D. (2021-2022)<\/a><\/li><\/ul><ul><li><a href=\"https:\/\/somosdelprieto.com\/index.php\/reparacion-de-las-rosetas-de-conexiones-de-red-mediante-fabricacion-3d\/\">Reparaci\u00f3n de rosetas de conectores de red mediante fabricaci\u00f3n 3D. (2021-2022)<\/a><\/li><li><a href=\"https:\/\/somosdelprieto.com\/index.php\/diseno-y-fabricacion-de-puzzle-3d-para-matematicas\/\">Dise\u00f1o y fabricaci\u00f3n de puzzle 3D. (2021-2022)<\/a><\/li><\/ul><\/li><li>Fabricaci\u00f3n CNC.<ul><li><a href=\"https:\/\/somosdelprieto.com\/index.php\/curso-de-modelado-y-mecanizado-con-cnc\/\">Formaci\u00f3n en Dise\u00f1o y Mecanizado CNC. (2022-2023)<\/a><\/li><\/ul><ul><li><a href=\"https:\/\/somosdelprieto.com\/index.php\/letrero-para-el-proyecto-british-onair\/\">Fabricaci\u00f3n de r\u00f3tulo para proyecto British. (2022-2023)<\/a><\/li><\/ul><ul><li><a href=\"https:\/\/somosdelprieto.com\/index.php\/fabricacion-de-rotulo-con-logotipo-del-centro\/\">Fabricaci\u00f3n de r\u00f3tulo con logotipo del centro. (2022-2023)<\/a><\/li><\/ul><ul><li><a href=\"https:\/\/somosdelprieto.com\/index.php\/fabricacion-de-rotulo-para-el-aula-ateca\/\">Fabricaci\u00f3n de r\u00f3tulo para el aula ATECA. (2022-2023)<\/a><\/li><\/ul><ul><li><a href=\"https:\/\/somosdelprieto.com\/index.php\/fabricacion-de-letrero-retroiluminado\/\">Fabricaci\u00f3n de letrero retroiluminado para la fachada del centro. (2021-2023)<\/a>.<\/li><li><a href=\"https:\/\/somosdelprieto.com\/index.php\/2022\/05\/02\/diseno-de-piezas-para-puente-da-vinci\/\">Fabricaci\u00f3n de piezas para puente DA VINCI. (2021-2022)<\/a><\/li><\/ul><\/li><li>Entornos 360\u00ba.<ul><li><a href=\"https:\/\/somosdelprieto.com\/index.php\/erasmushigthfive\/\" data-type=\"URL\">Erasmus High Five. (2021-2022)<\/a><\/li><li><a rel=\"noreferrer noopener\" href=\"https:\/\/somosdelprieto.com\/index.php\/estudios-impartidos-en-360o\/\" data-type=\"URL\" target=\"_blank\">Estudios impartidos en 360\u00ba. (2021-2022)<\/a><\/li><\/ul><\/li><li>Producci\u00f3n y edici\u00f3n de fotograf\u00eda, video y emisiones en Streaming.<\/li><li>Videoconferencias de alta calidad.<\/li><li>Pilotaje y proyectos con Drones.<\/li><li>Sostenibilidad y energ\u00edas alternativas.<\/li><li>Elaboraci\u00f3n de productos agrarios.<ul><li><a href=\"https:\/\/somosdelprieto.com\/index.php\/destilacion-por-arrastre-de-vapor-para-la-extraccion-del-aceite-esencial-e-hidrolatos-de-plantas-aromaticas\/\">Destilaci\u00f3n de esencias. (2021-2022)<\/a><\/li><\/ul><\/li><\/ul>\n\n\n\n<h1 class=\"wp-block-heading\"><strong><em>NOVEDADES SOBRE EL AULA ATECA:<\/em><\/strong><\/h1>\n\n\n<ul class=\"wp-block-latest-posts__list wp-block-latest-posts\"><li><div class=\"wp-block-latest-posts__featured-image aligncenter\"><img loading=\"lazy\" decoding=\"async\" width=\"150\" height=\"150\" src=\"https:\/\/somosdelprieto.com\/wp-content\/uploads\/2026\/05\/jarmoluk-hands-2847508-150x150.jpg\" class=\"attachment-thumbnail size-thumbnail wp-post-image\" alt=\"\" style=\"max-width:150px;max-height:150px;\" srcset=\"https:\/\/somosdelprieto.com\/wp-content\/uploads\/2026\/05\/jarmoluk-hands-2847508-150x150.jpg 150w, https:\/\/somosdelprieto.com\/wp-content\/uploads\/2026\/05\/jarmoluk-hands-2847508-100x100.jpg 100w\" sizes=\"auto, 100vw\" \/><\/div><a class=\"wp-block-latest-posts__post-title\" href=\"https:\/\/somosdelprieto.com\/index.php\/2026\/05\/11\/una-tutoria-diferente\/\">Una tutor\u00eda diferente<\/a><\/li>\n<li><div class=\"wp-block-latest-posts__featured-image aligncenter\"><img loading=\"lazy\" decoding=\"async\" width=\"150\" height=\"150\" src=\"https:\/\/somosdelprieto.com\/wp-content\/uploads\/2026\/05\/21Sin-titulo-150x150.png\" class=\"attachment-thumbnail size-thumbnail wp-post-image\" alt=\"\" style=\"max-width:150px;max-height:150px;\" srcset=\"https:\/\/somosdelprieto.com\/wp-content\/uploads\/2026\/05\/21Sin-titulo-150x150.png 150w, https:\/\/somosdelprieto.com\/wp-content\/uploads\/2026\/05\/21Sin-titulo-100x100.png 100w\" sizes=\"auto, 100vw\" \/><\/div><a class=\"wp-block-latest-posts__post-title\" href=\"https:\/\/somosdelprieto.com\/index.php\/2026\/05\/08\/docentes-de-servicios-socioculturales-y-a-la-comunidad-del-proyecto-aprender-creando-aprender-jugando-se-desplazan-al-i-e-s-teguise-para-avanzar-en-el-desarrollo-del-proyecto\/\">Docentes de Servicios Socioculturales y a la Comunidad del Proyecto \u00abAprender creando, aprender jugando\u00bb se desplazan al I.E.S. Teguise para avanzar en el desarrollo del proyecto<\/a><\/li>\n<li><div class=\"wp-block-latest-posts__featured-image aligncenter\"><img loading=\"lazy\" decoding=\"async\" width=\"150\" height=\"150\" src=\"https:\/\/somosdelprieto.com\/wp-content\/uploads\/2026\/03\/Charla-150x150.jpg\" class=\"attachment-thumbnail size-thumbnail wp-post-image\" alt=\"\" style=\"max-width:150px;max-height:150px;\" srcset=\"https:\/\/somosdelprieto.com\/wp-content\/uploads\/2026\/03\/Charla-150x150.jpg 150w, https:\/\/somosdelprieto.com\/wp-content\/uploads\/2026\/03\/Charla-100x100.jpg 100w\" sizes=\"auto, 100vw\" \/><\/div><a class=\"wp-block-latest-posts__post-title\" href=\"https:\/\/somosdelprieto.com\/index.php\/2026\/03\/20\/finalizado-el-proyecto-de-innovacion-securenet-lab\/\">Finalizado el Proyecto de innovaci\u00f3n \u201cSecureNet Lab\u201d<\/a><\/li>\n<li><div class=\"wp-block-latest-posts__featured-image aligncenter\"><img loading=\"lazy\" decoding=\"async\" width=\"150\" height=\"150\" src=\"https:\/\/somosdelprieto.com\/wp-content\/uploads\/2026\/03\/foto1ATECA-150x150.png\" class=\"attachment-thumbnail size-thumbnail wp-post-image\" alt=\"\" style=\"max-width:150px;max-height:150px;\" srcset=\"https:\/\/somosdelprieto.com\/wp-content\/uploads\/2026\/03\/foto1ATECA-150x150.png 150w, https:\/\/somosdelprieto.com\/wp-content\/uploads\/2026\/03\/foto1ATECA-100x100.png 100w\" sizes=\"auto, 100vw\" \/><\/div><a class=\"wp-block-latest-posts__post-title\" href=\"https:\/\/somosdelprieto.com\/index.php\/2026\/03\/10\/seminario-sobre-uso-dispositivos-ateca-para-profesorado\/\">SEMINARIO SOBRE USO DISPOSITIVOS ATECA PARA PROFESORADO<\/a><\/li>\n<li><div class=\"wp-block-latest-posts__featured-image aligncenter\"><img loading=\"lazy\" decoding=\"async\" width=\"150\" height=\"150\" src=\"https:\/\/somosdelprieto.com\/wp-content\/uploads\/2025\/11\/apprietados5-150x150.jpg\" class=\"attachment-thumbnail size-thumbnail wp-post-image\" alt=\"\" style=\"max-width:150px;max-height:150px;\" srcset=\"https:\/\/somosdelprieto.com\/wp-content\/uploads\/2025\/11\/apprietados5-150x150.jpg 150w, https:\/\/somosdelprieto.com\/wp-content\/uploads\/2025\/11\/apprietados5-100x100.jpg 100w\" sizes=\"auto, 100vw\" \/><\/div><a class=\"wp-block-latest-posts__post-title\" href=\"https:\/\/somosdelprieto.com\/index.php\/2025\/11\/20\/trabajando-en-el-proyecto-de-innovacion-apprietados\/\">Trabajando en el proyecto de innovaci\u00f3n APPrietados<\/a><\/li>\n<\/ul>","protected":false},"excerpt":{"rendered":"<p>Este aula est\u00e1 prepara para desarrollar proyectos y experimentar en campos como: Realidad Virtual, Ampliada y Mixta. Aplicacion de digitalizacion de operaciones sobre gafas Hololens. (2022-2023) Taller de realidad virtual e inteligencia artificial para feria FP. (2022-2023) Gravity Sketch &#8211; Dibujo en 3 dimensiones con realidad Virtual. (2022-2023) Proyecto SoftSkills Games. (2021-2022) Grabaci\u00f3n demo juego &hellip; <\/p>\n<p class=\"link-more\"><a href=\"https:\/\/somosdelprieto.com\/index.php\/aula-ateca\/\" class=\"more-link\">Continuar leyendo<span class=\"screen-reader-text\"> \u00abAula de Tecnolog\u00eda Aplicada\u00bb<\/span><\/a><\/p>\n","protected":false},"author":59,"featured_media":0,"parent":0,"menu_order":0,"comment_status":"closed","ping_status":"closed","template":"","meta":{"footnotes":""},"class_list":["post-8133","page","type-page","status-publish","hentry"],"_links":{"self":[{"href":"https:\/\/somosdelprieto.com\/index.php\/wp-json\/wp\/v2\/pages\/8133","targetHints":{"allow":["GET"]}}],"collection":[{"href":"https:\/\/somosdelprieto.com\/index.php\/wp-json\/wp\/v2\/pages"}],"about":[{"href":"https:\/\/somosdelprieto.com\/index.php\/wp-json\/wp\/v2\/types\/page"}],"author":[{"embeddable":true,"href":"https:\/\/somosdelprieto.com\/index.php\/wp-json\/wp\/v2\/users\/59"}],"replies":[{"embeddable":true,"href":"https:\/\/somosdelprieto.com\/index.php\/wp-json\/wp\/v2\/comments?post=8133"}],"version-history":[{"count":50,"href":"https:\/\/somosdelprieto.com\/index.php\/wp-json\/wp\/v2\/pages\/8133\/revisions"}],"predecessor-version":[{"id":15891,"href":"https:\/\/somosdelprieto.com\/index.php\/wp-json\/wp\/v2\/pages\/8133\/revisions\/15891"}],"wp:attachment":[{"href":"https:\/\/somosdelprieto.com\/index.php\/wp-json\/wp\/v2\/media?parent=8133"}],"curies":[{"name":"wp","href":"https:\/\/api.w.org\/{rel}","templated":true}]}}