{"id":7233,"date":"2021-06-30T17:47:25","date_gmt":"2021-06-30T15:47:25","guid":{"rendered":"https:\/\/somosdelprieto.com\/?page_id=7233"},"modified":"2021-06-30T17:47:25","modified_gmt":"2021-06-30T15:47:25","slug":"premios","status":"publish","type":"page","link":"https:\/\/somosdelprieto.com\/index.php\/premios\/","title":{"rendered":"Premios"},"content":{"rendered":"\n<p>El proyecto British de nuestro IES es un referente educativo a nivel Nacional, como as\u00ed lo avalan los numerosos premios que a lo largo de los a\u00f1os hemos ido recibiendo.<\/p>\n\n\n\n<p><span class=\"has-inline-color has-vivid-cyan-blue-color\"><strong>2020- 2021<\/strong><\/span><\/p>\n\n\n\n<p><a href=\"https:\/\/somosdelprieto.com\/index.php\/2021\/05\/15\/el-ies-gregorio-prieto-esta-de-enhorabuena\/\">Semifinalistas en los Premios de Innovaci\u00f3n Metodol\u00f3gica por la categor\u00eda STEAM<\/a><\/p>\n\n\n\n<p><span class=\"has-inline-color has-luminous-vivid-orange-color\"><strong> 2018 <\/strong><\/span><\/p>\n\n\n\n<p>Primer Premio Nacional This programme changed my life. XX Aniversario Convenio&nbsp; MECD\/British Council, en la modalidad Educaci\u00f3n Secundaria<\/p>\n\n\n\n<div class=\"wp-block-image is-style-rounded\"><figure class=\"aligncenter size-large is-resized\"><img loading=\"lazy\" decoding=\"async\" src=\"https:\/\/somosdelprieto.com\/wp-content\/uploads\/2021\/06\/IMG-20210306-WA0022-1024x768.jpg\" alt=\"\" class=\"wp-image-7334\" width=\"338\" height=\"253\" srcset=\"https:\/\/somosdelprieto.com\/wp-content\/uploads\/2021\/06\/IMG-20210306-WA0022-1024x768.jpg 1024w, https:\/\/somosdelprieto.com\/wp-content\/uploads\/2021\/06\/IMG-20210306-WA0022-300x225.jpg 300w, https:\/\/somosdelprieto.com\/wp-content\/uploads\/2021\/06\/IMG-20210306-WA0022-768x576.jpg 768w, https:\/\/somosdelprieto.com\/wp-content\/uploads\/2021\/06\/IMG-20210306-WA0022-1536x1152.jpg 1536w, https:\/\/somosdelprieto.com\/wp-content\/uploads\/2021\/06\/IMG-20210306-WA0022.jpg 1600w\" sizes=\"auto, (max-width: 338px) 100vw, 338px\" \/><\/figure><\/div>\n\n\n\n<p><span class=\"has-inline-color has-vivid-green-cyan-color\"><strong>2010- 2011 <\/strong> <\/span><\/p>\n\n\n\n<p>Primer <em>Premio de teatro escolar de Castilla-La Mancha<\/em> para obras en lenguas extranjeras<\/p>\n\n\n\n<p><strong><span class=\"has-inline-color has-vivid-red-color\">2006<\/span>&nbsp;<\/strong><\/p>\n\n\n\n<p><strong> Primer Premio Nacional&nbsp; Santillana de Experiencias Educativas<\/strong><\/p>\n\n\n\n<div class=\"wp-block-image is-style-rounded\"><figure class=\"aligncenter size-large is-resized\"><img loading=\"lazy\" decoding=\"async\" src=\"https:\/\/somosdelprieto.com\/wp-content\/uploads\/2021\/06\/IMG-20210306-WA0021-1024x768.jpg\" alt=\"\" class=\"wp-image-7333\" width=\"384\" height=\"287\" srcset=\"https:\/\/somosdelprieto.com\/wp-content\/uploads\/2021\/06\/IMG-20210306-WA0021-1024x768.jpg 1024w, https:\/\/somosdelprieto.com\/wp-content\/uploads\/2021\/06\/IMG-20210306-WA0021-300x225.jpg 300w, https:\/\/somosdelprieto.com\/wp-content\/uploads\/2021\/06\/IMG-20210306-WA0021-768x576.jpg 768w, https:\/\/somosdelprieto.com\/wp-content\/uploads\/2021\/06\/IMG-20210306-WA0021-1536x1152.jpg 1536w, https:\/\/somosdelprieto.com\/wp-content\/uploads\/2021\/06\/IMG-20210306-WA0021.jpg 1600w\" sizes=\"auto, (max-width: 384px) 100vw, 384px\" \/><\/figure><\/div>\n","protected":false},"excerpt":{"rendered":"<p>El proyecto British de nuestro IES es un referente educativo a nivel Nacional, como as\u00ed lo avalan los numerosos premios que a lo largo de los a\u00f1os hemos ido recibiendo. 2020- 2021 Semifinalistas en los Premios de Innovaci\u00f3n Metodol\u00f3gica por la categor\u00eda STEAM 2018 Primer Premio Nacional This programme changed my life. XX Aniversario Convenio&nbsp; &hellip; <\/p>\n<p class=\"link-more\"><a href=\"https:\/\/somosdelprieto.com\/index.php\/premios\/\" class=\"more-link\">Continuar leyendo<span class=\"screen-reader-text\"> \u00abPremios\u00bb<\/span><\/a><\/p>\n","protected":false},"author":45,"featured_media":0,"parent":0,"menu_order":0,"comment_status":"closed","ping_status":"closed","template":"","meta":{"footnotes":""},"class_list":["post-7233","page","type-page","status-publish","hentry"],"_links":{"self":[{"href":"https:\/\/somosdelprieto.com\/index.php\/wp-json\/wp\/v2\/pages\/7233","targetHints":{"allow":["GET"]}}],"collection":[{"href":"https:\/\/somosdelprieto.com\/index.php\/wp-json\/wp\/v2\/pages"}],"about":[{"href":"https:\/\/somosdelprieto.com\/index.php\/wp-json\/wp\/v2\/types\/page"}],"author":[{"embeddable":true,"href":"https:\/\/somosdelprieto.com\/index.php\/wp-json\/wp\/v2\/users\/45"}],"replies":[{"embeddable":true,"href":"https:\/\/somosdelprieto.com\/index.php\/wp-json\/wp\/v2\/comments?post=7233"}],"version-history":[{"count":7,"href":"https:\/\/somosdelprieto.com\/index.php\/wp-json\/wp\/v2\/pages\/7233\/revisions"}],"predecessor-version":[{"id":7495,"href":"https:\/\/somosdelprieto.com\/index.php\/wp-json\/wp\/v2\/pages\/7233\/revisions\/7495"}],"wp:attachment":[{"href":"https:\/\/somosdelprieto.com\/index.php\/wp-json\/wp\/v2\/media?parent=7233"}],"curies":[{"name":"wp","href":"https:\/\/api.w.org\/{rel}","templated":true}]}}