{"id":7213,"date":"2021-06-30T17:50:08","date_gmt":"2021-06-30T15:50:08","guid":{"rendered":"https:\/\/somosdelprieto.com\/?page_id=7213"},"modified":"2025-02-05T09:16:43","modified_gmt":"2025-02-05T08:16:43","slug":"viajes","status":"publish","type":"page","link":"https:\/\/somosdelprieto.com\/index.php\/viajes\/","title":{"rendered":"Viajes"},"content":{"rendered":"\n<p>En el presente curso 24- 25 se va a retomar los viajes ofrecidos por el grupo British a todo su alumnado del proyecto desde 1\u00ba hasta Bachillerato, en los que se pretende realizar una inmersi\u00f3n total, tanto ling\u00fc\u00edstica como cultural en alg\u00fan pa\u00eds angl\u00f3fono. En este casa, se visitar\u00e1 Irlanda, durante una semana.<\/p>\n\n\n\n<p>En el curso 20-21 no se ha realizado ning\u00fan viaje dado que por el protocolo de inicio e curso debido al COVID 19 todas las actividades extraescolares tuvieron que quedar suprimidas.<\/p>\n\n\n\n<p>Pero en a\u00f1os anteriores, no hemos dejado en ning\u00fan momento de viajar y ofrecer a nuestro alumnado la posibilidad de tener una puesta en pr\u00e1ctica de su ingl\u00e9s en situaciones reales.<\/p>\n\n\n\n<p><span class=\"has-inline-color has-luminous-vivid-orange-color\">CURSOS ANTERIORES<\/span><\/p>\n\n\n\n<p>Visitar la <a href=\"https:\/\/iesgpbritish.wixsite.com\/iesgp\">antigua p\u00e1gina web del Equipo British<\/a><\/p>\n\n\n\n<p><a href=\"\/\/somosdelprieto.blogspot.com\/search\/label\/PROYECTO%20BILING%C3%9CE%20BRITISH\">Visitar las entradas British en el antiguo blog del IES<\/a><\/p>\n\n\n<div class=\"wp-block-image\">\n<figure class=\"aligncenter size-large is-resized\"><a href=\"https:\/\/somosdelprieto.com\/index.php\/proyecto-british-council\/\"><img loading=\"lazy\" decoding=\"async\" width=\"1024\" height=\"502\" src=\"https:\/\/somosdelprieto.com\/wp-content\/uploads\/2020\/09\/logobritish-2-1024x502.jpg\" alt=\"\" class=\"wp-image-1746\" style=\"width:220px;height:107px\" srcset=\"https:\/\/somosdelprieto.com\/wp-content\/uploads\/2020\/09\/logobritish-2-1024x502.jpg 1024w, https:\/\/somosdelprieto.com\/wp-content\/uploads\/2020\/09\/logobritish-2-300x147.jpg 300w, https:\/\/somosdelprieto.com\/wp-content\/uploads\/2020\/09\/logobritish-2-768x376.jpg 768w, https:\/\/somosdelprieto.com\/wp-content\/uploads\/2020\/09\/logobritish-2.jpg 1061w\" sizes=\"auto, (max-width: 767px) 89vw, (max-width: 1000px) 54vw, (max-width: 1071px) 543px, 580px\" \/><\/a><figcaption class=\"wp-element-caption\">Haz clic para volver a men\u00fa inicio<\/figcaption><\/figure>\n<\/div>","protected":false},"excerpt":{"rendered":"<p>En el presente curso 24- 25 se va a retomar los viajes ofrecidos por el grupo British a todo su alumnado del proyecto desde 1\u00ba hasta Bachillerato, en los que se pretende realizar una inmersi\u00f3n total, tanto ling\u00fc\u00edstica como cultural en alg\u00fan pa\u00eds angl\u00f3fono. En este casa, se visitar\u00e1 Irlanda, durante una semana. En el &hellip; <\/p>\n<p class=\"link-more\"><a href=\"https:\/\/somosdelprieto.com\/index.php\/viajes\/\" class=\"more-link\">Continuar leyendo<span class=\"screen-reader-text\"> \u00abViajes\u00bb<\/span><\/a><\/p>\n","protected":false},"author":45,"featured_media":0,"parent":0,"menu_order":0,"comment_status":"closed","ping_status":"closed","template":"","meta":{"footnotes":""},"class_list":["post-7213","page","type-page","status-publish","hentry"],"_links":{"self":[{"href":"https:\/\/somosdelprieto.com\/index.php\/wp-json\/wp\/v2\/pages\/7213","targetHints":{"allow":["GET"]}}],"collection":[{"href":"https:\/\/somosdelprieto.com\/index.php\/wp-json\/wp\/v2\/pages"}],"about":[{"href":"https:\/\/somosdelprieto.com\/index.php\/wp-json\/wp\/v2\/types\/page"}],"author":[{"embeddable":true,"href":"https:\/\/somosdelprieto.com\/index.php\/wp-json\/wp\/v2\/users\/45"}],"replies":[{"embeddable":true,"href":"https:\/\/somosdelprieto.com\/index.php\/wp-json\/wp\/v2\/comments?post=7213"}],"version-history":[{"count":6,"href":"https:\/\/somosdelprieto.com\/index.php\/wp-json\/wp\/v2\/pages\/7213\/revisions"}],"predecessor-version":[{"id":20312,"href":"https:\/\/somosdelprieto.com\/index.php\/wp-json\/wp\/v2\/pages\/7213\/revisions\/20312"}],"wp:attachment":[{"href":"https:\/\/somosdelprieto.com\/index.php\/wp-json\/wp\/v2\/media?parent=7213"}],"curies":[{"name":"wp","href":"https:\/\/api.w.org\/{rel}","templated":true}]}}