{"id":675,"date":"2020-05-12T16:22:47","date_gmt":"2020-05-12T14:22:47","guid":{"rendered":"https:\/\/somosdelprieto.com\/?page_id=675"},"modified":"2021-09-01T18:11:09","modified_gmt":"2021-09-01T16:11:09","slug":"departamento-de-ingles","status":"publish","type":"page","link":"https:\/\/somosdelprieto.com\/index.php\/departamentos\/departamento-de-ingles\/","title":{"rendered":"Departamento de Ingl\u00e9s"},"content":{"rendered":"\n<figure class=\"wp-block-table\"><table><tbody><tr><td><img decoding=\"async\" src=\"https:\/\/docs.google.com\/a\/iesgregorioprieto.com\/uc?id=0B8CceZEBRKdmbzFBX1R6MnNrcFE&amp;export=download\" style=\"width: 308px\"><\/td><td>\u00a0<strong>MIEMBROS<\/strong>:\u00a0<br><br><strong>Rufi\u00e1n P\u00e9rez, Nuria <\/strong><br>G\u00f3mez Jim\u00e9nez-Tuset, Estrella<br>N\u00fa\u00f1ez Parrilla, Marta\u00a0<br>Pliego Romera, Alfonsa\u00a0<br>Garc\u00eda L\u00f3pez-Tello, M\u00aa Pilar<br>Sim\u00f3n Torroba, Miriam<br>Asensio Del Pozo, Teresa Amalia<br>D\u00edaz Ballesteros, D\u00e1maris Mar\u00eda<br>Flores Mart\u00edn-Albo, Antonia<\/td><\/tr><\/tbody><\/table><\/figure>\n\n\n\n<h2 class=\"wp-block-heading\"><span class=\"has-inline-color has-vivid-cyan-blue-color\">NOTICIAS <\/span><span class=\"has-inline-color has-vivid-red-color\">DEL<\/span><span class=\"has-inline-color has-vivid-cyan-blue-color\"> DEPARTAMENTO <\/span><span class=\"has-inline-color has-vivid-red-color\">DE<\/span><span class=\"has-inline-color has-vivid-cyan-blue-color\"> INGL\u00c9S<\/span><\/h2>\n\n\n<ul class=\"wp-block-latest-posts__list wp-block-latest-posts\"><li><a class=\"wp-block-latest-posts__post-title\" href=\"https:\/\/somosdelprieto.com\/index.php\/2026\/03\/18\/proyecto-paralympics\/\">PROYECTO PARALYMPICS<\/a><\/li>\n<li><a class=\"wp-block-latest-posts__post-title\" href=\"https:\/\/somosdelprieto.com\/index.php\/2026\/01\/11\/british-1o-eso-un-trofeo-muy-especial-para-navidad\/\">British 1\u00ba ESO &#8211; Un trofeo muy especial para Navidad<\/a><\/li>\n<li><a class=\"wp-block-latest-posts__post-title\" href=\"https:\/\/somosdelprieto.com\/index.php\/2025\/12\/04\/saint-andrews-day\/\">SAINT ANDREW&#8217;S DAY<\/a><\/li>\n<li><a class=\"wp-block-latest-posts__post-title\" href=\"https:\/\/somosdelprieto.com\/index.php\/2025\/11\/25\/escape-rooms-25-26\/\">Escape Rooms 25-26<\/a><\/li>\n<li><a class=\"wp-block-latest-posts__post-title\" href=\"https:\/\/somosdelprieto.com\/index.php\/2025\/11\/07\/noise-pollution-proyecto-interdisciplinar-con-musica-e-ingles\/\">\u201cNoise pollution\u201d: proyecto interdisciplinar con M\u00fasica e Ingl\u00e9s<\/a><\/li>\n<\/ul>\n\n\n<h2 class=\"wp-block-heading\"><a rel=\"noreferrer noopener\" href=\"https:\/\/somosdelprieto.com\/index.php\/portada\/proyectos-2\/british\/\" target=\"_blank\"><em>Web del Proyecto British<\/em><\/a><\/h2>\n\n\n\n<div class=\"wp-block-buttons is-layout-flex wp-block-buttons-is-layout-flex\">\n<div class=\"wp-block-button\"><a class=\"wp-block-button__link has-vivid-red-color has-text-color\" href=\"https:\/\/somosdelprieto.com\/index.php\/departamentos\/departamento-de-ingles\/intercambio-a-belgica\/\">intercambios y viajes culturales<\/a><\/div>\n\n\n\n<div class=\"wp-block-button\"><a class=\"wp-block-button__link has-vivid-cyan-blue-color has-text-color\" href=\"https:\/\/somosdelprieto.com\/index.php\/proyectos-en-la-materia-de-ingles\/\">Proyectos<\/a><\/div>\n\n\n\n<div class=\"wp-block-button\"><a class=\"wp-block-button__link\" href=\"https:\/\/somosdelprieto.com\/?page_id=4718\"><span class=\"has-inline-color has-vivid-red-color\">Lengua Inglesa: Horario<\/span><\/a><\/div>\n<\/div>\n\n\n\n<p><\/p>\n","protected":false},"excerpt":{"rendered":"<p>\u00a0MIEMBROS:\u00a0 Rufi\u00e1n P\u00e9rez, Nuria G\u00f3mez Jim\u00e9nez-Tuset, EstrellaN\u00fa\u00f1ez Parrilla, Marta\u00a0Pliego Romera, Alfonsa\u00a0Garc\u00eda L\u00f3pez-Tello, M\u00aa PilarSim\u00f3n Torroba, MiriamAsensio Del Pozo, Teresa AmaliaD\u00edaz Ballesteros, D\u00e1maris Mar\u00edaFlores Mart\u00edn-Albo, Antonia NOTICIAS DEL DEPARTAMENTO DE INGL\u00c9S Web del Proyecto British<\/p>\n","protected":false},"author":33,"featured_media":0,"parent":330,"menu_order":0,"comment_status":"closed","ping_status":"closed","template":"","meta":{"footnotes":""},"class_list":["post-675","page","type-page","status-publish","hentry"],"_links":{"self":[{"href":"https:\/\/somosdelprieto.com\/index.php\/wp-json\/wp\/v2\/pages\/675","targetHints":{"allow":["GET"]}}],"collection":[{"href":"https:\/\/somosdelprieto.com\/index.php\/wp-json\/wp\/v2\/pages"}],"about":[{"href":"https:\/\/somosdelprieto.com\/index.php\/wp-json\/wp\/v2\/types\/page"}],"author":[{"embeddable":true,"href":"https:\/\/somosdelprieto.com\/index.php\/wp-json\/wp\/v2\/users\/33"}],"replies":[{"embeddable":true,"href":"https:\/\/somosdelprieto.com\/index.php\/wp-json\/wp\/v2\/comments?post=675"}],"version-history":[{"count":23,"href":"https:\/\/somosdelprieto.com\/index.php\/wp-json\/wp\/v2\/pages\/675\/revisions"}],"predecessor-version":[{"id":7724,"href":"https:\/\/somosdelprieto.com\/index.php\/wp-json\/wp\/v2\/pages\/675\/revisions\/7724"}],"up":[{"embeddable":true,"href":"https:\/\/somosdelprieto.com\/index.php\/wp-json\/wp\/v2\/pages\/330"}],"wp:attachment":[{"href":"https:\/\/somosdelprieto.com\/index.php\/wp-json\/wp\/v2\/media?parent=675"}],"curies":[{"name":"wp","href":"https:\/\/api.w.org\/{rel}","templated":true}]}}