{"id":672,"date":"2020-05-12T16:19:20","date_gmt":"2020-05-12T14:19:20","guid":{"rendered":"https:\/\/somosdelprieto.com\/?page_id=672"},"modified":"2025-09-03T20:44:43","modified_gmt":"2025-09-03T18:44:43","slug":"departamento-de-geografia-e-historia","status":"publish","type":"page","link":"https:\/\/somosdelprieto.com\/index.php\/departamentos\/departamento-de-geografia-e-historia\/","title":{"rendered":"Departamento de Geograf\u00eda e Historia."},"content":{"rendered":"\n<figure class=\"wp-block-table\"><table><tbody><tr><td><\/td><td>&nbsp;MIEMBROS:<br>Cornejo S\u00e1nchez-Moreno, Antonia (JD)<br>Gallego Ballesteros, David<br>Garc\u00eda Mateo, Delia<br>Vivar Antequera, Mar\u00eda Consolaci\u00f3n<br><\/td><\/tr><\/tbody><\/table><\/figure>\n\n\n\n<p><strong>Blogs de interes:<\/strong><\/p>\n\n\n\n<p><\/p>\n\n\n\n<p><strong>Redes sociales:<\/strong><\/p>\n\n\n\n<p><br><a href=\"https:\/\/www.instagram.com\/iesgpgeografiaehistoria2\/?hl=es\">https:\/\/www.instagram.com\/iesgpgeografiaehistoria2\/?hl=es<\/a><br><a href=\"https:\/\/twitter.com\/iesgpgeografia1?lang=es\">https:\/\/twitter.com\/iesgpgeografia1?lang=es<\/a><\/p>\n\n\n\n<p><\/p>\n\n\n\n<p><strong>ENTRADAS RELACIONADAS CON EL DEPARTAMENTO DE GEOGRAF\u00cdA E HISTORIA:<\/strong><\/p>\n\n\n<ul class=\"wp-block-latest-posts__list wp-block-latest-posts\"><li><a class=\"wp-block-latest-posts__post-title\" href=\"https:\/\/somosdelprieto.com\/index.php\/2026\/03\/16\/museo-virtual-sobre-la-revolucion-industrial-con-objetos-creados-por-ia\/\">Museo virtual sobre la Revoluci\u00f3n Industrial con objetos creados por IA.<\/a><\/li>\n<li><a class=\"wp-block-latest-posts__post-title\" href=\"https:\/\/somosdelprieto.com\/index.php\/2026\/02\/17\/aprendizaje-entre-iguales-el-gotico-en-valdepenas\/\">APRENDIZAJE ENTRE IGUALES: EL G\u00d3TICO EN VALDEPE\u00d1AS<\/a><\/li>\n<li><a class=\"wp-block-latest-posts__post-title\" href=\"https:\/\/somosdelprieto.com\/index.php\/2026\/01\/19\/descubriendo-el-arte-en-el-museo-del-prado\/\">DESCUBRIENDO EL ARTE EN EL MUSEO DEL PRADO<\/a><\/li>\n<li><a class=\"wp-block-latest-posts__post-title\" href=\"https:\/\/somosdelprieto.com\/index.php\/2025\/12\/25\/iii-encuentro-intergeneracional-prietomonteval\/\">III Encuentro Intergeneracional PrietoMonteval<\/a><\/li>\n<li><a class=\"wp-block-latest-posts__post-title\" href=\"https:\/\/somosdelprieto.com\/index.php\/2025\/12\/20\/ruta-modernismo-por-valdepenas\/\">Ruta Modernismo por Valdepe\u00f1as<\/a><\/li>\n<\/ul>","protected":false},"excerpt":{"rendered":"<p>&nbsp;MIEMBROS:Cornejo S\u00e1nchez-Moreno, Antonia (JD)Gallego Ballesteros, DavidGarc\u00eda Mateo, DeliaVivar Antequera, Mar\u00eda Consolaci\u00f3n Blogs de interes: Redes sociales: https:\/\/www.instagram.com\/iesgpgeografiaehistoria2\/?hl=eshttps:\/\/twitter.com\/iesgpgeografia1?lang=es ENTRADAS RELACIONADAS CON EL DEPARTAMENTO DE GEOGRAF\u00cdA E HISTORIA:<\/p>\n","protected":false},"author":32,"featured_media":0,"parent":330,"menu_order":0,"comment_status":"closed","ping_status":"closed","template":"","meta":{"footnotes":""},"class_list":["post-672","page","type-page","status-publish","hentry"],"_links":{"self":[{"href":"https:\/\/somosdelprieto.com\/index.php\/wp-json\/wp\/v2\/pages\/672","targetHints":{"allow":["GET"]}}],"collection":[{"href":"https:\/\/somosdelprieto.com\/index.php\/wp-json\/wp\/v2\/pages"}],"about":[{"href":"https:\/\/somosdelprieto.com\/index.php\/wp-json\/wp\/v2\/types\/page"}],"author":[{"embeddable":true,"href":"https:\/\/somosdelprieto.com\/index.php\/wp-json\/wp\/v2\/users\/32"}],"replies":[{"embeddable":true,"href":"https:\/\/somosdelprieto.com\/index.php\/wp-json\/wp\/v2\/comments?post=672"}],"version-history":[{"count":10,"href":"https:\/\/somosdelprieto.com\/index.php\/wp-json\/wp\/v2\/pages\/672\/revisions"}],"predecessor-version":[{"id":22166,"href":"https:\/\/somosdelprieto.com\/index.php\/wp-json\/wp\/v2\/pages\/672\/revisions\/22166"}],"up":[{"embeddable":true,"href":"https:\/\/somosdelprieto.com\/index.php\/wp-json\/wp\/v2\/pages\/330"}],"wp:attachment":[{"href":"https:\/\/somosdelprieto.com\/index.php\/wp-json\/wp\/v2\/media?parent=672"}],"curies":[{"name":"wp","href":"https:\/\/api.w.org\/{rel}","templated":true}]}}