{"id":666,"date":"2020-05-12T16:16:31","date_gmt":"2020-05-12T14:16:31","guid":{"rendered":"https:\/\/somosdelprieto.com\/?page_id=666"},"modified":"2021-02-24T11:27:43","modified_gmt":"2021-02-24T10:27:43","slug":"departamento-de-educacion-fisica","status":"publish","type":"page","link":"https:\/\/somosdelprieto.com\/index.php\/departamentos\/departamento-de-educacion-fisica\/","title":{"rendered":"Departamento de Educaci\u00f3n F\u00edsica."},"content":{"rendered":"\n<figure class=\"wp-block-table\"><table><tbody><tr><td><img decoding=\"async\" src=\"https:\/\/docs.google.com\/a\/iesgregorioprieto.com\/uc?id=0B8CceZEBRKdmU1BvSy15dE1wWG8&amp;export=download\"><\/td><td>&nbsp;<br>MIEMBROS:<br><br><strong>S\u00e1nchez Sarri\u00f3n, M. Del Pilar&nbsp;&nbsp;(JD)<\/strong><br>Serrano Gallardo, Clara Mar\u00eda&nbsp;<\/td><\/tr><\/tbody><\/table><\/figure>\n\n\n\n<div class=\"wp-block-media-text alignwide is-stacked-on-mobile\"><figure class=\"wp-block-media-text__media\"><a href=\"https:\/\/vidasaludable474.wordpress.com\/\" target=\"_blank\" rel=\"noopener noreferrer\"><img loading=\"lazy\" decoding=\"async\" width=\"1024\" height=\"502\" src=\"https:\/\/somosdelprieto.com\/wp-content\/uploads\/2020\/08\/saludables-1024x502.png\" alt=\"\" class=\"wp-image-1610\" srcset=\"https:\/\/somosdelprieto.com\/wp-content\/uploads\/2020\/08\/saludables-1024x502.png 1024w, https:\/\/somosdelprieto.com\/wp-content\/uploads\/2020\/08\/saludables-300x147.png 300w, https:\/\/somosdelprieto.com\/wp-content\/uploads\/2020\/08\/saludables-768x376.png 768w, https:\/\/somosdelprieto.com\/wp-content\/uploads\/2020\/08\/saludables.png 1061w\" sizes=\"auto, (max-width: 767px) 89vw, (max-width: 1000px) 54vw, (max-width: 1071px) 543px, 580px\" \/><\/a><\/figure><div class=\"wp-block-media-text__content\">\n<p class=\"has-text-align-center has-large-font-size\">Blog Prieto Saludable<\/p>\n<\/div><\/div>\n\n\n\n<h2 class=\"has-text-align-center wp-block-heading\"><strong>\u00daltimas entradas del departamento de Educaci\u00f3n F\u00edsica<\/strong><\/h2>\n\n\n<ul class=\"wp-block-latest-posts__list wp-block-latest-posts\"><li><a class=\"wp-block-latest-posts__post-title\" href=\"https:\/\/somosdelprieto.com\/index.php\/2026\/03\/18\/proyecto-paralympics\/\">PROYECTO PARALYMPICS<\/a><\/li>\n<li><a class=\"wp-block-latest-posts__post-title\" href=\"https:\/\/somosdelprieto.com\/index.php\/2026\/02\/15\/celebracion-de-carnaval-en-el-instituto-una-jornada-de-convivencia-y-creatividad\/\">Celebraci\u00f3n de Carnaval en el Instituto: Una Jornada de Convivencia y Creatividad<\/a><\/li>\n<li><a class=\"wp-block-latest-posts__post-title\" href=\"https:\/\/somosdelprieto.com\/index.php\/2026\/01\/21\/talleres-de-recreo\/\">Talleres de Recreo<\/a><\/li>\n<li><a class=\"wp-block-latest-posts__post-title\" href=\"https:\/\/somosdelprieto.com\/index.php\/2026\/01\/11\/excursion-a-madrid-xanadu-con-2o-eso\/\">EXCURSI\u00d3N A MADRID XANAD\u00da CON 2\u00ba ESO<\/a><\/li>\n<li><a class=\"wp-block-latest-posts__post-title\" href=\"https:\/\/somosdelprieto.com\/index.php\/2026\/01\/06\/iv-rally-navideno-intercentros\/\">IV RALLY NAVIDE\u00d1O INTERCENTROS<\/a><\/li>\n<\/ul>\n\n\n<p><\/p>\n","protected":false},"excerpt":{"rendered":"<p>&nbsp;MIEMBROS: S\u00e1nchez Sarri\u00f3n, M. Del Pilar&nbsp;&nbsp;(JD)Serrano Gallardo, Clara Mar\u00eda&nbsp; Blog Prieto Saludable \u00daltimas entradas del departamento de Educaci\u00f3n F\u00edsica<\/p>\n","protected":false},"author":26,"featured_media":0,"parent":330,"menu_order":0,"comment_status":"closed","ping_status":"closed","template":"","meta":{"footnotes":""},"class_list":["post-666","page","type-page","status-publish","hentry"],"_links":{"self":[{"href":"https:\/\/somosdelprieto.com\/index.php\/wp-json\/wp\/v2\/pages\/666","targetHints":{"allow":["GET"]}}],"collection":[{"href":"https:\/\/somosdelprieto.com\/index.php\/wp-json\/wp\/v2\/pages"}],"about":[{"href":"https:\/\/somosdelprieto.com\/index.php\/wp-json\/wp\/v2\/types\/page"}],"author":[{"embeddable":true,"href":"https:\/\/somosdelprieto.com\/index.php\/wp-json\/wp\/v2\/users\/26"}],"replies":[{"embeddable":true,"href":"https:\/\/somosdelprieto.com\/index.php\/wp-json\/wp\/v2\/comments?post=666"}],"version-history":[{"count":9,"href":"https:\/\/somosdelprieto.com\/index.php\/wp-json\/wp\/v2\/pages\/666\/revisions"}],"predecessor-version":[{"id":4468,"href":"https:\/\/somosdelprieto.com\/index.php\/wp-json\/wp\/v2\/pages\/666\/revisions\/4468"}],"up":[{"embeddable":true,"href":"https:\/\/somosdelprieto.com\/index.php\/wp-json\/wp\/v2\/pages\/330"}],"wp:attachment":[{"href":"https:\/\/somosdelprieto.com\/index.php\/wp-json\/wp\/v2\/media?parent=666"}],"curies":[{"name":"wp","href":"https:\/\/api.w.org\/{rel}","templated":true}]}}