{"id":661,"date":"2020-05-12T16:13:53","date_gmt":"2020-05-12T14:13:53","guid":{"rendered":"https:\/\/somosdelprieto.com\/?page_id=661"},"modified":"2025-10-06T10:40:18","modified_gmt":"2025-10-06T08:40:18","slug":"departamento-biologia-y-geologia","status":"publish","type":"page","link":"https:\/\/somosdelprieto.com\/index.php\/departamentos\/departamento-biologia-y-geologia\/","title":{"rendered":"Departamento de Biolog\u00eda y Geolog\u00eda"},"content":{"rendered":"\n<figure class=\"wp-block-table\"><table><tbody><tr><td class=\"has-text-align-center\" data-align=\"center\"><img decoding=\"async\" src=\"https:\/\/docs.google.com\/a\/iesgregorioprieto.com\/uc?id=0B8CceZEBRKdmNGJxRG13ZUpKeFU&amp;export=download\"><br> <strong><em><span style=\"color:#578247\" class=\"has-inline-color\">Curso 2025\/202<\/span><\/em><\/strong>6<\/td><td class=\"has-text-align-left\" data-align=\"left\"><em><strong><span style=\"color:#578247\" class=\"has-inline-color\">Integrantes del Departamento: <\/span><\/strong><\/em><br>&#8211; M\u00aa Isabel Mart\u00ednez (JD)<br>&#8211; M\u00aa Teresa Guill\u00e9n Escalona<em><strong><span style=\"color:#578247\" class=\"has-inline-color\"><br><\/span><\/strong><\/em>&#8211; M\u00aa Jos\u00e9 Garc\u00eda de Merlo<br>&#8211; Sergio L\u00f3pez L\u00f3pez<br><\/td><td class=\"has-text-align-left\" data-align=\"left\"><em><strong><span style=\"color:#578247\" class=\"has-inline-color\">Direcciones institucionales de correo:<br><\/span><\/strong><\/em><a href=\"mailto:mariangelesmigallon@iesgregorioprieto.com\">isabelmartinez@iesgregorioprieto.com<\/a><br><a href=\"mailto:sandragomez@iesgregorioprieto.com\">mtge04@educastillalamancha.es<\/a><br><a href=\"mailto:elenagarcia@iesgregorioprieto.com\">mariajosegarcia@iesgregorioprieto.com<\/a><br>ssll46@educastillalamancha.es<\/td><\/tr><\/tbody><\/table><\/figure>\n\n\n\n<p>Entra en la <a href=\"https:\/\/somosdelprieto.com\/index.php\/portada\/proyectos-2\/british\/\" target=\"_blank\" rel=\"noreferrer noopener\">p\u00e1gina del Proyecto Biling\u00fce British Council<\/a> del centro, para ver m\u00e1s actividades en las que participamos.<\/p>\n\n\n\n<p><\/p>\n\n\n\n<p><\/p>\n\n\n<div class=\"wp-block-image\">\n<figure class=\"alignright size-large is-resized\"><img loading=\"lazy\" decoding=\"async\" width=\"314\" height=\"314\" src=\"https:\/\/somosdelprieto.com\/wp-content\/uploads\/2021\/02\/Elysiacua-e1612300369617.jpg\" alt=\"\" class=\"wp-image-3870\" style=\"width:89px;height:89px\" srcset=\"https:\/\/somosdelprieto.com\/wp-content\/uploads\/2021\/02\/Elysiacua-e1612300369617.jpg 314w, https:\/\/somosdelprieto.com\/wp-content\/uploads\/2021\/02\/Elysiacua-e1612300369617-300x300.jpg 300w, https:\/\/somosdelprieto.com\/wp-content\/uploads\/2021\/02\/Elysiacua-e1612300369617-150x150.jpg 150w, https:\/\/somosdelprieto.com\/wp-content\/uploads\/2021\/02\/Elysiacua-e1612300369617-100x100.jpg 100w\" sizes=\"auto, (max-width: 314px) 100vw, 314px\" \/><\/figure>\n<\/div>\n\n\n<p class=\"has-text-align-center has-medium-font-size\"><strong>Asignaturas de elecci\u00f3n del Departamento<\/strong><\/p>\n\n\n\n<p>En 4\u00ba de la ESO:<\/p>\n\n\n\n<figure class=\"wp-block-gallery has-nested-images columns-default is-cropped wp-block-gallery-1 is-layout-flex wp-block-gallery-is-layout-flex\">\n<figure class=\"wp-block-image size-full\"><a href=\"https:\/\/somosdelprieto.com\/wp-content\/uploads\/2021\/02\/Biolog\u00eda-y-Geolog\u00eda-de-4\u00ba.jpg\"><img loading=\"lazy\" decoding=\"async\" width=\"1436\" height=\"2079\" data-id=\"3862\" src=\"https:\/\/somosdelprieto.com\/wp-content\/uploads\/2021\/02\/Biolog\u00eda-y-Geolog\u00eda-de-4\u00ba.jpg\" alt=\"\" class=\"wp-image-3862\" srcset=\"https:\/\/somosdelprieto.com\/wp-content\/uploads\/2021\/02\/Biolog\u00eda-y-Geolog\u00eda-de-4\u00ba.jpg 1436w, https:\/\/somosdelprieto.com\/wp-content\/uploads\/2021\/02\/Biolog\u00eda-y-Geolog\u00eda-de-4\u00ba-207x300.jpg 207w, https:\/\/somosdelprieto.com\/wp-content\/uploads\/2021\/02\/Biolog\u00eda-y-Geolog\u00eda-de-4\u00ba-707x1024.jpg 707w, https:\/\/somosdelprieto.com\/wp-content\/uploads\/2021\/02\/Biolog\u00eda-y-Geolog\u00eda-de-4\u00ba-768x1112.jpg 768w, https:\/\/somosdelprieto.com\/wp-content\/uploads\/2021\/02\/Biolog\u00eda-y-Geolog\u00eda-de-4\u00ba-1061x1536.jpg 1061w, https:\/\/somosdelprieto.com\/wp-content\/uploads\/2021\/02\/Biolog\u00eda-y-Geolog\u00eda-de-4\u00ba-1415x2048.jpg 1415w\" sizes=\"auto, (max-width: 767px) 89vw, (max-width: 1000px) 54vw, (max-width: 1071px) 543px, 580px\" \/><\/a><figcaption class=\"wp-element-caption\">ByG 4\u00ba<\/figcaption><\/figure>\n\n\n\n<figure class=\"wp-block-image size-full\"><a href=\"https:\/\/somosdelprieto.com\/wp-content\/uploads\/2021\/02\/Cultura-Cient\u00edfica-de-4\u00ba.jpg\"><img loading=\"lazy\" decoding=\"async\" width=\"1436\" height=\"2079\" data-id=\"3863\" src=\"https:\/\/somosdelprieto.com\/wp-content\/uploads\/2021\/02\/Cultura-Cient\u00edfica-de-4\u00ba.jpg\" alt=\"\" class=\"wp-image-3863\" srcset=\"https:\/\/somosdelprieto.com\/wp-content\/uploads\/2021\/02\/Cultura-Cient\u00edfica-de-4\u00ba.jpg 1436w, https:\/\/somosdelprieto.com\/wp-content\/uploads\/2021\/02\/Cultura-Cient\u00edfica-de-4\u00ba-207x300.jpg 207w, https:\/\/somosdelprieto.com\/wp-content\/uploads\/2021\/02\/Cultura-Cient\u00edfica-de-4\u00ba-707x1024.jpg 707w, https:\/\/somosdelprieto.com\/wp-content\/uploads\/2021\/02\/Cultura-Cient\u00edfica-de-4\u00ba-768x1112.jpg 768w, https:\/\/somosdelprieto.com\/wp-content\/uploads\/2021\/02\/Cultura-Cient\u00edfica-de-4\u00ba-1061x1536.jpg 1061w, https:\/\/somosdelprieto.com\/wp-content\/uploads\/2021\/02\/Cultura-Cient\u00edfica-de-4\u00ba-1415x2048.jpg 1415w\" sizes=\"auto, (max-width: 767px) 89vw, (max-width: 1000px) 54vw, (max-width: 1071px) 543px, 580px\" \/><\/a><figcaption class=\"wp-element-caption\">CultCfca 4\u00ba<\/figcaption><\/figure>\n<\/figure>\n\n\n\n<p>En 1\u00ba de Bachillerato:<\/p>\n\n\n\n<figure class=\"wp-block-gallery has-nested-images columns-default is-cropped wp-block-gallery-2 is-layout-flex wp-block-gallery-is-layout-flex\">\n<figure class=\"wp-block-image size-full\"><a href=\"https:\/\/somosdelprieto.com\/wp-content\/uploads\/2021\/02\/Biolog\u00eda-y-Geolog\u00eda-de-1\u00ba-Bto.jpg\"><img loading=\"lazy\" decoding=\"async\" width=\"1436\" height=\"2079\" data-id=\"3865\" src=\"https:\/\/somosdelprieto.com\/wp-content\/uploads\/2021\/02\/Biolog\u00eda-y-Geolog\u00eda-de-1\u00ba-Bto.jpg\" alt=\"\" class=\"wp-image-3865\" srcset=\"https:\/\/somosdelprieto.com\/wp-content\/uploads\/2021\/02\/Biolog\u00eda-y-Geolog\u00eda-de-1\u00ba-Bto.jpg 1436w, https:\/\/somosdelprieto.com\/wp-content\/uploads\/2021\/02\/Biolog\u00eda-y-Geolog\u00eda-de-1\u00ba-Bto-207x300.jpg 207w, https:\/\/somosdelprieto.com\/wp-content\/uploads\/2021\/02\/Biolog\u00eda-y-Geolog\u00eda-de-1\u00ba-Bto-707x1024.jpg 707w, https:\/\/somosdelprieto.com\/wp-content\/uploads\/2021\/02\/Biolog\u00eda-y-Geolog\u00eda-de-1\u00ba-Bto-768x1112.jpg 768w, https:\/\/somosdelprieto.com\/wp-content\/uploads\/2021\/02\/Biolog\u00eda-y-Geolog\u00eda-de-1\u00ba-Bto-1061x1536.jpg 1061w, https:\/\/somosdelprieto.com\/wp-content\/uploads\/2021\/02\/Biolog\u00eda-y-Geolog\u00eda-de-1\u00ba-Bto-1415x2048.jpg 1415w\" sizes=\"auto, (max-width: 767px) 89vw, (max-width: 1000px) 54vw, (max-width: 1071px) 543px, 580px\" \/><\/a><figcaption class=\"wp-element-caption\">ByG 1\u00baBto<\/figcaption><\/figure>\n\n\n\n<figure class=\"wp-block-image size-full\"><a href=\"https:\/\/somosdelprieto.com\/wp-content\/uploads\/2021\/02\/Anatom\u00eda-Aplicada-de-1\u00ba-Bto.jpg\"><img loading=\"lazy\" decoding=\"async\" width=\"1436\" height=\"2079\" data-id=\"3864\" src=\"https:\/\/somosdelprieto.com\/wp-content\/uploads\/2021\/02\/Anatom\u00eda-Aplicada-de-1\u00ba-Bto.jpg\" alt=\"\" class=\"wp-image-3864\" srcset=\"https:\/\/somosdelprieto.com\/wp-content\/uploads\/2021\/02\/Anatom\u00eda-Aplicada-de-1\u00ba-Bto.jpg 1436w, https:\/\/somosdelprieto.com\/wp-content\/uploads\/2021\/02\/Anatom\u00eda-Aplicada-de-1\u00ba-Bto-207x300.jpg 207w, https:\/\/somosdelprieto.com\/wp-content\/uploads\/2021\/02\/Anatom\u00eda-Aplicada-de-1\u00ba-Bto-707x1024.jpg 707w, https:\/\/somosdelprieto.com\/wp-content\/uploads\/2021\/02\/Anatom\u00eda-Aplicada-de-1\u00ba-Bto-768x1112.jpg 768w, https:\/\/somosdelprieto.com\/wp-content\/uploads\/2021\/02\/Anatom\u00eda-Aplicada-de-1\u00ba-Bto-1061x1536.jpg 1061w, https:\/\/somosdelprieto.com\/wp-content\/uploads\/2021\/02\/Anatom\u00eda-Aplicada-de-1\u00ba-Bto-1415x2048.jpg 1415w\" sizes=\"auto, (max-width: 767px) 89vw, (max-width: 1000px) 54vw, (max-width: 1071px) 543px, 580px\" \/><\/a><figcaption class=\"wp-element-caption\">Anatom\u00eda 1\u00baBto<\/figcaption><\/figure>\n\n\n\n<figure class=\"wp-block-image size-full\"><a href=\"https:\/\/somosdelprieto.com\/wp-content\/uploads\/2021\/02\/Cultura-Cient\u00edfica-de-1\u00ba-Bto.jpg\"><img loading=\"lazy\" decoding=\"async\" width=\"1436\" height=\"2079\" data-id=\"3866\" src=\"https:\/\/somosdelprieto.com\/wp-content\/uploads\/2021\/02\/Cultura-Cient\u00edfica-de-1\u00ba-Bto.jpg\" alt=\"\" class=\"wp-image-3866\" srcset=\"https:\/\/somosdelprieto.com\/wp-content\/uploads\/2021\/02\/Cultura-Cient\u00edfica-de-1\u00ba-Bto.jpg 1436w, https:\/\/somosdelprieto.com\/wp-content\/uploads\/2021\/02\/Cultura-Cient\u00edfica-de-1\u00ba-Bto-207x300.jpg 207w, https:\/\/somosdelprieto.com\/wp-content\/uploads\/2021\/02\/Cultura-Cient\u00edfica-de-1\u00ba-Bto-707x1024.jpg 707w, https:\/\/somosdelprieto.com\/wp-content\/uploads\/2021\/02\/Cultura-Cient\u00edfica-de-1\u00ba-Bto-768x1112.jpg 768w, https:\/\/somosdelprieto.com\/wp-content\/uploads\/2021\/02\/Cultura-Cient\u00edfica-de-1\u00ba-Bto-1061x1536.jpg 1061w, https:\/\/somosdelprieto.com\/wp-content\/uploads\/2021\/02\/Cultura-Cient\u00edfica-de-1\u00ba-Bto-1415x2048.jpg 1415w\" sizes=\"auto, (max-width: 767px) 89vw, (max-width: 1000px) 54vw, (max-width: 1071px) 543px, 580px\" \/><\/a><figcaption class=\"wp-element-caption\">CultCfca 1\u00baBto<\/figcaption><\/figure>\n<\/figure>\n\n\n\n<p>En 2\u00ba de Bachillerato:<\/p>\n\n\n\n<figure class=\"wp-block-gallery has-nested-images columns-default is-cropped wp-block-gallery-3 is-layout-flex wp-block-gallery-is-layout-flex\">\n<figure class=\"wp-block-image size-large\"><a href=\"https:\/\/somosdelprieto.com\/wp-content\/uploads\/2021\/02\/Biolog\u00eda-de-2\u00ba-Bto.jpg\"><img loading=\"lazy\" decoding=\"async\" width=\"707\" height=\"1024\" data-id=\"3867\" src=\"https:\/\/somosdelprieto.com\/wp-content\/uploads\/2021\/02\/Biolog\u00eda-de-2\u00ba-Bto-707x1024.jpg\" alt=\"\" class=\"wp-image-3867\" srcset=\"https:\/\/somosdelprieto.com\/wp-content\/uploads\/2021\/02\/Biolog\u00eda-de-2\u00ba-Bto-707x1024.jpg 707w, https:\/\/somosdelprieto.com\/wp-content\/uploads\/2021\/02\/Biolog\u00eda-de-2\u00ba-Bto-207x300.jpg 207w, https:\/\/somosdelprieto.com\/wp-content\/uploads\/2021\/02\/Biolog\u00eda-de-2\u00ba-Bto-768x1112.jpg 768w, https:\/\/somosdelprieto.com\/wp-content\/uploads\/2021\/02\/Biolog\u00eda-de-2\u00ba-Bto-1061x1536.jpg 1061w, https:\/\/somosdelprieto.com\/wp-content\/uploads\/2021\/02\/Biolog\u00eda-de-2\u00ba-Bto-1415x2048.jpg 1415w, https:\/\/somosdelprieto.com\/wp-content\/uploads\/2021\/02\/Biolog\u00eda-de-2\u00ba-Bto.jpg 1436w\" sizes=\"auto, (max-width: 707px) 100vw, 707px\" \/><\/a><figcaption class=\"wp-element-caption\">Biolog\u00eda 2\u00baBto<\/figcaption><\/figure>\n\n\n\n<figure class=\"wp-block-image size-large\"><a href=\"https:\/\/somosdelprieto.com\/wp-content\/uploads\/2021\/02\/Cienias-de-la-Tierra-y-del-Medio-Ambiente-de-2\u00ba-Bto.jpg\"><img loading=\"lazy\" decoding=\"async\" width=\"707\" height=\"1024\" data-id=\"3868\" src=\"https:\/\/somosdelprieto.com\/wp-content\/uploads\/2021\/02\/Cienias-de-la-Tierra-y-del-Medio-Ambiente-de-2\u00ba-Bto-707x1024.jpg\" alt=\"\" class=\"wp-image-3868\" srcset=\"https:\/\/somosdelprieto.com\/wp-content\/uploads\/2021\/02\/Cienias-de-la-Tierra-y-del-Medio-Ambiente-de-2\u00ba-Bto-707x1024.jpg 707w, https:\/\/somosdelprieto.com\/wp-content\/uploads\/2021\/02\/Cienias-de-la-Tierra-y-del-Medio-Ambiente-de-2\u00ba-Bto-207x300.jpg 207w, https:\/\/somosdelprieto.com\/wp-content\/uploads\/2021\/02\/Cienias-de-la-Tierra-y-del-Medio-Ambiente-de-2\u00ba-Bto-768x1112.jpg 768w, https:\/\/somosdelprieto.com\/wp-content\/uploads\/2021\/02\/Cienias-de-la-Tierra-y-del-Medio-Ambiente-de-2\u00ba-Bto-1061x1536.jpg 1061w, https:\/\/somosdelprieto.com\/wp-content\/uploads\/2021\/02\/Cienias-de-la-Tierra-y-del-Medio-Ambiente-de-2\u00ba-Bto-1415x2048.jpg 1415w, https:\/\/somosdelprieto.com\/wp-content\/uploads\/2021\/02\/Cienias-de-la-Tierra-y-del-Medio-Ambiente-de-2\u00ba-Bto.jpg 1436w\" sizes=\"auto, (max-width: 707px) 100vw, 707px\" \/><\/a><figcaption class=\"wp-element-caption\">CTMA 2\u00baBto<\/figcaption><\/figure>\n\n\n\n<figure class=\"wp-block-image size-large\"><a href=\"https:\/\/somosdelprieto.com\/wp-content\/uploads\/2021\/02\/Geolog\u00eda-de-2\u00ba-Bto.jpg\"><img loading=\"lazy\" decoding=\"async\" width=\"707\" height=\"1024\" data-id=\"3869\" src=\"https:\/\/somosdelprieto.com\/wp-content\/uploads\/2021\/02\/Geolog\u00eda-de-2\u00ba-Bto-707x1024.jpg\" alt=\"\" class=\"wp-image-3869\" srcset=\"https:\/\/somosdelprieto.com\/wp-content\/uploads\/2021\/02\/Geolog\u00eda-de-2\u00ba-Bto-707x1024.jpg 707w, https:\/\/somosdelprieto.com\/wp-content\/uploads\/2021\/02\/Geolog\u00eda-de-2\u00ba-Bto-207x300.jpg 207w, https:\/\/somosdelprieto.com\/wp-content\/uploads\/2021\/02\/Geolog\u00eda-de-2\u00ba-Bto-768x1112.jpg 768w, https:\/\/somosdelprieto.com\/wp-content\/uploads\/2021\/02\/Geolog\u00eda-de-2\u00ba-Bto-1061x1536.jpg 1061w, https:\/\/somosdelprieto.com\/wp-content\/uploads\/2021\/02\/Geolog\u00eda-de-2\u00ba-Bto-1415x2048.jpg 1415w, https:\/\/somosdelprieto.com\/wp-content\/uploads\/2021\/02\/Geolog\u00eda-de-2\u00ba-Bto.jpg 1436w\" sizes=\"auto, (max-width: 707px) 100vw, 707px\" \/><\/a><figcaption class=\"wp-element-caption\">Geolog\u00eda 2\u00baBto<\/figcaption><\/figure>\n<\/figure>\n\n\n\n<p>Si tienes cualquier duda, o quieres m\u00e1s informaci\u00f3n, no dudes en preguntarnos a cualquiera por el centro, o escribirnos un email a <a rel=\"noreferrer noopener\" href=\"mailto:cn@iesgregorioprieto.com\" target=\"_blank\">cn@iesgregorioprieto.com<\/a><\/p>\n\n\n\n<p>EXCURSI\u00d3N AL PARQUE DE LAS CIENCIAS EN GRANADA<\/p>\n\n\n\n<p>Los alumnos de 4\u00ba de ESO de Cultura Cient\u00edfica junto con los de Anatom\u00eda Aplicada de 1\u00ba de Bachillerato visitaron junto a sus profesores el Parque de las Ciencias de Granada. Aqu\u00ed dejamos algunas fotos.<\/p>\n\n\n\n<figure class=\"wp-block-image size-large is-resized\"><img loading=\"lazy\" decoding=\"async\" width=\"1024\" height=\"498\" src=\"https:\/\/somosdelprieto.com\/wp-content\/uploads\/2022\/11\/20221117_115945-1024x498.jpg\" alt=\"\" class=\"wp-image-12959\" style=\"width:615px;height:297px\" srcset=\"https:\/\/somosdelprieto.com\/wp-content\/uploads\/2022\/11\/20221117_115945-1024x498.jpg 1024w, https:\/\/somosdelprieto.com\/wp-content\/uploads\/2022\/11\/20221117_115945-300x146.jpg 300w, https:\/\/somosdelprieto.com\/wp-content\/uploads\/2022\/11\/20221117_115945-768x373.jpg 768w, https:\/\/somosdelprieto.com\/wp-content\/uploads\/2022\/11\/20221117_115945-1536x747.jpg 1536w, https:\/\/somosdelprieto.com\/wp-content\/uploads\/2022\/11\/20221117_115945-2048x996.jpg 2048w\" sizes=\"auto, (max-width: 767px) 89vw, (max-width: 1000px) 54vw, (max-width: 1071px) 543px, 580px\" \/><\/figure>\n\n\n\n<figure class=\"wp-block-image size-large\"><img loading=\"lazy\" decoding=\"async\" width=\"1024\" height=\"498\" src=\"https:\/\/somosdelprieto.com\/wp-content\/uploads\/2022\/11\/20221117_121258-1024x498.jpg\" alt=\"\" class=\"wp-image-12960\" srcset=\"https:\/\/somosdelprieto.com\/wp-content\/uploads\/2022\/11\/20221117_121258-1024x498.jpg 1024w, https:\/\/somosdelprieto.com\/wp-content\/uploads\/2022\/11\/20221117_121258-300x146.jpg 300w, https:\/\/somosdelprieto.com\/wp-content\/uploads\/2022\/11\/20221117_121258-768x373.jpg 768w, https:\/\/somosdelprieto.com\/wp-content\/uploads\/2022\/11\/20221117_121258-1536x747.jpg 1536w, https:\/\/somosdelprieto.com\/wp-content\/uploads\/2022\/11\/20221117_121258-2048x996.jpg 2048w\" sizes=\"auto, (max-width: 767px) 89vw, (max-width: 1000px) 54vw, (max-width: 1071px) 543px, 580px\" \/><\/figure>\n\n\n\n<figure class=\"wp-block-image size-large\"><img loading=\"lazy\" decoding=\"async\" width=\"1024\" height=\"498\" src=\"https:\/\/somosdelprieto.com\/wp-content\/uploads\/2022\/11\/20221117_170444-1024x498.jpg\" alt=\"\" class=\"wp-image-12961\" srcset=\"https:\/\/somosdelprieto.com\/wp-content\/uploads\/2022\/11\/20221117_170444-1024x498.jpg 1024w, https:\/\/somosdelprieto.com\/wp-content\/uploads\/2022\/11\/20221117_170444-300x146.jpg 300w, https:\/\/somosdelprieto.com\/wp-content\/uploads\/2022\/11\/20221117_170444-768x373.jpg 768w, https:\/\/somosdelprieto.com\/wp-content\/uploads\/2022\/11\/20221117_170444-1536x747.jpg 1536w, https:\/\/somosdelprieto.com\/wp-content\/uploads\/2022\/11\/20221117_170444-2048x996.jpg 2048w\" sizes=\"auto, (max-width: 767px) 89vw, (max-width: 1000px) 54vw, (max-width: 1071px) 543px, 580px\" \/><\/figure>\n\n\n\n<figure class=\"wp-block-image size-large\"><img loading=\"lazy\" decoding=\"async\" width=\"498\" height=\"1024\" src=\"https:\/\/somosdelprieto.com\/wp-content\/uploads\/2022\/11\/20221117_122622-498x1024.jpg\" alt=\"\" class=\"wp-image-12962\" srcset=\"https:\/\/somosdelprieto.com\/wp-content\/uploads\/2022\/11\/20221117_122622-498x1024.jpg 498w, https:\/\/somosdelprieto.com\/wp-content\/uploads\/2022\/11\/20221117_122622-146x300.jpg 146w, https:\/\/somosdelprieto.com\/wp-content\/uploads\/2022\/11\/20221117_122622-768x1580.jpg 768w, https:\/\/somosdelprieto.com\/wp-content\/uploads\/2022\/11\/20221117_122622-747x1536.jpg 747w, https:\/\/somosdelprieto.com\/wp-content\/uploads\/2022\/11\/20221117_122622-996x2048.jpg 996w, https:\/\/somosdelprieto.com\/wp-content\/uploads\/2022\/11\/20221117_122622-scaled.jpg 1244w\" sizes=\"auto, (max-width: 498px) 100vw, 498px\" \/><\/figure>\n\n\n\n<figure class=\"wp-block-image size-large\"><img loading=\"lazy\" decoding=\"async\" width=\"1024\" height=\"576\" src=\"https:\/\/somosdelprieto.com\/wp-content\/uploads\/2022\/11\/IMG-20221117-WA0008-1024x576.jpg\" alt=\"\" class=\"wp-image-12963\" srcset=\"https:\/\/somosdelprieto.com\/wp-content\/uploads\/2022\/11\/IMG-20221117-WA0008-1024x576.jpg 1024w, https:\/\/somosdelprieto.com\/wp-content\/uploads\/2022\/11\/IMG-20221117-WA0008-300x169.jpg 300w, https:\/\/somosdelprieto.com\/wp-content\/uploads\/2022\/11\/IMG-20221117-WA0008-768x432.jpg 768w, https:\/\/somosdelprieto.com\/wp-content\/uploads\/2022\/11\/IMG-20221117-WA0008-1536x864.jpg 1536w, https:\/\/somosdelprieto.com\/wp-content\/uploads\/2022\/11\/IMG-20221117-WA0008.jpg 1600w\" sizes=\"auto, (max-width: 767px) 89vw, (max-width: 1000px) 54vw, (max-width: 1071px) 543px, 580px\" \/><\/figure>\n","protected":false},"excerpt":{"rendered":"<p>Curso 2025\/2026 Integrantes del Departamento: &#8211; M\u00aa Isabel Mart\u00ednez (JD)&#8211; M\u00aa Teresa Guill\u00e9n Escalona&#8211; M\u00aa Jos\u00e9 Garc\u00eda de Merlo&#8211; Sergio L\u00f3pez L\u00f3pez Direcciones institucionales de correo:isabelmartinez@iesgregorioprieto.commtge04@educastillalamancha.esmariajosegarcia@iesgregorioprieto.comssll46@educastillalamancha.es Entra en la p\u00e1gina del Proyecto Biling\u00fce British Council del centro, para ver m\u00e1s actividades en las que participamos. Asignaturas de elecci\u00f3n del Departamento En 4\u00ba de la ESO: &hellip; <\/p>\n<p class=\"link-more\"><a href=\"https:\/\/somosdelprieto.com\/index.php\/departamentos\/departamento-biologia-y-geologia\/\" class=\"more-link\">Continuar leyendo<span class=\"screen-reader-text\"> \u00abDepartamento de Biolog\u00eda y Geolog\u00eda\u00bb<\/span><\/a><\/p>\n","protected":false},"author":20,"featured_media":0,"parent":330,"menu_order":0,"comment_status":"closed","ping_status":"closed","template":"","meta":{"footnotes":""},"class_list":["post-661","page","type-page","status-publish","hentry"],"_links":{"self":[{"href":"https:\/\/somosdelprieto.com\/index.php\/wp-json\/wp\/v2\/pages\/661","targetHints":{"allow":["GET"]}}],"collection":[{"href":"https:\/\/somosdelprieto.com\/index.php\/wp-json\/wp\/v2\/pages"}],"about":[{"href":"https:\/\/somosdelprieto.com\/index.php\/wp-json\/wp\/v2\/types\/page"}],"author":[{"embeddable":true,"href":"https:\/\/somosdelprieto.com\/index.php\/wp-json\/wp\/v2\/users\/20"}],"replies":[{"embeddable":true,"href":"https:\/\/somosdelprieto.com\/index.php\/wp-json\/wp\/v2\/comments?post=661"}],"version-history":[{"count":14,"href":"https:\/\/somosdelprieto.com\/index.php\/wp-json\/wp\/v2\/pages\/661\/revisions"}],"predecessor-version":[{"id":22283,"href":"https:\/\/somosdelprieto.com\/index.php\/wp-json\/wp\/v2\/pages\/661\/revisions\/22283"}],"up":[{"embeddable":true,"href":"https:\/\/somosdelprieto.com\/index.php\/wp-json\/wp\/v2\/pages\/330"}],"wp:attachment":[{"href":"https:\/\/somosdelprieto.com\/index.php\/wp-json\/wp\/v2\/media?parent=661"}],"curies":[{"name":"wp","href":"https:\/\/api.w.org\/{rel}","templated":true}]}}