{"id":658,"date":"2020-05-12T16:12:25","date_gmt":"2020-05-12T14:12:25","guid":{"rendered":"https:\/\/somosdelprieto.com\/?page_id=658"},"modified":"2022-12-01T10:52:52","modified_gmt":"2022-12-01T09:52:52","slug":"departamento-de-artes-plasticas","status":"publish","type":"page","link":"https:\/\/somosdelprieto.com\/index.php\/departamentos\/departamento-de-artes-plasticas\/","title":{"rendered":"Departamento de Artes Pl\u00e1sticas."},"content":{"rendered":"\n<figure class=\"wp-block-table\"><table><tbody><tr><td><img decoding=\"async\" src=\"https:\/\/docs.google.com\/a\/iesgregorioprieto.com\/uc?id=0B8CceZEBRKdmUkJTSmJhMTFkQ2c&amp;export=download\"><\/td><td>\u00a0<br>MIEMBROS:<br><strong>Elena Minoso, Santiago (JD)<\/strong><br>F\u00fanez Delgado, Mar\u00eda Jos\u00e9<\/td><\/tr><\/tbody><\/table><\/figure>\n","protected":false},"excerpt":{"rendered":"<p>\u00a0MIEMBROS:Elena Minoso, Santiago (JD)F\u00fanez Delgado, Mar\u00eda Jos\u00e9<\/p>\n","protected":false},"author":19,"featured_media":0,"parent":330,"menu_order":0,"comment_status":"closed","ping_status":"closed","template":"","meta":{"footnotes":""},"class_list":["post-658","page","type-page","status-publish","hentry"],"_links":{"self":[{"href":"https:\/\/somosdelprieto.com\/index.php\/wp-json\/wp\/v2\/pages\/658","targetHints":{"allow":["GET"]}}],"collection":[{"href":"https:\/\/somosdelprieto.com\/index.php\/wp-json\/wp\/v2\/pages"}],"about":[{"href":"https:\/\/somosdelprieto.com\/index.php\/wp-json\/wp\/v2\/types\/page"}],"author":[{"embeddable":true,"href":"https:\/\/somosdelprieto.com\/index.php\/wp-json\/wp\/v2\/users\/19"}],"replies":[{"embeddable":true,"href":"https:\/\/somosdelprieto.com\/index.php\/wp-json\/wp\/v2\/comments?post=658"}],"version-history":[{"count":7,"href":"https:\/\/somosdelprieto.com\/index.php\/wp-json\/wp\/v2\/pages\/658\/revisions"}],"predecessor-version":[{"id":13035,"href":"https:\/\/somosdelprieto.com\/index.php\/wp-json\/wp\/v2\/pages\/658\/revisions\/13035"}],"up":[{"embeddable":true,"href":"https:\/\/somosdelprieto.com\/index.php\/wp-json\/wp\/v2\/pages\/330"}],"wp:attachment":[{"href":"https:\/\/somosdelprieto.com\/index.php\/wp-json\/wp\/v2\/media?parent=658"}],"curies":[{"name":"wp","href":"https:\/\/api.w.org\/{rel}","templated":true}]}}