{"id":5976,"date":"2021-06-30T17:49:02","date_gmt":"2021-06-30T15:49:02","guid":{"rendered":"https:\/\/somosdelprieto.com\/?page_id=5976"},"modified":"2021-07-06T08:38:31","modified_gmt":"2021-07-06T06:38:31","slug":"roots-raices-del-proyecto","status":"publish","type":"page","link":"https:\/\/somosdelprieto.com\/index.php\/roots-raices-del-proyecto\/","title":{"rendered":"Roots- Or\u00edgenes del proyecto"},"content":{"rendered":"\n<div class=\"wp-block-image is-style-default\"><figure class=\"aligncenter size-large is-resized\"><img loading=\"lazy\" decoding=\"async\" src=\"https:\/\/somosdelprieto.com\/wp-content\/uploads\/2021\/07\/Logo-BP.jpg\" alt=\"\" class=\"wp-image-7530\" width=\"395\" height=\"318\" srcset=\"https:\/\/somosdelprieto.com\/wp-content\/uploads\/2021\/07\/Logo-BP.jpg 595w, https:\/\/somosdelprieto.com\/wp-content\/uploads\/2021\/07\/Logo-BP-300x242.jpg 300w\" sizes=\"auto, (max-width: 395px) 100vw, 395px\" \/><\/figure><\/div>\n\n\n\n<p>El Proyecto British del IES Gregorio Prieto se encuentra adscrito al Convenio entre el Ministerio de Educaci\u00f3n y Formaci\u00f3n Profesional y el  British Council.<\/p>\n\n\n\n<p>En Espa\u00f1a comenz\u00f3 en 1996 como un convenio \u00fanico dentro del sistema educativo estatal espa\u00f1ol. El acuerdo entre el MEFP y el British Council tiene como objetivo desarrollar un programa de educaci\u00f3n biling\u00fce en centros p\u00fablicos espa\u00f1oles mediante un curr\u00edculo integrado hispano-brit\u00e1nico.<\/p>\n\n\n\n<p>Adem\u00e1s, otro objetivo del Programa es la formaci\u00f3n de alumnos para que sean capaces de desenvolverse en distintas culturas e idiomas en el contexto de una Europa multicultural y pluriling\u00fce.<\/p>\n\n\n\n<p>Hace 16 a\u00f1os, un equipo directivo junto a un grupo de profesores decidieron embarcarse en la fabulosa aventura de formar parte de un proyecto MECD- British Council ofreciendo, al alumnado de la localidad de Valdepe\u00f1as y localidades vecinas, una ense\u00f1anza 100% biling\u00fce.<\/p>\n\n\n\n<p>Desde el  2004 nuestro alumnado vive inmerso en un ambiente en el que la lengua inglesa y espa\u00f1ola conviven de modo natural.<\/p>\n\n\n\n<p>El proyecto British de nuestro centro es un referente de innovaci\u00f3n metodol\u00f3gica a nivel nacional.<\/p>\n\n\n\n<p><a href=\"https:\/\/www.educacionyfp.gob.es\/mc\/british-council\/programa.html\">M\u00e1s informaci\u00f3n<\/a><\/p>\n\n\n\n<p><a href=\"https:\/\/www.educacionyfp.gob.es\/mc\/british-council\/normativa.html\">Normativa<\/a><\/p>\n\n\n\n<div class=\"wp-block-image\"><figure class=\"aligncenter size-large is-resized\"><a href=\"https:\/\/somosdelprieto.com\/index.php\/proyecto-british-council\/\"><img loading=\"lazy\" decoding=\"async\" src=\"https:\/\/somosdelprieto.com\/wp-content\/uploads\/2020\/09\/logobritish-2-1024x502.jpg\" alt=\"\" class=\"wp-image-1746\" width=\"220\" height=\"107\" srcset=\"https:\/\/somosdelprieto.com\/wp-content\/uploads\/2020\/09\/logobritish-2-1024x502.jpg 1024w, https:\/\/somosdelprieto.com\/wp-content\/uploads\/2020\/09\/logobritish-2-300x147.jpg 300w, https:\/\/somosdelprieto.com\/wp-content\/uploads\/2020\/09\/logobritish-2-768x376.jpg 768w, https:\/\/somosdelprieto.com\/wp-content\/uploads\/2020\/09\/logobritish-2.jpg 1061w\" sizes=\"auto, (max-width: 220px) 100vw, 220px\" \/><\/a><figcaption>Haz clic para volver a men\u00fa inicio<\/figcaption><\/figure><\/div>\n","protected":false},"excerpt":{"rendered":"<p>El Proyecto British del IES Gregorio Prieto se encuentra adscrito al Convenio entre el Ministerio de Educaci\u00f3n y Formaci\u00f3n Profesional y el British Council. En Espa\u00f1a comenz\u00f3 en 1996 como un convenio \u00fanico dentro del sistema educativo estatal espa\u00f1ol. El acuerdo entre el MEFP y el British Council tiene como objetivo desarrollar un programa de &hellip; <\/p>\n<p class=\"link-more\"><a href=\"https:\/\/somosdelprieto.com\/index.php\/roots-raices-del-proyecto\/\" class=\"more-link\">Continuar leyendo<span class=\"screen-reader-text\"> \u00abRoots- Or\u00edgenes del proyecto\u00bb<\/span><\/a><\/p>\n","protected":false},"author":45,"featured_media":0,"parent":0,"menu_order":0,"comment_status":"closed","ping_status":"closed","template":"","meta":{"footnotes":""},"class_list":["post-5976","page","type-page","status-publish","hentry"],"_links":{"self":[{"href":"https:\/\/somosdelprieto.com\/index.php\/wp-json\/wp\/v2\/pages\/5976","targetHints":{"allow":["GET"]}}],"collection":[{"href":"https:\/\/somosdelprieto.com\/index.php\/wp-json\/wp\/v2\/pages"}],"about":[{"href":"https:\/\/somosdelprieto.com\/index.php\/wp-json\/wp\/v2\/types\/page"}],"author":[{"embeddable":true,"href":"https:\/\/somosdelprieto.com\/index.php\/wp-json\/wp\/v2\/users\/45"}],"replies":[{"embeddable":true,"href":"https:\/\/somosdelprieto.com\/index.php\/wp-json\/wp\/v2\/comments?post=5976"}],"version-history":[{"count":7,"href":"https:\/\/somosdelprieto.com\/index.php\/wp-json\/wp\/v2\/pages\/5976\/revisions"}],"predecessor-version":[{"id":7533,"href":"https:\/\/somosdelprieto.com\/index.php\/wp-json\/wp\/v2\/pages\/5976\/revisions\/7533"}],"wp:attachment":[{"href":"https:\/\/somosdelprieto.com\/index.php\/wp-json\/wp\/v2\/media?parent=5976"}],"curies":[{"name":"wp","href":"https:\/\/api.w.org\/{rel}","templated":true}]}}