{"id":5946,"date":"2021-06-30T17:49:46","date_gmt":"2021-06-30T15:49:46","guid":{"rendered":"https:\/\/somosdelprieto.com\/?page_id=5946"},"modified":"2025-02-05T09:21:55","modified_gmt":"2025-02-05T08:21:55","slug":"teatro","status":"publish","type":"page","link":"https:\/\/somosdelprieto.com\/index.php\/teatro\/","title":{"rendered":"Teatro"},"content":{"rendered":"\n<p>El teatro es una gran herramienta en el aprendizaje de lenguas extranjeras. Ayuda a  motivarse, a interaccionar y a potenciar  los talentos, la creatividad y la imaginaci\u00f3n del alumnado.<\/p>\n\n\n\n<p>A trav\u00e9s del teatro el alumnado pone en pr\u00e1ctica todos sus conocimientos, observa la importancia del lenguaje corporal y de la expresividad como veh\u00edculo de comunicaci\u00f3n.<\/p>\n\n\n\n<p>Se trabajan las obras literarios a trav\u00e9s de distintas modalidades como la danza, la m\u00fasica, las artes esc\u00e9nicas, la historia, la literatura la est\u00e9tica entre otras.<\/p>\n\n\n\n<p>Otras veces el el propio alumnado el que escribe sus propios di\u00e1logos, prepara sus propias canciones y lleva a cabo todo un proceso de trabajo en equipo y consenso hasta llegar a poner en escena la obra final.<\/p>\n\n\n\n<p>Se establece una uni\u00f3n m\u00e1s estrecha entre  toda la comunidad educativa, implicando a padres y madres, alumnado y profesorado.<\/p>\n\n\n\n<p>En nuestro IES el teatro es parte del d\u00eda a d\u00eda en el aula, siendo una herramienta de uni\u00f3n entre las distintas materias que forman parte del proyecto.<\/p>\n\n\n\n<p>Teatros de diversos a\u00f1os<\/p>\n\n\n\n<p><a href=\"https:\/\/somosdelprieto.com\/index.php\/2024\/06\/19\/estreno-teatral-mamma-mia\/\"><mark class=\"has-inline-color has-pale-pink-color\">A\u00f1o 23-24<\/mark><\/a><\/p>\n\n\n\n<p><a href=\"https:\/\/somosdelprieto.com\/index.php\/2023\/06\/19\/os-invitamos-al-estreno-de-nuestro-teatro\/\"><mark class=\"has-inline-color has-luminous-vivid-orange-color\">A\u00f1o 2022-23<\/mark><\/a><\/p>\n\n\n\n<p><a href=\"https:\/\/somosdelprieto.com\/index.php\/2022\/06\/21\/silence-camera-action\/\"><mark class=\"has-inline-color has-vivid-purple-color\">A\u00f1o 2021-22<\/mark><\/a><\/p>\n\n\n\n<p><span class=\"has-inline-color has-vivid-cyan-blue-color\"><strong><em>A\u00f1o escolar 2020- 2021<\/em><\/strong><\/span><\/p>\n\n\n\n<p><a href=\"https:\/\/youtu.be\/9DSw9hxwobc\">Obra de teatro del alumnado de 2B3: <strong><em>Aladdin<\/em><\/strong><\/a><\/p>\n\n\n\n<p>Durante este curso tan inusual, el alumnado de 2B3 ha retomado su ilusi\u00f3n por el concepto del teatro expresado en lengua inglesa, todo ello ambientado en el mundo de Las Mil y Una Noches, la magia de <em>Aladdin<\/em> y los bazares orientales, aderezado con el grito a la libertad de las mujeres lanzado por la Princesa <em>Jasmine<\/em>. Tambi\u00e9n aparece reflejado el af\u00e1n de poder, a trav\u00e9s de la figura de <em>Abanazar<\/em>.<\/p>\n\n\n\n<p><a href=\"https:\/\/clipchamp.com\/watch\/fEFOsc8qXPC\" data-type=\"URL\" data-id=\"https:\/\/clipchamp.com\/watch\/fEFOsc8qXPC\">Obra de teatro del alumnado de 1\u00ba B2<\/a><\/p>\n\n\n\n<p><a href=\"https:\/\/drive.google.com\/file\/d\/14PuLVsiNocPndMZpcTXrIEbly7_NZry8\/view?usp=sharing\" data-type=\"URL\" data-id=\"https:\/\/drive.google.com\/file\/d\/14PuLVsiNocPndMZpcTXrIEbly7_NZry8\/view?usp=sharing\">Obra de teatro del alumnado de 1\u00ba B1<\/a><\/p>\n\n\n\n<p><span class=\"has-inline-color has-vivid-red-color\">A\u00f1o escolares anteriores al 2020-2021<\/span><\/p>\n\n\n\n<p>Visitar la<a href=\"https:\/\/iesgpbritish.wixsite.com\/iesgp\" data-type=\"URL\" data-id=\"https:\/\/iesgpbritish.wixsite.com\/iesgp\"> anterior p\u00e1gina web del proyecto British<\/a> <\/p>\n\n\n\n<p><a href=\"\/\/somosdelprieto.blogspot.com\/search\/label\/PROYECTO%20BILING%C3%9CE%20BRITISH\" data-type=\"URL\" data-id=\"hhttp:\/\/somosdelprieto.blogspot.com\/search\/label\/PROYECTO%20BILING%C3%9CE%20BRITISH\">Visitar las entradas British en el antiguo blog del IES<\/a><\/p>\n\n\n<div class=\"wp-block-image\">\n<figure class=\"aligncenter size-large is-resized\"><a href=\"https:\/\/somosdelprieto.com\/index.php\/proyecto-british-council\/\"><img loading=\"lazy\" decoding=\"async\" width=\"1024\" height=\"502\" src=\"https:\/\/somosdelprieto.com\/wp-content\/uploads\/2020\/09\/logobritish-2-1024x502.jpg\" alt=\"\" class=\"wp-image-1746\" style=\"width:220px;height:107px\" srcset=\"https:\/\/somosdelprieto.com\/wp-content\/uploads\/2020\/09\/logobritish-2-1024x502.jpg 1024w, https:\/\/somosdelprieto.com\/wp-content\/uploads\/2020\/09\/logobritish-2-300x147.jpg 300w, https:\/\/somosdelprieto.com\/wp-content\/uploads\/2020\/09\/logobritish-2-768x376.jpg 768w, https:\/\/somosdelprieto.com\/wp-content\/uploads\/2020\/09\/logobritish-2.jpg 1061w\" sizes=\"auto, (max-width: 767px) 89vw, (max-width: 1000px) 54vw, (max-width: 1071px) 543px, 580px\" \/><\/a><figcaption class=\"wp-element-caption\">Haz clic para volver a men\u00fa inicio<\/figcaption><\/figure>\n<\/div>","protected":false},"excerpt":{"rendered":"<p>El teatro es una gran herramienta en el aprendizaje de lenguas extranjeras. Ayuda a motivarse, a interaccionar y a potenciar los talentos, la creatividad y la imaginaci\u00f3n del alumnado. A trav\u00e9s del teatro el alumnado pone en pr\u00e1ctica todos sus conocimientos, observa la importancia del lenguaje corporal y de la expresividad como veh\u00edculo de comunicaci\u00f3n. &hellip; <\/p>\n<p class=\"link-more\"><a href=\"https:\/\/somosdelprieto.com\/index.php\/teatro\/\" class=\"more-link\">Continuar leyendo<span class=\"screen-reader-text\"> \u00abTeatro\u00bb<\/span><\/a><\/p>\n","protected":false},"author":45,"featured_media":0,"parent":0,"menu_order":0,"comment_status":"closed","ping_status":"closed","template":"","meta":{"footnotes":""},"class_list":["post-5946","page","type-page","status-publish","hentry"],"_links":{"self":[{"href":"https:\/\/somosdelprieto.com\/index.php\/wp-json\/wp\/v2\/pages\/5946","targetHints":{"allow":["GET"]}}],"collection":[{"href":"https:\/\/somosdelprieto.com\/index.php\/wp-json\/wp\/v2\/pages"}],"about":[{"href":"https:\/\/somosdelprieto.com\/index.php\/wp-json\/wp\/v2\/types\/page"}],"author":[{"embeddable":true,"href":"https:\/\/somosdelprieto.com\/index.php\/wp-json\/wp\/v2\/users\/45"}],"replies":[{"embeddable":true,"href":"https:\/\/somosdelprieto.com\/index.php\/wp-json\/wp\/v2\/comments?post=5946"}],"version-history":[{"count":20,"href":"https:\/\/somosdelprieto.com\/index.php\/wp-json\/wp\/v2\/pages\/5946\/revisions"}],"predecessor-version":[{"id":20316,"href":"https:\/\/somosdelprieto.com\/index.php\/wp-json\/wp\/v2\/pages\/5946\/revisions\/20316"}],"wp:attachment":[{"href":"https:\/\/somosdelprieto.com\/index.php\/wp-json\/wp\/v2\/media?parent=5946"}],"curies":[{"name":"wp","href":"https:\/\/api.w.org\/{rel}","templated":true}]}}