{"id":585,"date":"2020-05-10T20:18:11","date_gmt":"2020-05-10T18:18:11","guid":{"rendered":"https:\/\/somosdelprieto.com\/?page_id=585"},"modified":"2020-05-13T18:52:35","modified_gmt":"2020-05-13T16:52:35","slug":"las-mananas-con","status":"publish","type":"page","link":"https:\/\/somosdelprieto.com\/index.php\/departamentos\/departamento-de-hosteleria-y-turismo\/las-mananas-con\/","title":{"rendered":"LAS MA\u00d1ANAS CON&#8230;&#8230;"},"content":{"rendered":"\n<p>Las ma\u00f1anas con, es un proyecto basado en la colaboraci\u00f3n de profesionales del sector de la restauraci\u00f3n, desde distintos puntos de vista, y con el que se pretende que nuestro alumnado tome consciencia de las oportunidades que se le presentan, tomando como punto de partida sus estudios de cocina y restauraci\u00f3n en nuestro centro.<\/p>\n\n\n\n<p>Para llevar a cabo este proyecto, es imprescindible la apuesta de profesionales de primer nivel, que de una manera desinteresada, hacen el esfuerzo de dejar su huella en la incipiente carrera de nuestros alumnos y alumnas.<\/p>\n","protected":false},"excerpt":{"rendered":"<p>Las ma\u00f1anas con, es un proyecto basado en la colaboraci\u00f3n de profesionales del sector de la restauraci\u00f3n, desde distintos puntos de vista, y con el que se pretende que nuestro alumnado tome consciencia de las oportunidades que se le presentan, tomando como punto de partida sus estudios de cocina y restauraci\u00f3n en nuestro centro. Para &hellip; <\/p>\n<p class=\"link-more\"><a href=\"https:\/\/somosdelprieto.com\/index.php\/departamentos\/departamento-de-hosteleria-y-turismo\/las-mananas-con\/\" class=\"more-link\">Continuar leyendo<span class=\"screen-reader-text\"> \u00abLAS MA\u00d1ANAS CON&#8230;&#8230;\u00bb<\/span><\/a><\/p>\n","protected":false},"author":23,"featured_media":589,"parent":409,"menu_order":0,"comment_status":"closed","ping_status":"closed","template":"","meta":{"footnotes":""},"class_list":["post-585","page","type-page","status-publish","has-post-thumbnail","hentry"],"_links":{"self":[{"href":"https:\/\/somosdelprieto.com\/index.php\/wp-json\/wp\/v2\/pages\/585","targetHints":{"allow":["GET"]}}],"collection":[{"href":"https:\/\/somosdelprieto.com\/index.php\/wp-json\/wp\/v2\/pages"}],"about":[{"href":"https:\/\/somosdelprieto.com\/index.php\/wp-json\/wp\/v2\/types\/page"}],"author":[{"embeddable":true,"href":"https:\/\/somosdelprieto.com\/index.php\/wp-json\/wp\/v2\/users\/23"}],"replies":[{"embeddable":true,"href":"https:\/\/somosdelprieto.com\/index.php\/wp-json\/wp\/v2\/comments?post=585"}],"version-history":[{"count":2,"href":"https:\/\/somosdelprieto.com\/index.php\/wp-json\/wp\/v2\/pages\/585\/revisions"}],"predecessor-version":[{"id":588,"href":"https:\/\/somosdelprieto.com\/index.php\/wp-json\/wp\/v2\/pages\/585\/revisions\/588"}],"up":[{"embeddable":true,"href":"https:\/\/somosdelprieto.com\/index.php\/wp-json\/wp\/v2\/pages\/409"}],"wp:featuredmedia":[{"embeddable":true,"href":"https:\/\/somosdelprieto.com\/index.php\/wp-json\/wp\/v2\/media\/589"}],"wp:attachment":[{"href":"https:\/\/somosdelprieto.com\/index.php\/wp-json\/wp\/v2\/media?parent=585"}],"curies":[{"name":"wp","href":"https:\/\/api.w.org\/{rel}","templated":true}]}}