{"id":5380,"date":"2021-04-17T01:21:17","date_gmt":"2021-04-16T23:21:17","guid":{"rendered":"https:\/\/somosdelprieto.com\/?page_id=5380"},"modified":"2025-08-25T18:42:29","modified_gmt":"2025-08-25T16:42:29","slug":"profesorado-del-departamento","status":"publish","type":"page","link":"https:\/\/somosdelprieto.com\/index.php\/departamentos\/departamento-de-administracion\/profesorado-del-departamento\/","title":{"rendered":"PROFESORADO DEL DEPARTAMENTO"},"content":{"rendered":"\n<div class=\"wp-block-group\"><div class=\"wp-block-group__inner-container is-layout-flow wp-block-group-is-layout-flow\"><div class=\"wp-block-image\">\n<figure class=\"aligncenter\"><img loading=\"lazy\" decoding=\"async\" width=\"1500\" height=\"153\" src=\"https:\/\/somosdelprieto.com\/wp-content\/uploads\/2021\/04\/cabeceraverde-1.jpg\" alt=\"\" class=\"wp-image-5399\" srcset=\"https:\/\/somosdelprieto.com\/wp-content\/uploads\/2021\/04\/cabeceraverde-1.jpg 1500w, https:\/\/somosdelprieto.com\/wp-content\/uploads\/2021\/04\/cabeceraverde-1-300x31.jpg 300w, https:\/\/somosdelprieto.com\/wp-content\/uploads\/2021\/04\/cabeceraverde-1-1024x104.jpg 1024w, https:\/\/somosdelprieto.com\/wp-content\/uploads\/2021\/04\/cabeceraverde-1-768x78.jpg 768w\" sizes=\"auto, (max-width: 767px) 89vw, (max-width: 1000px) 54vw, (max-width: 1071px) 543px, 580px\" \/><\/figure>\n<\/div>\n\n\n<figure class=\"wp-block-table is-style-stripes\"><table><tbody><tr><td><\/td><td class=\"has-text-align-left\" data-align=\"left\">Aguayo Castillo Encarnaci\u00f3n<\/td><td><\/td><td><\/td><td>PGA<\/td><\/tr><tr><td><\/td><td class=\"has-text-align-left\" data-align=\"left\">Aguilar Casado, M\u00aa Victoria<\/td><td><\/td><td><\/td><td>AE<\/td><\/tr><tr><td><\/td><td class=\"has-text-align-left\" data-align=\"left\">Berm\u00fadez Moral, Salvador<\/td><td><\/td><td><\/td><td>AE<\/td><\/tr><tr><td><\/td><td class=\"has-text-align-left\" data-align=\"left\"><\/td><td><\/td><td><\/td><td>AE<\/td><\/tr><tr><td><\/td><td class=\"has-text-align-left\" data-align=\"left\">Espinosa Salas, David (<strong>Director<\/strong>)<\/td><td><\/td><td><\/td><td>AE<\/td><\/tr><tr><td><\/td><td class=\"has-text-align-left\" data-align=\"left\">Mar\u00edn Garc\u00eda, Sara<\/td><td><\/td><td><\/td><td>AE<\/td><\/tr><tr><td><\/td><td class=\"has-text-align-left\" data-align=\"left\">Pel\u00e1ez Ord\u00f3\u00f1ez, Daniel<\/td><td><a href=\"https:\/\/www.linkedin.com\/in\/daniel-pelaez-ordo%C3%B1ez\/\" data-type=\"URL\" data-id=\"https:\/\/www.linkedin.com\/in\/daniel-pelaez-ordo%C3%B1ez\/\"><img loading=\"lazy\" decoding=\"async\" width=\"315\" height=\"320\" class=\"wp-image-5830\" style=\"width: 30px\" src=\"https:\/\/somosdelprieto.com\/wp-content\/uploads\/2021\/04\/linkedin.png\" alt=\"\" srcset=\"https:\/\/somosdelprieto.com\/wp-content\/uploads\/2021\/04\/linkedin.png 315w, https:\/\/somosdelprieto.com\/wp-content\/uploads\/2021\/04\/linkedin-295x300.png 295w\" sizes=\"auto, (max-width: 315px) 100vw, 315px\" \/><\/a><\/td><td><\/td><td>AE<\/td><\/tr><tr><td><\/td><td class=\"has-text-align-left\" data-align=\"left\">Poveda Garc\u00eda, David<\/td><td><a href=\"https:\/\/www.linkedin.com\/in\/david-poveda-garc%C3%ADa-580b3942\/\" data-type=\"URL\" data-id=\"https:\/\/www.linkedin.com\/in\/daniel-pelaez-ordo%C3%B1ez\/\"><img loading=\"lazy\" decoding=\"async\" width=\"315\" height=\"320\" class=\"wp-image-5830\" style=\"width: 30px\" src=\"https:\/\/somosdelprieto.com\/wp-content\/uploads\/2021\/04\/linkedin.png\" alt=\"\" srcset=\"https:\/\/somosdelprieto.com\/wp-content\/uploads\/2021\/04\/linkedin.png 315w, https:\/\/somosdelprieto.com\/wp-content\/uploads\/2021\/04\/linkedin-295x300.png 295w\" sizes=\"auto, (max-width: 315px) 100vw, 315px\" \/><\/a><\/td><td><\/td><td>PGA<\/td><\/tr><tr><td><\/td><td class=\"has-text-align-left\" data-align=\"left\"><strong>Romano Santos, Ana Isabel<\/strong> (JD)<\/td><td><a href=\"https:\/\/www.linkedin.com\/in\/ana-romano-19722720\/\" data-type=\"URL\" data-id=\"https:\/\/www.linkedin.com\/in\/ana-romano-19722720\/\"><img decoding=\"async\" src=\"https:\/\/somosdelprieto.com\/wp-content\/uploads\/2021\/04\/linkedin.png\" alt=\"\" style=\"width: 30px\"><\/a><\/td><td><\/td><td>PGA<\/td><\/tr><tr><td><\/td><td class=\"has-text-align-left\" data-align=\"left\">R\u00faa Delgado, Enrique De La<\/td><td><\/td><td><\/td><td>AE<\/td><\/tr><tr><td><\/td><td class=\"has-text-align-left\" data-align=\"left\">Ruiz Gonz\u00e1lez, Elena<\/td><td><\/td><td><\/td><td>PGA<\/td><\/tr><\/tbody><\/table><\/figure>\n\n\n\n\n\n<p><\/p>\n<\/div><\/div>\n\n\n\n<h2 class=\"wp-block-heading has-white-color has-text-color has-background\" style=\"background-color:#12084e\"><strong>Webs y Blogs del profesorado<\/strong><\/h2>\n\n\n\n<figure class=\"wp-block-table is-style-regular\"><table class=\"has-background\" style=\"background-color:#e7f5fe\"><tbody><tr><td><a href=\"http:\/\/davidespinosa.es\/joomla\/\" data-type=\"URL\" data-id=\"http:\/\/davidespinosa.es\/joomla\/\" target=\"_blank\" rel=\"noreferrer noopener\"><img loading=\"lazy\" decoding=\"async\" width=\"226\" height=\"108\" class=\"wp-image-1702\" style=\"width: 150px\" src=\"https:\/\/somosdelprieto.com\/wp-content\/uploads\/2020\/08\/Blog-david.png\" alt=\"\"><\/a><\/td><td><a href=\"https:\/\/www.facebook.com\/Administracion.Finanzas.Ciclo\/\" data-type=\"URL\" data-id=\"https:\/\/www.facebook.com\/Administracion.Finanzas.Ciclo\/\" target=\"_blank\" rel=\"noreferrer noopener\"><img loading=\"lazy\" decoding=\"async\" width=\"848\" height=\"234\" class=\"wp-image-1719\" style=\"width: 150px\" src=\"https:\/\/somosdelprieto.com\/wp-content\/uploads\/2020\/09\/daniel.jpg\" alt=\"\" srcset=\"https:\/\/somosdelprieto.com\/wp-content\/uploads\/2020\/09\/daniel.jpg 848w, https:\/\/somosdelprieto.com\/wp-content\/uploads\/2020\/09\/daniel-300x83.jpg 300w, https:\/\/somosdelprieto.com\/wp-content\/uploads\/2020\/09\/daniel-768x212.jpg 768w\" sizes=\"auto, (max-width: 767px) 89vw, (max-width: 1000px) 54vw, (max-width: 1071px) 543px, 580px\" \/><\/a><\/td><td><a href=\"https:\/\/romano.iesgregorioprieto.com\/\" data-type=\"URL\" data-id=\"https:\/\/romano.iesgregorioprieto.com\/\" target=\"_blank\" rel=\"noreferrer noopener\"><img loading=\"lazy\" decoding=\"async\" width=\"227\" height=\"159\" class=\"wp-image-1703\" style=\"width: 150px\" src=\"https:\/\/somosdelprieto.com\/wp-content\/uploads\/2020\/08\/wiki-ana.png\" alt=\"\"><\/a><\/td><td><a href=\"https:\/\/blogcalatravo.blogspot.com\/\" data-type=\"URL\" data-id=\"https:\/\/blogcalatravo.blogspot.com\/\" target=\"_blank\" rel=\"noreferrer noopener\"><img loading=\"lazy\" decoding=\"async\" width=\"1333\" height=\"613\" class=\"wp-image-5979\" style=\"width: 150px\" src=\"https:\/\/somosdelprieto.com\/wp-content\/uploads\/2021\/04\/Blog-Enrique.jpg\" alt=\"\" srcset=\"https:\/\/somosdelprieto.com\/wp-content\/uploads\/2021\/04\/Blog-Enrique.jpg 1333w, https:\/\/somosdelprieto.com\/wp-content\/uploads\/2021\/04\/Blog-Enrique-300x138.jpg 300w, https:\/\/somosdelprieto.com\/wp-content\/uploads\/2021\/04\/Blog-Enrique-1024x471.jpg 1024w, https:\/\/somosdelprieto.com\/wp-content\/uploads\/2021\/04\/Blog-Enrique-768x353.jpg 768w\" sizes=\"auto, (max-width: 767px) 89vw, (max-width: 1000px) 54vw, (max-width: 1071px) 543px, 580px\" \/><\/a><\/td><\/tr><\/tbody><\/table><\/figure>\n\n\n\n<h2 class=\"wp-block-heading has-white-color has-text-color has-background\" style=\"background-color:#12084e\"><strong>Con nuestro alumnado<\/strong><\/h2>\n\n\n\n<div id=\"carouselExampleIndicators\" class=\"carousel slide\" data-ride=\"carousel\">\n  <ol class=\"carousel-indicators\">\n    <li data-target=\"#carouselExampleIndicators\" data-slide-to=\"0\" class=\"active\"><\/li>\n    <li data-target=\"#carouselExampleIndicators\" data-slide-to=\"1\"><\/li>\n    <li data-target=\"#carouselExampleIndicators\" data-slide-to=\"2\"><\/li>\n    <li data-target=\"#carouselExampleIndicators\" data-slide-to=\"3\"><\/li>\n    <li data-target=\"#carouselExampleIndicators\" data-slide-to=\"4\"><\/li>\n    <li data-target=\"#carouselExampleIndicators\" data-slide-to=\"5\"><\/li>\n    <li data-target=\"#carouselExampleIndicators\" data-slide-to=\"6\"><\/li>\n  <\/ol>\n  <div class=\"carousel-inner\">\n    <div class=\"carousel-item active\">\n      <img decoding=\"async\" class=\"d-block w-100\" src=\"https:\/\/somosdelprieto.com\/wp-content\/uploads\/2021\/04\/visita-felix-solis4-e1619202870381.jpg\" alt=\"First slide\">\n    <\/div>\n    <div class=\"carousel-item\">\n      <img decoding=\"async\" class=\"d-block w-100\" src=\"https:\/\/somosdelprieto.com\/wp-content\/uploads\/2021\/04\/visita-Felix-solis2-e1619202881100.jpg\" alt=\"Second slide\">\n    <\/div>\n    <div class=\"carousel-item\">\n      <img decoding=\"async\" class=\"d-block w-100\" src=\"https:\/\/somosdelprieto.com\/wp-content\/uploads\/2021\/04\/visita-Felix-solis-e1619202924195.jpg\" alt=\"Third slide\">\n    <\/div>\n    <div class=\"carousel-item\">\n      <img decoding=\"async\" class=\"d-block w-100\" src=\"https:\/\/somosdelprieto.com\/wp-content\/uploads\/2021\/04\/visita-fabrica-mahou1-e1619202954142.jpg\" alt=\"Four slide\">\n    <\/div>\n    <div class=\"carousel-item\">\n      <img decoding=\"async\" class=\"d-block w-100\" src=\"https:\/\/somosdelprieto.com\/wp-content\/uploads\/2021\/04\/visita-fabrica-mahou-e1619202965446.jpg\" alt=\"Five slide\">\n    <\/div>\n    <div class=\"carousel-item\">\n      <img decoding=\"async\" class=\"d-block w-100\" src=\"https:\/\/somosdelprieto.com\/wp-content\/uploads\/2021\/04\/visita-ayuntamiento2.jpg\" alt=\"Six slide\">\n    <\/div>\n    <div class=\"carousel-item\">\n      <img decoding=\"async\" class=\"d-block w-100\" src=\"https:\/\/somosdelprieto.com\/wp-content\/uploads\/2021\/04\/visita-ayuntamiento-e1619202981400.jpg\" alt=\"Seven slide\">\n    <\/div>\n\n  <a class=\"carousel-control-prev\" href=\"#carouselExampleIndicators\" role=\"button\" data-slide=\"prev\">\n    <span class=\"carousel-control-prev-icon\" aria-hidden=\"true\"><\/span>\n    <span class=\"sr-only\">Previous<\/span>\n  <\/a>\n  <a class=\"carousel-control-next\" href=\"#carouselExampleIndicators\" role=\"button\" data-slide=\"next\">\n    <span class=\"carousel-control-next-icon\" aria-hidden=\"true\"><\/span>\n    <span class=\"sr-only\">Next<\/span>\n  <\/a>\n<\/div><\/div>\n\n\n\n<figure class=\"wp-block-embed is-type-video is-provider-youtube wp-block-embed-youtube wp-embed-aspect-16-9 wp-has-aspect-ratio\"><div class=\"wp-block-embed__wrapper\">\n<iframe loading=\"lazy\" title=\"El departamento en confinamiento\" width=\"525\" height=\"295\" src=\"https:\/\/www.youtube.com\/embed\/IUt2YfISbOQ?feature=oembed\" frameborder=\"0\" allow=\"accelerometer; autoplay; clipboard-write; encrypted-media; gyroscope; picture-in-picture; web-share\" referrerpolicy=\"strict-origin-when-cross-origin\" allowfullscreen><\/iframe>\n<\/div><\/figure>\n\n\n\n<p class=\"has-vivid-red-color has-text-color\" style=\"font-size:10px\">NOTA: Muchas de las im\u00e1genes usadas en los apartados del departamento de Administraci\u00f3n est\u00e1n extra\u00eddas de la web <a href=\"https:\/\/www.freepik.es\/\" target=\"_blank\" rel=\"noreferrer noopener\">freepik<\/a><\/p>\n","protected":false},"excerpt":{"rendered":"<p>Aguayo Castillo Encarnaci\u00f3n PGA Aguilar Casado, M\u00aa Victoria AE Berm\u00fadez Moral, Salvador AE AE Espinosa Salas, David (Director) AE Mar\u00edn Garc\u00eda, Sara AE Pel\u00e1ez Ord\u00f3\u00f1ez, Daniel AE Poveda Garc\u00eda, David PGA Romano Santos, Ana Isabel (JD) PGA R\u00faa Delgado, Enrique De La AE Ruiz Gonz\u00e1lez, Elena PGA Webs y Blogs del profesorado Con nuestro alumnado &hellip; <\/p>\n<p class=\"link-more\"><a href=\"https:\/\/somosdelprieto.com\/index.php\/departamentos\/departamento-de-administracion\/profesorado-del-departamento\/\" class=\"more-link\">Continuar leyendo<span class=\"screen-reader-text\"> \u00abPROFESORADO DEL DEPARTAMENTO\u00bb<\/span><\/a><\/p>\n","protected":false},"author":8,"featured_media":0,"parent":430,"menu_order":0,"comment_status":"closed","ping_status":"closed","template":"","meta":{"footnotes":""},"class_list":["post-5380","page","type-page","status-publish","hentry"],"_links":{"self":[{"href":"https:\/\/somosdelprieto.com\/index.php\/wp-json\/wp\/v2\/pages\/5380","targetHints":{"allow":["GET"]}}],"collection":[{"href":"https:\/\/somosdelprieto.com\/index.php\/wp-json\/wp\/v2\/pages"}],"about":[{"href":"https:\/\/somosdelprieto.com\/index.php\/wp-json\/wp\/v2\/types\/page"}],"author":[{"embeddable":true,"href":"https:\/\/somosdelprieto.com\/index.php\/wp-json\/wp\/v2\/users\/8"}],"replies":[{"embeddable":true,"href":"https:\/\/somosdelprieto.com\/index.php\/wp-json\/wp\/v2\/comments?post=5380"}],"version-history":[{"count":57,"href":"https:\/\/somosdelprieto.com\/index.php\/wp-json\/wp\/v2\/pages\/5380\/revisions"}],"predecessor-version":[{"id":22135,"href":"https:\/\/somosdelprieto.com\/index.php\/wp-json\/wp\/v2\/pages\/5380\/revisions\/22135"}],"up":[{"embeddable":true,"href":"https:\/\/somosdelprieto.com\/index.php\/wp-json\/wp\/v2\/pages\/430"}],"wp:attachment":[{"href":"https:\/\/somosdelprieto.com\/index.php\/wp-json\/wp\/v2\/media?parent=5380"}],"curies":[{"name":"wp","href":"https:\/\/api.w.org\/{rel}","templated":true}]}}