{"id":5057,"date":"2021-04-06T17:14:16","date_gmt":"2021-04-06T15:14:16","guid":{"rendered":"https:\/\/somosdelprieto.com\/?page_id=5057"},"modified":"2021-04-06T17:26:19","modified_gmt":"2021-04-06T15:26:19","slug":"quien-me-puede-ayudar","status":"publish","type":"page","link":"https:\/\/somosdelprieto.com\/index.php\/portada\/proyectos-2\/centro-etwinning\/quien-me-puede-ayudar\/","title":{"rendered":"\u00bfQui\u00e9n me puede ayudar?"},"content":{"rendered":"\n<figure class=\"wp-block-image size-large is-style-rounded\"><img loading=\"lazy\" decoding=\"async\" width=\"1024\" height=\"682\" src=\"https:\/\/somosdelprieto.com\/wp-content\/uploads\/2021\/03\/ask-2341784_1280-1024x682.jpg\" alt=\"\" class=\"wp-image-4553\" srcset=\"https:\/\/somosdelprieto.com\/wp-content\/uploads\/2021\/03\/ask-2341784_1280-1024x682.jpg 1024w, https:\/\/somosdelprieto.com\/wp-content\/uploads\/2021\/03\/ask-2341784_1280-300x200.jpg 300w, https:\/\/somosdelprieto.com\/wp-content\/uploads\/2021\/03\/ask-2341784_1280-768x512.jpg 768w, https:\/\/somosdelprieto.com\/wp-content\/uploads\/2021\/03\/ask-2341784_1280.jpg 1280w\" sizes=\"auto, (max-width: 767px) 89vw, (max-width: 1000px) 54vw, (max-width: 1071px) 543px, 580px\" \/><\/figure>\n\n\n\n<p class=\"has-text-align-center\"><strong><em><span class=\"has-inline-color has-vivid-cyan-blue-color\">\u00bfQui\u00e9n me puede ayudar?<\/span><\/em><\/strong><\/p>\n\n\n\n<p>Existe una red de Embajadores dispuestos a ayudarte en cualquier momento con eTwinning. Se pueden organizar cursos, charlas, sesiones informativas&#8230; Contacta con el Servicio de Pluriling\u00fcismo y Ellos te van a indicar el proceso.<\/p>\n\n\n\n<p>CONSEJER\u00cdA DE EDUCACI\u00d3N, CULTURA Y DEPORTES<\/p>\n\n\n\n<p>Direcci\u00f3n General de Programas, Atenci\u00f3n a la Diversidad y Formaci\u00f3n Profesional<\/p>\n\n\n\n<p>Servicio de Pluriling\u00fcismo y Programas Europeos<\/p>\n\n\n\n<p>Bulevar del R\u00edo Alberche, s\/n<\/p>\n\n\n\n<p>45071 TOLEDO<\/p>\n\n\n\n<p>925267514 &#8211; plurilinguismo@jccm.es<\/p>\n\n\n\n<p><span class=\"has-inline-color has-vivid-green-cyan-color\">Quieres saber m\u00e1s sobre Embajadores de Castilla la Mancha<\/span>: <\/p>\n\n\n\n<p><a href=\"http:\/\/www.educa.jccm.es\/es\/sistema-educativo\/idiomas-programas-europeos\/programas-europeos\/etwinning\/embajadores-etwinning\">Embajadores.<\/a><\/p>\n\n\n\n<p>Ahora en \u00e9poca del COVID dado que todos los cursos, charlas, reuniones se van a celebrar de manera telem\u00e1tica, puedes ponerte en contacto con la JCCM con el Servicio de Pluriling\u00fcismo y ya ellos junto a los Embajadores organizar\u00e1n c\u00f3mo ayudarte sin importar en qu\u00e9 provincia est\u00e9 tu Centro Educativo.<\/p>\n\n\n\n<p>Adem\u00e1s en concreto si est\u00e1s en el IES Gregorio Prieto, no dudes en escribir un correo a&nbsp; Estrella G\u00f3mez; <a href=\"mailto:estrellagomez@iesgregorioprieto.com\">estrellagomez@iesgregorioprieto.com<\/a>&nbsp; y vemos c\u00f3mo te puedo ayudar&nbsp; a comenzar un proyecto, a mejorar el que ya tienes en marcha&#8230; etc.. en cualquier momento que encontremos.<\/p>\n\n\n\n<div class=\"wp-block-image\"><figure class=\"aligncenter size-large is-resized\"><a href=\"https:\/\/somosdelprieto.com\/index.php\/portada\/proyectos-2\/centro-etwinning\/\" target=\"_blank\" rel=\"noopener\"><img loading=\"lazy\" decoding=\"async\" src=\"https:\/\/somosdelprieto.com\/wp-content\/uploads\/2021\/04\/BANNER-logo_etwinning-OFICIAL.jpg\" alt=\"\" class=\"wp-image-5065\" width=\"180\" height=\"123\" srcset=\"https:\/\/somosdelprieto.com\/wp-content\/uploads\/2021\/04\/BANNER-logo_etwinning-OFICIAL.jpg 820w, https:\/\/somosdelprieto.com\/wp-content\/uploads\/2021\/04\/BANNER-logo_etwinning-OFICIAL-300x205.jpg 300w, https:\/\/somosdelprieto.com\/wp-content\/uploads\/2021\/04\/BANNER-logo_etwinning-OFICIAL-768x524.jpg 768w\" sizes=\"auto, (max-width: 180px) 100vw, 180px\" \/><\/a><figcaption>   Volver a la  p\u00e1gina principal<\/figcaption><\/figure><\/div>\n\n\n\n<p><\/p>\n","protected":false},"excerpt":{"rendered":"<p>\u00bfQui\u00e9n me puede ayudar? Existe una red de Embajadores dispuestos a ayudarte en cualquier momento con eTwinning. Se pueden organizar cursos, charlas, sesiones informativas&#8230; Contacta con el Servicio de Pluriling\u00fcismo y Ellos te van a indicar el proceso. CONSEJER\u00cdA DE EDUCACI\u00d3N, CULTURA Y DEPORTES Direcci\u00f3n General de Programas, Atenci\u00f3n a la Diversidad y Formaci\u00f3n Profesional &hellip; <\/p>\n<p class=\"link-more\"><a href=\"https:\/\/somosdelprieto.com\/index.php\/portada\/proyectos-2\/centro-etwinning\/quien-me-puede-ayudar\/\" class=\"more-link\">Continuar leyendo<span class=\"screen-reader-text\"> \u00ab\u00bfQui\u00e9n me puede ayudar?\u00bb<\/span><\/a><\/p>\n","protected":false},"author":46,"featured_media":0,"parent":310,"menu_order":7,"comment_status":"closed","ping_status":"closed","template":"","meta":{"footnotes":""},"class_list":["post-5057","page","type-page","status-publish","hentry"],"_links":{"self":[{"href":"https:\/\/somosdelprieto.com\/index.php\/wp-json\/wp\/v2\/pages\/5057","targetHints":{"allow":["GET"]}}],"collection":[{"href":"https:\/\/somosdelprieto.com\/index.php\/wp-json\/wp\/v2\/pages"}],"about":[{"href":"https:\/\/somosdelprieto.com\/index.php\/wp-json\/wp\/v2\/types\/page"}],"author":[{"embeddable":true,"href":"https:\/\/somosdelprieto.com\/index.php\/wp-json\/wp\/v2\/users\/46"}],"replies":[{"embeddable":true,"href":"https:\/\/somosdelprieto.com\/index.php\/wp-json\/wp\/v2\/comments?post=5057"}],"version-history":[{"count":4,"href":"https:\/\/somosdelprieto.com\/index.php\/wp-json\/wp\/v2\/pages\/5057\/revisions"}],"predecessor-version":[{"id":5094,"href":"https:\/\/somosdelprieto.com\/index.php\/wp-json\/wp\/v2\/pages\/5057\/revisions\/5094"}],"up":[{"embeddable":true,"href":"https:\/\/somosdelprieto.com\/index.php\/wp-json\/wp\/v2\/pages\/310"}],"wp:attachment":[{"href":"https:\/\/somosdelprieto.com\/index.php\/wp-json\/wp\/v2\/media?parent=5057"}],"curies":[{"name":"wp","href":"https:\/\/api.w.org\/{rel}","templated":true}]}}