{"id":5044,"date":"2021-04-06T17:13:07","date_gmt":"2021-04-06T15:13:07","guid":{"rendered":"https:\/\/somosdelprieto.com\/?page_id=5044"},"modified":"2022-01-18T16:45:11","modified_gmt":"2022-01-18T15:45:11","slug":"premios-y-reconocimientos","status":"publish","type":"page","link":"https:\/\/somosdelprieto.com\/index.php\/portada\/proyectos-2\/centro-etwinning\/premios-y-reconocimientos\/","title":{"rendered":"Premios y Reconocimientos"},"content":{"rendered":"\n<figure class=\"wp-block-image size-large is-style-rounded\"><img loading=\"lazy\" decoding=\"async\" width=\"640\" height=\"640\" src=\"https:\/\/somosdelprieto.com\/wp-content\/uploads\/2021\/03\/cup-1010916_640-1.jpg\" alt=\"\" class=\"wp-image-4864\" srcset=\"https:\/\/somosdelprieto.com\/wp-content\/uploads\/2021\/03\/cup-1010916_640-1.jpg 640w, https:\/\/somosdelprieto.com\/wp-content\/uploads\/2021\/03\/cup-1010916_640-1-300x300.jpg 300w, https:\/\/somosdelprieto.com\/wp-content\/uploads\/2021\/03\/cup-1010916_640-1-150x150.jpg 150w, https:\/\/somosdelprieto.com\/wp-content\/uploads\/2021\/03\/cup-1010916_640-1-100x100.jpg 100w\" sizes=\"auto, (max-width: 640px) 100vw, 640px\" \/><\/figure>\n\n\n\n<p class=\"has-text-align-center\"><strong><em><span class=\"has-inline-color has-vivid-cyan-blue-color\">Premios y Reconocimientos<\/span><\/em><\/strong><\/p>\n\n\n\n<p>Tu trabajo y esfuerzo as\u00ed como el de tus alumnos tiene un reconocimiento por parte de tu Comunidad Aut\u00f3noma as\u00ed como por parte de eTwinning.<\/p>\n\n\n\n<p><em><span style=\"color:#00a313\" class=\"has-inline-color\">eTwinning: Sellos de Calidad, Premios Nacionales y Premios Europeos:<\/span><\/em><\/p>\n\n\n\n<pre class=\"wp-block-code\"><code><a href=\"http:\/\/etwinning.es\/es\/proyectos\/reconocimiento\/\">Reconocimientos.<\/a>\n<a href=\"http:\/\/etwinning.es\/es\/proyectos\/premios-nacionales\/\u00b4\">Premios Nacionales<\/a>.\n<\/code><\/pre>\n\n\n\n<p><span style=\"color:#15a300\" class=\"has-inline-color\">eTwinning School Label<\/span>: <\/p>\n\n\n\n<p>\u00bfQuieres saber c\u00f3mo ser eTwinning School ? Entra en la web y mira si cumples los requisitos.<\/p>\n\n\n\n<ul class=\"wp-block-list\"><li><a href=\"https:\/\/www.etwinning.net\/en\/pub\/benefits\/recognition\/etwinning-school.htm\">eTwinning Schoo<\/a>l .<\/li><\/ul>\n\n\n\n<ul class=\"wp-block-list\"><li><span style=\"color:#0ca300\" class=\"has-inline-color\">Reconocimiento de horas de formaci\u00f3n \u00f2 Innovaci\u00f3n: <\/span><\/li><\/ul>\n\n\n\n<p>\u00a0Adem\u00e1s en la Comunidad de Castilla la Mancha podr\u00e1n reconocerse hasta un m\u00e1ximo de 30 horas de formaci\u00f3n para el responsable del proyecto y 20 horas para el resto de los participantes\/colaboradores en el proyecto siempre que se cumplan unos requisitos espec\u00edficos. Entra en esta web y ah\u00ed encontrar\u00e1s toda la informaci\u00f3n al respecto (requisitos..plazos.. la Orden que recoge dicha informaci\u00f3n..<em><a href=\"https:\/\/www.educa.jccm.es\/es\/normativa\/orden-54-2021-13-abril-consejeria-educacion-cultura-deporte\">Orden 54\/2021, de 13 de abril, de la Consejer\u00eda de Educaci\u00f3n, Cultura y Deportes<\/a><\/em>)<\/p>\n\n\n\n<p><a href=\"http:\/\/www.educa.jccm.es\/es\/sistema-educativo\/idiomas-programas-europeos\/programas-europeos\/etwinning\/reconocimientos-etwinning\">Reconocimientos eTwinning JCCM<\/a><\/p>\n\n\n\n<div class=\"wp-block-image\"><figure class=\"aligncenter size-large is-resized\"><a href=\"https:\/\/somosdelprieto.com\/index.php\/portada\/proyectos-2\/centro-etwinning\/\" target=\"_blank\" rel=\"noopener\"><img loading=\"lazy\" decoding=\"async\" src=\"https:\/\/somosdelprieto.com\/wp-content\/uploads\/2021\/04\/BANNER-logo_etwinning-OFICIAL.jpg\" alt=\"\" class=\"wp-image-5065\" width=\"180\" height=\"123\" srcset=\"https:\/\/somosdelprieto.com\/wp-content\/uploads\/2021\/04\/BANNER-logo_etwinning-OFICIAL.jpg 820w, https:\/\/somosdelprieto.com\/wp-content\/uploads\/2021\/04\/BANNER-logo_etwinning-OFICIAL-300x205.jpg 300w, https:\/\/somosdelprieto.com\/wp-content\/uploads\/2021\/04\/BANNER-logo_etwinning-OFICIAL-768x524.jpg 768w\" sizes=\"auto, (max-width: 180px) 100vw, 180px\" \/><\/a><figcaption>   Volver a la  p\u00e1gina principal<\/figcaption><\/figure><\/div>\n","protected":false},"excerpt":{"rendered":"<p>Premios y Reconocimientos Tu trabajo y esfuerzo as\u00ed como el de tus alumnos tiene un reconocimiento por parte de tu Comunidad Aut\u00f3noma as\u00ed como por parte de eTwinning. eTwinning: Sellos de Calidad, Premios Nacionales y Premios Europeos: eTwinning School Label: \u00bfQuieres saber c\u00f3mo ser eTwinning School ? Entra en la web y mira si cumples &hellip; <\/p>\n<p class=\"link-more\"><a href=\"https:\/\/somosdelprieto.com\/index.php\/portada\/proyectos-2\/centro-etwinning\/premios-y-reconocimientos\/\" class=\"more-link\">Continuar leyendo<span class=\"screen-reader-text\"> \u00abPremios y Reconocimientos\u00bb<\/span><\/a><\/p>\n","protected":false},"author":46,"featured_media":0,"parent":310,"menu_order":5,"comment_status":"closed","ping_status":"closed","template":"","meta":{"footnotes":""},"class_list":["post-5044","page","type-page","status-publish","hentry"],"_links":{"self":[{"href":"https:\/\/somosdelprieto.com\/index.php\/wp-json\/wp\/v2\/pages\/5044","targetHints":{"allow":["GET"]}}],"collection":[{"href":"https:\/\/somosdelprieto.com\/index.php\/wp-json\/wp\/v2\/pages"}],"about":[{"href":"https:\/\/somosdelprieto.com\/index.php\/wp-json\/wp\/v2\/types\/page"}],"author":[{"embeddable":true,"href":"https:\/\/somosdelprieto.com\/index.php\/wp-json\/wp\/v2\/users\/46"}],"replies":[{"embeddable":true,"href":"https:\/\/somosdelprieto.com\/index.php\/wp-json\/wp\/v2\/comments?post=5044"}],"version-history":[{"count":4,"href":"https:\/\/somosdelprieto.com\/index.php\/wp-json\/wp\/v2\/pages\/5044\/revisions"}],"predecessor-version":[{"id":8585,"href":"https:\/\/somosdelprieto.com\/index.php\/wp-json\/wp\/v2\/pages\/5044\/revisions\/8585"}],"up":[{"embeddable":true,"href":"https:\/\/somosdelprieto.com\/index.php\/wp-json\/wp\/v2\/pages\/310"}],"wp:attachment":[{"href":"https:\/\/somosdelprieto.com\/index.php\/wp-json\/wp\/v2\/media?parent=5044"}],"curies":[{"name":"wp","href":"https:\/\/api.w.org\/{rel}","templated":true}]}}