{"id":4718,"date":"2021-03-31T17:49:01","date_gmt":"2021-03-31T15:49:01","guid":{"rendered":"https:\/\/somosdelprieto.com\/?page_id=4718"},"modified":"2021-03-31T18:00:06","modified_gmt":"2021-03-31T16:00:06","slug":"horario-de-la-materia-lengua-inglesa","status":"publish","type":"page","link":"https:\/\/somosdelprieto.com\/index.php\/departamentos\/departamento-de-ingles\/horario-de-la-materia-lengua-inglesa\/","title":{"rendered":"Horario de la materia Lengua Inglesa"},"content":{"rendered":"\n<div class=\"wp-block-columns is-layout-flex wp-container-core-columns-is-layout-9d6595d7 wp-block-columns-is-layout-flex\">\n<div class=\"wp-block-column is-layout-flow wp-block-column-is-layout-flow\" style=\"flex-basis:100%\">\n<figure class=\"wp-block-table\"><table><tbody><tr><td class=\"has-text-align-center\" data-align=\"center\"><span class=\"has-inline-color has-light-green-cyan-color\">ASIGNATURA\/M\u00d3DULO<\/span><\/td><td class=\"has-text-align-center\" data-align=\"center\"><span class=\"has-inline-color has-light-green-cyan-color\">N\u00daMERO DE HORAS SEMANALES<\/span><\/td><\/tr><tr><td class=\"has-text-align-center\" data-align=\"center\">Ingl\u00e9s 1\u00ba, 2\u00ba, 3\u00ba y 4\u00ba ESO No biling\u00fce<\/td><td class=\"has-text-align-center\" data-align=\"center\">4<\/td><\/tr><tr><td class=\"has-text-align-center\" data-align=\"center\">Ingl\u00e9s 1\u00ba, 2\u00ba, 3\u00ba y 4\u00ba ESO Biling\u00fce<\/td><td class=\"has-text-align-center\" data-align=\"center\">6<\/td><\/tr><tr><td class=\"has-text-align-center\" data-align=\"center\">Ingl\u00e9s 1\u00ba y 2\u00ba de Bachillerato No biling\u00fce<\/td><td class=\"has-text-align-center\" data-align=\"center\">3<\/td><\/tr><tr><td class=\"has-text-align-center\" data-align=\"center\">Ingl\u00e9s 1\u00ba y 2\u00ba de Bachillerato Biling\u00fce<\/td><td class=\"has-text-align-center\" data-align=\"center\">5<\/td><\/tr><tr><td class=\"has-text-align-center\" data-align=\"center\">Comunicaci\u00f3n y Sociedad: Ingl\u00e9s 1\u00ba y 2\u00ba FP B\u00e1sica <\/td><td class=\"has-text-align-center\" data-align=\"center\">3<\/td><\/tr><tr><td class=\"has-text-align-center\" data-align=\"center\">Ingl\u00e9s T\u00e9cnico de los siguientes Ciclos Formativos:<br>1\u00ba CFGM: Gesti\u00f3n Administrativa, Actividades Comerciales, Servicios en Restauraci\u00f3n.<br>2\u00ba CFGM: Cocina y Gastronom\u00eda.<\/td><td class=\"has-text-align-center\" data-align=\"center\">3<\/td><\/tr><tr><td class=\"has-text-align-center\" data-align=\"center\">Ingl\u00e9s T\u00e9cnico de los siguientes Ciclos Formativos:<br>1\u00ba CFGM: Sistemas Microinform\u00e1ticos y<br>Redes, Instalaciones El\u00e9ctricas y Autom\u00e1ticas, Instalaciones de Telecomunicaci\u00f3n, Electromec\u00e1nica de Veh\u00edculos, Carrocer\u00eda, Aceites y Vinos.<\/td><td class=\"has-text-align-center\" data-align=\"center\">2<\/td><\/tr><tr><td class=\"has-text-align-center\" data-align=\"center\">Ingl\u00e9s T\u00e9cnico de los siguientes Ciclos Formativos:<br>1\u00ba CFGS: Administraci\u00f3n y Finanzas, Asistencia a la Direcci\u00f3n, Direcci\u00f3n de Cocina, Gesti\u00f3n de Ventas y Espacios Comerciales, Transporte y Log\u00edstica.<\/td><td class=\"has-text-align-center\" data-align=\"center\">5<\/td><\/tr><tr><td class=\"has-text-align-center\" data-align=\"center\">Ingl\u00e9s T\u00e9cnico de los siguientes Ciclos Formativos:<br>1\u00ba CFGS: Administraci\u00f3n de Sistemas Inform\u00e1ticos, Desarrollo de Aplicaciones Multiplataforma, Sistemas El\u00e9ctricos y Autom\u00e1ticos, Sistemas de Telecomunicaciones Inform\u00e1ticas, Automoci\u00f3n, Vitivinicultura.<\/td><td class=\"has-text-align-center\" data-align=\"center\">2<\/td><\/tr><\/tbody><\/table><\/figure>\n<\/div>\n<\/div>\n\n\n\n<p><\/p>\n","protected":false},"excerpt":{"rendered":"<p>ASIGNATURA\/M\u00d3DULO N\u00daMERO DE HORAS SEMANALES Ingl\u00e9s 1\u00ba, 2\u00ba, 3\u00ba y 4\u00ba ESO No biling\u00fce 4 Ingl\u00e9s 1\u00ba, 2\u00ba, 3\u00ba y 4\u00ba ESO Biling\u00fce 6 Ingl\u00e9s 1\u00ba y 2\u00ba de Bachillerato No biling\u00fce 3 Ingl\u00e9s 1\u00ba y 2\u00ba de Bachillerato Biling\u00fce 5 Comunicaci\u00f3n y Sociedad: Ingl\u00e9s 1\u00ba y 2\u00ba FP B\u00e1sica 3 Ingl\u00e9s T\u00e9cnico de los &hellip; <\/p>\n<p class=\"link-more\"><a href=\"https:\/\/somosdelprieto.com\/index.php\/departamentos\/departamento-de-ingles\/horario-de-la-materia-lengua-inglesa\/\" class=\"more-link\">Continuar leyendo<span class=\"screen-reader-text\"> \u00abHorario de la materia Lengua Inglesa\u00bb<\/span><\/a><\/p>\n","protected":false},"author":33,"featured_media":4990,"parent":675,"menu_order":0,"comment_status":"closed","ping_status":"closed","template":"","meta":{"footnotes":""},"class_list":["post-4718","page","type-page","status-publish","has-post-thumbnail","hentry"],"_links":{"self":[{"href":"https:\/\/somosdelprieto.com\/index.php\/wp-json\/wp\/v2\/pages\/4718","targetHints":{"allow":["GET"]}}],"collection":[{"href":"https:\/\/somosdelprieto.com\/index.php\/wp-json\/wp\/v2\/pages"}],"about":[{"href":"https:\/\/somosdelprieto.com\/index.php\/wp-json\/wp\/v2\/types\/page"}],"author":[{"embeddable":true,"href":"https:\/\/somosdelprieto.com\/index.php\/wp-json\/wp\/v2\/users\/33"}],"replies":[{"embeddable":true,"href":"https:\/\/somosdelprieto.com\/index.php\/wp-json\/wp\/v2\/comments?post=4718"}],"version-history":[{"count":2,"href":"https:\/\/somosdelprieto.com\/index.php\/wp-json\/wp\/v2\/pages\/4718\/revisions"}],"predecessor-version":[{"id":4991,"href":"https:\/\/somosdelprieto.com\/index.php\/wp-json\/wp\/v2\/pages\/4718\/revisions\/4991"}],"up":[{"embeddable":true,"href":"https:\/\/somosdelprieto.com\/index.php\/wp-json\/wp\/v2\/pages\/675"}],"wp:featuredmedia":[{"embeddable":true,"href":"https:\/\/somosdelprieto.com\/index.php\/wp-json\/wp\/v2\/media\/4990"}],"wp:attachment":[{"href":"https:\/\/somosdelprieto.com\/index.php\/wp-json\/wp\/v2\/media?parent=4718"}],"curies":[{"name":"wp","href":"https:\/\/api.w.org\/{rel}","templated":true}]}}