{"id":456,"date":"2020-05-05T14:19:04","date_gmt":"2020-05-05T12:19:04","guid":{"rendered":"https:\/\/somosdelprieto.com\/?page_id=456"},"modified":"2025-02-12T19:44:49","modified_gmt":"2025-02-12T18:44:49","slug":"departamento-de-electricidad-y-electronica","status":"publish","type":"page","link":"https:\/\/somosdelprieto.com\/index.php\/departamentos\/departamento-de-electricidad-y-electronica\/","title":{"rendered":"Departamento de Electricidad y Electr\u00f3nica."},"content":{"rendered":"\n<figure class=\"wp-block-table\"><table><tbody><tr><td><img decoding=\"async\" src=\"https:\/\/docs.google.com\/a\/iesgregorioprieto.com\/uc?id=0B8CceZEBRKdmbm1mTlIzTFRiX3c&amp;export=download\"><\/td><td><span class=\"has-inline-color has-vivid-red-color\"><strong><em>ESTUDIOS IMPARTIDOS:<\/em><\/strong><\/span><br><br>CF GRADO MEDIO:<br><a href=\"https:\/\/www.educa.jccm.es\/es\/fpclm\/ciclos-formativos-1\/tecnico-instalaciones-electricas-automaticas\" data-type=\"link\" data-id=\"https:\/\/www.educa.jccm.es\/es\/fpclm\/ciclos-formativos-1\/tecnico-instalaciones-electricas-automaticas\" target=\"_blank\" rel=\"noreferrer noopener\">T\u00e9cnico en Instalaciones El\u00e9ctricas Autom\u00e1ticas<\/a><br><a href=\"https:\/\/www.educa.jccm.es\/es\/fpclm\/ciclos-formativos-1\/tecnico-instalaciones-telecomunicaciones-1\" data-type=\"link\" data-id=\"https:\/\/www.educa.jccm.es\/es\/fpclm\/ciclos-formativos-1\/tecnico-instalaciones-telecomunicaciones-1\" target=\"_blank\" rel=\"noreferrer noopener\">T\u00e9cnico en Instalaciones de Telecomunicaciones<\/a><br><br>CF GRADO SUPERIOR:<br><a href=\"https:\/\/www.educa.jccm.es\/es\/fpclm\/ciclos-formativos-1\/tecnico-superior-sistemas-electrotecnicos-automatizados-loe\" data-type=\"link\" data-id=\"https:\/\/www.educa.jccm.es\/es\/fpclm\/ciclos-formativos-1\/tecnico-superior-sistemas-electrotecnicos-automatizados-loe\" target=\"_blank\" rel=\"noreferrer noopener\">T\u00e9cnico Superior en Sistemas Electrot\u00e9cnicos y Automatizados<\/a><br><a href=\"https:\/\/www.educa.jccm.es\/es\/fpclm\/ciclos-formativos-1\/tecnico-superior-sistemas-telecomunicaciones-informaticos-ls-formativos-de-grado-superior\/tecnico-superior-en-sistemas-de-telecomunicacion-e-informaticos\/\" data-type=\"link\" data-id=\"https:\/\/www.educa.jccm.es\/es\/fpclm\/ciclos-formativos-1\/tecnico-superior-sistemas-telecomunicaciones-informaticos-ls-formativos-de-grado-superior\/tecnico-superior-en-sistemas-de-telecomunicacion-e-informaticos\/\" target=\"_blank\" rel=\"noreferrer noopener\">T\u00e9cnico Superior en Sistemas de Telecomunicaci\u00f3n e Inform\u00e1ticos<\/a><br><br>FP B\u00e1sica:&nbsp;<br><a href=\"https:\/\/www.educa.jccm.es\/es\/fpclm\/titulos-grado-basico\/tecnico-basico-electricidad-electronica\" target=\"_blank\" rel=\"noreferrer noopener\">Electricidad y Electr\u00f3nica<\/a><\/td><td><img decoding=\"async\" src=\"https:\/\/docs.google.com\/a\/iesgregorioprieto.com\/uc?id=0B8CceZEBRKdmN2lpaElFUUtLS1U&amp;export=download\"><\/td><\/tr><\/tbody><\/table><\/figure>\n\n\n\n<figure class=\"wp-block-table is-style-regular\"><table><tbody><tr><td>MIEMBROS:<br>Cabello Martos, Jes\u00fas Alfonso<br>Crespo Ortega, Jos\u00e9 Lorenzo<br>Escudero Belmonte, Andr\u00e9s<br>Gal\u00e1n Fern\u00e1ndez, Jos\u00e9 Luis<br>Garc\u00eda C\u00e1mara, Alfonso<br>Herrera De la Cruz, Ar\u00e1nzazu<br>L\u00f3pez Fuentes, Mar\u00eda Jos\u00e9<br>M\u00e1rquez Jim\u00e9nez, Crist\u00f3bal<br>Mateos Serrano, Mar\u00eda de los \u00c1ngeles<br>Merino Jim\u00e9nez, Daniel<br><strong>Monedero Mart\u00ednez, Ignacio (JD)<\/strong><br>Ortiz Caballero, Mar\u00eda Mercedes<br>Parrilla Mart\u00ednez, Jos\u00e9 Antonio<br>S\u00e1nchez Viera, Luis Javier<br>Soc\u00edas Mullor, Alberto<br>Vizca\u00edno Ib\u00e1\u00f1ez, Francisco Agust\u00edn<\/td><td>CUERPO:<br>Profesor T\u00e9cnico EE<br>Profesor Secundaria SE<br>Profesor Secundaria SEA<br>Profesor Secundaria IE<br>Profesor Secundaria IE<br>Profesora T\u00e9cnica IE<br>Profesora T\u00e9cnica EE<br>Profesor Secundaria IE<br>Profesora Secundaria SE<br>Profesor Secundaria SEA<br>Profesor Secundaria SEA<br>Profesora Secundaria SEA<br>Profesor T\u00e9cnico EE<br>Profesor Secundaria IE<br>Profesor Secundaria SE<br>Profesor T\u00e9cnico EE<\/td><\/tr><\/tbody><\/table><\/figure>\n\n\n\n<h4 class=\"wp-block-heading\"><\/h4>\n\n\n\n<figure><\/figure>\n","protected":false},"excerpt":{"rendered":"<p>ESTUDIOS IMPARTIDOS: CF GRADO MEDIO:T\u00e9cnico en Instalaciones El\u00e9ctricas Autom\u00e1ticasT\u00e9cnico en Instalaciones de Telecomunicaciones CF GRADO SUPERIOR:T\u00e9cnico Superior en Sistemas Electrot\u00e9cnicos y AutomatizadosT\u00e9cnico Superior en Sistemas de Telecomunicaci\u00f3n e Inform\u00e1ticos FP B\u00e1sica:&nbsp;Electricidad y Electr\u00f3nica MIEMBROS:Cabello Martos, Jes\u00fas AlfonsoCrespo Ortega, Jos\u00e9 LorenzoEscudero Belmonte, Andr\u00e9sGal\u00e1n Fern\u00e1ndez, Jos\u00e9 LuisGarc\u00eda C\u00e1mara, AlfonsoHerrera De la Cruz, Ar\u00e1nzazuL\u00f3pez Fuentes, Mar\u00eda Jos\u00e9M\u00e1rquez Jim\u00e9nez, &hellip; <\/p>\n<p class=\"link-more\"><a href=\"https:\/\/somosdelprieto.com\/index.php\/departamentos\/departamento-de-electricidad-y-electronica\/\" class=\"more-link\">Continuar leyendo<span class=\"screen-reader-text\"> \u00abDepartamento de Electricidad y Electr\u00f3nica.\u00bb<\/span><\/a><\/p>\n","protected":false},"author":27,"featured_media":0,"parent":330,"menu_order":0,"comment_status":"closed","ping_status":"closed","template":"","meta":{"footnotes":""},"class_list":["post-456","page","type-page","status-publish","hentry"],"_links":{"self":[{"href":"https:\/\/somosdelprieto.com\/index.php\/wp-json\/wp\/v2\/pages\/456","targetHints":{"allow":["GET"]}}],"collection":[{"href":"https:\/\/somosdelprieto.com\/index.php\/wp-json\/wp\/v2\/pages"}],"about":[{"href":"https:\/\/somosdelprieto.com\/index.php\/wp-json\/wp\/v2\/types\/page"}],"author":[{"embeddable":true,"href":"https:\/\/somosdelprieto.com\/index.php\/wp-json\/wp\/v2\/users\/27"}],"replies":[{"embeddable":true,"href":"https:\/\/somosdelprieto.com\/index.php\/wp-json\/wp\/v2\/comments?post=456"}],"version-history":[{"count":19,"href":"https:\/\/somosdelprieto.com\/index.php\/wp-json\/wp\/v2\/pages\/456\/revisions"}],"predecessor-version":[{"id":20490,"href":"https:\/\/somosdelprieto.com\/index.php\/wp-json\/wp\/v2\/pages\/456\/revisions\/20490"}],"up":[{"embeddable":true,"href":"https:\/\/somosdelprieto.com\/index.php\/wp-json\/wp\/v2\/pages\/330"}],"wp:attachment":[{"href":"https:\/\/somosdelprieto.com\/index.php\/wp-json\/wp\/v2\/media?parent=456"}],"curies":[{"name":"wp","href":"https:\/\/api.w.org\/{rel}","templated":true}]}}