{"id":4471,"date":"2021-02-27T20:42:55","date_gmt":"2021-02-27T19:42:55","guid":{"rendered":"https:\/\/somosdelprieto.com\/?page_id=4471"},"modified":"2021-03-14T19:17:51","modified_gmt":"2021-03-14T18:17:51","slug":"proyectos-en-la-materia-de-ingles","status":"publish","type":"page","link":"https:\/\/somosdelprieto.com\/index.php\/departamentos\/departamento-de-ingles\/proyectos-en-la-materia-de-ingles\/","title":{"rendered":"Proyectos en la materia de Ingl\u00e9s"},"content":{"rendered":"\n<p class=\"text-justify\">Profesorado del Departamento de Ingl\u00e9s desarrolla diferentes tipos de proyectos multidisciplinares con su alumnado, proporcion\u00e1ndoles de este modo un aprendizaje mucho m\u00e1s significativo y conectado con la realidad.<\/p>\n\n\n\n<p class=\"text-justify\">Los proyectos STEAM (Science, Technology, Engineering, Arts and Maths) son proyectos en los que el alumnado desarrolla alg\u00fan producto digital utilizando en Ingl\u00e9s.<\/p>\n\n\n\n<p class=\"text-justify\">Los proyectos eTwinning son proyectos que se realizan en colaboraci\u00f3n con alumnado y profesorado de diferentes centros europeos. Cada proyecto trata una tem\u00e1tica diferente y tiene como finalidad la elaboraci\u00f3n de uno o varios producto,  trabajando a trav\u00e9s de grupos de alumnos\/as de diferentes nacionalidad. En cada proyecto hay un espacio de trabajo virtual, el Twinspace, s\u00f3lo accesible para el alumnado y profesorado participantes. Tambi\u00e9n es frecuente el trabajo a trav\u00e9s de videoconferencias. Nuestro departamento  acumula una gran experiencia en este tipo de proyectos, habiendo obtenido en diferentes proyectos cinco sellos de calidad nacionales y cuatro sellos de calidad europeos.<\/p>\n\n\n\n<p>Los proyectos desarrollados en el Aula del Siglo XXI tienen como fin el desarrollo de las inteligencias m\u00faltiples al proporcionar al alumnado distintos entornos de aprendizaje. El trabajo colaborativo y aut\u00f3nomo que se desarrolla en este aula convierte al alumno\/a en protagonista de su aprendizaje y al docente en su gu\u00eda y orientador. Capacidad de liderazgo y de trabajo en equipo, habilidades de expresi\u00f3n oral, creatividad y dise\u00f1o y edici\u00f3n de material audiovisual son s\u00f3lo algunas de las destrezas que se desarrollan en este tipo de proyectos.<\/p>\n\n\n\n<p class=\"text-justify\">Los proyectos Erasmus + KA229 son proyectos en colaboraci\u00f3n con otros institutos de pa\u00edses europeos que incluyen movilidades o intercambios en los pa\u00edses de los centros participantes. Cada proyecto tiene una tem\u00e1tica distinta, se desarrolla en ingl\u00e9s y  cuenta con un presupuesto para desarrollarlo, por lo que las movilidades suelen realizarse sin coste alguno para el alumnado. Tambi\u00e9n el profesorado de nuestro departamento disfruta de la posibilidad de recibir formaci\u00f3n en Europa a trav\u00e9s de los proyectos Erasmus + KA 101 y Erasmus + KA103.<\/p>\n\n\n\n<figure class=\"wp-block-gallery alignright columns-1 is-cropped wp-block-gallery-1 is-layout-flex wp-block-gallery-is-layout-flex\"><ul class=\"blocks-gallery-grid\"><li class=\"blocks-gallery-item\"><figure><img loading=\"lazy\" decoding=\"async\" width=\"242\" height=\"386\" src=\"https:\/\/somosdelprieto.com\/wp-content\/uploads\/2021\/02\/foto-Erasmus.jpg\" alt=\"Nuestro alumnado en B\u00e9lgica durante un proyecto Erasmus.\" data-id=\"4476\" class=\"wp-image-4476\" srcset=\"https:\/\/somosdelprieto.com\/wp-content\/uploads\/2021\/02\/foto-Erasmus.jpg 242w, https:\/\/somosdelprieto.com\/wp-content\/uploads\/2021\/02\/foto-Erasmus-188x300.jpg 188w\" sizes=\"auto, (max-width: 242px) 100vw, 242px\" \/><figcaption class=\"blocks-gallery-item__caption\">Nuestro alumnado viaja con Erasmus +<\/figcaption><\/figure><\/li><\/ul><\/figure>\n\n\n\n<div class=\"wp-block-group\"><div class=\"wp-block-group__inner-container is-layout-flow wp-block-group-is-layout-flow\">\n<figure class=\"wp-block-image size-medium\"><img loading=\"lazy\" decoding=\"async\" width=\"300\" height=\"169\" src=\"https:\/\/somosdelprieto.com\/wp-content\/uploads\/2021\/02\/foto-etwinning-300x169.png\" alt=\"\" class=\"wp-image-4477\" srcset=\"https:\/\/somosdelprieto.com\/wp-content\/uploads\/2021\/02\/foto-etwinning-300x169.png 300w, https:\/\/somosdelprieto.com\/wp-content\/uploads\/2021\/02\/foto-etwinning-1024x576.png 1024w, https:\/\/somosdelprieto.com\/wp-content\/uploads\/2021\/02\/foto-etwinning-768x432.png 768w, https:\/\/somosdelprieto.com\/wp-content\/uploads\/2021\/02\/foto-etwinning.png 1366w\" sizes=\"auto, (max-width: 300px) 100vw, 300px\" \/><figcaption>Una alumna durante un encuentro virtual de un proyecto eTwinning<\/figcaption><\/figure>\n\n\n\n<figure class=\"wp-block-image size-medium\"><img loading=\"lazy\" decoding=\"async\" width=\"300\" height=\"225\" src=\"https:\/\/somosdelprieto.com\/wp-content\/uploads\/2021\/03\/IMG_20210303_135011-300x225.jpg\" alt=\"\" class=\"wp-image-4715\" srcset=\"https:\/\/somosdelprieto.com\/wp-content\/uploads\/2021\/03\/IMG_20210303_135011-300x225.jpg 300w, https:\/\/somosdelprieto.com\/wp-content\/uploads\/2021\/03\/IMG_20210303_135011-1024x768.jpg 1024w, https:\/\/somosdelprieto.com\/wp-content\/uploads\/2021\/03\/IMG_20210303_135011-768x576.jpg 768w, https:\/\/somosdelprieto.com\/wp-content\/uploads\/2021\/03\/IMG_20210303_135011-1536x1152.jpg 1536w, https:\/\/somosdelprieto.com\/wp-content\/uploads\/2021\/03\/IMG_20210303_135011-2048x1536.jpg 2048w\" sizes=\"auto, (max-width: 300px) 100vw, 300px\" \/><figcaption>Alumnado de 4\u00ba de ESO en el Aula del Siglo XXI<\/figcaption><\/figure>\n<\/div><\/div>\n\n\n\n<p><\/p>\n","protected":false},"excerpt":{"rendered":"<p>Profesorado del Departamento de Ingl\u00e9s desarrolla diferentes tipos de proyectos multidisciplinares con su alumnado, proporcion\u00e1ndoles de este modo un aprendizaje mucho m\u00e1s significativo y conectado con la realidad. Los proyectos STEAM (Science, Technology, Engineering, Arts and Maths) son proyectos en los que el alumnado desarrolla alg\u00fan producto digital utilizando en Ingl\u00e9s. Los proyectos eTwinning son &hellip; <\/p>\n<p class=\"link-more\"><a href=\"https:\/\/somosdelprieto.com\/index.php\/departamentos\/departamento-de-ingles\/proyectos-en-la-materia-de-ingles\/\" class=\"more-link\">Continuar leyendo<span class=\"screen-reader-text\"> \u00abProyectos en la materia de Ingl\u00e9s\u00bb<\/span><\/a><\/p>\n","protected":false},"author":33,"featured_media":0,"parent":675,"menu_order":0,"comment_status":"closed","ping_status":"closed","template":"","meta":{"footnotes":""},"class_list":["post-4471","page","type-page","status-publish","hentry"],"_links":{"self":[{"href":"https:\/\/somosdelprieto.com\/index.php\/wp-json\/wp\/v2\/pages\/4471","targetHints":{"allow":["GET"]}}],"collection":[{"href":"https:\/\/somosdelprieto.com\/index.php\/wp-json\/wp\/v2\/pages"}],"about":[{"href":"https:\/\/somosdelprieto.com\/index.php\/wp-json\/wp\/v2\/types\/page"}],"author":[{"embeddable":true,"href":"https:\/\/somosdelprieto.com\/index.php\/wp-json\/wp\/v2\/users\/33"}],"replies":[{"embeddable":true,"href":"https:\/\/somosdelprieto.com\/index.php\/wp-json\/wp\/v2\/comments?post=4471"}],"version-history":[{"count":6,"href":"https:\/\/somosdelprieto.com\/index.php\/wp-json\/wp\/v2\/pages\/4471\/revisions"}],"predecessor-version":[{"id":4717,"href":"https:\/\/somosdelprieto.com\/index.php\/wp-json\/wp\/v2\/pages\/4471\/revisions\/4717"}],"up":[{"embeddable":true,"href":"https:\/\/somosdelprieto.com\/index.php\/wp-json\/wp\/v2\/pages\/675"}],"wp:attachment":[{"href":"https:\/\/somosdelprieto.com\/index.php\/wp-json\/wp\/v2\/media?parent=4471"}],"curies":[{"name":"wp","href":"https:\/\/api.w.org\/{rel}","templated":true}]}}