{"id":432,"date":"2020-05-05T12:21:12","date_gmt":"2020-05-05T10:21:12","guid":{"rendered":"https:\/\/somosdelprieto.com\/?page_id=432"},"modified":"2022-12-01T10:29:30","modified_gmt":"2022-12-01T09:29:30","slug":"departamento-de-agraria","status":"publish","type":"page","link":"https:\/\/somosdelprieto.com\/index.php\/departamentos\/departamento-de-agraria\/","title":{"rendered":"Departamento de Actividades agrarias"},"content":{"rendered":"\n<figure class=\"wp-block-table\"><table><tbody><tr><td><img loading=\"lazy\" decoding=\"async\" width=\"128\" height=\"128\" class=\"wp-image-433\" style=\"width: 128px\" src=\"https:\/\/somosdelprieto.com\/wp-content\/uploads\/2020\/05\/jardiner\u00eda.jpg\" alt=\"\" srcset=\"https:\/\/somosdelprieto.com\/wp-content\/uploads\/2020\/05\/jardiner\u00eda.jpg 128w, https:\/\/somosdelprieto.com\/wp-content\/uploads\/2020\/05\/jardiner\u00eda-100x100.jpg 100w\" sizes=\"auto, (max-width: 128px) 100vw, 128px\" \/><a href=\"https:\/\/sites.google.com\/a\/iesgregorioprieto.com\/web\/departamentos\/agraria\/jardiner%C3%ADa.jpg?attredirects=0\"><\/a><\/td><td><strong>MIEMBROS<\/strong><br><strong>Herrera Garc\u00eda, Crist\u00f3bal (JD)<\/strong><br>Alguacil Soriano, Sara<strong>\u00a0<\/strong><br><br><strong>ESTUDIOS<\/strong><br>Programa espec\u00edfico de FP:<br><a rel=\"noreferrer noopener\" href=\"https:\/\/sites.google.com\/a\/iesgregorioprieto.com\/web\/estudios-impartidos\/fp-basica\/fpb-al\" target=\"_blank\">Actividades auxiliares en viveros, jardines y centros de jardiner\u00eda.<\/a><\/td><\/tr><\/tbody><\/table><\/figure>\n\n\n\n<figure class=\"wp-block-embed is-type-video is-provider-youtube wp-block-embed-youtube wp-embed-aspect-4-3 wp-has-aspect-ratio\"><div class=\"wp-block-embed__wrapper\">\nhttps:\/\/youtu.be\/ywDp009IpeI\n<\/div><\/figure>\n\n\n\n<div class=\"wp-block-buttons is-layout-flex wp-block-buttons-is-layout-flex\">\n<div class=\"wp-block-button\"><a class=\"wp-block-button__link has-vivid-green-cyan-background-color has-background\" href=\"https:\/\/somosdelprieto.com\/index.php\/category\/departamentos\/agraria\/\">NOTICIAS DEL DEPARTAMENTO<\/a><\/div>\n<\/div>\n\n\n\n<div class=\"wp-block-buttons is-layout-flex wp-block-buttons-is-layout-flex\">\n<div class=\"wp-block-button\"><a class=\"wp-block-button__link has-light-green-cyan-color has-text-color\" href=\"http:\/\/somosdelprieto.blogspot.com\/search\/label\/PE%20FP%20EN%20ACTIVIDADES%20AUXILIARES%20DE%20VIVEROS%20JARDINES%20Y%20CENTROS%20DE%20JARDINER%C3%8DA\" target=\"_blank\" rel=\"noreferrer noopener\">ENTRADAS DEL ANTIGUO BLOG SOMOSDELPRIETO<\/a><\/div>\n<\/div>\n\n\n\n<p><a rel=\"noreferrer noopener\" href=\"https:\/\/somosdelprieto.com\/index.php\/tag\/mesa-hidroponica\/\" data-type=\"URL\" data-id=\"https:\/\/somosdelprieto.com\/index.php\/tag\/mesa-hidroponica\/\" target=\"_blank\">Noticias proyecto innovaci\u00f3n mesa hidrop\u00f3nica<\/a><\/p>\n\n\n\n<p><a rel=\"noreferrer noopener\" href=\"https:\/\/somosdelprieto.com\/index.php\/proyecto-dualiza-bankia-fp-empresa-invernadero-2-0\/\" data-type=\"URL\" data-id=\"https:\/\/somosdelprieto.com\/index.php\/proyecto-dualiza-bankia-fp-empresa-invernadero-2-0\/\" target=\"_blank\">Proyecto Dualiza Bankia \u00abInvernadero 2.0\u00bb<\/a><\/p>\n","protected":false},"excerpt":{"rendered":"<p>MIEMBROSHerrera Garc\u00eda, Crist\u00f3bal (JD)Alguacil Soriano, Sara\u00a0 ESTUDIOSPrograma espec\u00edfico de FP:Actividades auxiliares en viveros, jardines y centros de jardiner\u00eda. Noticias proyecto innovaci\u00f3n mesa hidrop\u00f3nica Proyecto Dualiza Bankia \u00abInvernadero 2.0\u00bb<\/p>\n","protected":false},"author":17,"featured_media":4787,"parent":330,"menu_order":0,"comment_status":"closed","ping_status":"closed","template":"","meta":{"footnotes":""},"class_list":["post-432","page","type-page","status-publish","has-post-thumbnail","hentry"],"_links":{"self":[{"href":"https:\/\/somosdelprieto.com\/index.php\/wp-json\/wp\/v2\/pages\/432","targetHints":{"allow":["GET"]}}],"collection":[{"href":"https:\/\/somosdelprieto.com\/index.php\/wp-json\/wp\/v2\/pages"}],"about":[{"href":"https:\/\/somosdelprieto.com\/index.php\/wp-json\/wp\/v2\/types\/page"}],"author":[{"embeddable":true,"href":"https:\/\/somosdelprieto.com\/index.php\/wp-json\/wp\/v2\/users\/17"}],"replies":[{"embeddable":true,"href":"https:\/\/somosdelprieto.com\/index.php\/wp-json\/wp\/v2\/comments?post=432"}],"version-history":[{"count":17,"href":"https:\/\/somosdelprieto.com\/index.php\/wp-json\/wp\/v2\/pages\/432\/revisions"}],"predecessor-version":[{"id":13032,"href":"https:\/\/somosdelprieto.com\/index.php\/wp-json\/wp\/v2\/pages\/432\/revisions\/13032"}],"up":[{"embeddable":true,"href":"https:\/\/somosdelprieto.com\/index.php\/wp-json\/wp\/v2\/pages\/330"}],"wp:featuredmedia":[{"embeddable":true,"href":"https:\/\/somosdelprieto.com\/index.php\/wp-json\/wp\/v2\/media\/4787"}],"wp:attachment":[{"href":"https:\/\/somosdelprieto.com\/index.php\/wp-json\/wp\/v2\/media?parent=432"}],"curies":[{"name":"wp","href":"https:\/\/api.w.org\/{rel}","templated":true}]}}