{"id":430,"date":"2020-08-30T11:12:00","date_gmt":"2020-08-30T09:12:00","guid":{"rendered":"https:\/\/somosdelprieto.com\/?page_id=430"},"modified":"2025-08-25T19:01:16","modified_gmt":"2025-08-25T17:01:16","slug":"departamento-de-administracion","status":"publish","type":"page","link":"https:\/\/somosdelprieto.com\/index.php\/departamentos\/departamento-de-administracion\/","title":{"rendered":""},"content":{"rendered":"\n<div class=\"wp-block-columns is-layout-flex wp-container-core-columns-is-layout-9d6595d7 wp-block-columns-is-layout-flex\">\n<div class=\"wp-block-column is-layout-flow wp-block-column-is-layout-flow\">\n<figure class=\"wp-block-image size-large\"><a href=\"https:\/\/somosdelprieto.com\/index.php\/departamentos\/departamento-de-administracion\/estudios-impartidos\/\" target=\"_blank\" rel=\"noopener\"><img loading=\"lazy\" decoding=\"async\" width=\"1024\" height=\"683\" src=\"https:\/\/somosdelprieto.com\/wp-content\/uploads\/2021\/04\/6-1024x683.jpg\" alt=\"\" class=\"wp-image-5327\" srcset=\"https:\/\/somosdelprieto.com\/wp-content\/uploads\/2021\/04\/6-1024x683.jpg 1024w, https:\/\/somosdelprieto.com\/wp-content\/uploads\/2021\/04\/6-300x200.jpg 300w, https:\/\/somosdelprieto.com\/wp-content\/uploads\/2021\/04\/6-768x512.jpg 768w, https:\/\/somosdelprieto.com\/wp-content\/uploads\/2021\/04\/6-1536x1024.jpg 1536w, https:\/\/somosdelprieto.com\/wp-content\/uploads\/2021\/04\/6-2048x1365.jpg 2048w\" sizes=\"auto, (max-width: 767px) 89vw, (max-width: 1000px) 54vw, (max-width: 1071px) 543px, 580px\" \/><\/a><figcaption class=\"wp-element-caption\"><span class=\"has-inline-color has-white-color\">AAAAAA<\/span> <strong><span class=\"has-inline-color has-black-color\"><a href=\"https:\/\/somosdelprieto.com\/index.php\/departamentos\/departamento-de-administracion\/estudios-impartidos\/\" data-type=\"URL\" data-id=\"https:\/\/somosdelprieto.com\/index.php\/departamentos\/departamento-de-administracion\/estudios-impartidos\/\" target=\"_blank\" rel=\"noreferrer noopener\">ESTUDIOS IMPARTIDOS<\/a><\/span><\/strong><\/figcaption><\/figure>\n\n\n\n<figure class=\"wp-block-image size-large\"><a href=\"https:\/\/somosdelprieto.com\/index.php\/concursos-y-premios\/\" target=\"_blank\" rel=\"noopener\"><img loading=\"lazy\" decoding=\"async\" width=\"1024\" height=\"683\" src=\"https:\/\/somosdelprieto.com\/wp-content\/uploads\/2021\/04\/20943969-1024x683.jpg\" alt=\"\" class=\"wp-image-5332\" srcset=\"https:\/\/somosdelprieto.com\/wp-content\/uploads\/2021\/04\/20943969-1024x683.jpg 1024w, https:\/\/somosdelprieto.com\/wp-content\/uploads\/2021\/04\/20943969-300x200.jpg 300w, https:\/\/somosdelprieto.com\/wp-content\/uploads\/2021\/04\/20943969-768x512.jpg 768w, https:\/\/somosdelprieto.com\/wp-content\/uploads\/2021\/04\/20943969-1536x1024.jpg 1536w, https:\/\/somosdelprieto.com\/wp-content\/uploads\/2021\/04\/20943969-2048x1365.jpg 2048w\" sizes=\"auto, (max-width: 767px) 89vw, (max-width: 1000px) 54vw, (max-width: 1071px) 543px, 580px\" \/><\/a><figcaption class=\"wp-element-caption\"><span class=\"has-inline-color has-white-color\">AAAAAA<\/span><a href=\"https:\/\/somosdelprieto.com\/index.php\/concursos-y-premios\/\" data-type=\"URL\" data-id=\"https:\/\/somosdelprieto.com\/index.php\/concursos-y-premios\/\" target=\"_blank\" rel=\"noreferrer noopener\"> <strong><span class=\"has-inline-color has-black-color\">CONCURSOS Y PREMIOS<\/span><\/strong><\/a><\/figcaption><\/figure>\n<\/div>\n\n\n\n<div class=\"wp-block-column is-layout-flow wp-block-column-is-layout-flow\">\n<figure class=\"wp-block-image size-large\"><a href=\"https:\/\/somosdelprieto.com\/index.php\/departamentos\/departamento-de-administracion\/profesorado-del-departamento\/\" target=\"_blank\" rel=\"noopener\"><img loading=\"lazy\" decoding=\"async\" width=\"1024\" height=\"683\" src=\"https:\/\/somosdelprieto.com\/wp-content\/uploads\/2021\/04\/content-african-american-manager-writing-chart-glass-board-professional-young-pretty-female-colleague-holding-document-looking-graph-conference-room-teamwork-marketing-concept-1024x683.jpg\" alt=\"\" class=\"wp-image-5328\" srcset=\"https:\/\/somosdelprieto.com\/wp-content\/uploads\/2021\/04\/content-african-american-manager-writing-chart-glass-board-professional-young-pretty-female-colleague-holding-document-looking-graph-conference-room-teamwork-marketing-concept-1024x683.jpg 1024w, https:\/\/somosdelprieto.com\/wp-content\/uploads\/2021\/04\/content-african-american-manager-writing-chart-glass-board-professional-young-pretty-female-colleague-holding-document-looking-graph-conference-room-teamwork-marketing-concept-300x200.jpg 300w, https:\/\/somosdelprieto.com\/wp-content\/uploads\/2021\/04\/content-african-american-manager-writing-chart-glass-board-professional-young-pretty-female-colleague-holding-document-looking-graph-conference-room-teamwork-marketing-concept-768x512.jpg 768w, https:\/\/somosdelprieto.com\/wp-content\/uploads\/2021\/04\/content-african-american-manager-writing-chart-glass-board-professional-young-pretty-female-colleague-holding-document-looking-graph-conference-room-teamwork-marketing-concept-1536x1024.jpg 1536w, https:\/\/somosdelprieto.com\/wp-content\/uploads\/2021\/04\/content-african-american-manager-writing-chart-glass-board-professional-young-pretty-female-colleague-holding-document-looking-graph-conference-room-teamwork-marketing-concept-2048x1366.jpg 2048w\" sizes=\"auto, (max-width: 767px) 89vw, (max-width: 1000px) 54vw, (max-width: 1071px) 543px, 580px\" \/><\/a><figcaption class=\"wp-element-caption\"> <span class=\"has-inline-color has-white-color\">AAAAAAAA<\/span><a href=\"https:\/\/somosdelprieto.com\/index.php\/departamentos\/departamento-de-administracion\/profesorado-del-departamento\/\" data-type=\"URL\" data-id=\"https:\/\/somosdelprieto.com\/index.php\/departamentos\/departamento-de-administracion\/profesorado-del-departamento\/\" target=\"_blank\" rel=\"noreferrer noopener\"> <strong><span class=\"has-inline-color has-black-color\">PROFESORADO<\/span><\/strong><\/a><\/figcaption><\/figure>\n\n\n\n<figure class=\"wp-block-image size-large\"><a href=\"https:\/\/www.instagram.com\/administracion_gprieto\/?hl=es\" target=\"_blank\" rel=\"noopener\"><img loading=\"lazy\" decoding=\"async\" width=\"1024\" height=\"683\" src=\"https:\/\/somosdelprieto.com\/wp-content\/uploads\/2021\/04\/INSTAGRAM-1024x683.jpg\" alt=\"\" class=\"wp-image-5363\" srcset=\"https:\/\/somosdelprieto.com\/wp-content\/uploads\/2021\/04\/INSTAGRAM-1024x683.jpg 1024w, https:\/\/somosdelprieto.com\/wp-content\/uploads\/2021\/04\/INSTAGRAM-300x200.jpg 300w, https:\/\/somosdelprieto.com\/wp-content\/uploads\/2021\/04\/INSTAGRAM-768x512.jpg 768w, https:\/\/somosdelprieto.com\/wp-content\/uploads\/2021\/04\/INSTAGRAM-1536x1024.jpg 1536w, https:\/\/somosdelprieto.com\/wp-content\/uploads\/2021\/04\/INSTAGRAM-2048x1365.jpg 2048w\" sizes=\"auto, (max-width: 767px) 89vw, (max-width: 1000px) 54vw, (max-width: 1071px) 543px, 580px\" \/><\/a><figcaption class=\"wp-element-caption\"><span class=\"has-inline-color has-white-color\">AAAAA<\/span><span class=\"has-inline-color has-black-color\"><a href=\"https:\/\/www.instagram.com\/administracion_gprieto\/?hl=es\" target=\"_blank\" rel=\"noreferrer noopener\"> <strong>\u00a1S\u00cdGUENOS EN INSTAGRAM!<\/strong><\/a><\/span><\/figcaption><\/figure>\n<\/div>\n\n\n\n<div class=\"wp-block-column is-layout-flow wp-block-column-is-layout-flow\">\n<figure class=\"wp-block-image size-large is-resized\"><img loading=\"lazy\" decoding=\"async\" width=\"360\" height=\"140\" src=\"https:\/\/somosdelprieto.com\/wp-content\/uploads\/2023\/10\/PRODETUR.png\" alt=\"\" class=\"wp-image-16252\" style=\"width:338px;height:130px\" srcset=\"https:\/\/somosdelprieto.com\/wp-content\/uploads\/2023\/10\/PRODETUR.png 360w, https:\/\/somosdelprieto.com\/wp-content\/uploads\/2023\/10\/PRODETUR-300x117.png 300w\" sizes=\"auto, (max-width: 360px) 100vw, 360px\" \/><figcaption class=\"wp-element-caption\"><span class=\"has-inline-color has-white-color\">AAAAAAAAA<\/span><br><br><br><a rel=\"noreferrer noopener\" href=\"https:\/\/somosdelprieto.com\/index.php\/departamentos\/departamento-de-administracion\/aula-sefed\/\" data-type=\"URL\" data-id=\"https:\/\/somosdelprieto.com\/index.php\/departamentos\/departamento-de-administracion\/aula-sefed\/\" target=\"_blank\"> <\/a><br><a rel=\"noreferrer noopener\" href=\"https:\/\/somosdelprieto.com\/index.php\/departamentos\/departamento-de-administracion\/aula-sefed\/\" data-type=\"URL\" data-id=\"https:\/\/somosdelprieto.com\/index.php\/departamentos\/departamento-de-administracion\/aula-sefed\/\" target=\"_blank\"><strong>AULA SIMULACI\u00d3N EMPRESARIAL<\/strong><\/a><\/figcaption><\/figure>\n\n\n\n<figure class=\"wp-block-image size-large\"><a href=\"https:\/\/somosdelprieto.com\/index.php\/departamentos\/departamento-de-administracion\/insercion-laboral\/\" target=\"_blank\" rel=\"noopener\"><img loading=\"lazy\" decoding=\"async\" width=\"1024\" height=\"683\" src=\"https:\/\/somosdelprieto.com\/wp-content\/uploads\/2021\/04\/INSERCION-1024x683.jpg\" alt=\"\" class=\"wp-image-5364\" srcset=\"https:\/\/somosdelprieto.com\/wp-content\/uploads\/2021\/04\/INSERCION-1024x683.jpg 1024w, https:\/\/somosdelprieto.com\/wp-content\/uploads\/2021\/04\/INSERCION-300x200.jpg 300w, https:\/\/somosdelprieto.com\/wp-content\/uploads\/2021\/04\/INSERCION-768x512.jpg 768w, https:\/\/somosdelprieto.com\/wp-content\/uploads\/2021\/04\/INSERCION-1536x1024.jpg 1536w, https:\/\/somosdelprieto.com\/wp-content\/uploads\/2021\/04\/INSERCION-2048x1365.jpg 2048w\" sizes=\"auto, (max-width: 767px) 89vw, (max-width: 1000px) 54vw, (max-width: 1071px) 543px, 580px\" \/><\/a><figcaption class=\"wp-element-caption\"><span class=\"has-inline-color has-white-color\">AAAAAAA<\/span> <strong><span class=\"has-inline-color has-black-color\"><a href=\"https:\/\/somosdelprieto.com\/index.php\/departamentos\/departamento-de-administracion\/insercion-laboral\/\" data-type=\"URL\" data-id=\"https:\/\/somosdelprieto.com\/index.php\/departamentos\/departamento-de-administracion\/insercion-laboral\/\" target=\"_blank\" rel=\"noreferrer noopener\">INSERCI\u00d3N  LABORAL<\/a><\/span><\/strong><\/figcaption><\/figure>\n<\/div>\n<\/div>\n\n\n\n<p class=\"has-text-align-center\" style=\"font-size:24px\"><a href=\"https:\/\/drive.google.com\/drive\/folders\/1qtFkPxpPo5S8rmQFBFEpAqoKyKOpJBEM\"><strong>PROGRAMACIONES DEL DEPARTAMENTO<\/strong><\/a><\/p>\n\n\n\n<figure class=\"wp-block-embed aligncenter is-type-video is-provider-youtube wp-block-embed-youtube wp-embed-aspect-16-9 wp-has-aspect-ratio\"><div class=\"wp-block-embed__wrapper\">\n<iframe loading=\"lazy\" title=\"Promoci\u00f3n Ciclo Formativo GM Gesti\u00f3n Administrativa\" width=\"525\" height=\"295\" src=\"https:\/\/www.youtube.com\/embed\/eNkkcLKy5vg?feature=oembed\" frameborder=\"0\" allow=\"accelerometer; autoplay; clipboard-write; encrypted-media; gyroscope; picture-in-picture; web-share\" referrerpolicy=\"strict-origin-when-cross-origin\" allowfullscreen><\/iframe>\n<\/div><\/figure>\n\n\n\n<p class=\"has-text-align-center has-vivid-red-color has-text-color\" style=\"font-size:12px;line-height:1.2\">NOTA: Muchas de las im\u00e1genes usadas en los apartados del departamento de Administraci\u00f3n est\u00e1n extra\u00eddas de la web <a rel=\"noreferrer noopener\" href=\"https:\/\/www.freepik.es\/\" data-type=\"URL\" data-id=\"https:\/\/www.freepik.es\/\" target=\"_blank\">freepik<\/a><\/p>\n\n\n\n<figure class=\"wp-block-embed is-type-video is-provider-youtube wp-block-embed-youtube wp-embed-aspect-4-3 wp-has-aspect-ratio\"><div class=\"wp-block-embed__wrapper\">\n<iframe loading=\"lazy\" title=\"Departamento Administraci\u00f3n del IES Gregorio Prieto\" width=\"525\" height=\"394\" src=\"https:\/\/www.youtube.com\/embed\/iensikpV3nw?feature=oembed\" frameborder=\"0\" allow=\"accelerometer; autoplay; clipboard-write; encrypted-media; gyroscope; picture-in-picture; web-share\" referrerpolicy=\"strict-origin-when-cross-origin\" allowfullscreen><\/iframe>\n<\/div><\/figure>\n","protected":false},"excerpt":{"rendered":"<p>PROGRAMACIONES DEL DEPARTAMENTO NOTA: Muchas de las im\u00e1genes usadas en los apartados del departamento de Administraci\u00f3n est\u00e1n extra\u00eddas de la web freepik<\/p>\n","protected":false},"author":8,"featured_media":15979,"parent":330,"menu_order":0,"comment_status":"closed","ping_status":"closed","template":"","meta":{"footnotes":""},"class_list":["post-430","page","type-page","status-publish","has-post-thumbnail","hentry"],"_links":{"self":[{"href":"https:\/\/somosdelprieto.com\/index.php\/wp-json\/wp\/v2\/pages\/430","targetHints":{"allow":["GET"]}}],"collection":[{"href":"https:\/\/somosdelprieto.com\/index.php\/wp-json\/wp\/v2\/pages"}],"about":[{"href":"https:\/\/somosdelprieto.com\/index.php\/wp-json\/wp\/v2\/types\/page"}],"author":[{"embeddable":true,"href":"https:\/\/somosdelprieto.com\/index.php\/wp-json\/wp\/v2\/users\/8"}],"replies":[{"embeddable":true,"href":"https:\/\/somosdelprieto.com\/index.php\/wp-json\/wp\/v2\/comments?post=430"}],"version-history":[{"count":135,"href":"https:\/\/somosdelprieto.com\/index.php\/wp-json\/wp\/v2\/pages\/430\/revisions"}],"predecessor-version":[{"id":22141,"href":"https:\/\/somosdelprieto.com\/index.php\/wp-json\/wp\/v2\/pages\/430\/revisions\/22141"}],"up":[{"embeddable":true,"href":"https:\/\/somosdelprieto.com\/index.php\/wp-json\/wp\/v2\/pages\/330"}],"wp:featuredmedia":[{"embeddable":true,"href":"https:\/\/somosdelprieto.com\/index.php\/wp-json\/wp\/v2\/media\/15979"}],"wp:attachment":[{"href":"https:\/\/somosdelprieto.com\/index.php\/wp-json\/wp\/v2\/media?parent=430"}],"curies":[{"name":"wp","href":"https:\/\/api.w.org\/{rel}","templated":true}]}}