{"id":4132,"date":"2021-02-11T10:00:41","date_gmt":"2021-02-11T09:00:41","guid":{"rendered":"https:\/\/somosdelprieto.com\/?page_id=4132"},"modified":"2025-11-12T09:59:21","modified_gmt":"2025-11-12T08:59:21","slug":"solicitud-titulos-fp1-y-fp2-exclusivamente","status":"publish","type":"page","link":"https:\/\/somosdelprieto.com\/index.php\/solicitud-titulos-fp1-y-fp2-exclusivamente\/","title":{"rendered":"Solicitud T\u00edtulos (FP1 y FP2 exclusivamente)"},"content":{"rendered":"<div class=\"wp-block-image is-resized\">\n<figure class=\"aligncenter size-large\"><img loading=\"lazy\" decoding=\"async\" width=\"869\" height=\"386\" src=\"https:\/\/somosdelprieto.com\/wp-content\/uploads\/2021\/02\/t\u00edtulos-FP1-y-FP2.jpg\" alt=\"\" class=\"wp-image-4217\" srcset=\"https:\/\/somosdelprieto.com\/wp-content\/uploads\/2021\/02\/t\u00edtulos-FP1-y-FP2.jpg 869w, https:\/\/somosdelprieto.com\/wp-content\/uploads\/2021\/02\/t\u00edtulos-FP1-y-FP2-300x133.jpg 300w, https:\/\/somosdelprieto.com\/wp-content\/uploads\/2021\/02\/t\u00edtulos-FP1-y-FP2-768x341.jpg 768w\" sizes=\"auto, (max-width: 767px) 89vw, (max-width: 1000px) 54vw, (max-width: 1071px) 543px, 580px\" \/><\/figure>\n<\/div>\n\n\n<p>El alumnado qu<strong>e haya finalizado estudios<\/strong> de <strong>FP1<\/strong> o <strong>FP2<\/strong> puede solicitar el t\u00edtulo correspondiente y pagar la tasa 059, rellenando el <strong><span style=\"color:#2709e7\" class=\"has-inline-color\">modelo 790<\/span><\/strong>. As\u00ed mismo, el alumnado que <strong>quiera solicitar un duplicado de estos estudios<\/strong> tiene que seguir el mismo procedimiento.<\/p>\n\n\n\n<p>Despu\u00e9s de cumplimentarlo y pagar (de forma telem\u00e1tica o presencial en el banco),&nbsp;<strong>es necesario enviar el modelo 790 rellenado y el justificante de pago<\/strong>, o a trav\u00e9s del correo electr\u00f3nico&nbsp;<a href=\"mailto:13003336.ies@educastillalamancha.es\">13003336.ies@educastillalamancha.es<\/a>&nbsp;(preferiblemente) o de forma presencial en secretar\u00eda.&nbsp;<strong>En caso de ser familia numerosa, tambi\u00e9n tendr\u00e1n que enviar el documento acreditativo<\/strong>&nbsp;de tal condici\u00f3n (tarjeta familia numerosa).<\/p>\n\n\n\n<p><strong><span class=\"has-inline-color has-luminous-vivid-orange-color\">IMPORTANTE:<\/span><\/strong> para poder realizar cualquier tr\u00e1mite por correo electr\u00f3nico es necesario <strong>adjuntar <\/strong>a la solicitud, el <strong>DNI del interesado<\/strong> escaneado por las dos caras.<\/p>\n\n\n\n<p class=\"has-vivid-red-color has-text-color has-medium-font-size\"><strong>GU\u00cdA PARA LA CUMPLIMENTACI\u00d3N Y PAGO DEL MODELO 790<\/strong><\/p>\n\n\n\n<p>El modelo <strong>modelo 790<\/strong> se encuentra en la siguiente direcci\u00f3n: <a rel=\"noreferrer noopener\" href=\"https:\/\/sede.administracionespublicas.gob.es\/pagina\/index\/directorio\/tasa059\" target=\"_blank\">https:\/\/sede.administracionespublicas.gob.es\/pagina\/index\/directorio\/tasa059<\/a><\/p>\n\n\n\n<p><strong>1)<\/strong> Tras pinchar en el enlace anterior, accedemos a la web del Ministerio. Aqu\u00ed se explica el proceso y da la posibilidad de rellenar el formulario de <strong>2 formas distintas<\/strong>, en funci\u00f3n de si vamos a realizar el pago de <strong>forma electr\u00f3nica<\/strong> o <strong>presencial<\/strong> en una entidad bancaria.<\/p>\n\n\n<div class=\"wp-block-image is-resized\">\n<figure class=\"aligncenter size-large\"><img loading=\"lazy\" decoding=\"async\" width=\"793\" height=\"741\" src=\"https:\/\/somosdelprieto.com\/wp-content\/uploads\/2021\/02\/tasa-059.jpg\" alt=\"\" class=\"wp-image-4228\" srcset=\"https:\/\/somosdelprieto.com\/wp-content\/uploads\/2021\/02\/tasa-059.jpg 793w, https:\/\/somosdelprieto.com\/wp-content\/uploads\/2021\/02\/tasa-059-300x280.jpg 300w, https:\/\/somosdelprieto.com\/wp-content\/uploads\/2021\/02\/tasa-059-768x718.jpg 768w\" sizes=\"auto, (max-width: 767px) 89vw, (max-width: 1000px) 54vw, (max-width: 1071px) 543px, 580px\" \/><\/figure>\n<\/div>\n\n\n<p><strong>2)<\/strong> Despu\u00e9s de utilizar cualquiera de las 2 opciones anteriores, hay que elegir la provincia en la que queremos presentar la solicitud. <\/p>\n\n\n<div class=\"wp-block-image\">\n<figure class=\"aligncenter size-large is-resized\"><img loading=\"lazy\" decoding=\"async\" width=\"993\" height=\"363\" src=\"https:\/\/somosdelprieto.com\/wp-content\/uploads\/2021\/02\/provincia.jpg\" alt=\"\" class=\"wp-image-4234\" style=\"width:745px;height:272px\" srcset=\"https:\/\/somosdelprieto.com\/wp-content\/uploads\/2021\/02\/provincia.jpg 993w, https:\/\/somosdelprieto.com\/wp-content\/uploads\/2021\/02\/provincia-300x110.jpg 300w, https:\/\/somosdelprieto.com\/wp-content\/uploads\/2021\/02\/provincia-768x281.jpg 768w\" sizes=\"auto, (max-width: 767px) 89vw, (max-width: 1000px) 54vw, (max-width: 1071px) 543px, 580px\" \/><\/figure>\n<\/div>\n\n\n<p><strong>3)<\/strong> Tras lo anterior, aparece el formulario 790. Dicho formulario, se divide en varios campos. El primer campo, <strong>\u00abIdentificaci\u00f3n\u00bb<\/strong>, se ha de rellenar con los datos de la persona <strong>que ha titulado<\/strong>.<\/p>\n\n\n<div class=\"wp-block-image\">\n<figure class=\"aligncenter size-large is-resized\"><img loading=\"lazy\" decoding=\"async\" width=\"1024\" height=\"297\" src=\"https:\/\/somosdelprieto.com\/wp-content\/uploads\/2021\/02\/identificaci\u00f3n-1024x297.jpg\" alt=\"\" class=\"wp-image-4236\" style=\"width:1024px;height:297px\" srcset=\"https:\/\/somosdelprieto.com\/wp-content\/uploads\/2021\/02\/identificaci\u00f3n-1024x297.jpg 1024w, https:\/\/somosdelprieto.com\/wp-content\/uploads\/2021\/02\/identificaci\u00f3n-300x87.jpg 300w, https:\/\/somosdelprieto.com\/wp-content\/uploads\/2021\/02\/identificaci\u00f3n-768x223.jpg 768w, https:\/\/somosdelprieto.com\/wp-content\/uploads\/2021\/02\/identificaci\u00f3n.jpg 1264w\" sizes=\"auto, (max-width: 767px) 89vw, (max-width: 1000px) 54vw, (max-width: 1071px) 543px, 580px\" \/><\/figure>\n<\/div>\n\n\n<p><strong>4)<\/strong> El campo \u00abAutoliquidaci\u00f3n\u00bb, se divide en esta gu\u00eda en 2 partes para su mejor explicaci\u00f3n.<\/p>\n\n\n\n<p><strong>4.1)<\/strong> En la primera parte de este campo, hay que rellenar los valores marcados con asterisco por ser de obligado cumplimiento. Se rellenar\u00e1n seg\u00fan el nivel de estudios, sea FP1 o FP2.<\/p>\n\n\n<div class=\"wp-block-image is-resized\">\n<figure class=\"aligncenter size-large\"><img loading=\"lazy\" decoding=\"async\" width=\"1024\" height=\"207\" src=\"https:\/\/somosdelprieto.com\/wp-content\/uploads\/2021\/02\/autoliquidaci\u00f3n-1-1024x207.jpg\" alt=\"\" class=\"wp-image-4242\" srcset=\"https:\/\/somosdelprieto.com\/wp-content\/uploads\/2021\/02\/autoliquidaci\u00f3n-1-1024x207.jpg 1024w, https:\/\/somosdelprieto.com\/wp-content\/uploads\/2021\/02\/autoliquidaci\u00f3n-1-300x61.jpg 300w, https:\/\/somosdelprieto.com\/wp-content\/uploads\/2021\/02\/autoliquidaci\u00f3n-1-768x155.jpg 768w, https:\/\/somosdelprieto.com\/wp-content\/uploads\/2021\/02\/autoliquidaci\u00f3n-1.jpg 1264w\" sizes=\"auto, (max-width: 767px) 89vw, (max-width: 1000px) 54vw, (max-width: 1071px) 543px, 580px\" \/><\/figure>\n<\/div>\n\n\n<ol class=\"wp-block-list\">\n<li>T\u00edtulo de (*): En el caso de <strong>FP1<\/strong>, hay que teclear \u00ab<strong>T\u00e9cnico Auxiliar<\/strong>\u00ab. En el caso de <strong>FP2<\/strong>, teclea \u00ab<strong>T\u00e9cnico Especialista<\/strong>\u00ab<\/li>\n\n\n\n<li>Especialidad (*): Aqu\u00ed teclee la especialidad <strong>que corresponda<\/strong>. Por ejemplo \u00absanitaria\u00bb.<\/li>\n\n\n\n<li>Dependencias en las que se retirar\u00e1 el t\u00edtulo (*): Teclee \u00ab<strong>IES Gregorio Prieto<\/strong>\u00ab<\/li>\n<\/ol>\n\n\n\n<p><strong>4.2)<\/strong> En la segunda parte de este campo, hay que seleccionar varios desplegables:<\/p>\n\n\n\n<ul class=\"wp-block-list\">\n<li>En el primer desplegable, se seleccionar\u00e1 \u00ab<strong>T\u00edtulos No Universitarios<\/strong>\u00ab.<\/li>\n\n\n\n<li>En el segundo desplegable, se seleccionar\u00e1 para <strong>FP1<\/strong> la opci\u00f3n \u00ab<strong>T\u00edtulo Oficial Industrial; T\u00e9cnico Auxiliar FP-1; T\u00edtulo t\u00e9cn&#8230;<\/strong>\u00ab. Mientras que para <strong>FP2<\/strong> la opci\u00f3n a seleccionar ser\u00e1 \u00ab<strong>T\u00edtulo Maestr\u00eda Industrial; T\u00e9cnico Especialista FP-2; T\u00edtulos T\u00e9cn&#8230;<\/strong>\u00ab<\/li>\n\n\n\n<li>En los botones de opci\u00f3n de \u00ab<strong>Tarifa<\/strong>\u00bb marcar si se cumple la condici\u00f3n de familia numerosa o la exenci\u00f3n de pago. En caso de no darse ninguna de estas situaciones, dejar marcada la opci\u00f3n \u00abnormal\u00bb.<\/li>\n<\/ul>\n\n\n\n<p class=\"has-luminous-vivid-amber-background-color has-background\" style=\"font-size:27px\">-En caso de solicitar un <strong>duplicado<\/strong> del t\u00edtulo, marcar la \u00faltima opci\u00f3n \u00abduplicado\u00bb.<\/p>\n\n\n<div class=\"wp-block-image\">\n<figure class=\"aligncenter size-large is-resized\"><img loading=\"lazy\" decoding=\"async\" width=\"1024\" height=\"474\" src=\"https:\/\/somosdelprieto.com\/wp-content\/uploads\/2021\/02\/autoliquidaci\u00f3n-2-1024x474.jpg\" alt=\"\" class=\"wp-image-4388\" style=\"width:1024px;height:474px\" srcset=\"https:\/\/somosdelprieto.com\/wp-content\/uploads\/2021\/02\/autoliquidaci\u00f3n-2-1024x474.jpg 1024w, https:\/\/somosdelprieto.com\/wp-content\/uploads\/2021\/02\/autoliquidaci\u00f3n-2-300x139.jpg 300w, https:\/\/somosdelprieto.com\/wp-content\/uploads\/2021\/02\/autoliquidaci\u00f3n-2-768x355.jpg 768w, https:\/\/somosdelprieto.com\/wp-content\/uploads\/2021\/02\/autoliquidaci\u00f3n-2.jpg 1265w\" sizes=\"auto, (max-width: 767px) 89vw, (max-width: 1000px) 54vw, (max-width: 1071px) 543px, 580px\" \/><\/figure>\n<\/div>\n\n\n<p>Finalmente, hay que rellenar el <strong>c\u00f3digo captcha<\/strong> que aparece en la parte inferior izquierda. Adem\u00e1s, debe rellanar los datos necesarios para realizar el pago de las tasas y la obtenci\u00f3n del documento.<\/p>\n\n\n\n<p class=\"has-medium-font-size\"><strong><span class=\"has-inline-color has-vivid-red-color\">SE RECUERDA<\/span><\/strong><\/p>\n\n\n\n<p>Despu\u00e9s de cumplimentar el modelo y pagar (de forma telem\u00e1tica o presencial en el banco), <strong>es necesario enviar el modelo 790 y el  justificante de pago<\/strong>, o a trav\u00e9s del correo electr\u00f3nico <a href=\"mailto:13003336.ies@educastillalamancha.es\">13003336.ies@educastillalamancha.es<\/a> (preferiblemente) o de forma presencial en secretar\u00eda. <strong>En caso de ser familia numerosa, tambi\u00e9n tendr\u00e1n que enviar el documento acreditativo<\/strong> de tal condici\u00f3n (tarjeta familia numerosa).<\/p>\n\n\n\n<p><strong><mark class=\"has-inline-color has-luminous-vivid-orange-color\">IMPORTANTE<\/mark><\/strong><span class=\"has-inline-color has-vivid-cyan-blue-color\">:<\/span> Una vez que el\u00a0<strong>t\u00edtulo llegue al instituto<\/strong>,\u00a0<strong>avisaremos\u00a0<\/strong>a cada interesado mediante\u00a0<strong>correo electr\u00f3nico<\/strong>.<\/p>\n\n\n\n<p class=\"has-medium-font-size\"><strong><mark class=\"has-inline-color has-vivid-cyan-blue-color\">RECOGIDA DEL T\u00cdTULO O DUPLICADO:<\/mark><\/strong><\/p>\n\n\n\n<p>El interesado podr\u00e1 recoger su t\u00edtulo en la Secretar\u00eda del centro <strong>presentando su DNI<\/strong>.<\/p>\n\n\n\n<p>En caso de que el interesado no pueda recoger su t\u00edtulo, puede autorizar a otra persona. Esa persona autorizada deber\u00e1 venir con su DNI y presentar una copia del DNI del interesado as\u00ed como el siguiente modelo de autorizaci\u00f3n firmado:<\/p>\n\n\n\n<div data-wp-interactive=\"core\/file\" class=\"wp-block-file\"><object data-wp-bind--hidden=\"!state.hasPdfPreview\" hidden class=\"wp-block-file__embed\" data=\"https:\/\/somosdelprieto.com\/wp-content\/uploads\/2025\/11\/Autorizacion-recogida-de-titulo-2.pdf\" type=\"application\/pdf\" style=\"width:100%;height:600px\" aria-label=\"Incrustado de Autorizaci\u00f3n recogida de t\u00edtulo.\"><\/object><a id=\"wp-block-file--media-440f4ae4-5972-4c2e-a927-7b1aa53d650c\" href=\"https:\/\/somosdelprieto.com\/wp-content\/uploads\/2025\/11\/Autorizacion-recogida-de-titulo-2.pdf\">Autorizaci\u00f3n recogida de t\u00edtulo<\/a><a href=\"https:\/\/somosdelprieto.com\/wp-content\/uploads\/2025\/11\/Autorizacion-recogida-de-titulo-2.pdf\" class=\"wp-block-file__button wp-element-button\" download aria-describedby=\"wp-block-file--media-440f4ae4-5972-4c2e-a927-7b1aa53d650c\">Descarga<\/a><\/div>\n\n\n\n<p><\/p>\n\n\n\n<p><\/p>\n","protected":false},"excerpt":{"rendered":"<p>El alumnado que haya finalizado estudios de FP1 o FP2 puede solicitar el t\u00edtulo correspondiente y pagar la tasa 059, rellenando el modelo 790. As\u00ed mismo, el alumnado que quiera solicitar un duplicado de estos estudios tiene que seguir el mismo procedimiento. Despu\u00e9s de cumplimentarlo y pagar (de forma telem\u00e1tica o presencial en el banco),&nbsp;es &hellip; <\/p>\n<p class=\"link-more\"><a href=\"https:\/\/somosdelprieto.com\/index.php\/solicitud-titulos-fp1-y-fp2-exclusivamente\/\" class=\"more-link\">Continuar leyendo<span class=\"screen-reader-text\"> \u00abSolicitud T\u00edtulos (FP1 y FP2 exclusivamente)\u00bb<\/span><\/a><\/p>\n","protected":false},"author":53,"featured_media":0,"parent":0,"menu_order":0,"comment_status":"closed","ping_status":"closed","template":"","meta":{"footnotes":""},"class_list":["post-4132","page","type-page","status-publish","hentry"],"_links":{"self":[{"href":"https:\/\/somosdelprieto.com\/index.php\/wp-json\/wp\/v2\/pages\/4132","targetHints":{"allow":["GET"]}}],"collection":[{"href":"https:\/\/somosdelprieto.com\/index.php\/wp-json\/wp\/v2\/pages"}],"about":[{"href":"https:\/\/somosdelprieto.com\/index.php\/wp-json\/wp\/v2\/types\/page"}],"author":[{"embeddable":true,"href":"https:\/\/somosdelprieto.com\/index.php\/wp-json\/wp\/v2\/users\/53"}],"replies":[{"embeddable":true,"href":"https:\/\/somosdelprieto.com\/index.php\/wp-json\/wp\/v2\/comments?post=4132"}],"version-history":[{"count":47,"href":"https:\/\/somosdelprieto.com\/index.php\/wp-json\/wp\/v2\/pages\/4132\/revisions"}],"predecessor-version":[{"id":22602,"href":"https:\/\/somosdelprieto.com\/index.php\/wp-json\/wp\/v2\/pages\/4132\/revisions\/22602"}],"wp:attachment":[{"href":"https:\/\/somosdelprieto.com\/index.php\/wp-json\/wp\/v2\/media?parent=4132"}],"curies":[{"name":"wp","href":"https:\/\/api.w.org\/{rel}","templated":true}]}}