{"id":278,"date":"2020-05-07T11:25:23","date_gmt":"2020-05-07T09:25:23","guid":{"rendered":"http:\/\/somosdelprieto.com\/?page_id=278"},"modified":"2022-10-11T20:04:31","modified_gmt":"2022-10-11T18:04:31","slug":"estudios","status":"publish","type":"page","link":"https:\/\/somosdelprieto.com\/index.php\/estudios\/","title":{"rendered":"Estudios"},"content":{"rendered":"<div class=\"container\">\n<div class=\"card-group\">\n<div class=\"row\"><!-- card -->\n<p>\u00a0<\/p>\n<div class=\"text-center my-3 col-12 col-sm-3 col-md-3 col-lg-3 col-xl-3\">\n<div class=\"card border-0 h-100\">\n<p><a href=\"https:\/\/somosdelprieto.com\/index.php\/estudios\/eso\/\"><img loading=\"lazy\" decoding=\"async\" class=\"card-img-top alignnone\" src=\"https:\/\/somosdelprieto.com\/wp-content\/uploads\/2020\/07\/LOGO-GENERAL-IES-GREGORIO-PRIETO-FONDO-BLANCO.png\" alt=\"imagen\" width=\"500\" height=\"500\" \/><\/a><\/p>\n<div class=\"card-body\">\n<h3 class=\"card-title\"><a href=\"https:\/\/somosdelprieto.com\/index.php\/estudios\/eso\/\">ESO<\/a><\/h3>\n<p class=\"card-text\">\u00a0<\/p>\n<\/div>\n<\/div>\n<\/div>\n<p><!-- fin card --><br \/><!-- card --><\/p>\n<div class=\"text-center my-3 col-12 col-sm-3 col-md-3 col-lg-3 col-xl-3\">\n<div class=\"card border-0 h-100\">\n<p><a href=\"https:\/\/somosdelprieto.com\/index.php\/portada\/proyectos-2\/british\/\" target=\"_blank\" rel=\"noopener noreferrer\"><img loading=\"lazy\" decoding=\"async\" class=\"card-img-top alignnone\" src=\"https:\/\/somosdelprieto.com\/wp-content\/uploads\/2020\/07\/logoESOBilingue-2.png\" alt=\"imagen\" width=\"500\" height=\"500\" \/><\/a><\/p>\n<div class=\"card-body\">\n<h3 class=\"card-title\"><a href=\"https:\/\/somosdelprieto.com\/index.php\/portada\/proyectos-2\/british\/\">ESO Biling\u00fce<\/a><\/h3>\n<p class=\"card-text\">\u00a0<\/p>\n<\/div>\n<\/div>\n<\/div>\n<p>\u00a0<\/p>\n<div class=\"text-center my-3 col-12 col-sm-3 col-md-3 col-lg-3 col-xl-3\">\n<div class=\"card border-0 h-100\">\n<p><a href=\"https:\/\/somosdelprieto.com\/index.php\/estudios\/bachillerato\/\"><img loading=\"lazy\" decoding=\"async\" class=\"card-img-top alignnone\" src=\"https:\/\/somosdelprieto.com\/wp-content\/uploads\/2020\/07\/LogoBachilleratoIESGP-1.png\" alt=\"imagen\" width=\"500\" height=\"500\" \/><\/a><\/p>\n<div class=\"card-body\">\n<h3 class=\"card-title\"><a href=\"https:\/\/somosdelprieto.com\/index.php\/estudios\/bachillerato\/\">Bachillerato<\/a><\/h3>\n<p class=\"card-text\">\u00a0<\/p>\n<\/div>\n<\/div>\n<\/div>\n<p><!-- fin card --><br \/><!-- card --><\/p>\n<div class=\"text-center my-3 col-12 col-sm-3 col-md-3 col-lg-3 col-xl-3\">\n<div class=\"card border-0 h-100\">\n<p><a href=\"https:\/\/somosdelprieto.com\/index.php\/fp-basica\/\" target=\"_blank\" rel=\"noopener noreferrer\"><img loading=\"lazy\" decoding=\"async\" class=\"card-img-top alignnone\" src=\"https:\/\/somosdelprieto.com\/wp-content\/uploads\/2020\/07\/logo-IESGP-FP.png\" alt=\"imagen\" width=\"500\" height=\"500\" \/><\/a><\/p>\n<div class=\"card-body\">\n<h3 class=\"card-title\"><a href=\"https:\/\/somosdelprieto.com\/index.php\/estudios\/fp-basica\/\">Ciclos Formativos de Grado B\u00e1sico<\/a><\/h3>\n<p class=\"card-text\">\u00a0<\/p>\n<\/div>\n<\/div>\n<\/div>\n<p><!-- fin card --><br \/><!-- card --><\/p>\n<div class=\"text-center my-3 col-12 col-sm-3 col-md-3 col-lg-3 col-xl-3\">\n<div class=\"card border-0 h-100\">\n<p><a href=\"https:\/\/somosdelprieto.com\/index.php\/ciclos-formativos-de-grado-medio\/\" target=\"_blank\" rel=\"noopener noreferrer\"><img loading=\"lazy\" decoding=\"async\" class=\"card-img-top alignnone\" src=\"https:\/\/somosdelprieto.com\/wp-content\/uploads\/2020\/07\/logo-IESGP-FP.png\" alt=\"imagen\" width=\"500\" height=\"500\" \/><\/a><\/p>\n<div class=\"card-body\">\n<h3 class=\"card-title\"><a href=\"https:\/\/somosdelprieto.com\/index.php\/ciclos-formativos-de-grado-medio\/\">Ciclos Formativos de Grado Medio<\/a><\/h3>\n<p class=\"card-text\">\u00a0<\/p>\n<\/div>\n<\/div>\n<\/div>\n<p><!-- fin card --><br \/><!-- card --><\/p>\n<div class=\"text-center my-3 col-12 col-sm-3 col-md-3 col-lg-3 col-xl-3\">\n<div class=\"card border-0 h-100\">\n<p><a href=\"https:\/\/somosdelprieto.com\/index.php\/ciclos-formativos-de-grado-superior\/\" target=\"_blank\" rel=\"noopener noreferrer\"><img loading=\"lazy\" decoding=\"async\" class=\"card-img-top alignnone\" src=\"https:\/\/somosdelprieto.com\/wp-content\/uploads\/2020\/07\/logo-IESGP-FP.png\" alt=\"imagen\" width=\"500\" height=\"500\" \/><\/a><\/p>\n<div class=\"card-body\">\n<h3 class=\"card-title\"><a href=\"https:\/\/somosdelprieto.com\/index.php\/ciclos-formativos-de-grado-superior\/\">Ciclos Formativos de Grado Superior<\/a><\/h3>\n<p class=\"card-text\">\u00a0<\/p>\n<\/div>\n<\/div>\n<\/div>\n<p><!-- fin card --><br \/><!-- card --><\/p>\n<div class=\"text-center my-3 col-12 col-sm-3 col-md-3 col-lg-3 col-xl-3\">\n<div class=\"card border-0 h-100\"><a href=\"https:\/\/somosdelprieto.com\/index.php\/e-learning\"><img decoding=\"async\" class=\"card-img-top\" src=\"https:\/\/somosdelprieto.com\/wp-content\/uploads\/2020\/07\/logo-IESGP-FP.png\" alt=\"imagen\" \/><br \/><\/a>\n<p>\u00a0<\/p>\n<p><a style=\"font-size: 1.125rem;\" href=\"https:\/\/somosdelprieto.com\/index.php\/estudios\/e-learning\/\">Curso de acceso a CFGS (modalidad e-learning)<\/a><\/p>\n<div class=\"card-body\">\n<p class=\"card-text\">\u00a0<\/p>\n<\/div>\n<\/div>\n<\/div>\n<p><!-- fin card --><\/p>\n<\/div>\n<\/div>\n<\/div>\n\n\n<p><\/p>\n\n\n\n<p><strong>CURSO 2022\/2023<\/strong><\/p>\n\n\n\n<p>En este centro educativo se imparten Ciclos Formativos de Formaci\u00f3n Profesional en modalidad biling\u00fce, financiados por el Mecanismo de Recuperaci\u00f3n y Resiliencia de la Uni\u00f3n Europea \u00abNextGenerationEU\u00bb.<\/p>\n\n\n\n<figure class=\"wp-block-image size-large is-resized\"><img loading=\"lazy\" decoding=\"async\" src=\"https:\/\/somosdelprieto.com\/wp-content\/uploads\/2022\/10\/COFINANCIACION-Mecanismo-de-Recuperacion-y-Resiliencia-de-la-Union-Europea-NextGenerationEU-1.jpg\" alt=\"\" class=\"wp-image-12762\" width=\"995\" height=\"100\" srcset=\"https:\/\/somosdelprieto.com\/wp-content\/uploads\/2022\/10\/COFINANCIACION-Mecanismo-de-Recuperacion-y-Resiliencia-de-la-Union-Europea-NextGenerationEU-1.jpg 928w, https:\/\/somosdelprieto.com\/wp-content\/uploads\/2022\/10\/COFINANCIACION-Mecanismo-de-Recuperacion-y-Resiliencia-de-la-Union-Europea-NextGenerationEU-1-300x30.jpg 300w, https:\/\/somosdelprieto.com\/wp-content\/uploads\/2022\/10\/COFINANCIACION-Mecanismo-de-Recuperacion-y-Resiliencia-de-la-Union-Europea-NextGenerationEU-1-768x78.jpg 768w\" sizes=\"auto, (max-width: 767px) 89vw, (max-width: 1000px) 54vw, (max-width: 1071px) 543px, 580px\" \/><\/figure>\n","protected":false},"excerpt":{"rendered":"<p>\u00a0 ESO \u00a0 ESO Biling\u00fce \u00a0 \u00a0 Bachillerato \u00a0 Ciclos Formativos de Grado B\u00e1sico \u00a0 Ciclos Formativos de Grado Medio \u00a0 Ciclos Formativos de Grado Superior \u00a0 \u00a0 Curso de acceso a CFGS (modalidad e-learning) \u00a0 CURSO 2022\/2023 En este centro educativo se imparten Ciclos Formativos de Formaci\u00f3n Profesional en modalidad biling\u00fce, financiados por el &hellip; <\/p>\n<p class=\"link-more\"><a href=\"https:\/\/somosdelprieto.com\/index.php\/estudios\/\" class=\"more-link\">Continuar leyendo<span class=\"screen-reader-text\"> \u00abEstudios\u00bb<\/span><\/a><\/p>\n","protected":false},"author":3,"featured_media":0,"parent":0,"menu_order":0,"comment_status":"closed","ping_status":"closed","template":"","meta":{"footnotes":""},"class_list":["post-278","page","type-page","status-publish","hentry"],"_links":{"self":[{"href":"https:\/\/somosdelprieto.com\/index.php\/wp-json\/wp\/v2\/pages\/278","targetHints":{"allow":["GET"]}}],"collection":[{"href":"https:\/\/somosdelprieto.com\/index.php\/wp-json\/wp\/v2\/pages"}],"about":[{"href":"https:\/\/somosdelprieto.com\/index.php\/wp-json\/wp\/v2\/types\/page"}],"author":[{"embeddable":true,"href":"https:\/\/somosdelprieto.com\/index.php\/wp-json\/wp\/v2\/users\/3"}],"replies":[{"embeddable":true,"href":"https:\/\/somosdelprieto.com\/index.php\/wp-json\/wp\/v2\/comments?post=278"}],"version-history":[{"count":39,"href":"https:\/\/somosdelprieto.com\/index.php\/wp-json\/wp\/v2\/pages\/278\/revisions"}],"predecessor-version":[{"id":12768,"href":"https:\/\/somosdelprieto.com\/index.php\/wp-json\/wp\/v2\/pages\/278\/revisions\/12768"}],"wp:attachment":[{"href":"https:\/\/somosdelprieto.com\/index.php\/wp-json\/wp\/v2\/media?parent=278"}],"curies":[{"name":"wp","href":"https:\/\/api.w.org\/{rel}","templated":true}]}}