{"id":2520,"date":"2020-12-16T10:52:03","date_gmt":"2020-12-16T09:52:03","guid":{"rendered":"https:\/\/somosdelprieto.com\/?page_id=2520"},"modified":"2025-11-12T10:23:50","modified_gmt":"2025-11-12T09:23:50","slug":"simultaneidad-de-estudios","status":"publish","type":"page","link":"https:\/\/somosdelprieto.com\/index.php\/secretaria\/simultaneidad-de-estudios\/","title":{"rendered":"Simultaneidad de Estudios"},"content":{"rendered":"<div class=\"wp-block-image\">\n<figure class=\"aligncenter size-large is-resized\"><img decoding=\"async\" src=\"https:\/\/somosdelprieto.com\/wp-content\/uploads\/2020\/12\/simultaneidad.jpg\" alt=\"\" class=\"wp-image-2842\" style=\"width:730px;height:276px\" \/><\/figure>\n<\/div>\n\n\n<div class=\"wp-block-file\"><a href=\"https:\/\/somosdelprieto.com\/wp-content\/uploads\/2020\/12\/Simultaneidad-Estudios.pdf\" target=\"_blank\" rel=\"noreferrer noopener\">Simultaneidad Estudios<\/a><a href=\"https:\/\/somosdelprieto.com\/wp-content\/uploads\/2020\/12\/Simultaneidad-Estudios.pdf\" class=\"wp-block-file__button wp-element-button\" download>Descarga<\/a><\/div>\n\n\n\n<p>Tras la descarga y cumplimentaci\u00f3n de la solicitud (<strong>no olvidar firmarla<\/strong>), se enviar\u00e1 a Secretar\u00eda a trav\u00e9s del correo electr\u00f3nico&nbsp;<a href=\"mailto:13003336.ies@educastillalamancha.es\">13003336.ies@educastillalamancha.es<\/a>&nbsp;o de forma presencial, para su tramitaci\u00f3n.<\/p>\n\n\n\n<p><strong><span class=\"has-inline-color has-luminous-vivid-orange-color\">IMPORTANTE<\/span><\/strong>. A la solicitud se adjuntar\u00e1:<\/p>\n\n\n\n<ul class=\"wp-block-list\">\n<li>Fotocopia del DNI, Tarjeta de Residencia, Pasaporte o cualquier otro documento identificativo en vigor.<\/li>\n\n\n\n<li>Copia de la matr\u00edcula de los estudios en los que est\u00e9 matriculado. <\/li>\n<\/ul>\n\n\n\n<p>El <strong><span class=\"has-inline-color has-vivid-cyan-blue-color\">plazo de presentaci\u00f3n<\/span><\/strong> de solicitudes ser\u00e1 durante los<span class=\"has-inline-color has-vivid-red-color\"> treinta d\u00edas naturales posteriores<\/span> al \u00faltimo periodo de matriculaci\u00f3n.<\/p>\n\n\n\n<p class=\"has-medium-font-size\"><strong><span class=\"has-inline-color has-vivid-red-color\">T\u00c9NGASE EN CUENTA QUE :<\/span><\/strong><\/p>\n\n\n\n<ul class=\"wp-block-list\">\n<li>El alumno o alumna ha de cumplir con los <strong>requisitos generales de acceso<\/strong> o titulaci\u00f3n que las ense\u00f1anzas objeto de simultaneidad precisen en su normativa vigente.<\/li>\n<\/ul>\n\n\n\n<ul class=\"wp-block-list\">\n<li><strong>Que queden plazas vacantes<\/strong> en la ense\u00f1anza objeto de simultaneidad tras el proceso de admisi\u00f3n y matriculaci\u00f3n de alumnos y alumnas.<\/li>\n<\/ul>\n\n\n\n<ul class=\"wp-block-list\">\n<li>Que se puedan <strong>compaginar los horarios<\/strong> de ambos estudios o ense\u00f1anzas, en el caso de que sean cursados en r\u00e9gimen presencial.<\/li>\n<\/ul>\n\n\n\n<ul class=\"wp-block-list\">\n<li>Un alumno o alumna podr\u00e1 estar matriculado,<strong> <\/strong>como <strong>m\u00e1ximo, en 2 estudios<\/strong> o ense\u00f1anzas, <strong>siempre y cuando la suma horaria total de las dos matr\u00edculas no supere el 125% del curso completo con mayor carga horaria<\/strong>.<\/li>\n<\/ul>\n\n\n\n<p class=\"has-medium-font-size\"><strong><span class=\"has-inline-color has-vivid-cyan-blue-color\">NORMATIVA:<\/span><\/strong> <\/p>\n\n\n\n<div data-wp-interactive=\"core\/file\" class=\"wp-block-file\"><object data-wp-bind--hidden=\"!state.hasPdfPreview\" hidden class=\"wp-block-file__embed\" data=\"https:\/\/somosdelprieto.com\/wp-content\/uploads\/2025\/10\/Simultaneidad-Estudios-3.pdf\" type=\"application\/pdf\" style=\"width:100%;height:600px\" aria-label=\"Incrustado de Simultaneidad-Estudios (3).\"><\/object><a id=\"wp-block-file--media-2f352898-6600-47eb-9ed6-f589a8913858\" href=\"https:\/\/somosdelprieto.com\/wp-content\/uploads\/2025\/10\/Simultaneidad-Estudios-3.pdf\">Simultaneidad-Estudios (3)<\/a><a href=\"https:\/\/somosdelprieto.com\/wp-content\/uploads\/2025\/10\/Simultaneidad-Estudios-3.pdf\" class=\"wp-block-file__button wp-element-button\" download aria-describedby=\"wp-block-file--media-2f352898-6600-47eb-9ed6-f589a8913858\">Descarga<\/a><\/div>\n","protected":false},"excerpt":{"rendered":"<p>Tras la descarga y cumplimentaci\u00f3n de la solicitud (no olvidar firmarla), se enviar\u00e1 a Secretar\u00eda a trav\u00e9s del correo electr\u00f3nico&nbsp;13003336.ies@educastillalamancha.es&nbsp;o de forma presencial, para su tramitaci\u00f3n. IMPORTANTE. A la solicitud se adjuntar\u00e1: El plazo de presentaci\u00f3n de solicitudes ser\u00e1 durante los treinta d\u00edas naturales posteriores al \u00faltimo periodo de matriculaci\u00f3n. T\u00c9NGASE EN CUENTA QUE : &hellip; <\/p>\n<p class=\"link-more\"><a href=\"https:\/\/somosdelprieto.com\/index.php\/secretaria\/simultaneidad-de-estudios\/\" class=\"more-link\">Continuar leyendo<span class=\"screen-reader-text\"> \u00abSimultaneidad de Estudios\u00bb<\/span><\/a><\/p>\n","protected":false},"author":53,"featured_media":0,"parent":2439,"menu_order":0,"comment_status":"closed","ping_status":"closed","template":"","meta":{"footnotes":""},"class_list":["post-2520","page","type-page","status-publish","hentry"],"_links":{"self":[{"href":"https:\/\/somosdelprieto.com\/index.php\/wp-json\/wp\/v2\/pages\/2520","targetHints":{"allow":["GET"]}}],"collection":[{"href":"https:\/\/somosdelprieto.com\/index.php\/wp-json\/wp\/v2\/pages"}],"about":[{"href":"https:\/\/somosdelprieto.com\/index.php\/wp-json\/wp\/v2\/types\/page"}],"author":[{"embeddable":true,"href":"https:\/\/somosdelprieto.com\/index.php\/wp-json\/wp\/v2\/users\/53"}],"replies":[{"embeddable":true,"href":"https:\/\/somosdelprieto.com\/index.php\/wp-json\/wp\/v2\/comments?post=2520"}],"version-history":[{"count":15,"href":"https:\/\/somosdelprieto.com\/index.php\/wp-json\/wp\/v2\/pages\/2520\/revisions"}],"predecessor-version":[{"id":22360,"href":"https:\/\/somosdelprieto.com\/index.php\/wp-json\/wp\/v2\/pages\/2520\/revisions\/22360"}],"up":[{"embeddable":true,"href":"https:\/\/somosdelprieto.com\/index.php\/wp-json\/wp\/v2\/pages\/2439"}],"wp:attachment":[{"href":"https:\/\/somosdelprieto.com\/index.php\/wp-json\/wp\/v2\/media?parent=2520"}],"curies":[{"name":"wp","href":"https:\/\/api.w.org\/{rel}","templated":true}]}}