{"id":2517,"date":"2020-12-16T10:50:57","date_gmt":"2020-12-16T09:50:57","guid":{"rendered":"https:\/\/somosdelprieto.com\/?page_id=2517"},"modified":"2026-04-17T11:42:33","modified_gmt":"2026-04-17T09:42:33","slug":"e-v-a-u","status":"publish","type":"page","link":"https:\/\/somosdelprieto.com\/index.php\/secretaria\/e-v-a-u\/","title":{"rendered":"Prueba de acceso a la universidad de Castilla-La Mancha (EVAU)"},"content":{"rendered":"<div class=\"wp-block-image\">\n<figure class=\"aligncenter size-full\"><img loading=\"lazy\" decoding=\"async\" width=\"792\" height=\"240\" src=\"https:\/\/somosdelprieto.com\/wp-content\/uploads\/2025\/04\/Cabecera-Prueba-de-acceso-a-la-universidad.jpg\" alt=\"\" class=\"wp-image-21054\" srcset=\"https:\/\/somosdelprieto.com\/wp-content\/uploads\/2025\/04\/Cabecera-Prueba-de-acceso-a-la-universidad.jpg 792w, https:\/\/somosdelprieto.com\/wp-content\/uploads\/2025\/04\/Cabecera-Prueba-de-acceso-a-la-universidad-300x91.jpg 300w, https:\/\/somosdelprieto.com\/wp-content\/uploads\/2025\/04\/Cabecera-Prueba-de-acceso-a-la-universidad-768x233.jpg 768w\" sizes=\"auto, (max-width: 767px) 89vw, (max-width: 1000px) 54vw, (max-width: 1071px) 543px, 580px\" \/><\/figure>\n<\/div>\n\n\n<p class=\"has-text-align-center has-vivid-green-cyan-color has-text-color has-large-font-size\"><strong>CURSO 2025\/2026<\/strong><\/p>\n\n\n\n<p>El 09\/02\/2026 se ha publicado en el Diario Oficial de Castilla-La Mancha la resoluci\u00f3n con las fechas para el desarrollo de la prueba de acceso a la universidad correspondiente al curso escolar <strong>2025\/26<\/strong> que realizar\u00e1 la Universidad de Castilla-La Mancha.<\/p>\n\n\n\n<div data-wp-interactive=\"core\/file\" class=\"wp-block-file\"><object data-wp-bind--hidden=\"!state.hasPdfPreview\" hidden class=\"wp-block-file__embed\" data=\"https:\/\/somosdelprieto.com\/wp-content\/uploads\/2026\/04\/2026_644.pdf\" type=\"application\/pdf\" style=\"width:100%;height:600px\" aria-label=\"Incrustado de Resoluci\u00f3n del 2\/02\/2026.\"><\/object><a id=\"wp-block-file--media-3c85db14-6930-47bf-b9ab-7b6c477290a2\" href=\"https:\/\/somosdelprieto.com\/wp-content\/uploads\/2026\/04\/2026_644.pdf\">Resoluci\u00f3n del 2\/02\/2026<\/a><a href=\"https:\/\/somosdelprieto.com\/wp-content\/uploads\/2026\/04\/2026_644.pdf\" class=\"wp-block-file__button wp-element-button\" download aria-describedby=\"wp-block-file--media-3c85db14-6930-47bf-b9ab-7b6c477290a2\">Descarga<\/a><\/div>\n\n\n\n<p><\/p>\n\n\n\n<p>Seg\u00fan la Resoluci\u00f3n antes citada, las <strong>pruebas <\/strong>ser\u00e1n en las siguientes fechas:<\/p>\n\n\n\n<ul class=\"wp-block-list\">\n<li class=\"has-medium-font-size\">Para la <strong>convocatoria ordinaria<\/strong>, las pruebas ser\u00e1n los d\u00edas <strong>8, 9 y 10 de junio de 2026<\/strong>. La fecha l\u00edmite para env\u00edo de la documentaci\u00f3n preceptiva y formalizar la matr\u00edcula ser\u00e1 del <strong>14 al<\/strong>  <strong>22 de mayo<\/strong> hasta las 14:00.<\/li>\n\n\n\n<li class=\"has-medium-font-size\">Para la <strong>convocatoria extraordinaria<\/strong>, ser\u00e1n los d\u00edas <strong>29 y 30 de junio y 1 de julio de 2026<\/strong>. La fecha l\u00edmite para env\u00edo de la documentaci\u00f3n preceptiva y formalizar la matr\u00edcula ser\u00e1 del <strong>15 al 23 de junio<\/strong> hasta las 14:00.<\/li>\n<\/ul>\n\n\n\n<p><\/p>\n","protected":false},"excerpt":{"rendered":"<p>CURSO 2025\/2026 El 09\/02\/2026 se ha publicado en el Diario Oficial de Castilla-La Mancha la resoluci\u00f3n con las fechas para el desarrollo de la prueba de acceso a la universidad correspondiente al curso escolar 2025\/26 que realizar\u00e1 la Universidad de Castilla-La Mancha. Seg\u00fan la Resoluci\u00f3n antes citada, las pruebas ser\u00e1n en las siguientes fechas:<\/p>\n","protected":false},"author":53,"featured_media":0,"parent":2439,"menu_order":0,"comment_status":"closed","ping_status":"closed","template":"","meta":{"footnotes":""},"class_list":["post-2517","page","type-page","status-publish","hentry"],"_links":{"self":[{"href":"https:\/\/somosdelprieto.com\/index.php\/wp-json\/wp\/v2\/pages\/2517","targetHints":{"allow":["GET"]}}],"collection":[{"href":"https:\/\/somosdelprieto.com\/index.php\/wp-json\/wp\/v2\/pages"}],"about":[{"href":"https:\/\/somosdelprieto.com\/index.php\/wp-json\/wp\/v2\/types\/page"}],"author":[{"embeddable":true,"href":"https:\/\/somosdelprieto.com\/index.php\/wp-json\/wp\/v2\/users\/53"}],"replies":[{"embeddable":true,"href":"https:\/\/somosdelprieto.com\/index.php\/wp-json\/wp\/v2\/comments?post=2517"}],"version-history":[{"count":17,"href":"https:\/\/somosdelprieto.com\/index.php\/wp-json\/wp\/v2\/pages\/2517\/revisions"}],"predecessor-version":[{"id":23741,"href":"https:\/\/somosdelprieto.com\/index.php\/wp-json\/wp\/v2\/pages\/2517\/revisions\/23741"}],"up":[{"embeddable":true,"href":"https:\/\/somosdelprieto.com\/index.php\/wp-json\/wp\/v2\/pages\/2439"}],"wp:attachment":[{"href":"https:\/\/somosdelprieto.com\/index.php\/wp-json\/wp\/v2\/media?parent=2517"}],"curies":[{"name":"wp","href":"https:\/\/api.w.org\/{rel}","templated":true}]}}