{"id":2508,"date":"2020-12-16T10:45:59","date_gmt":"2020-12-16T09:45:59","guid":{"rendered":"https:\/\/somosdelprieto.com\/?page_id=2508"},"modified":"2025-11-12T10:35:09","modified_gmt":"2025-11-12T09:35:09","slug":"ayuda-libros-e-s-o","status":"publish","type":"page","link":"https:\/\/somosdelprieto.com\/index.php\/secretaria\/ayuda-libros-e-s-o\/","title":{"rendered":"Ayuda libros &#8211; E.S.O. &#8211;"},"content":{"rendered":"<div class=\"wp-block-image is-resized is-style-default\">\n<figure class=\"aligncenter size-full\"><a href=\"https:\/\/www.educa.jccm.es\/alumnado\/es\/servicios-educativos\/materiales-curriculares\/convocatoria-ayudas-materiales-curriculares\/convocatoria-ayudas-comedores-escolares-libros-texto-curso-5\"><img decoding=\"async\" src=\"https:\/\/somosdelprieto.com\/wp-content\/uploads\/2021\/05\/AYUDA-LIBROS.jpg\" alt=\"\" class=\"wp-image-6968\" \/><\/a><figcaption class=\"wp-element-caption\"><a href=\"https:\/\/educacion.castillalamancha.es\/educacion\/tramites\/convocatoria-de-ayudas-comedores-escolares-y-libros-de-texto-curso-20252026\">https:\/\/www.educa.jccm.es\/alumnado\/es\/servicios-educativos\/materiales-curriculares\/convocatoria-ayudas-materiales-curriculares\/convocatoria-ayudas-comedores-escolares-libros-texto-curso-5<\/a><\/figcaption><\/figure>\n<\/div>\n\n\n<p class=\"has-text-align-center has-vivid-green-cyan-color has-text-color has-large-font-size\"><strong>CONVOCATORIA CURSO 2025\/2026<\/strong><\/p>\n\n\n\n<p>El 2 de julio se ha publicado en el Diario Oficial de Castilla-La Mancha, la Resoluci\u00f3n por la que se regula la <strong>concesi\u00f3n directa de ayudas, consistentes en el uso de libros de texto para el alumnado de Educaci\u00f3n Secundaria Obligatoria<\/strong>, matriculados en centros sostenidos con fondos p\u00fablicos de Castilla-La Mancha <strong>para el curso&nbsp;2025\/2026<\/strong>.<\/p>\n\n\n\n<div data-wp-interactive=\"core\/file\" class=\"wp-block-file\"><object data-wp-bind--hidden=\"!state.hasPdfPreview\" hidden class=\"wp-block-file__embed\" data=\"https:\/\/somosdelprieto.com\/wp-content\/uploads\/2025\/07\/DECRETO-47_2025-libros-y-comedores.pdf\" type=\"application\/pdf\" style=\"width:100%;height:600px\" aria-label=\"Incrustado de DECRETO 47_2025 libros y comedores.\"><\/object><a id=\"wp-block-file--media-a642b3b7-0796-41b7-8391-d5f21b959356\" href=\"https:\/\/somosdelprieto.com\/wp-content\/uploads\/2025\/07\/DECRETO-47_2025-libros-y-comedores.pdf\">DECRETO 47_2025 libros y comedores<\/a><a href=\"https:\/\/somosdelprieto.com\/wp-content\/uploads\/2025\/07\/DECRETO-47_2025-libros-y-comedores.pdf\" class=\"wp-block-file__button wp-element-button\" download aria-describedby=\"wp-block-file--media-a642b3b7-0796-41b7-8391-d5f21b959356\">Descarga<\/a><\/div>\n\n\n\n<div data-wp-interactive=\"core\/file\" class=\"wp-block-file\"><object data-wp-bind--hidden=\"!state.hasPdfPreview\" hidden class=\"wp-block-file__embed\" data=\"https:\/\/somosdelprieto.com\/wp-content\/uploads\/2025\/07\/Correccion-errores-Decreto-472025.pdf\" type=\"application\/pdf\" style=\"width:100%;height:600px\" aria-label=\"Incrustado de Correcci\u00f3n errores Decreto 472025.\"><\/object><a id=\"wp-block-file--media-164aa318-7293-4d4b-81a1-d3ee5ce674c5\" href=\"https:\/\/somosdelprieto.com\/wp-content\/uploads\/2025\/07\/Correccion-errores-Decreto-472025.pdf\">Correcci\u00f3n errores Decreto 472025<\/a><a href=\"https:\/\/somosdelprieto.com\/wp-content\/uploads\/2025\/07\/Correccion-errores-Decreto-472025.pdf\" class=\"wp-block-file__button wp-element-button\" download aria-describedby=\"wp-block-file--media-164aa318-7293-4d4b-81a1-d3ee5ce674c5\">Descarga<\/a><\/div>\n\n\n\n<p>A continuaci\u00f3n, se exponen algunos aspectos b\u00e1sicos de la convocatoria. Se recuerda que cualquier&nbsp;<strong>actualizaci\u00f3n o informaci\u00f3n relacionada<\/strong> la podr\u00e1s encontrar en el&nbsp;<strong><a href=\"https:\/\/www.educa.jccm.es\/alumnado\/es\/servicios-educativos\/materiales-curriculares\/convocatoria-ayudas-materiales-curriculares\/convocatoria-ayudas-comedores-escolares-libros-texto-curso\" target=\"_blank\" rel=\"noreferrer noopener\">portal de educaci\u00f3n de la Junta<\/a><\/strong>&nbsp;de Comunidades de Castilla-La Mancha o navegando en esta p\u00e1gina&nbsp;<a rel=\"noreferrer noopener\" href=\"https:\/\/somosdelprieto.com\/index.php\/secretaria\/\" target=\"_blank\"><strong>web del I.E.S. Gregorio Prieto.<\/strong><\/a><\/p>\n\n\n\n<p class=\"has-vivid-cyan-blue-color has-text-color has-medium-font-size\"><strong>BENEFICIARIOS<\/strong><\/p>\n\n\n\n<p>El alumnado <strong>matriculado <\/strong>en Educaci\u00f3n Secundaria Obligatoria (E.S.O.).<\/p>\n\n\n\n<p class=\"has-vivid-cyan-blue-color has-text-color has-medium-font-size\"><strong>OBJETO<\/strong><\/p>\n\n\n\n<p><strong>Financiar el uso de libros de texto<\/strong> en cualquiera de sus formatos en r\u00e9gimen de pr\u00e9stamo en las ense\u00f1anzas de Educaci\u00f3n Secundaria Obligatoria (E.S.O.).<\/p>\n\n\n\n<p class=\"has-vivid-cyan-blue-color has-text-color has-medium-font-size\"><strong>CUANT\u00cdA<\/strong><\/p>\n\n\n\n<p>Para la adquisici\u00f3n de libros de texto, se establece una cuant\u00eda <strong>m\u00e1xima individual de 240\u20ac<\/strong> <strong>en funci\u00f3n del nivel de renta y nivel educativo.<\/strong><\/p>\n\n\n\n<p class=\"has-vivid-cyan-blue-color has-text-color has-medium-font-size\"><strong>PLAZO DE PRESENTACI\u00d3N DE SOLICITUDES<\/strong><\/p>\n\n\n\n<p>Se establecen <strong>2 periodos de solicitudes:<\/strong><\/p>\n\n\n\n<p class=\"has-medium-font-size\"><strong>a)<\/strong> Un periodo <strong>ordinario:  <mark class=\"has-inline-color has-vivid-red-color\">del 3 al 16 de julio<\/mark>  <\/strong>para el alumnado que se encuentre escolarizado en centros p\u00fablicos docentes de Castilla-La Mancha.<\/p>\n\n\n\n<p><strong>b)<\/strong> Un periodo <strong>extraordinario, durante la primera quincena de septiembre:<\/strong><\/p>\n\n\n\n<p>-Para el alumnado que procediendo de un curso o un centro incluido en el Banco de Libros se matricule en un curso o un centro no incluido en el Banco de Libros.<\/p>\n\n\n\n<p>-Para el alumnado no incluido en el p\u00e1rrafo anterior que se matricule en dicho periodo en cualquiera de las ense\u00f1anzas incluidas en el \u00e1mbito de aplicaci\u00f3n de este decreto en centros docentes de Castilla-La Mancha sostenidos con fondos p\u00fablicos.<\/p>\n\n\n\n<p>Tambi\u00e9n podr\u00e1 solicitar estas ayudas durante todo el curso escolar el alumnado que haga nueva matr\u00edcula por traslado.<\/p>\n\n\n\n<p><\/p>\n\n\n\n<p class=\"has-vivid-cyan-blue-color has-text-color has-medium-font-size\"><strong>ENV\u00cdO DE LA SOLICITUD<\/strong><\/p>\n\n\n\n<p class=\"has-medium-font-size\">Las solicitudes se presentar\u00e1n de forma electr\u00f3nica a trav\u00e9s de la plataforma&nbsp;<a href=\"https:\/\/educamosclm.castillalamancha.es\/\" target=\"_blank\" rel=\"noreferrer noopener\"><strong><em>educamosCLM<\/em>&nbsp;(pinchando aqu\u00ed)<\/strong><\/a>&nbsp;y, dentro de ella, en&nbsp;<strong>Secretar\u00eda Virtual<\/strong>.<\/p>\n\n\n\n<figure class=\"wp-block-image size-full\"><img loading=\"lazy\" decoding=\"async\" width=\"1012\" height=\"588\" src=\"https:\/\/somosdelprieto.com\/wp-content\/uploads\/2025\/07\/pantalla.jpg\" alt=\"\" class=\"wp-image-21995\" srcset=\"https:\/\/somosdelprieto.com\/wp-content\/uploads\/2025\/07\/pantalla.jpg 1012w, https:\/\/somosdelprieto.com\/wp-content\/uploads\/2025\/07\/pantalla-300x174.jpg 300w, https:\/\/somosdelprieto.com\/wp-content\/uploads\/2025\/07\/pantalla-768x446.jpg 768w\" sizes=\"auto, (max-width: 767px) 89vw, (max-width: 1000px) 54vw, (max-width: 1071px) 543px, 580px\" \/><\/figure>\n\n\n\n<p><br>La documentaci\u00f3n que, en su caso, deba presentarse acompa\u00f1ando a las solicitudes deber\u00e1 ser digitalizada.<\/p>\n\n\n\n<p class=\"has-vivid-cyan-blue-color has-text-color has-medium-font-size\"><strong>CLAVES DE ACCESO<\/strong><\/p>\n\n\n\n<p>Para<strong> acceder a la plataforma Educamos CLM<\/strong> (https:\/\/educamosclm.castillalamancha.es\/), y firmar las solicitudes, los solicitantes <strong>necesitar\u00e1n disponer<\/strong> de una <strong>credencial <\/strong>(usuario y contrase\u00f1a) o de un <strong>sistema de firma basado en certificados electr\u00f3nicos cualificados y avanzados <\/strong>o del <strong>sistema cl@ve <\/strong>(identidad electr\u00f3nica para las Administraciones P\u00fablicas). <\/p>\n\n\n\n<p>En caso de no disponer de credencial de acceso (usuario y contrase\u00f1a), los interesados podr\u00e1n obtenerla a trav\u00e9s de la citada Plataforma si disponen de un sistema de firma electr\u00f3nica o de forma presencial, previa identificaci\u00f3n del solicitante mediante la exhibici\u00f3n del documento de identidad respectivo en los centros educativos correspondientes, as\u00ed como en las Delegaciones Provinciales de la Consejer\u00eda competente en materia de educaci\u00f3n. Si ya se dispusiera de credencial de acceso a la plataforma, no es necesario solicitar otra espec\u00edfica para tramitar la solicitud, ya que dicha credencial es gen\u00e9rica para el acceso a la secretar\u00eda virtual.<\/p>\n\n\n\n<p class=\"has-background\" style=\"background-color:#c2e5fa\"><strong>Se recuerda que la entrega de contrase\u00f1as para el acceso, solicitud y\/o firma en la plataforma es \u00daNICAMENTE PRESENCIAL del TITULAR mediante la exhibici\u00f3n de su propio DNI\/NIE\/PASAPORTE (contrase\u00f1a personal e intransferible).<\/strong><\/p>\n\n\n\n<p class=\"has-vivid-cyan-blue-color has-text-color has-link-color has-medium-font-size wp-elements-cab96ccc7ea930bccb16fa5a4f9301a8\"><strong>SEGUIMIENTO DE LA SOLICITUD<\/strong><\/p>\n\n\n\n<p><strong>La informaci\u00f3n del proceso se realizar\u00e1 de forma individualizada en la&nbsp;<\/strong>&nbsp;en la&nbsp;<a href=\"https:\/\/educamosclm.castillalamancha.es\/\" target=\"_blank\" rel=\"noreferrer noopener\"><strong>Secretar\u00eda Virtual de<\/strong>&nbsp;<strong>&nbsp;EducamosCLM<\/strong><\/a>, seleccionando la opci\u00f3n: C\u00d3MO VAN MIS TR\u00c1MITES&gt;Becas y Ayudas; o desde el men\u00fa lateral \u201cMis Tr\u00e1mites\u201d&gt;\u201dMis solicitudes\u201d&gt; \u201cMis solicitudes\u201d, donde aparecer\u00e1 la solicitud que se realiz\u00f3 en su momento y al hacer clic sobre ella aparecer\u00e1 la opci\u00f3n \u201dDatos de la solicitud\u201d, que mostrar\u00e1 la informaci\u00f3n del seguimiento.<\/p>\n\n\n<div class=\"wp-block-image\">\n<figure class=\"aligncenter size-full\"><img loading=\"lazy\" decoding=\"async\" width=\"430\" height=\"615\" src=\"https:\/\/somosdelprieto.com\/wp-content\/uploads\/2025\/07\/cartel.jpg\" alt=\"\" class=\"wp-image-21996\" srcset=\"https:\/\/somosdelprieto.com\/wp-content\/uploads\/2025\/07\/cartel.jpg 430w, https:\/\/somosdelprieto.com\/wp-content\/uploads\/2025\/07\/cartel-210x300.jpg 210w\" sizes=\"auto, (max-width: 430px) 100vw, 430px\" \/><\/figure>\n<\/div>\n\n\n<p class=\"has-medium-font-size\"><strong><span class=\"has-inline-color has-vivid-purple-color\">INFORMACI\u00d3N DE INTER\u00c9S:<\/span><\/strong><\/p>\n\n\n\n<p><a href=\"https:\/\/educacion.castillalamancha.es\/educacion\/tramites\/convocatoria-de-ayudas-comedores-escolares-y-libros-de-texto-curso-20252026\">https:\/\/www.educa.jccm.es\/alumnado\/es\/servicios-educativos\/materiales-curriculares\/convocatoria-ayudas-materiales-curriculares\/convocatoria-ayudas-comedores-escolares-libros-texto-curso-5<\/a><\/p>\n\n\n\n<p><\/p>\n","protected":false},"excerpt":{"rendered":"<p>CONVOCATORIA CURSO 2025\/2026 El 2 de julio se ha publicado en el Diario Oficial de Castilla-La Mancha, la Resoluci\u00f3n por la que se regula la concesi\u00f3n directa de ayudas, consistentes en el uso de libros de texto para el alumnado de Educaci\u00f3n Secundaria Obligatoria, matriculados en centros sostenidos con fondos p\u00fablicos de Castilla-La Mancha para &hellip; <\/p>\n<p class=\"link-more\"><a href=\"https:\/\/somosdelprieto.com\/index.php\/secretaria\/ayuda-libros-e-s-o\/\" class=\"more-link\">Continuar leyendo<span class=\"screen-reader-text\"> \u00abAyuda libros &#8211; E.S.O. &#8211;\u00bb<\/span><\/a><\/p>\n","protected":false},"author":53,"featured_media":0,"parent":2439,"menu_order":0,"comment_status":"closed","ping_status":"closed","template":"","meta":{"footnotes":""},"class_list":["post-2508","page","type-page","status-publish","hentry"],"_links":{"self":[{"href":"https:\/\/somosdelprieto.com\/index.php\/wp-json\/wp\/v2\/pages\/2508","targetHints":{"allow":["GET"]}}],"collection":[{"href":"https:\/\/somosdelprieto.com\/index.php\/wp-json\/wp\/v2\/pages"}],"about":[{"href":"https:\/\/somosdelprieto.com\/index.php\/wp-json\/wp\/v2\/types\/page"}],"author":[{"embeddable":true,"href":"https:\/\/somosdelprieto.com\/index.php\/wp-json\/wp\/v2\/users\/53"}],"replies":[{"embeddable":true,"href":"https:\/\/somosdelprieto.com\/index.php\/wp-json\/wp\/v2\/comments?post=2508"}],"version-history":[{"count":33,"href":"https:\/\/somosdelprieto.com\/index.php\/wp-json\/wp\/v2\/pages\/2508\/revisions"}],"predecessor-version":[{"id":22609,"href":"https:\/\/somosdelprieto.com\/index.php\/wp-json\/wp\/v2\/pages\/2508\/revisions\/22609"}],"up":[{"embeddable":true,"href":"https:\/\/somosdelprieto.com\/index.php\/wp-json\/wp\/v2\/pages\/2439"}],"wp:attachment":[{"href":"https:\/\/somosdelprieto.com\/index.php\/wp-json\/wp\/v2\/media?parent=2508"}],"curies":[{"name":"wp","href":"https:\/\/api.w.org\/{rel}","templated":true}]}}