{"id":2504,"date":"2020-12-16T10:44:42","date_gmt":"2020-12-16T09:44:42","guid":{"rendered":"https:\/\/somosdelprieto.com\/?page_id=2504"},"modified":"2025-11-12T09:53:58","modified_gmt":"2025-11-12T08:53:58","slug":"solicitud-titulos","status":"publish","type":"page","link":"https:\/\/somosdelprieto.com\/index.php\/secretaria\/solicitud-titulos\/","title":{"rendered":"Solicitud T\u00edtulos"},"content":{"rendered":"<div class=\"wp-block-image is-resized\">\n<figure class=\"aligncenter size-large\"><img decoding=\"async\" src=\"https:\/\/somosdelprieto.com\/wp-content\/uploads\/2020\/12\/titulos-academicos-1.jpg\" alt=\"\" class=\"wp-image-2668\" \/><\/figure>\n<\/div>\n\n\n<p>El alumnado que finalice los estudios obligatorios (<strong><span class=\"has-inline-color has-luminous-vivid-orange-color\">E.S.O. y\/o FP B\u00e1sica<\/span><\/strong>) <strong>no tiene que solicitar<\/strong> el t\u00edtulo <strong>ni pagar<\/strong> ninguna tasa. Cuando los t\u00edtulos est\u00e9n disponibles en el instituto, se avisar\u00e1 mediante correo postal para su recogida. <\/p>\n\n\n\n<p>No obstante, desde la plataforma <a href=\"https:\/\/educamosclm.castillalamancha.es\/accesoeducamos\/#\/\" target=\"_blank\" rel=\"noreferrer noopener\">EducamosCLM<\/a>, entrando en la secci\u00f3n de <em>\u00abSecretar\u00eda Virtual\u00bb, \u00abMis Certificaciones\u00bb<\/em> se podr\u00e1 obtener un <strong>certificado supletorio adicional<\/strong>.<\/p>\n\n\n\n<p>El <strong><span class=\"has-inline-color has-luminous-vivid-orange-color\">resto del alumnado<\/span><\/strong>, para <strong>solicitar la expedici\u00f3n del t\u00edtulo<\/strong>, deber\u00e1 <strong>abonar <\/strong>la correspondiente <strong>tasa<\/strong>. Existen 2 opciones para realizar el pago:<\/p>\n\n\n\n<p class=\"has-vivid-cyan-blue-color has-text-color has-link-color wp-elements-3e9f737cf578a929c4ca4bb788efbeff\"><strong>OPCI\u00d3N 1: <\/strong><\/p>\n\n\n\n<p>La<strong> <span style=\"color:#0614e5\" class=\"has-inline-color\">plataforma <a href=\"https:\/\/educamosclm.castillalamancha.es\/accesoeducamos\/#\/\" target=\"_blank\" rel=\"noreferrer noopener\">EducamosCLM<\/a><\/span><\/strong>, entrando en la secci\u00f3n de<em> <strong>\u00abSecretar\u00eda Virtual\u00bb, \u00abMis Certificaciones\u00bb<\/strong><\/em>, seleccionando el candidato y cumplimentando la solicitud.<\/p>\n\n\n\n<figure class=\"wp-block-image size-large\"><img loading=\"lazy\" decoding=\"async\" width=\"1024\" height=\"566\" src=\"https:\/\/somosdelprieto.com\/wp-content\/uploads\/2022\/03\/Captura-de-Pantalla-1024x566.jpg\" alt=\"\" class=\"wp-image-9146\" srcset=\"https:\/\/somosdelprieto.com\/wp-content\/uploads\/2022\/03\/Captura-de-Pantalla-1024x566.jpg 1024w, https:\/\/somosdelprieto.com\/wp-content\/uploads\/2022\/03\/Captura-de-Pantalla-300x166.jpg 300w, https:\/\/somosdelprieto.com\/wp-content\/uploads\/2022\/03\/Captura-de-Pantalla-768x424.jpg 768w, https:\/\/somosdelprieto.com\/wp-content\/uploads\/2022\/03\/Captura-de-Pantalla.jpg 1258w\" sizes=\"auto, (max-width: 767px) 89vw, (max-width: 1000px) 54vw, (max-width: 1071px) 543px, 580px\" \/><\/figure>\n\n\n\n<p>Para m\u00e1s informaci\u00f3n sobre este proceso, descargar la gu\u00eda de ayuda: <\/p>\n\n\n\n<div class=\"wp-block-file\"><a href=\"https:\/\/somosdelprieto.com\/wp-content\/uploads\/2023\/03\/GUIA-SOLICITUD-TITULOS.pdf\">GUIA-SOLICITUD-TITULOS<\/a><a href=\"https:\/\/somosdelprieto.com\/wp-content\/uploads\/2023\/03\/GUIA-SOLICITUD-TITULOS.pdf\" class=\"wp-block-file__button wp-element-button\" download>Descarga<\/a><\/div>\n\n\n\n<p>Adem\u00e1s, desde esta aplicaci\u00f3n tambi\u00e9n podremos obtener un <strong>Certificado Provisional del t\u00edtulo<\/strong>, una vez que hayamos abonado la correspondiente tasa, en la pasarela de pago con tarjeta bancaria, que se habilita a tal efecto.<\/p>\n\n\n\n<p class=\"has-vivid-cyan-blue-color has-text-color has-link-color wp-elements-00dbd7a6d09d453c716fcdd2dfd2b2fd\"><strong><span class=\"has-inline-color has-vivid-cyan-blue-color\">OPCI\u00d3N 2:<\/span><\/strong> <\/p>\n\n\n\n<p>O tambi\u00e9n, se puede rellenar un <span class=\"has-inline-color has-black-color\">impreso <\/span>de solicitud de t\u00edtulo (Anexo I) y mandarlo junto con el justificante de pago de las tasas del t\u00edtulo <strong><span style=\"color:#2709e7\" class=\"has-inline-color\"><a href=\"https:\/\/modelos-tributos.jccm.es\/webgreco\/modelos\/jsp\/cumplimentacion\/GreJspModelo046_2012_P.jsp\">modelo 046<\/a><\/span><\/strong>. Despu\u00e9s de cumplimentarlo y pagar (de forma telem\u00e1tica o presencial en el banco).<\/p>\n\n\n\n<p>Para m\u00e1s informaci\u00f3n sobre este proceso, puedes descargar estos documentos:   <\/p>\n\n\n\n<div data-wp-interactive=\"core\/file\" class=\"wp-block-file\"><object data-wp-bind--hidden=\"!state.hasPdfPreview\" hidden class=\"wp-block-file__embed\" data=\"https:\/\/somosdelprieto.com\/wp-content\/uploads\/2025\/02\/SOLICITUD-EXPEDICION-TITULOS-1.pdf\" type=\"application\/pdf\" style=\"width:100%;height:550px\" aria-label=\"Incrustado de SOLICITUD EXPEDICION TITULOS.\"><\/object><a id=\"wp-block-file--media-ac6b40c5-828f-475c-80f5-52554128634e\" href=\"https:\/\/somosdelprieto.com\/wp-content\/uploads\/2025\/02\/SOLICITUD-EXPEDICION-TITULOS-1.pdf\">SOLICITUD EXPEDICION TITULOS<\/a><a href=\"https:\/\/somosdelprieto.com\/wp-content\/uploads\/2025\/02\/SOLICITUD-EXPEDICION-TITULOS-1.pdf\" class=\"wp-block-file__button wp-element-button\" download aria-describedby=\"wp-block-file--media-ac6b40c5-828f-475c-80f5-52554128634e\">Descarga<\/a><\/div>\n\n\n\n<div class=\"wp-block-file\"><a href=\"https:\/\/somosdelprieto.com\/wp-content\/uploads\/2023\/09\/Instrucciones-tramite-abono-tasa-para-expedicion-de-titulo-academico-no-universitario-2.pdf\">Instrucciones abono tasa para expedici\u00f3n de t\u00edtulo\/duplicado<\/a><a href=\"https:\/\/somosdelprieto.com\/wp-content\/uploads\/2023\/09\/Instrucciones-tramite-abono-tasa-para-expedicion-de-titulo-academico-no-universitario-2.pdf\" class=\"wp-block-file__button wp-element-button\" download>Descarga<\/a><\/div>\n\n\n\n<p><\/p>\n\n\n\n<p class=\"has-vivid-red-color has-text-color has-link-color has-large-font-size wp-elements-e874f29f6328d15a186487d3b60c062c\"><strong>\u00a1MUY IMPORTANTE! <\/strong><\/p>\n\n\n\n<p class=\"has-text-align-left has-luminous-vivid-orange-background-color has-background has-medium-font-size\">En esta opci\u00f3n, <strong>es necesario enviar el justificante de pago<\/strong> <strong>y el Anexo I<\/strong>, junto con el <strong>DNI<\/strong> escaneado por ambas caras a trav\u00e9s del correo electr\u00f3nico<strong> <a href=\"mailto:13003336.ies@educastillalamancha.es\">13003336.ies@educastillalamancha.es<\/a><\/strong> (preferiblemente) o de forma presencial en Secretar\u00eda (9.00 &#8211; 14.00). En caso contrario, <strong>NO<\/strong> podr\u00e1 tramitar el certificado. <strong>En caso de ser familia numerosa, tambi\u00e9n tendr\u00e1n que enviar el documento acreditativo<\/strong> de tal condici\u00f3n (tarjeta familia numerosa).<\/p>\n\n\n\n<p class=\"has-medium-font-size\"><strong><span class=\"has-inline-color has-vivid-cyan-blue-color\">TASAS DE LOS T\u00cdTULOS:<\/span><\/strong><\/p>\n\n\n<div class=\"wp-block-image is-style-default\">\n<figure class=\"aligncenter size-large\"><img loading=\"lazy\" decoding=\"async\" width=\"613\" height=\"302\" src=\"https:\/\/somosdelprieto.com\/wp-content\/uploads\/2023\/09\/Tasas-titulos.jpg\" alt=\"\" class=\"wp-image-16084\" srcset=\"https:\/\/somosdelprieto.com\/wp-content\/uploads\/2023\/09\/Tasas-titulos.jpg 613w, https:\/\/somosdelprieto.com\/wp-content\/uploads\/2023\/09\/Tasas-titulos-300x148.jpg 300w\" sizes=\"auto, (max-width: 613px) 100vw, 613px\" \/><\/figure>\n<\/div>\n\n\n<p style=\"font-size:22px\"><strong><mark class=\"has-inline-color has-luminous-vivid-orange-color\">IMPORTANTE<\/mark><\/strong>: Una vez que el <strong>t\u00edtulo llegue al instituto<\/strong>, <strong>avisaremos <\/strong>a cada interesado mediante <strong>correo electr\u00f3nico<\/strong>.<\/p>\n\n\n\n<p><\/p>\n\n\n\n<p><\/p>\n\n\n<div class=\"wp-block-image is-style-default\">\n<figure class=\"aligncenter size-large is-resized\"><img loading=\"lazy\" decoding=\"async\" width=\"735\" height=\"106\" src=\"https:\/\/somosdelprieto.com\/wp-content\/uploads\/2023\/09\/DUPLICADOS.jpg\" alt=\"\" class=\"wp-image-16109\" style=\"width:771px;height:111px\" srcset=\"https:\/\/somosdelprieto.com\/wp-content\/uploads\/2023\/09\/DUPLICADOS.jpg 735w, https:\/\/somosdelprieto.com\/wp-content\/uploads\/2023\/09\/DUPLICADOS-300x43.jpg 300w\" sizes=\"auto, (max-width: 735px) 100vw, 735px\" \/><\/figure>\n<\/div>\n\n\n<p>Para solicitar el <strong>DUPLICADO DE UN T\u00cdTULO<\/strong> se debe rellenar el <span class=\"has-inline-color has-black-color\">impreso <\/span>de solicitud de t\u00edtulo (Anexo I) y mandarlo junto con el justificante de pago de las tasas del t\u00edtulo <strong><span style=\"color:#2709e7\" class=\"has-inline-color\"><a href=\"https:\/\/modelos-tributos.jccm.es\/webgreco\/modelos\/jsp\/cumplimentacion\/GreJspModelo046_2012_P.jsp\">modelo 046<\/a><\/span><\/strong>. Despu\u00e9s de cumplimentarlo y pagar (de forma telem\u00e1tica o presencial en el banco).<\/p>\n\n\n\n<p>Para m\u00e1s informaci\u00f3n sobre este proceso, puedes descargar estos documentos:   <\/p>\n\n\n\n<div data-wp-interactive=\"core\/file\" class=\"wp-block-file\"><object data-wp-bind--hidden=\"!state.hasPdfPreview\" hidden class=\"wp-block-file__embed\" data=\"https:\/\/somosdelprieto.com\/wp-content\/uploads\/2025\/02\/SOLICITUD-EXPEDICION-TITULOS.pdf\" type=\"application\/pdf\" style=\"width:100%;height:600px\" aria-label=\"Incrustado de SOLICITUD EXPEDICION TITULOS.\"><\/object><a id=\"wp-block-file--media-baca1c9d-2935-4450-8a97-0da84dec82e8\" href=\"https:\/\/somosdelprieto.com\/wp-content\/uploads\/2025\/02\/SOLICITUD-EXPEDICION-TITULOS.pdf\">SOLICITUD EXPEDICION TITULOS<\/a><a href=\"https:\/\/somosdelprieto.com\/wp-content\/uploads\/2025\/02\/SOLICITUD-EXPEDICION-TITULOS.pdf\" class=\"wp-block-file__button wp-element-button\" download aria-describedby=\"wp-block-file--media-baca1c9d-2935-4450-8a97-0da84dec82e8\">Descarga<\/a><\/div>\n\n\n\n<div class=\"wp-block-file\"><a href=\"https:\/\/somosdelprieto.com\/wp-content\/uploads\/2023\/09\/Instrucciones-tramite-abono-tasa-para-expedicion-de-titulo-academico-no-universitario-2-1.pdf\">Instrucciones abono tasa para expedici\u00f3n de t\u00edtulo\/duplicado <\/a><a href=\"https:\/\/somosdelprieto.com\/wp-content\/uploads\/2023\/09\/Instrucciones-tramite-abono-tasa-para-expedicion-de-titulo-academico-no-universitario-2-1.pdf\" class=\"wp-block-file__button wp-element-button\" download>Descarga<\/a><\/div>\n\n\n\n<p><\/p>\n\n\n\n<p class=\"has-vivid-red-color has-text-color has-link-color has-large-font-size wp-elements-e874f29f6328d15a186487d3b60c062c\"><strong>\u00a1MUY IMPORTANTE! <\/strong><\/p>\n\n\n\n<p class=\"has-luminous-vivid-orange-background-color has-background has-medium-font-size\"><strong>Es necesario enviar el justificante de pago<\/strong> <strong>y el Anexo I<\/strong> junto con el <strong>DNI<\/strong> escaneado por ambas caras del interesado, a trav\u00e9s del correo electr\u00f3nico <strong><a href=\"mailto:13003336.ies@educastillalamancha.es\">13003336.ies@educastillalamancha.es<\/a> <\/strong>(preferiblemente) o de forma presencial en Secretar\u00eda (9.00 &#8211; 14.00).                                                 En caso contrario, <strong>NO<\/strong> podr\u00e1 tramitar el certificado.                                             <strong>En caso de ser familia numerosa, tambi\u00e9n tendr\u00e1n que enviar el documento acreditativo<\/strong> de tal condici\u00f3n (tarjeta familia numerosa).<\/p>\n\n\n\n<p class=\"has-medium-font-size\"><strong><span class=\"has-inline-color has-vivid-cyan-blue-color\">TASAS DE LOS DUPLICADOS:<\/span><\/strong><\/p>\n\n\n<div class=\"wp-block-image is-style-default\">\n<figure class=\"aligncenter size-large\"><img loading=\"lazy\" decoding=\"async\" width=\"613\" height=\"208\" src=\"https:\/\/somosdelprieto.com\/wp-content\/uploads\/2023\/09\/Tasas-Duplicados.bmp\" alt=\"\" class=\"wp-image-16090\" srcset=\"https:\/\/somosdelprieto.com\/wp-content\/uploads\/2023\/09\/Tasas-Duplicados.bmp 613w, https:\/\/somosdelprieto.com\/wp-content\/uploads\/2023\/09\/Tasas-Duplicados-300x102.jpg 300w\" sizes=\"auto, (max-width: 613px) 100vw, 613px\" \/><\/figure>\n<\/div>\n\n\n<p style=\"font-size:22px\"><mark class=\"has-inline-color has-luminous-vivid-orange-color\"><strong>IMPORTANTE<\/strong>:<\/mark> Una vez que el <strong>duplicado llegue al instituto<\/strong>, <strong>avisaremos <\/strong>a cada interesado mediante <strong>correo electr\u00f3nico<\/strong>.<\/p>\n\n\n\n<p class=\"has-medium-font-size\"><strong><mark class=\"has-inline-color has-vivid-cyan-blue-color\">RECOGIDA DEL T\u00cdTULO O DUPLICADO:<\/mark><\/strong><\/p>\n\n\n\n<p>El interesado podr\u00e1 recoger su t\u00edtulo en la Secretar\u00eda del centro <strong>presentando su DNI<\/strong>.<\/p>\n\n\n\n<p>En caso de que el interesado no pueda recoger su t\u00edtulo, puede autorizar a otra persona. Esa persona autorizada deber\u00e1 venir con su DNI y presentar una copia del DNI del interesado as\u00ed como el siguiente modelo de autorizaci\u00f3n firmado:<\/p>\n\n\n\n<div data-wp-interactive=\"core\/file\" class=\"wp-block-file\"><object data-wp-bind--hidden=\"!state.hasPdfPreview\" hidden class=\"wp-block-file__embed\" data=\"https:\/\/somosdelprieto.com\/wp-content\/uploads\/2025\/11\/Autorizacion-recogida-de-titulo-2.pdf\" type=\"application\/pdf\" style=\"width:100%;height:600px\" aria-label=\"Incrustado de Autorizaci\u00f3n recogida de t\u00edtulo.\"><\/object><a id=\"wp-block-file--media-440f4ae4-5972-4c2e-a927-7b1aa53d650c\" href=\"https:\/\/somosdelprieto.com\/wp-content\/uploads\/2025\/11\/Autorizacion-recogida-de-titulo-2.pdf\">Autorizaci\u00f3n recogida de t\u00edtulo<\/a><a href=\"https:\/\/somosdelprieto.com\/wp-content\/uploads\/2025\/11\/Autorizacion-recogida-de-titulo-2.pdf\" class=\"wp-block-file__button wp-element-button\" download aria-describedby=\"wp-block-file--media-440f4ae4-5972-4c2e-a927-7b1aa53d650c\">Descarga<\/a><\/div>\n\n\n\n<p><\/p>\n\n\n\n<p><strong><span class=\"has-inline-color has-vivid-cyan-blue-color\">INFORMACI\u00d3N DE INTER\u00c9S:<\/span><\/strong><\/p>\n\n\n\n<p><strong>Informaci\u00f3n General:<\/strong> <a href=\"https:\/\/educacion.castillalamancha.es\/educacion\/tramites\/solicitud-de-titulo-academico-expedicion-de-titulos-dependientes-de-la-comunidad-autonoma-de\">https:\/\/www.educa.jccm.es\/alumnado\/es\/tramites-academicos\/solicitud-titulo-academico\/expedicion-titulos-dependientes-comunidad-autonoma-castilla<\/a><\/p>\n\n\n\n<p class=\"has-medium-font-size\"><\/p>\n\n\n\n<p><\/p>\n","protected":false},"excerpt":{"rendered":"<p>El alumnado que finalice los estudios obligatorios (E.S.O. y\/o FP B\u00e1sica) no tiene que solicitar el t\u00edtulo ni pagar ninguna tasa. Cuando los t\u00edtulos est\u00e9n disponibles en el instituto, se avisar\u00e1 mediante correo postal para su recogida. No obstante, desde la plataforma EducamosCLM, entrando en la secci\u00f3n de \u00abSecretar\u00eda Virtual\u00bb, \u00abMis Certificaciones\u00bb se podr\u00e1 obtener &hellip; <\/p>\n<p class=\"link-more\"><a href=\"https:\/\/somosdelprieto.com\/index.php\/secretaria\/solicitud-titulos\/\" class=\"more-link\">Continuar leyendo<span class=\"screen-reader-text\"> \u00abSolicitud T\u00edtulos\u00bb<\/span><\/a><\/p>\n","protected":false},"author":53,"featured_media":0,"parent":2439,"menu_order":0,"comment_status":"closed","ping_status":"closed","template":"","meta":{"footnotes":""},"class_list":["post-2504","page","type-page","status-publish","hentry"],"_links":{"self":[{"href":"https:\/\/somosdelprieto.com\/index.php\/wp-json\/wp\/v2\/pages\/2504","targetHints":{"allow":["GET"]}}],"collection":[{"href":"https:\/\/somosdelprieto.com\/index.php\/wp-json\/wp\/v2\/pages"}],"about":[{"href":"https:\/\/somosdelprieto.com\/index.php\/wp-json\/wp\/v2\/types\/page"}],"author":[{"embeddable":true,"href":"https:\/\/somosdelprieto.com\/index.php\/wp-json\/wp\/v2\/users\/53"}],"replies":[{"embeddable":true,"href":"https:\/\/somosdelprieto.com\/index.php\/wp-json\/wp\/v2\/comments?post=2504"}],"version-history":[{"count":172,"href":"https:\/\/somosdelprieto.com\/index.php\/wp-json\/wp\/v2\/pages\/2504\/revisions"}],"predecessor-version":[{"id":22601,"href":"https:\/\/somosdelprieto.com\/index.php\/wp-json\/wp\/v2\/pages\/2504\/revisions\/22601"}],"up":[{"embeddable":true,"href":"https:\/\/somosdelprieto.com\/index.php\/wp-json\/wp\/v2\/pages\/2439"}],"wp:attachment":[{"href":"https:\/\/somosdelprieto.com\/index.php\/wp-json\/wp\/v2\/media?parent=2504"}],"curies":[{"name":"wp","href":"https:\/\/api.w.org\/{rel}","templated":true}]}}