{"id":2501,"date":"2020-12-16T10:44:09","date_gmt":"2020-12-16T09:44:09","guid":{"rendered":"https:\/\/somosdelprieto.com\/?page_id=2501"},"modified":"2025-01-16T11:45:01","modified_gmt":"2025-01-16T10:45:01","slug":"solicitud-certificados","status":"publish","type":"page","link":"https:\/\/somosdelprieto.com\/index.php\/secretaria\/solicitud-certificados\/","title":{"rendered":"Solicitud Certificados"},"content":{"rendered":"<div class=\"wp-block-image is-resized\">\n<figure class=\"aligncenter size-large\"><img decoding=\"async\" src=\"https:\/\/somosdelprieto.com\/wp-content\/uploads\/2020\/12\/certificados-1.jpg\" alt=\"\" class=\"wp-image-2644\" \/><\/figure>\n<\/div>\n\n\n<ul class=\"wp-block-list\">\n<li><strong>La solicitud<\/strong> de cualquier certificado no conlleva el pago de ninguna tasa. Podr\u00e1 solicitarse:<\/li>\n<\/ul>\n\n\n\n<p class=\"has-black-color has-text-color has-link-color wp-elements-c49a27a24c19277f1d93992ca439f1a2\">Rellenando el siguiente formulario <strong><a href=\"https:\/\/forms.office.com\/e\/TtV06vEQ51\"><mark class=\"has-inline-color has-vivid-cyan-blue-color\">Solicitud de Certificado<\/mark><\/a><mark class=\"has-inline-color has-vivid-cyan-blue-color\"> <\/mark><\/strong>con el usuario y contrase\u00f1a de EducamosCLM del estudiante.<\/p>\n\n\n\n<p class=\"has-vivid-purple-color has-text-color has-link-color wp-elements-c9f86d955806b0c607a7ec711abb6d72\"><strong>INSTRUCCIONES PARA ACCEDER AL FORMULARIO:<\/strong><\/p>\n\n\n\n<p><em>Se accede al formulario con el <strong>usuario de EducamosCLM del estudiante<\/strong>, seguido de <strong>@educastillalamancha.es<\/strong> (ver imagen 1). <\/em><\/p>\n\n\n\n<p><em>A continuaci\u00f3n, debe iniciar sesi\u00f3n en el entorno de EducamosCLM del estudiante, mediante su <strong>usuario y contrase\u00f1a<\/strong> (ver imagen 2).<\/em><\/p>\n\n\n\n<figure class=\"wp-block-image\"><img loading=\"lazy\" decoding=\"async\" width=\"1024\" height=\"665\" src=\"https:\/\/somosdelprieto.com\/wp-content\/uploads\/2024\/06\/Paso1-1-1024x665.jpg\" alt=\"\" class=\"wp-image-19115\" srcset=\"https:\/\/somosdelprieto.com\/wp-content\/uploads\/2024\/06\/Paso1-1-1024x665.jpg 1024w, https:\/\/somosdelprieto.com\/wp-content\/uploads\/2024\/06\/Paso1-1-300x195.jpg 300w, https:\/\/somosdelprieto.com\/wp-content\/uploads\/2024\/06\/Paso1-1-768x499.jpg 768w, https:\/\/somosdelprieto.com\/wp-content\/uploads\/2024\/06\/Paso1-1.jpg 1163w\" sizes=\"auto, (max-width: 767px) 89vw, (max-width: 1000px) 54vw, (max-width: 1071px) 543px, 580px\" \/><\/figure>\n\n\n\n<figure class=\"wp-block-image\"><img loading=\"lazy\" decoding=\"async\" width=\"1024\" height=\"682\" src=\"https:\/\/somosdelprieto.com\/wp-content\/uploads\/2024\/06\/Paso2-1024x682.jpg\" alt=\"\" class=\"wp-image-19105\" srcset=\"https:\/\/somosdelprieto.com\/wp-content\/uploads\/2024\/06\/Paso2-1024x682.jpg 1024w, https:\/\/somosdelprieto.com\/wp-content\/uploads\/2024\/06\/Paso2-300x200.jpg 300w, https:\/\/somosdelprieto.com\/wp-content\/uploads\/2024\/06\/Paso2-768x512.jpg 768w, https:\/\/somosdelprieto.com\/wp-content\/uploads\/2024\/06\/Paso2.jpg 1198w\" sizes=\"auto, (max-width: 767px) 89vw, (max-width: 1000px) 54vw, (max-width: 1071px) 543px, 580px\" \/><\/figure>\n\n\n\n<p class=\"has-vivid-green-cyan-color has-text-color has-link-color has-medium-font-size wp-elements-4e3b023fe92f55868119895392c561ea\"><\/p>\n\n\n\n<p class=\"has-medium-font-size\"><strong><span class=\"has-inline-color has-vivid-red-color\">T\u00c9NGASE EN CUENTA QUE :<\/span><\/strong><\/p>\n\n\n\n<p><strong><span class=\"has-inline-color has-vivid-red-color\">IMPORTANTE<\/span><\/strong><span class=\"has-inline-color has-vivid-red-color\">: La <strong>expedici\u00f3n <\/strong>de cualquier tipo de <strong>certificaci\u00f3n <\/strong>tardar\u00e1 un <strong>m\u00ednimo de 2 a 5 d\u00edas<\/strong> desde que se tenga constancia de su solicitud.<\/span><\/p>\n\n\n\n<ul class=\"wp-block-list\">\n<li>El certificado se enviar\u00e1 al correo electr\u00f3nico indicado en el formulario. En caso de querer recogerlo presencialmente, ha de tenerse en cuenta lo siguiente:<\/li>\n<\/ul>\n\n\n\n<ol class=\"wp-block-list\">\n<li>Si la persona <strong>titular <\/strong>del certificado es qui\u00e9n lo va a recoger, se <strong>identificar\u00e1 mostrando su DNI<\/strong>.<\/li>\n\n\n\n<li>Si la persona es <strong>distinta del titula<\/strong>r, ser\u00e1 necesaria <strong>autorizaci\u00f3n<\/strong>. Se aportar\u00e1 autorizaci\u00f3n del titular, rellenada y firmada por \u00e9l <strong><span class=\"has-inline-color has-very-dark-gray-color\">(<a rel=\"noreferrer noopener\" href=\"https:\/\/somosdelprieto.com\/wp-content\/uploads\/2020\/12\/AUTORIZACION.pdf\" target=\"_blank\">aqu\u00ed dispones de un modelo<\/a>)<\/span><\/strong>, <strong>adem\u00e1s <\/strong>de aportar <strong>fotocopia del DNI del titular y fotocopia del DNI de la persona autorizada<\/strong>.<\/li>\n<\/ol>\n\n\n\n<p><\/p>\n","protected":false},"excerpt":{"rendered":"<p>Rellenando el siguiente formulario Solicitud de Certificado con el usuario y contrase\u00f1a de EducamosCLM del estudiante. INSTRUCCIONES PARA ACCEDER AL FORMULARIO: Se accede al formulario con el usuario de EducamosCLM del estudiante, seguido de @educastillalamancha.es (ver imagen 1). A continuaci\u00f3n, debe iniciar sesi\u00f3n en el entorno de EducamosCLM del estudiante, mediante su usuario y contrase\u00f1a &hellip; <\/p>\n<p class=\"link-more\"><a href=\"https:\/\/somosdelprieto.com\/index.php\/secretaria\/solicitud-certificados\/\" class=\"more-link\">Continuar leyendo<span class=\"screen-reader-text\"> \u00abSolicitud Certificados\u00bb<\/span><\/a><\/p>\n","protected":false},"author":53,"featured_media":0,"parent":2439,"menu_order":0,"comment_status":"closed","ping_status":"closed","template":"","meta":{"footnotes":""},"class_list":["post-2501","page","type-page","status-publish","hentry"],"_links":{"self":[{"href":"https:\/\/somosdelprieto.com\/index.php\/wp-json\/wp\/v2\/pages\/2501","targetHints":{"allow":["GET"]}}],"collection":[{"href":"https:\/\/somosdelprieto.com\/index.php\/wp-json\/wp\/v2\/pages"}],"about":[{"href":"https:\/\/somosdelprieto.com\/index.php\/wp-json\/wp\/v2\/types\/page"}],"author":[{"embeddable":true,"href":"https:\/\/somosdelprieto.com\/index.php\/wp-json\/wp\/v2\/users\/53"}],"replies":[{"embeddable":true,"href":"https:\/\/somosdelprieto.com\/index.php\/wp-json\/wp\/v2\/comments?post=2501"}],"version-history":[{"count":22,"href":"https:\/\/somosdelprieto.com\/index.php\/wp-json\/wp\/v2\/pages\/2501\/revisions"}],"predecessor-version":[{"id":19991,"href":"https:\/\/somosdelprieto.com\/index.php\/wp-json\/wp\/v2\/pages\/2501\/revisions\/19991"}],"up":[{"embeddable":true,"href":"https:\/\/somosdelprieto.com\/index.php\/wp-json\/wp\/v2\/pages\/2439"}],"wp:attachment":[{"href":"https:\/\/somosdelprieto.com\/index.php\/wp-json\/wp\/v2\/media?parent=2501"}],"curies":[{"name":"wp","href":"https:\/\/api.w.org\/{rel}","templated":true}]}}