{"id":2498,"date":"2020-12-16T10:43:12","date_gmt":"2020-12-16T09:43:12","guid":{"rendered":"https:\/\/somosdelprieto.com\/?page_id=2498"},"modified":"2026-04-08T13:44:58","modified_gmt":"2026-04-08T11:44:58","slug":"prueba-libres-formacion-profesional","status":"publish","type":"page","link":"https:\/\/somosdelprieto.com\/index.php\/secretaria\/prueba-libres-formacion-profesional\/","title":{"rendered":"Pruebas libres para la obtenci\u00f3n de los T\u00edtulos de T\u00e9cnico y T\u00e9cnico Superior (ASISTENCIA A LA DIRECCI\u00d3N 2026)"},"content":{"rendered":"<div class=\"wp-block-image is-resized\">\n<figure class=\"aligncenter size-full\"><img loading=\"lazy\" decoding=\"async\" width=\"661\" height=\"241\" src=\"https:\/\/somosdelprieto.com\/wp-content\/uploads\/2025\/04\/Sin-titulo.jpg\" alt=\"\" class=\"wp-image-21045\" srcset=\"https:\/\/somosdelprieto.com\/wp-content\/uploads\/2025\/04\/Sin-titulo.jpg 661w, https:\/\/somosdelprieto.com\/wp-content\/uploads\/2025\/04\/Sin-titulo-300x109.jpg 300w\" sizes=\"auto, (max-width: 661px) 100vw, 661px\" \/><\/figure>\n<\/div>\n\n\n<p class=\"has-text-align-center has-vivid-green-cyan-color has-text-color has-large-font-size\"><strong>CONVOCATORIA CURSO 2025\/2026<\/strong><\/p>\n\n\n\n<p>En el siguiente enlace del Diario Oficial de Castilla-La Mancha, se encuentra publicada la convocatoria para la obtenci\u00f3n de los <strong>t\u00edtulos de T\u00e9cnico y T\u00e9cnico Superior<\/strong> para el curso <strong>2025\/2026.<\/strong><\/p>\n\n\n\n<p><a href=\"https:\/\/docm.jccm.es\/docm\/descargarArchivo.do?ruta=2025\/11\/25\/pdf\/2025_8913.pdf&amp;tipo=rutaDocm\" target=\"_blank\" rel=\"noreferrer noopener\">https:\/\/docm.jccm.es\/docm\/descargarArchivo.doruta=2024\/11\/25\/pdf\/2024_9270.pdf&amp;tipo=rutaDocm<\/a><\/p>\n\n\n\n<p class=\"has-medium-font-size\"><strong><mark style=\"background-color:#ffffff\" class=\"has-inline-color has-vivid-red-color\">IMPORTANTE: SE HA PUBLICADO EL DOCUMENTO DONDE SE CONCRETAN: <\/mark><\/strong><\/p>\n\n\n\n<figure class=\"wp-block-table\"><table class=\"has-fixed-layout\"><tbody><tr><td><mark style=\"background-color:#ffffff\" class=\"has-inline-color has-vivid-red-color\"><strong>-El calendario de las pruebas.<\/strong><br><strong>-La normativa vigente en la que se recogen los resultados de aprendizaje y los criterios de evaluaci\u00f3n en los que se basar\u00e1n las pruebas.<\/strong><br><strong>&#8211; Las caracter\u00edsticas de las pruebas y criterios de calificaci\u00f3n.<\/strong><br><strong>-La publicaci\u00f3n de las notas<\/strong>.<\/mark><br><\/td><\/tr><\/tbody><\/table><\/figure>\n\n\n\n<p class=\"has-small-font-size\">Puedes consultarlo aqu\u00ed:<\/p>\n\n\n\n<div data-wp-interactive=\"core\/file\" class=\"wp-block-file\"><object data-wp-bind--hidden=\"!state.hasPdfPreview\" hidden class=\"wp-block-file__embed\" data=\"https:\/\/somosdelprieto.com\/wp-content\/uploads\/2026\/03\/2-CALENDARIO-criterios-de-evaluacion-y-calificacion-FIRMADO-1.pdf\" type=\"application\/pdf\" style=\"width:100%;height:600px\" aria-label=\"Incrustado de 2 CALENDARIO criterios de evaluaci\u00f3n y calificaci\u00f3n FIRMADO.\"><\/object><a id=\"wp-block-file--media-109dacd8-0432-4cfb-8f5a-b9dbfd40e58f\" href=\"https:\/\/somosdelprieto.com\/wp-content\/uploads\/2026\/03\/2-CALENDARIO-criterios-de-evaluacion-y-calificacion-FIRMADO-1.pdf\">2 CALENDARIO criterios de evaluaci\u00f3n y calificaci\u00f3n FIRMADO<\/a><a href=\"https:\/\/somosdelprieto.com\/wp-content\/uploads\/2026\/03\/2-CALENDARIO-criterios-de-evaluacion-y-calificacion-FIRMADO-1.pdf\" class=\"wp-block-file__button wp-element-button\" download aria-describedby=\"wp-block-file--media-109dacd8-0432-4cfb-8f5a-b9dbfd40e58f\">Descarga<\/a><\/div>\n\n\n\n<p><\/p>\n\n\n\n<p><\/p>\n\n\n\n<p class=\"has-medium-font-size\"><strong><mark style=\"background-color:#ffffff\" class=\"has-inline-color has-vivid-cyan-blue-color\">LISTADO DEFINITIVO DE ADMITIDOS Y EXCLUIDOS: <\/mark><\/strong><\/p>\n\n\n\n<div data-wp-interactive=\"core\/file\" class=\"wp-block-file\"><object data-wp-bind--hidden=\"!state.hasPdfPreview\" hidden class=\"wp-block-file__embed\" data=\"https:\/\/somosdelprieto.com\/wp-content\/uploads\/2026\/02\/19-02-26-LISTADO-DEFINITIVO-DE-ADMITIDOS-Y-EXCLUIDOS-a-las-pruebas-libres-FP-2026-3.pdf\" type=\"application\/pdf\" style=\"width:100%;height:600px\" aria-label=\"Incrustado de LISTADO DEFINITIVO DE ADMITIDOS Y EXCLUIDOS a las pruebas libres FP 2026.\"><\/object><a id=\"wp-block-file--media-4a0776aa-2a6e-4097-bd5d-d888dbddce22\" href=\"https:\/\/somosdelprieto.com\/wp-content\/uploads\/2026\/02\/19-02-26-LISTADO-DEFINITIVO-DE-ADMITIDOS-Y-EXCLUIDOS-a-las-pruebas-libres-FP-2026-3.pdf\">LISTADO DEFINITIVO DE ADMITIDOS Y EXCLUIDOS a las pruebas libres FP 2026<\/a><a href=\"https:\/\/somosdelprieto.com\/wp-content\/uploads\/2026\/02\/19-02-26-LISTADO-DEFINITIVO-DE-ADMITIDOS-Y-EXCLUIDOS-a-las-pruebas-libres-FP-2026-3.pdf\" class=\"wp-block-file__button wp-element-button\" download aria-describedby=\"wp-block-file--media-4a0776aa-2a6e-4097-bd5d-d888dbddce22\">Descarga<\/a><\/div>\n\n\n\n<p><\/p>\n\n\n\n<p>A continuaci\u00f3n, se exponen algunos aspectos b\u00e1sicos de la convocatoria as\u00ed como el calendario de cada tr\u00e1mite. Se recuerda que, cualquier <strong>actualizaci\u00f3n o informaci\u00f3n relacionada<\/strong>, la podr\u00e1s encontrar en el <strong><a href=\"http:\/\/www.educa.jccm.es\/es\" target=\"_blank\" rel=\"noreferrer noopener\">portal de educaci\u00f3n de la Junta<\/a><\/strong> de Comunidades de Castilla-La Mancha o navegando en esta p\u00e1gina <a href=\"https:\/\/somosdelprieto.com\/index.php\/secretaria\/\" target=\"_blank\" rel=\"noreferrer noopener\"><strong>web del I.E.S. Gregorio Prieto.<\/strong><\/a><\/p>\n\n\n\n<p class=\"has-vivid-cyan-blue-color has-text-color has-medium-font-size\"><strong><em>REQUISITOS PARA PARTICIPAR EN LAS PRUEBAS<\/em><\/strong><\/p>\n\n\n\n<ul class=\"wp-block-list\">\n<li><strong>EDAD<\/strong><\/li>\n<\/ul>\n\n\n\n<ul class=\"wp-block-list\">\n<li>Para los t\u00edtulos de <strong>T\u00e9cnico<\/strong>, <strong>18 a\u00f1os<\/strong> .<\/li>\n\n\n\n<li>Para los t\u00edtulos de <strong>T\u00e9cnico Superior<\/strong>, <strong>20 a\u00f1os<\/strong>. <\/li>\n<\/ul>\n\n\n\n<p>En ambos casos se ha de tener la edad requerida o cumplirla en el a\u00f1o natural en que se realizan las pruebas.<\/p>\n\n\n\n<ul class=\"wp-block-list\">\n<li><strong>TITULACIONES<\/strong><\/li>\n<\/ul>\n\n\n\n<p>Tanto para Grado Medio como para Grado Superior son los mismos requisitos de acceso que los exigidos para la ense\u00f1anza ordinaria. Se pueden encontrar en la publicaci\u00f3n de esta convocatoria del DOCM en el enlace de arriba.<\/p>\n\n\n\n<p class=\"has-vivid-cyan-blue-color has-text-color has-medium-font-size\"><strong><em>INCOMPATIBILIDADES<\/em><\/strong><\/p>\n\n\n\n<p>Los participantes en estas pruebas <strong>NO<\/strong> podr\u00e1n:<\/p>\n\n\n\n<p>&#8211; Estar matriculados durante el curso 2025\/2026 en r\u00e9gimen presencial o a distancia en un centro p\u00fablico o privado en un m\u00f3dulo profesional y matricularse <strong>en el mismo m\u00f3dulo<\/strong> en estas pruebas.<\/p>\n\n\n\n<p>&#8211; Estar matriculados durante el curso 2025\/2026 en un mismo m\u00f3dulo de estas pruebas y en las pruebas para la obtenci\u00f3n de t\u00edtulos de Formaci\u00f3n Profesional <strong>en otra comunidad aut\u00f3noma<\/strong>.<\/p>\n\n\n\n<p>&#8211; Estar cursando un m\u00f3dulo formativo o estar inscritos en un procedimiento de <strong>acreditaci\u00f3n de competencias adquiridas a trav\u00e9s de la experiencia laboral u otras v\u00edas no formales de formaci\u00f3n<\/strong> y presentarse a estas pruebas en alg\u00fan m\u00f3dulo que le permita acreditar las mismas unidades de competencia.<\/p>\n\n\n\n<p class=\"has-vivid-cyan-blue-color has-text-color has-medium-font-size\"><strong>SOLICITUD DE INSCRIPCI\u00d3N A LAS PRUEBAS<\/strong><\/p>\n\n\n\n<p>Las solicitudes se presentar\u00e1n <strong>preferentemente de forma telem\u00e1tica<\/strong>, a trav\u00e9s del espacio de la secretaria virtual de la plataforma educativa <strong><a href=\"https:\/\/educamosclm.castillalamancha.es\/\" target=\"_blank\" rel=\"noreferrer noopener\">EducamosCLM<\/a><\/strong> , accesible igualmente desde la Sede Electr\u00f3nica de la Administraci\u00f3n de la Junta de Comunidades de Castilla-La Mancha (<a href=\"https:\/\/www.jccm.es\/\/\" target=\"_blank\" rel=\"noreferrer noopener\">https:\/\/www.jccm.es\/\/<\/a>.<\/p>\n\n\n\n<p>Los documentos que sea preciso aportar deber\u00e1n digitalizarse y adjuntarse a la solicitud como archivos anexos a la misma.<\/p>\n\n\n\n<p>Las solicitudes tambi\u00e9n podr\u00e1n presentarse presencialmente a trav\u00e9s de cualquiera de los medios previstos en el art\u00edculo 16.4 de la Ley 39\/2015, de 1 de octubre, del Procedimiento Administrativo Com\u00fan de las Administraciones P\u00fablicas.<\/p>\n\n\n\n<p style=\"font-size:23px\"><strong>El plazo de presentaci\u00f3n de solicitudes de inscripci\u00f3n comenzar\u00e1 el d\u00eda 26\/11\/2025 y finalizar\u00e1 el d\u00eda 18\/12\/2025<\/strong><\/p>\n\n\n\n<p class=\"has-vivid-red-color has-text-color has-medium-font-size\"><strong>IMPORTANTE:<\/strong><\/p>\n\n\n\n<p><strong>PREVIO A LA REALIZACI\u00d3N DE LA SOLICITUD<\/strong>, el solicitante deber\u00e1 realizar un<strong> ingreso con el modelo 046<\/strong> que se podr\u00e1 cumplimentar en la siguiente p\u00e1gina web: <\/p>\n\n\n\n<p><a href=\"http:\/\/portaltributario.jccm.es\" target=\"_blank\" rel=\"noreferrer noopener\">http:\/\/portaltributario.jccm.es<\/a><\/p>\n\n\n\n<p>En la cumplimentaci\u00f3n del modelo se consignar\u00e1:<\/p>\n\n\n\n<ul class=\"wp-block-list\">\n<li>Consejer\u00eda u Organismo Aut\u00f3nomo: <em>Consejer\u00eda de Educaci\u00f3n, Cultura y Deportes<\/em>.<\/li>\n\n\n\n<li>\u00d3rgano Gestor: <em>Servicios Centrales Educaci\u00f3n, Cultura y Deportes<\/em>.<\/li>\n\n\n\n<li>Denominaci\u00f3n del concepto: <em>1254 \u00abTasa por la inscripci\u00f3n en las pruebas para la obtenci\u00f3n de determinados t\u00edtulos\u00bb<\/em>.<\/li>\n\n\n\n<li>La fecha de devengo ser\u00e1 la de cumplimentaci\u00f3n del modelo.<\/li>\n<\/ul>\n\n\n\n<p>En el <strong>apartado de 57 \u00abDescripci\u00f3n\u00bb<\/strong> se deber\u00e1 hacer referencia al ciclo al que desea presentarse, al centro donde pretende realizar la prueba y al n\u00famero de m\u00f3dulos en los que el participante desea matricularse y practicar su autoliquidaci\u00f3n. En este apartado se deber\u00e1 indicar si le es aplicable alguna de las bonificaciones o exenciones. En tal caso, la bonificaci\u00f3n o exenci\u00f3n se deber\u00e1 justificar documentalmente.<\/p>\n\n\n\n<p><strong>La acreditaci\u00f3n del pago se efectuar\u00e1<\/strong> citando en el apartado correspondiente de la <strong>solicitud<\/strong>, <strong>el n\u00famero de justificante de la autoliquidaci\u00f3n obtenida tras el pago de la tasa<\/strong>.<\/p>\n\n\n\n<p><strong>La falta de justificaci\u00f3n del pago de la tasa <\/strong>o la falta de concurrencia de las circunstancias de condici\u00f3n de familia numerosa, de pertenecer a familia perceptora del ingreso m\u00ednimo de solidaridad o de situaci\u00f3n de incapacidad permanente total o absoluta, hechas valer por la persona solicitante para la bonificaci\u00f3n o exenci\u00f3n en su abono, determinar\u00e1 la exclusi\u00f3n de la persona aspirante y as\u00ed se publicar\u00e1 en la relaci\u00f3n provisional de personas admitidas y excluidas.<\/p>\n\n\n\n<p><strong>En ning\u00fan caso, la acreditaci\u00f3n del pago de la tasa podr\u00e1 sustituir el tr\u00e1mite de la solicitud de inscripci\u00f3n en tiempo y forma<\/strong>.<\/p>\n\n\n\n<p class=\"has-vivid-cyan-blue-color has-text-color has-medium-font-size\"><strong>TASAS POR LA PARTICIPACI\u00d3N EN LAS PRUEBAS<\/strong><\/p>\n\n\n\n<p>El importe a pagar ser\u00e1 <strong>7,31\u20ac por m\u00f3dulo<\/strong>. Si el <strong>n\u00famero de m\u00f3dulos<\/strong> solicitados <strong>es 5 o mayor s\u00f3lo se deber\u00e1 pagar 35\u20ac<\/strong>.<\/p>\n\n\n\n<p>Las personas que sean miembros de <strong>familias numerosas<\/strong> de categor\u00eda <strong>general<\/strong>, tendr\u00e1n una <strong>bonificaci\u00f3n del 50 por 100<\/strong>. Estar\u00e1n <strong>exentos de pagar<\/strong> la tasa exigida cuando sean miembros de <strong>familias numerosas<\/strong> de categor\u00eda <strong>especial<\/strong>.<\/p>\n\n\n\n<p>Adem\u00e1s, estar\u00e1n <strong>exentas <\/strong>del pago de las tasas las personas en quienes concurra alguna de las siguientes circunstancias:<\/p>\n\n\n\n<ul class=\"wp-block-list\">\n<li>V\u00edctimas de actos terroristas, as\u00ed como sus c\u00f3nyuges e hijos o hijas, de acuerdo con el punto 7.1 de la Ley 32\/1999 de 8 de octubre de solidaridad con las v\u00edctimas del terrorismo.<\/li>\n\n\n\n<li>V\u00edctimas de la violencia de g\u00e9nero a las que hace referencia la Ley Org\u00e1nica 1\/2004, de 28 de diciembre, de Medidas de Protecci\u00f3n Integral contra la Violencia de G\u00e9nero, y sus hijos o  hijas.<\/li>\n\n\n\n<li>Las personas solicitantes pertenecientes a familias perceptoras del ingreso m\u00ednimo de solidaridad.<\/li>\n\n\n\n<li>Las personas solicitantes que est\u00e9n en situaci\u00f3n de incapacidad permanente total o absoluta.<\/li>\n<\/ul>\n\n\n\n<p class=\"has-text-align-center has-vivid-green-cyan-color has-text-color has-medium-font-size\"><strong>CALENDARIO CONVOCATORIA 2025\/2026<\/strong><\/p>\n\n\n\n<figure class=\"wp-block-table\"><table class=\"has-fixed-layout\"><tbody><tr><td>Presentaci\u00f3n de <strong>solicitudes:<\/strong><\/td><td><strong>Del 26 de noviembre al 18 de diciembre de 2025<\/strong><\/td><\/tr><tr><td>Publicaci\u00f3n de listas <strong>provisionales<\/strong> de <strong>admitidos y excluidos:<\/strong><\/td><td><strong>El d\u00eda 10 de febrero de 2026<\/strong><\/td><\/tr><tr><td><strong>Reclamaciones<\/strong> a la asignaci\u00f3n provisional:<\/td><td><strong>Hasta el d\u00eda 12 de febrero de 2026<\/strong><\/td><\/tr><tr><td>Publicaci\u00f3n de listas <strong>definitivas<\/strong> de <strong>admitidos y excluidos:<\/strong><\/td><td><strong>El d\u00eda 19 de febrero de 2026<\/strong><\/td><\/tr><\/tbody><\/table><\/figure>\n\n\n\n<p class=\"has-text-align-left\"><\/p>\n\n\n\n<p class=\"has-vivid-cyan-blue-color has-text-color has-link-color has-medium-font-size wp-elements-0dfe3a473730cc1379f2332932528b9e\"><strong>PARA M\u00c1S INFORMACI\u00d3N<\/strong><\/p>\n\n\n\n<p><a href=\"https:\/\/educacion.castillalamancha.es\/educacion\/tramites\/pruebas-libres-de-formacion-profesional\" target=\"_blank\" rel=\"noreferrer noopener\">https:\/\/educacion.castillalamancha.es\/educacion\/tramites\/pruebas-libres-de-formacion-profesional<\/a><\/p>\n\n\n\n<p><\/p>\n","protected":false},"excerpt":{"rendered":"<p>CONVOCATORIA CURSO 2025\/2026 En el siguiente enlace del Diario Oficial de Castilla-La Mancha, se encuentra publicada la convocatoria para la obtenci\u00f3n de los t\u00edtulos de T\u00e9cnico y T\u00e9cnico Superior para el curso 2025\/2026. https:\/\/docm.jccm.es\/docm\/descargarArchivo.doruta=2024\/11\/25\/pdf\/2024_9270.pdf&amp;tipo=rutaDocm IMPORTANTE: SE HA PUBLICADO EL DOCUMENTO DONDE SE CONCRETAN: -El calendario de las pruebas.-La normativa vigente en la que se recogen &hellip; <\/p>\n<p class=\"link-more\"><a href=\"https:\/\/somosdelprieto.com\/index.php\/secretaria\/prueba-libres-formacion-profesional\/\" class=\"more-link\">Continuar leyendo<span class=\"screen-reader-text\"> \u00abPruebas libres para la obtenci\u00f3n de los T\u00edtulos de T\u00e9cnico y T\u00e9cnico Superior (ASISTENCIA A LA DIRECCI\u00d3N 2026)\u00bb<\/span><\/a><\/p>\n","protected":false},"author":53,"featured_media":0,"parent":2439,"menu_order":0,"comment_status":"closed","ping_status":"closed","template":"","meta":{"footnotes":""},"class_list":["post-2498","page","type-page","status-publish","hentry"],"_links":{"self":[{"href":"https:\/\/somosdelprieto.com\/index.php\/wp-json\/wp\/v2\/pages\/2498","targetHints":{"allow":["GET"]}}],"collection":[{"href":"https:\/\/somosdelprieto.com\/index.php\/wp-json\/wp\/v2\/pages"}],"about":[{"href":"https:\/\/somosdelprieto.com\/index.php\/wp-json\/wp\/v2\/types\/page"}],"author":[{"embeddable":true,"href":"https:\/\/somosdelprieto.com\/index.php\/wp-json\/wp\/v2\/users\/53"}],"replies":[{"embeddable":true,"href":"https:\/\/somosdelprieto.com\/index.php\/wp-json\/wp\/v2\/comments?post=2498"}],"version-history":[{"count":76,"href":"https:\/\/somosdelprieto.com\/index.php\/wp-json\/wp\/v2\/pages\/2498\/revisions"}],"predecessor-version":[{"id":23689,"href":"https:\/\/somosdelprieto.com\/index.php\/wp-json\/wp\/v2\/pages\/2498\/revisions\/23689"}],"up":[{"embeddable":true,"href":"https:\/\/somosdelprieto.com\/index.php\/wp-json\/wp\/v2\/pages\/2439"}],"wp:attachment":[{"href":"https:\/\/somosdelprieto.com\/index.php\/wp-json\/wp\/v2\/media?parent=2498"}],"curies":[{"name":"wp","href":"https:\/\/api.w.org\/{rel}","templated":true}]}}