{"id":2486,"date":"2020-12-16T10:40:19","date_gmt":"2020-12-16T09:40:19","guid":{"rendered":"https:\/\/somosdelprieto.com\/?page_id=2486"},"modified":"2025-11-11T10:54:12","modified_gmt":"2025-11-11T09:54:12","slug":"ciclo-formativo-grado-medio","status":"publish","type":"page","link":"https:\/\/somosdelprieto.com\/index.php\/secretaria\/ciclo-formativo-grado-medio\/","title":{"rendered":"Ciclos Formativos Grado Medio"},"content":{"rendered":"<div class=\"wp-block-image is-resized is-style-default\">\n<figure class=\"aligncenter size-large\"><img loading=\"lazy\" decoding=\"async\" width=\"732\" height=\"106\" src=\"https:\/\/somosdelprieto.com\/wp-content\/uploads\/2023\/03\/Cabecera-Grado-Medio.png\" alt=\"\" class=\"wp-image-14123\" srcset=\"https:\/\/somosdelprieto.com\/wp-content\/uploads\/2023\/03\/Cabecera-Grado-Medio.png 732w, https:\/\/somosdelprieto.com\/wp-content\/uploads\/2023\/03\/Cabecera-Grado-Medio-300x43.png 300w\" sizes=\"auto, (max-width: 732px) 100vw, 732px\" \/><\/figure>\n<\/div>\n\n\n<p>Para acceder a toda la informaci\u00f3n sobre FP publicada por la Junta de Comunidades de Castilla-La Mancha pulse aqu\u00ed:<\/p>\n\n\n<div class=\"wp-block-image is-style-default\">\n<figure class=\"aligncenter size-large\"><a href=\"https:\/\/www.educa.jccm.es\/es\/fpclm\"><img loading=\"lazy\" decoding=\"async\" width=\"1024\" height=\"183\" src=\"https:\/\/somosdelprieto.com\/wp-content\/uploads\/2023\/03\/Formacion-Profesional-1024x183.jpg\" alt=\"\" class=\"wp-image-14104\" srcset=\"https:\/\/somosdelprieto.com\/wp-content\/uploads\/2023\/03\/Formacion-Profesional-1024x183.jpg 1024w, https:\/\/somosdelprieto.com\/wp-content\/uploads\/2023\/03\/Formacion-Profesional-300x53.jpg 300w, https:\/\/somosdelprieto.com\/wp-content\/uploads\/2023\/03\/Formacion-Profesional-768x137.jpg 768w, https:\/\/somosdelprieto.com\/wp-content\/uploads\/2023\/03\/Formacion-Profesional.jpg 1043w\" sizes=\"auto, (max-width: 767px) 89vw, (max-width: 1000px) 54vw, (max-width: 1071px) 543px, 580px\" \/><\/a><figcaption class=\"wp-element-caption\"><a href=\"https:\/\/educacion.castillalamancha.es\/fp\" target=\"_blank\" rel=\"noreferrer noopener\">https:\/\/www.educa.jccm.es\/es\/fpclm<\/a><\/figcaption><\/figure>\n<\/div>\n\n\n<p>Los ciclos formativos en la modalidad ordinaria (r\u00e9gimen presencial) son ense\u00f1anzas a las que se accede mediante un proceso de admisi\u00f3n para el que deben presentarse las solicitudes de participaci\u00f3n.<\/p>\n\n\n\n<p>Las condiciones y requisitos del procedimiento se regulan en la Orden de Admisi\u00f3n del alumnado a ciclos formativos de Formaci\u00f3n Profesional de Grado Medio y Grado Superior en centros docentes de Castilla-La Mancha sostenidos con fondos p\u00fablicos.<\/p>\n\n\n\n<p>En cada curso acad\u00e9mico se publica la convocatoria espec\u00edfica de ese a\u00f1o acad\u00e9mico.<\/p>\n\n\n\n<p class=\"has-text-align-center has-medium-font-size\"><strong><span class=\"has-inline-color has-vivid-cyan-blue-color\">ADMISI\u00d3N<\/span><\/strong><\/p>\n\n\n<div class=\"wp-block-image is-style-default\">\n<figure class=\"aligncenter size-large\"><a href=\"https:\/\/www.educa.jccm.es\/es\/admision\/admision-formacion-profesional\/admision-ciclos-formativos-regimen-presencial\"><img loading=\"lazy\" decoding=\"async\" width=\"911\" height=\"166\" src=\"https:\/\/somosdelprieto.com\/wp-content\/uploads\/2023\/03\/Admision-del-alumnado.jpg\" alt=\"\" class=\"wp-image-14103\" srcset=\"https:\/\/somosdelprieto.com\/wp-content\/uploads\/2023\/03\/Admision-del-alumnado.jpg 911w, https:\/\/somosdelprieto.com\/wp-content\/uploads\/2023\/03\/Admision-del-alumnado-300x55.jpg 300w, https:\/\/somosdelprieto.com\/wp-content\/uploads\/2023\/03\/Admision-del-alumnado-768x140.jpg 768w\" sizes=\"auto, (max-width: 767px) 89vw, (max-width: 1000px) 54vw, (max-width: 1071px) 543px, 580px\" \/><\/a><\/figure>\n<\/div>\n\n\n<p><a href=\"https:\/\/educacion.castillalamancha.es\/admision-de-alumnado\/fp-presencial\" target=\"_blank\" rel=\"noreferrer noopener\">https:\/\/educacion.castillalamancha.es\/admision-de-alumnado\/fp-presencial<\/a><\/p>\n\n\n\n<p class=\"has-vivid-purple-color has-text-color has-link-color wp-elements-09cabb0783527d82019d25c33dd171c0\"><strong><span class=\"has-inline-color has-vivid-purple-color\">CONVOCATORIA DE CICLOS FORMATIVOS DE FORMACI\u00d3N PROFESIONAL EN R\u00c9GIMEN PRESENCIAL. CURSO 2025\/2026<\/span><\/strong>:<\/p>\n\n\n\n<p class=\"has-black-color has-text-color has-link-color wp-elements-a5a2ba0c45486a631a67be19f297d744\"><a href=\"https:\/\/docm.jccm.es\/docm\/descargarArchivo.do?ruta=2025\/05\/02\/pdf\/2025_3310.pdf&amp;tipo=rutaDocm\">Con fecha de 2 de mayo de 2025, se ha publicado en el Diario Oficial de Castilla-La Mancha la&nbsp;Resoluci\u00f3n de 15\/04\/2025, de la Direcci\u00f3n General de Formaci\u00f3n Profesional, por la que se convoca el procedimiento de admisi\u00f3n del alumnado para el curso 2025\/2026 en ciclos formativos de Formaci\u00f3n Profesional de grado medio y grado superior en la modalidad presencial en centros docentes de Castilla-La Mancha sostenidos con fondos p\u00fablicos.<\/a><\/p>\n\n\n\n<p class=\"has-black-color has-text-color has-link-color wp-elements-280b0f72a673e3f964c5afc42e9357ef\">A continuaci\u00f3n, se detallan las <strong>fechas <\/strong>m\u00e1s relevantes del <strong>desarrollo del proceso<\/strong>:<\/p>\n\n\n<div class=\"wp-block-image\">\n<figure class=\"aligncenter size-full\"><img loading=\"lazy\" decoding=\"async\" width=\"847\" height=\"646\" src=\"https:\/\/somosdelprieto.com\/wp-content\/uploads\/2025\/05\/Fechas-GM-y-GS.png\" alt=\"\" class=\"wp-image-21233\" srcset=\"https:\/\/somosdelprieto.com\/wp-content\/uploads\/2025\/05\/Fechas-GM-y-GS.png 847w, https:\/\/somosdelprieto.com\/wp-content\/uploads\/2025\/05\/Fechas-GM-y-GS-300x229.png 300w, https:\/\/somosdelprieto.com\/wp-content\/uploads\/2025\/05\/Fechas-GM-y-GS-768x586.png 768w\" sizes=\"auto, (max-width: 767px) 89vw, (max-width: 1000px) 54vw, (max-width: 1071px) 543px, 580px\" \/><\/figure>\n<\/div>\n\n\n<p class=\"has-medium-font-size\"><strong><span class=\"has-inline-color has-vivid-purple-color\">\u00bfD\u00d3NDE&nbsp;REALIZAR LAS SOLICITUDES DE ADMISI\u00d3N Y MATR\u00cdCULA?<\/span><\/strong><\/p>\n\n\n\n<p>Cualquier tr\u00e1mite o consulta sobre el proceso de admisi\u00f3n se realizar\u00e1 preferentemente a trav\u00e9s de la plataforma <strong>educamosCLM<\/strong>&nbsp;y, dentro de ella, en&nbsp;Secretar\u00eda Virtual:<\/p>\n\n\n<div class=\"wp-block-image is-style-default\">\n<figure class=\"aligncenter size-large\" id=\"https:\/\/educamosclm.castillalamancha.es\/\"><a href=\"https:\/\/educamosclm.castillalamancha.es\/\"><img loading=\"lazy\" decoding=\"async\" width=\"700\" height=\"194\" src=\"https:\/\/somosdelprieto.com\/wp-content\/uploads\/2023\/03\/xl_accesoEducamosCLM-2.jpg\" alt=\"\" class=\"wp-image-14096\" srcset=\"https:\/\/somosdelprieto.com\/wp-content\/uploads\/2023\/03\/xl_accesoEducamosCLM-2.jpg 700w, https:\/\/somosdelprieto.com\/wp-content\/uploads\/2023\/03\/xl_accesoEducamosCLM-2-300x83.jpg 300w\" sizes=\"auto, (max-width: 700px) 100vw, 700px\" \/><\/a><figcaption class=\"wp-element-caption\"><a href=\"https:\/\/educamosclm.castillalamancha.es\/\">https:\/\/educamosclm.castillalamancha.es\/<\/a><\/figcaption><\/figure>\n<\/div>\n\n\n<figure class=\"wp-block-image size-large\"><img loading=\"lazy\" decoding=\"async\" width=\"1024\" height=\"338\" src=\"https:\/\/somosdelprieto.com\/wp-content\/uploads\/2025\/05\/Secretaria-virtual-1024x338.png\" alt=\"\" class=\"wp-image-21307\" srcset=\"https:\/\/somosdelprieto.com\/wp-content\/uploads\/2025\/05\/Secretaria-virtual-1024x338.png 1024w, https:\/\/somosdelprieto.com\/wp-content\/uploads\/2025\/05\/Secretaria-virtual-300x99.png 300w, https:\/\/somosdelprieto.com\/wp-content\/uploads\/2025\/05\/Secretaria-virtual-768x253.png 768w, https:\/\/somosdelprieto.com\/wp-content\/uploads\/2025\/05\/Secretaria-virtual.png 1034w\" sizes=\"auto, (max-width: 767px) 89vw, (max-width: 1000px) 54vw, (max-width: 1071px) 543px, 580px\" \/><\/figure>\n\n\n\n<figure class=\"wp-block-image size-full\"><img loading=\"lazy\" decoding=\"async\" width=\"1009\" height=\"482\" src=\"https:\/\/somosdelprieto.com\/wp-content\/uploads\/2025\/05\/Admision-Grado-Medio.png\" alt=\"\" class=\"wp-image-21306\" srcset=\"https:\/\/somosdelprieto.com\/wp-content\/uploads\/2025\/05\/Admision-Grado-Medio.png 1009w, https:\/\/somosdelprieto.com\/wp-content\/uploads\/2025\/05\/Admision-Grado-Medio-300x143.png 300w, https:\/\/somosdelprieto.com\/wp-content\/uploads\/2025\/05\/Admision-Grado-Medio-768x367.png 768w\" sizes=\"auto, (max-width: 767px) 89vw, (max-width: 1000px) 54vw, (max-width: 1071px) 543px, 580px\" \/><\/figure>\n\n\n\n<p><strong><span class=\"has-inline-color has-vivid-purple-color\">CLAVES DE ACCESO<\/span><\/strong><\/p>\n\n\n\n<p>Para&nbsp;acceder a la Plataforma EducamosCLM, las personas solicitantes<strong> necesitar\u00e1n disponer de una&nbsp;<u>credencial de acceso<\/u>&nbsp;(usuario y contrase\u00f1a)<\/strong>, de un&nbsp;sistema de firma basado en certificados electr\u00f3nicos cualificados y avanzados o del&nbsp;sistema Cl@ve&nbsp;(Identidad Electr\u00f3nica para las Administraciones P\u00fablicas).<\/p>\n\n\n\n<p><mark class=\"has-inline-color has-vivid-red-color\"> <strong>En caso de que la persona solicitante sea menor de edad, para realizar la solicitud de admisi\u00f3n y la matr\u00edcula ser\u00e1 necesario acceder con el usuario y clave de alguno de sus tutores.<\/strong><\/mark><\/p>\n\n\n\n<p>En caso de&nbsp;no disponer&nbsp;de dicha&nbsp;credencial&nbsp;de acceso de EducamosCLM, las personas interesadas&nbsp;podr\u00e1n solicitarla&nbsp;de forma&nbsp;electr\u00f3nica, siempre y cuando dispongan de un medio de firma electr\u00f3nica,&nbsp;o de forma presencial, previa identificaci\u00f3n, en cualquiera de los centros del \u00e1mbito de gesti\u00f3n de esta comunidad aut\u00f3noma sostenidos con fondos p\u00fablicos que impartan las ense\u00f1anzas de Formaci\u00f3n Profesional o Bachillerato o Educaci\u00f3n Secundaria Obligatoria, as\u00ed como en las Delegaciones Provinciales de la Consejer\u00eda de Educaci\u00f3n, Cultura y Deportes.<\/p>\n\n\n\n<p class=\"has-black-color has-text-color has-background\" style=\"background-color:#ecdade\"><strong>Se recuerda que la entrega de contrase\u00f1as para el acceso, solicitud y\/o firma en la plataforma es \u00daNICAMENTE PRESENCIAL del TITULAR mediante la exhibici\u00f3n de su propio DNI\/NIE\/PASAPORTE (contrase\u00f1a personal e intransferible).<\/strong><\/p>\n\n\n\n<p class=\"has-text-align-center has-medium-font-size\"><strong><span class=\"has-inline-color has-vivid-cyan-blue-color\">MATRICULACI\u00d3N <\/span><\/strong><\/p>\n\n\n\n<p>Los&nbsp;<strong>plazos<\/strong>&nbsp;para la&nbsp;<strong>matriculaci\u00f3n<\/strong>&nbsp;son los siguientes:<\/p>\n\n\n\n<p><span class=\"has-inline-color has-vivid-purple-color\"><strong>1. ALUMNADO QUE HA SIDO ADMITIDO EN EL PROCESO DE ADMISI\u00d3N<\/strong>:<\/span> el plazo de matr\u00edcula es&nbsp;<strong>del 2 al 4 de julio de 2025.<\/strong><\/p>\n\n\n\n<p><span class=\"has-inline-color has-vivid-purple-color\"><strong>2.ALUMNADO QUE REPITE CURSO O QUE PROMOCIONA DE PRIMERO A SEGUNDO<\/strong> (SIEMPRE QUE PERMANEZCA EN EL MISMO CENTRO): <\/span>el plazo es&nbsp;<strong>del 19 al 26 de junio de 2025.<\/strong><\/p>\n\n\n\n<p id=\"block-0deb6e12-b5cb-4d14-a86f-e69dbdf633ba\">Posteriormente,&nbsp;deber\u00e1n realizar el&nbsp;<strong>pago del seguro escolar<\/strong>, mediante transferencia bancaria de&nbsp;<strong>1,12\u20ac<\/strong>, indicando en el&nbsp;<strong>concepto<\/strong>&nbsp;del ingreso el&nbsp;<strong>nombre y apellidos y el curso del alumno\/a que se matricula<\/strong>.&nbsp;<strong>El n\u00famero de cuenta es<\/strong>&nbsp;el siguiente: ES06 2103 7247 1800 3003 2098.<\/p>\n\n\n\n<p id=\"block-c62f22f6-df53-40fa-91b2-97ba44f676b5\"><em>El alumnado de&nbsp;<strong>1\u00ba y 2\u00ba de E.S.O. no<\/strong>&nbsp;<strong>tienen que pagar<\/strong>&nbsp;el seguro escolar. Tambi\u00e9n est\u00e1n exentos del pago el alumnado de<strong>&nbsp;28 a\u00f1os o mayores<\/strong>.<\/em><\/p>\n\n\n\n<p id=\"block-74b6529d-90bc-48aa-9cf0-d921585c899a\">Es importante que&nbsp;<strong>guarden el justificante<\/strong>&nbsp;de pago, ya que les har\u00e1 falta.<\/p>\n\n\n\n<p id=\"block-23f91bcc-6fc5-4d46-b652-fd448d38255e\">Por \u00faltimo, deben rellenar el siguiente formulario&nbsp;<a href=\"https:\/\/forms.office.com\/e\/g9ZJ823EDc\">https:\/\/forms.office.com\/e\/g9ZJ823EDc<\/a> para&nbsp;<strong>enviar&nbsp;<\/strong>digitalizada la siguiente<strong>&nbsp;documentaci\u00f3n necesaria<\/strong>:<\/p>\n\n\n\n<ul id=\"block-360e0ee0-7952-4f74-8205-21377a4debed\" class=\"wp-block-list\">\n<li><strong>DNI por ambas caras.<\/strong><\/li>\n\n\n\n<li><strong>N\u00famero de la Seguridad Social<\/strong>&nbsp;<mark><mark class=\"has-inline-color has-vivid-red-color\">( ES IMPORTANTE QUE SEA EL N\u00daMERO PROPIO DEL ALUMNO, QUE NO APAREZCA COMO BENEFICIARIO NI QUE EL N\u00daMERO SEA TEMPORAL<\/mark><\/mark><mark class=\"has-inline-color has-vivid-red-color\">)<\/mark><mark class=\"has-inline-color has-vivid-red-color\">.<\/mark><\/li>\n\n\n\n<li><strong>Una Fotograf\u00eda.<\/strong><\/li>\n\n\n\n<li><strong>Justificante del pago del seguro escolar.<\/strong><\/li>\n<\/ul>\n\n\n\n<p class=\"has-medium-font-size\"><strong><span class=\"has-inline-color has-vivid-red-color\">IMPORTANTE: LA ENTREGA DE TODA LA DOCUMENTACI\u00d3N DEBER\u00c1 REALIZARSE EN LAS SIGUIENTES FECHAS:<\/span><\/strong><\/p>\n\n\n\n<ol class=\"wp-block-list\">\n<li>El alumnado <strong>admitido en el proceso de admisi\u00f3n<\/strong>: hasta el <strong>12 de septiembre<\/strong> <strong>de 2025.<\/strong><\/li>\n\n\n\n<li>El alumnado que <strong>repite curso o promociona de primero a segundo<\/strong>: hasta el <strong>12 de septiembre de 2025.<\/strong><\/li>\n<\/ol>\n\n\n\n<p class=\"has-background\" style=\"background-color:#f0dee3\"><strong>Las personas solicitantes que hayan obtenido un puesto escolar en la adjudicaci\u00f3n definitiva y NO FORMALICEN su matr\u00edcula en los plazos indicados, perder\u00e1n el derecho a la plaza asignada y ser\u00e1n excluidos del proceso de admisi\u00f3n.<\/strong><\/p>\n\n\n\n<p><\/p>\n\n\n\n<p class=\"has-text-align-center has-medium-font-size\"><strong><span class=\"has-inline-color has-vivid-cyan-blue-color\">REQUISITOS DE ACCESO A GRADO MEDIO:<\/span><\/strong><\/p>\n\n\n\n<p>El acceso a ciclos formativos de grado medio requerir\u00e1 el cumplimiento de<strong> al menos una de las siguientes condiciones:<\/strong><\/p>\n\n\n\n<p class=\"has-text-align-left\">a) Estar en posesi\u00f3n del <strong>t\u00edtulo <\/strong>de graduado en <strong>Educaci\u00f3n Secundaria Obligatoria.<\/strong><br>b) Estar en posesi\u00f3n del <strong>t\u00edtulo de T\u00e9cnico B\u00e1sico<\/strong>, <strong>T\u00e9cnico Profesional B\u00e1sico<\/strong> o de <strong>T\u00e9cnico<\/strong>.<br>c) Haber superado una o<strong>ferta formativa de Grado C <\/strong>incluida en el ciclo formativo.<br>d) Haber <strong>superado <\/strong>un <strong>curso de formaci\u00f3n espec\u00edfico preparatorio <\/strong>para el acceso a ciclos formativos de grado medio o grado superior en centros expresamente autorizados por la Administraci\u00f3n educativa.<br>e) Haber superado una<strong> prueba de acceso a ciclos formativos de grado medio o de grado superior<\/strong>, o la prueba de acceso a la universidad para mayores de 25 a\u00f1os.<\/p>\n\n\n\n<p class=\"has-text-align-left\">En los supuestos de acceso al amparo de las letras <strong>c), d) y e)<\/strong> del apartado anterior, se precisar\u00e1, adem\u00e1s, tener <strong>diecisiete a\u00f1os <\/strong>como m\u00ednimo, cumplidos en el a\u00f1o de realizaci\u00f3n de la prueba o del inicio de la formaci\u00f3n.<\/p>\n\n\n\n<p class=\"has-text-align-center has-medium-font-size\"><strong><span class=\"has-inline-color has-vivid-cyan-blue-color\">OFERTA FORMATIVA POR FAMILIAS PROFESIONALES<\/span><\/strong><\/p>\n\n\n\n<p>Para consultar la oferta formativa de Grado Medio pinche aqu\u00ed:<\/p>\n\n\n<div class=\"wp-block-image is-resized is-style-default\">\n<figure class=\"aligncenter size-large\"><a href=\"https:\/\/www.educa.jccm.es\/es\/fpclm\/estudios-formacion-profesional\/estudios-ofertados-formacion-profesional\"><img loading=\"lazy\" decoding=\"async\" width=\"620\" height=\"163\" src=\"https:\/\/somosdelprieto.com\/wp-content\/uploads\/2023\/03\/Estudios-Ofertados.png\" alt=\"\" class=\"wp-image-14116\" srcset=\"https:\/\/somosdelprieto.com\/wp-content\/uploads\/2023\/03\/Estudios-Ofertados.png 620w, https:\/\/somosdelprieto.com\/wp-content\/uploads\/2023\/03\/Estudios-Ofertados-300x79.png 300w\" sizes=\"auto, (max-width: 620px) 100vw, 620px\" \/><\/a><figcaption class=\"wp-element-caption\"><a href=\"https:\/\/educacion.castillalamancha.es\/fp\" target=\"_blank\" rel=\"noreferrer noopener\">https:\/\/educacion.castillalamancha.es\/fp<\/a><\/figcaption><\/figure>\n<\/div>\n\n\n<p class=\"has-text-align-center has-medium-font-size\"><strong><span class=\"has-inline-color has-vivid-cyan-blue-color\">TITULACI\u00d3N<\/span><\/strong><\/p>\n\n\n\n<p>Los t\u00edtulos de T\u00e9cnico (Grado Medio) tienen <strong>car\u00e1cter oficial y validez acad\u00e9mica y profesional<\/strong> en todo el territorio nacional.<\/p>\n\n\n\n<p>&nbsp;<strong>El t\u00edtulo de T\u00e9cnico permitir\u00e1 el acceso a cualquiera de las modalidades de Bachillerato.<\/strong> El alumno que haya obtenido un t\u00edtulo de t\u00e9cnico de formaci\u00f3n profesional obtendr\u00e1 el t\u00edtulo de Bachiller si supera las materias comunes del Bachillerato.<\/p>\n\n\n\n<p class=\"has-text-align-center has-medium-font-size\"><strong><span class=\"has-inline-color has-vivid-cyan-blue-color\">NORMATIVA CICLOS FORMATIVOS GRADO MEDIO <\/span><\/strong><\/p>\n\n\n\n<p>Para acceder a toda la normativa sobre FP pulse sobre el siguiente enlace:<\/p>\n\n\n\n<p><a href=\"https:\/\/educacion.castillalamancha.es\/normativa-de-fp-modificacion-de-la-oferta-educativa\" target=\"_blank\" rel=\"noreferrer noopener\">https:\/\/educacion.castillalamancha.es\/normativa-de-fp-modificacion-de-la-oferta-educativa<\/a><\/p>\n\n\n\n<p class=\"has-vivid-red-color has-text-color has-link-color wp-elements-b5693467d969300954b8f3cc299a41f5\"><strong>Para m\u00e1s informaci\u00f3n:<\/strong><\/p>\n\n\n\n<p><a href=\"https:\/\/educacion.castillalamancha.es\/admision-de-alumnado\/fp-presencial\">https:\/\/educacion.castillalamancha.es\/admision-de-alumnado\/fp-presencial<\/a><\/p>\n\n\n\n<p><\/p>\n\n\n\n<p><\/p>\n","protected":false},"excerpt":{"rendered":"<p>Para acceder a toda la informaci\u00f3n sobre FP publicada por la Junta de Comunidades de Castilla-La Mancha pulse aqu\u00ed: Los ciclos formativos en la modalidad ordinaria (r\u00e9gimen presencial) son ense\u00f1anzas a las que se accede mediante un proceso de admisi\u00f3n para el que deben presentarse las solicitudes de participaci\u00f3n. Las condiciones y requisitos del procedimiento &hellip; <\/p>\n<p class=\"link-more\"><a href=\"https:\/\/somosdelprieto.com\/index.php\/secretaria\/ciclo-formativo-grado-medio\/\" class=\"more-link\">Continuar leyendo<span class=\"screen-reader-text\"> \u00abCiclos Formativos Grado Medio\u00bb<\/span><\/a><\/p>\n","protected":false},"author":53,"featured_media":0,"parent":2439,"menu_order":0,"comment_status":"closed","ping_status":"closed","template":"","meta":{"footnotes":""},"class_list":["post-2486","page","type-page","status-publish","hentry"],"_links":{"self":[{"href":"https:\/\/somosdelprieto.com\/index.php\/wp-json\/wp\/v2\/pages\/2486","targetHints":{"allow":["GET"]}}],"collection":[{"href":"https:\/\/somosdelprieto.com\/index.php\/wp-json\/wp\/v2\/pages"}],"about":[{"href":"https:\/\/somosdelprieto.com\/index.php\/wp-json\/wp\/v2\/types\/page"}],"author":[{"embeddable":true,"href":"https:\/\/somosdelprieto.com\/index.php\/wp-json\/wp\/v2\/users\/53"}],"replies":[{"embeddable":true,"href":"https:\/\/somosdelprieto.com\/index.php\/wp-json\/wp\/v2\/comments?post=2486"}],"version-history":[{"count":91,"href":"https:\/\/somosdelprieto.com\/index.php\/wp-json\/wp\/v2\/pages\/2486\/revisions"}],"predecessor-version":[{"id":22570,"href":"https:\/\/somosdelprieto.com\/index.php\/wp-json\/wp\/v2\/pages\/2486\/revisions\/22570"}],"up":[{"embeddable":true,"href":"https:\/\/somosdelprieto.com\/index.php\/wp-json\/wp\/v2\/pages\/2439"}],"wp:attachment":[{"href":"https:\/\/somosdelprieto.com\/index.php\/wp-json\/wp\/v2\/media?parent=2486"}],"curies":[{"name":"wp","href":"https:\/\/api.w.org\/{rel}","templated":true}]}}