{"id":2483,"date":"2020-12-16T10:39:16","date_gmt":"2020-12-16T09:39:16","guid":{"rendered":"https:\/\/somosdelprieto.com\/?page_id=2483"},"modified":"2025-11-11T10:48:16","modified_gmt":"2025-11-11T09:48:16","slug":"programa-especifico-formacion-profesional-jardineria","status":"publish","type":"page","link":"https:\/\/somosdelprieto.com\/index.php\/secretaria\/programa-especifico-formacion-profesional-jardineria\/","title":{"rendered":"Programa Espec\u00edfico Formaci\u00f3n Profesional &#8211; Jardiner\u00eda-"},"content":{"rendered":"<div class=\"wp-block-image is-resized\">\n<figure class=\"aligncenter size-large\"><img decoding=\"async\" src=\"https:\/\/somosdelprieto.com\/wp-content\/uploads\/2020\/12\/jardiner\u00eda-1.jpg\" alt=\"\" class=\"wp-image-2703\" \/><\/figure>\n<\/div>\n\n\n<p class=\"has-text-align-center has-vivid-green-cyan-color has-text-color has-large-font-size\"><strong>PROCESO DE ADMISI\u00d3N CURSO 2025\/2026<\/strong><\/p>\n\n\n\n<p>A continuaci\u00f3n, se exponen algunos aspectos b\u00e1sicos del proceso de admisi\u00f3n as\u00ed como el calendario de cada tr\u00e1mite. Se recuerda que, cualquier&nbsp;<strong>actualizaci\u00f3n o informaci\u00f3n relacionada<\/strong>, la podr\u00e1s encontrar en el&nbsp;<strong><a href=\"https:\/\/www.educa.jccm.es\/es\/admision\/admision-formacion-profesional\/admision-ciclos-formativos-programas-especificos-fp\" target=\"_blank\" rel=\"noreferrer noopener\">portal de educaci\u00f3n de la Junta<\/a><\/strong>&nbsp;de Comunidades de Castilla-La Mancha o navegando en esta p\u00e1gina&nbsp;<a href=\"https:\/\/somosdelprieto.com\/index.php\/secretaria\/\" target=\"_blank\" rel=\"noreferrer noopener\"><strong>web del I.E.S. Gregorio Prieto.<\/strong><\/a><\/p>\n\n\n\n<p class=\"has-vivid-purple-color has-text-color has-link-color wp-elements-251b2cd0d0a23ae3f83d439942a2f349\"><strong>PARA M\u00c1S INFORMACI\u00d3N<\/strong>:\u00a0<\/p>\n\n\n\n<p><a href=\"https:\/\/educacion.castillalamancha.es\/admision-de-alumnado\/programas-especificos-fp\" target=\"_blank\" rel=\"noreferrer noopener\">https:\/\/educacion.castillalamancha.es\/admision-de-alumnado\/programas-especificos-fp<\/a><\/p>\n\n\n\n<p class=\"has-vivid-cyan-blue-color has-text-color has-link-color has-medium-font-size wp-elements-97d45025529a7466059435da4fce136f\"><strong>REQUISITOS DE ACCESO<\/strong><\/p>\n\n\n\n<p>1.&nbsp;&nbsp;Las personas interesadas deber\u00e1n reunir los&nbsp;siguientes&nbsp;<strong>requisitos<\/strong>:<\/p>\n\n\n\n<p>a) &nbsp;&nbsp;Estar matriculado\/a en ESO.<\/p>\n\n\n\n<p>b)&nbsp;&nbsp;&nbsp; Presentar&nbsp;<strong>necesidades educativas especiales<\/strong>&nbsp;asociadas a condiciones personales de discapacidad.<\/p>\n\n\n\n<p>c)&nbsp;&nbsp;&nbsp; Haber requerido&nbsp;<strong>adaptaci\u00f3n curricular significativa<\/strong>&nbsp;durante su escolarizaci\u00f3n.<\/p>\n\n\n\n<p>d)&nbsp;&nbsp;&nbsp; Tener&nbsp;<strong>dictamen de escolarizaci\u00f3n actualizado<\/strong>, tras la emisi\u00f3n del consejo orientador visado por la comisi\u00f3n provincial de escolarizaci\u00f3n.<\/p>\n\n\n\n<p>e)&nbsp;&nbsp;&nbsp; Presentar un nivel de&nbsp;<strong>autonom\u00eda personal<\/strong>&nbsp;que le permita regular su conducta en grupo&nbsp;<strong>y no precisar de supervisi\u00f3n continuada<\/strong>, as\u00ed como, haber adquirido durante su escolarizaci\u00f3n las competencias necesarias para desarrollar una actividad profesional.<\/p>\n\n\n\n<p>f)&nbsp;&nbsp;&nbsp;&nbsp;<strong>Haber sido propuesto por el equipo docente y contar con el consentimiento expl\u00edcito de las familias<\/strong>&nbsp;o los tutores\/as legales del alumnado en caso de ser menor de edad o encontrarse modificada su capacidad de obrar, en caso de ser mayor de edad.<\/p>\n\n\n\n<p>&nbsp;2.&nbsp; Tener una edad comprendida entre los<strong> 16 y los 25 a\u00f1os<\/strong> cumplidos a 31 de diciembre de 2025.<\/p>\n\n\n\n<p>&nbsp;3.&nbsp; Disponer de una&nbsp;<strong>evaluaci\u00f3n psicopedag\u00f3gica actualizada<\/strong>&nbsp;previa al dictamen de escolarizaci\u00f3n.<\/p>\n\n\n\n<p>Adem\u00e1s,&nbsp;<strong>cuando exista disponibilidad de plazas<\/strong>&nbsp;podr\u00e1n completarse los grupos de estos programas espec\u00edficos de Formaci\u00f3n Profesional con:<\/p>\n\n\n\n<p><strong>a)<\/strong>&nbsp;Alumnado que durante su escolarizaci\u00f3n estuvo matriculado en Educaci\u00f3n Secundaria Obligatoria y que actualmente se encuentra matriculado en un programa de formaci\u00f3n para la transici\u00f3n a la vida adulta de capacitaci\u00f3n o en un ciclo formativo de Grado B\u00e1sico.<\/p>\n\n\n\n<p><strong>b)<\/strong>&nbsp;Alumnado que haya finalizado ya un programa espec\u00edfico de Formaci\u00f3n Profesional en la comunidad aut\u00f3noma de Castilla-La Mancha.<\/p>\n\n\n\n<p><strong>c)<\/strong>&nbsp;Personas no escolarizadas, de hasta 25 a\u00f1os de edad cumplidos a 31 de diciembre de 2025, que durante su escolarizaci\u00f3n hubieran cumplido los requisitos especificados anteriormente, previa solicitud de las personas interesadas y propuesta favorable de la comisi\u00f3n provincial de escolarizaci\u00f3n correspondiente.<\/p>\n\n\n\n<p class=\"has-vivid-cyan-blue-color has-text-color has-link-color has-medium-font-size wp-elements-ca21003de128909b66c6adcd6aa26d06\"><strong>SOLICITUDES DE ADMISI\u00d3N<\/strong><\/p>\n\n\n\n<ul class=\"wp-block-list\">\n<li>La solicitud se podr\u00e1n presentar&nbsp;<strong>por los siguientes medios:<\/strong><\/li>\n<\/ul>\n\n\n\n<p>a) De forma&nbsp;<strong>telem\u00e1tica<\/strong>, con<em><strong>&nbsp;firma electr\u00f3nica<\/strong><\/em>, a trav\u00e9s de la Sede Electr\u00f3nica de la Administraci\u00f3n de la Junta de Comunidades de Castilla-La Mancha (<a href=\"https:\/\/www.jccm.es\/\" target=\"_blank\" rel=\"noreferrer noopener\">https:\/\/www.jccm.es\/<\/a>)<br>Las personas solicitantes podr\u00e1n recibir la asistencia t\u00e9cnica necesaria para realizar su solicitud electr\u00f3nica en las Delegaciones Provinciales de Educaci\u00f3n, Cultura y Deportes y a trav\u00e9s de los tel\u00e9fonos habilitados a tal efecto que aparecer\u00e1n publicados en el Portal de Educaci\u00f3n, (<a href=\"https:\/\/www.educa.jccm.es\/es\" target=\"_blank\" rel=\"noreferrer noopener\">https:\/\/www.educa.jccm.es\/es<\/a>)<br>En caso de optar por esta forma de presentaci\u00f3n, los documentos que se aporten deber\u00e1n ser digitalizados y presentados junto a la solicitud como archivos adjuntos a la misma.<a href=\"https:\/\/www.jccm.es\/\" target=\"_blank\" rel=\"noreferrer noopener\">https:\/\/www.jccm.es<\/a><\/p>\n\n\n\n<p class=\"has-vivid-red-color has-text-color has-link-color wp-elements-ef1852d060b901cd4dd0a26b6a58cffd\"><strong>NO confundir esta forma de presentaci\u00f3n con la plataforma EducamosCLM.<\/strong><\/p>\n\n\n\n<p>b)&nbsp;<strong>De forma presencial<\/strong>, en el Registro de los Servicios Centrales de la Consejer\u00eda de Educaci\u00f3n, Cultura y Deportes o en el de sus Delegaciones Provinciales, as\u00ed como en cualquiera de los lugares previstos en el art\u00edculo 16.4 de la Ley 39\/2015, de 1 octubre, del Procedimiento Administrativo Com\u00fan de las Administraciones P\u00fablicas.<\/p>\n\n\n\n<p>La solicitud ir\u00e1 acompa\u00f1ada de la documentaci\u00f3n que proceda en cada caso (ver la convocatoria).<\/p>\n\n\n\n<p>Cuando el alumnado sea menor de edad o, siendo mayor de edad no tenga capacidad de obrar a estos efectos, la solicitud deber\u00e1 ser cumplimentada por el padre y la madre o por los tutores\/as legales. En caso de que la solicitud sea formulada por una sola persona de las citadas, se deber\u00e1 adjuntar la&nbsp;<strong>declaraci\u00f3n responsable.<\/strong><\/p>\n\n\n\n<p>En la solicitud se podr\u00e1n elegir, por orden de prioridad, un m\u00e1ximo de 3 Programas Espec\u00edficos de Formaci\u00f3n Profesional.<\/p>\n\n\n\n<div class=\"wp-block-file\"><a id=\"wp-block-file--media-29c1466b-0dfb-4cff-94f3-aa6085d0a8e8\" href=\"https:\/\/somosdelprieto.com\/wp-content\/uploads\/2025\/06\/ANEXO-I-SOLICITUD-ADMISION-2.docx\">ANEXO I SOLICITUD ADMISION<\/a><a href=\"https:\/\/somosdelprieto.com\/wp-content\/uploads\/2025\/06\/ANEXO-I-SOLICITUD-ADMISION-2.docx\" class=\"wp-block-file__button wp-element-button\" download aria-describedby=\"wp-block-file--media-29c1466b-0dfb-4cff-94f3-aa6085d0a8e8\">Descarga<\/a><\/div>\n\n\n\n<p><\/p>\n\n\n\n<p class=\"has-text-align-center has-vivid-green-cyan-color has-text-color has-link-color has-large-font-size wp-elements-a9b067ada807d5a2d11e0f6c5dca9642\"><strong>CALENDARIO PROCESO ADMISI\u00d3N 2025\/2026<\/strong><\/p>\n\n\n<div class=\"wp-block-image\">\n<figure class=\"aligncenter size-full is-resized\"><img loading=\"lazy\" decoding=\"async\" width=\"519\" height=\"177\" src=\"https:\/\/somosdelprieto.com\/wp-content\/uploads\/2025\/06\/Captura1.jpg\" alt=\"\" class=\"wp-image-21709\" style=\"width:674px;height:auto\" srcset=\"https:\/\/somosdelprieto.com\/wp-content\/uploads\/2025\/06\/Captura1.jpg 519w, https:\/\/somosdelprieto.com\/wp-content\/uploads\/2025\/06\/Captura1-300x102.jpg 300w\" sizes=\"auto, (max-width: 519px) 100vw, 519px\" \/><\/figure>\n<\/div>\n\n\n<ul class=\"wp-block-list\">\n<li>La&nbsp;<strong>NO FORMALIZACI\u00d3N<\/strong>&nbsp;de la matr\u00edcula en las fechas indicadas implicar\u00e1 la p\u00e9rdida del derecho a la vacante asignada y la&nbsp;<strong>exclusi\u00f3n del proceso de admisi\u00f3n<\/strong>.<\/li>\n<\/ul>\n\n\n\n<hr class=\"wp-block-separator has-alpha-channel-opacity\" \/>\n\n\n\n<p class=\"has-text-align-center has-vivid-cyan-blue-color has-text-color has-link-color has-medium-font-size wp-elements-f35fef091a5288657b802c0ec8bb51f8\"><strong>CONVOCATORIA AYUDAS PARA ALUMNOS CON NECESIDAD ESPEC\u00cdFICA DE APOYO EDUCATIVO PARA EL CURSO 2025-2026<\/strong><\/p>\n\n\n\n<p>Se convocan para el&nbsp;<strong>curso 2025-2026<\/strong>&nbsp;<strong>ayudas individualizadas<\/strong>&nbsp;para alumnos con&nbsp;<strong>necesidades espec\u00edficas de apoyo educativo.<\/strong><\/p>\n\n\n\n<p>Puede consultar toda la informaci\u00f3n en el siguiente enlace:<\/p>\n\n\n\n<p><a href=\"https:\/\/boe.es\/diario_boe\/txt.php?id=BOE-B-2025-15040\" target=\"_blank\" rel=\"noreferrer noopener\">Convocatoria-Becas-ACNEAE-2025-2026<\/a><\/p>\n\n\n\n<p class=\"has-vivid-red-color has-text-color has-link-color wp-elements-c36db98de16e01ddf0f9221183f970a9\">El plazo de presentaci\u00f3n de solicitudes se extender\u00e1&nbsp;<strong>desde el d\u00eda 30 de abril de 2025 hasta el d\u00eda 11 de septiembre de 2025<\/strong>, ambos inclusive.<\/p>\n\n\n\n<p>Las solicitudes tanto de ayudas como de subsidios<strong>&nbsp;deber\u00e1n cumplimentarse mediante el formulario<\/strong>&nbsp;accesible por internet en la direcci\u00f3n&nbsp;<a href=\"https:\/\/www.educacionfpydeportes.gob.es\/servicios-al-ciudadano\/catalogo\/general\/05\/050140\/ficha\/050140-2025.html#dg1\" target=\"_blank\" rel=\"noreferrer noopener\">www.educacionyfp.gob.es<\/a>&nbsp;o a trav\u00e9s de la sede electr\u00f3nica del Ministerio de Educaci\u00f3n y Formaci\u00f3n Profesional en la direcci\u00f3n&nbsp;<a href=\"https:\/\/sede.educacion.gob.es\/\">https:\/\/sede.educacion.gob.es<\/a><\/p>\n","protected":false},"excerpt":{"rendered":"<p>PROCESO DE ADMISI\u00d3N CURSO 2025\/2026 A continuaci\u00f3n, se exponen algunos aspectos b\u00e1sicos del proceso de admisi\u00f3n as\u00ed como el calendario de cada tr\u00e1mite. Se recuerda que, cualquier&nbsp;actualizaci\u00f3n o informaci\u00f3n relacionada, la podr\u00e1s encontrar en el&nbsp;portal de educaci\u00f3n de la Junta&nbsp;de Comunidades de Castilla-La Mancha o navegando en esta p\u00e1gina&nbsp;web del I.E.S. Gregorio Prieto. PARA M\u00c1S &hellip; <\/p>\n<p class=\"link-more\"><a href=\"https:\/\/somosdelprieto.com\/index.php\/secretaria\/programa-especifico-formacion-profesional-jardineria\/\" class=\"more-link\">Continuar leyendo<span class=\"screen-reader-text\"> \u00abPrograma Espec\u00edfico Formaci\u00f3n Profesional &#8211; Jardiner\u00eda-\u00ab<\/span><\/a><\/p>\n","protected":false},"author":53,"featured_media":0,"parent":2439,"menu_order":0,"comment_status":"closed","ping_status":"closed","template":"","meta":{"footnotes":""},"class_list":["post-2483","page","type-page","status-publish","hentry"],"_links":{"self":[{"href":"https:\/\/somosdelprieto.com\/index.php\/wp-json\/wp\/v2\/pages\/2483","targetHints":{"allow":["GET"]}}],"collection":[{"href":"https:\/\/somosdelprieto.com\/index.php\/wp-json\/wp\/v2\/pages"}],"about":[{"href":"https:\/\/somosdelprieto.com\/index.php\/wp-json\/wp\/v2\/types\/page"}],"author":[{"embeddable":true,"href":"https:\/\/somosdelprieto.com\/index.php\/wp-json\/wp\/v2\/users\/53"}],"replies":[{"embeddable":true,"href":"https:\/\/somosdelprieto.com\/index.php\/wp-json\/wp\/v2\/comments?post=2483"}],"version-history":[{"count":70,"href":"https:\/\/somosdelprieto.com\/index.php\/wp-json\/wp\/v2\/pages\/2483\/revisions"}],"predecessor-version":[{"id":22566,"href":"https:\/\/somosdelprieto.com\/index.php\/wp-json\/wp\/v2\/pages\/2483\/revisions\/22566"}],"up":[{"embeddable":true,"href":"https:\/\/somosdelprieto.com\/index.php\/wp-json\/wp\/v2\/pages\/2439"}],"wp:attachment":[{"href":"https:\/\/somosdelprieto.com\/index.php\/wp-json\/wp\/v2\/media?parent=2483"}],"curies":[{"name":"wp","href":"https:\/\/api.w.org\/{rel}","templated":true}]}}