{"id":2480,"date":"2020-12-16T10:38:23","date_gmt":"2020-12-16T09:38:23","guid":{"rendered":"https:\/\/somosdelprieto.com\/?page_id=2480"},"modified":"2026-05-04T10:01:04","modified_gmt":"2026-05-04T08:01:04","slug":"formacion-profesional-basica","status":"publish","type":"page","link":"https:\/\/somosdelprieto.com\/index.php\/secretaria\/formacion-profesional-basica\/","title":{"rendered":"CICLOS FORMATIVOS DE GRADO B\u00c1SICO"},"content":{"rendered":"<div class=\"wp-block-image is-resized\">\n<figure class=\"aligncenter size-large\"><img loading=\"lazy\" decoding=\"async\" width=\"552\" height=\"282\" src=\"https:\/\/somosdelprieto.com\/wp-content\/uploads\/2022\/06\/Cabecera-CFGB.jpg\" alt=\"\" class=\"wp-image-11752\" srcset=\"https:\/\/somosdelprieto.com\/wp-content\/uploads\/2022\/06\/Cabecera-CFGB.jpg 552w, https:\/\/somosdelprieto.com\/wp-content\/uploads\/2022\/06\/Cabecera-CFGB-300x153.jpg 300w\" sizes=\"auto, (max-width: 552px) 100vw, 552px\" \/><\/figure>\n<\/div>\n\n\n<div class=\"wp-block-group\"><div class=\"wp-block-group__inner-container is-layout-flow wp-block-group-is-layout-flow\"><div class=\"wp-block-image is-resized\">\n<figure class=\"aligncenter size-large\"><img loading=\"lazy\" decoding=\"async\" width=\"1024\" height=\"183\" src=\"https:\/\/somosdelprieto.com\/wp-content\/uploads\/2023\/03\/Formacion-Profesional-1024x183.jpg\" alt=\"\" class=\"wp-image-14104\" srcset=\"https:\/\/somosdelprieto.com\/wp-content\/uploads\/2023\/03\/Formacion-Profesional-1024x183.jpg 1024w, https:\/\/somosdelprieto.com\/wp-content\/uploads\/2023\/03\/Formacion-Profesional-300x53.jpg 300w, https:\/\/somosdelprieto.com\/wp-content\/uploads\/2023\/03\/Formacion-Profesional-768x137.jpg 768w, https:\/\/somosdelprieto.com\/wp-content\/uploads\/2023\/03\/Formacion-Profesional.jpg 1043w\" sizes=\"auto, (max-width: 767px) 89vw, (max-width: 1000px) 54vw, (max-width: 1071px) 543px, 580px\" \/><figcaption class=\"wp-element-caption\"><a href=\"https:\/\/educacion.castillalamancha.es\/fp\" target=\"_blank\" rel=\"noreferrer noopener\">https:\/\/educacion.castillalamancha.es\/fp<\/a><\/figcaption><\/figure>\n<\/div>\n\n\n<p>La Ley Org\u00e1nica 8\/2013, de 9 de diciembre, para la mejora de la calidad educativa, crea los ciclos de Formaci\u00f3n Profesional B\u00e1sica dentro de la Formaci\u00f3n Profesional del sistema educativo, como medida para facilitar la permanencia de los alumnos y las alumnas en el sistema educativo y ofrecerles mayores posibilidades para su desarrollo personal y profesional. Estos ciclos incluyen m\u00f3dulos relacionados con los bloques comunes de ciencias aplicadas y comunicaci\u00f3n y ciencias sociales que permitir\u00e1n a los alumnos y las alumnas alcanzar y desarrollar las competencias del aprendizaje permanente a lo largo de la vida<\/p>\n<\/div><\/div>\n\n\n\n<p class=\"has-text-align-center has-medium-font-size\"><strong><span class=\"has-inline-color has-vivid-cyan-blue-color\">ADMISI\u00d3N<\/span><\/strong><\/p>\n\n\n<div class=\"wp-block-image is-style-default\">\n<figure class=\"aligncenter size-large\"><a href=\"https:\/\/www.educa.jccm.es\/es\/admision\/admision-formacion-profesional\/admision-ciclos-formativos-grado-basico\"><img loading=\"lazy\" decoding=\"async\" width=\"911\" height=\"166\" src=\"https:\/\/somosdelprieto.com\/wp-content\/uploads\/2023\/03\/Admision-del-alumnado-1.jpg\" alt=\"\" class=\"wp-image-14133\" srcset=\"https:\/\/somosdelprieto.com\/wp-content\/uploads\/2023\/03\/Admision-del-alumnado-1.jpg 911w, https:\/\/somosdelprieto.com\/wp-content\/uploads\/2023\/03\/Admision-del-alumnado-1-300x55.jpg 300w, https:\/\/somosdelprieto.com\/wp-content\/uploads\/2023\/03\/Admision-del-alumnado-1-768x140.jpg 768w\" sizes=\"auto, (max-width: 767px) 89vw, (max-width: 1000px) 54vw, (max-width: 1071px) 543px, 580px\" \/><\/a><figcaption class=\"wp-element-caption\"><a href=\"https:\/\/educacion.castillalamancha.es\/admision-de-alumnado\/cfgb\" target=\"_blank\" rel=\"noreferrer noopener\">https:\/\/educacion.castillalamancha.es\/admision-de-alumnado\/cfgb<\/a><\/figcaption><\/figure>\n<\/div>\n\n\n<p class=\"has-normal-font-size\"><span class=\"has-inline-color has-luminous-vivid-orange-color\"><strong>CONVOCATORIA DE CICLOS FORMATIVOS DE GRADO B\u00c1SICO DE FORMACI\u00d3N PROFESIONAL. CURSO 2026\/2027<\/strong>:<\/span><span class=\"has-inline-color has-luminous-vivid-amber-color\"><\/span><\/p>\n\n\n\n<p class=\"has-normal-font-size\"><a href=\"https:\/\/docm.jccm.es\/docm\/descargarArchivo.do?ruta=2026\/04\/29\/pdf\/2026_3123.pdf&amp;tipo=rutaDocm\" target=\"_blank\" rel=\"noreferrer noopener\">Con fecha de 22 de abril o de 2026, se ha publicado en el Diario Oficial de Castilla-La Mancha la&nbsp;Resoluci\u00f3n de 22\/04\/2026, de la Direcci\u00f3n General de Formaci\u00f3n Profesional, por la que se publica la convocatoria de admisi\u00f3n de alumnado para el curso 2026\/2027 en los ciclos formativos de grado b\u00e1sico en la modalidad presencial, en centros docentes de Castilla-La Mancha sostenidos con fondos p\u00fablicos, y se especifican los plazos para el procedimiento de admisi\u00f3n a estas ense\u00f1anzas.<\/a><\/p>\n\n\n\n<p class=\"has-normal-font-size\"><\/p>\n\n\n\n<p class=\"has-normal-font-size\">A continuaci\u00f3n, se detallan las <strong><span class=\"has-inline-color has-vivid-red-color\">fechas m\u00e1s relevantes<\/span><\/strong> a tener en cuenta en el proceso:<\/p>\n\n\n\n<figure class=\"wp-block-image size-full is-resized\"><img loading=\"lazy\" decoding=\"async\" width=\"711\" height=\"603\" src=\"https:\/\/somosdelprieto.com\/wp-content\/uploads\/2026\/04\/Captura-6.jpg\" alt=\"\" class=\"wp-image-23837\" style=\"width:768px;height:auto\" srcset=\"https:\/\/somosdelprieto.com\/wp-content\/uploads\/2026\/04\/Captura-6.jpg 711w, https:\/\/somosdelprieto.com\/wp-content\/uploads\/2026\/04\/Captura-6-300x254.jpg 300w\" sizes=\"auto, (max-width: 711px) 100vw, 711px\" \/><\/figure>\n\n\n\n<p class=\"has-normal-font-size\">Aqu\u00ed, podr\u00e1 consultar la <span class=\"has-inline-color has-vivid-red-color\">oferta educativa de Formaci\u00f3n Profesional<\/span> para el pr\u00f3ximo curso 2025\/2026.<\/p>\n\n\n\n<p><a href=\"https:\/\/educacion.castillalamancha.es\/fp\">https:\/\/educacion.castillalamancha.es\/fp<\/a><\/p>\n\n\n\n<p class=\"has-medium-font-size\"><strong><span class=\"has-inline-color has-vivid-purple-color\">\u00bfD\u00d3NDE&nbsp;REALIZAR LAS SOLICITUDES DE ADMISI\u00d3N Y MATR\u00cdCULA?<\/span><\/strong><\/p>\n\n\n\n<p>Cualquier tr\u00e1mite o consulta sobre el proceso de admisi\u00f3n se realizar\u00e1 preferentemente a trav\u00e9s de la plataforma <strong>educamosCLM<\/strong>&nbsp;y, dentro de ella, en&nbsp;Secretar\u00eda Virtual:<\/p>\n\n\n<div class=\"wp-block-image is-style-default\">\n<figure class=\"aligncenter size-large\" id=\"https:\/\/educamosclm.castillalamancha.es\/\"><a href=\"https:\/\/educamosclm.castillalamancha.es\/\"><img loading=\"lazy\" decoding=\"async\" width=\"700\" height=\"194\" src=\"https:\/\/somosdelprieto.com\/wp-content\/uploads\/2023\/03\/xl_accesoEducamosCLM-2.jpg\" alt=\"\" class=\"wp-image-14096\" srcset=\"https:\/\/somosdelprieto.com\/wp-content\/uploads\/2023\/03\/xl_accesoEducamosCLM-2.jpg 700w, https:\/\/somosdelprieto.com\/wp-content\/uploads\/2023\/03\/xl_accesoEducamosCLM-2-300x83.jpg 300w\" sizes=\"auto, (max-width: 700px) 100vw, 700px\" \/><\/a><figcaption class=\"wp-element-caption\"><a href=\"https:\/\/educamosclm.castillalamancha.es\/\">https:\/\/educamosclm.castillalamancha.es\/<\/a><\/figcaption><\/figure>\n<\/div>\n\n\n<p>Y, dentro de ella, se puede acceder al tr\u00e1mite dos maneras:<\/p>\n\n\n\n<ol class=\"wp-block-list\">\n<li>A trav\u00e9s del panel de <strong>Secretar\u00eda Virtual<\/strong> (se encuentra en la esquina superior derecha):<\/li>\n<\/ol>\n\n\n\n<figure class=\"wp-block-image size-full\"><img loading=\"lazy\" decoding=\"async\" width=\"605\" height=\"371\" src=\"https:\/\/somosdelprieto.com\/wp-content\/uploads\/2026\/05\/secretaria-virtual.jpg\" alt=\"\" class=\"wp-image-23930\" srcset=\"https:\/\/somosdelprieto.com\/wp-content\/uploads\/2026\/05\/secretaria-virtual.jpg 605w, https:\/\/somosdelprieto.com\/wp-content\/uploads\/2026\/05\/secretaria-virtual-300x184.jpg 300w\" sizes=\"auto, (max-width: 605px) 100vw, 605px\" \/><\/figure>\n\n\n\n<p>2. O a trav\u00e9s de la pesta\u00f1a \u00ab<strong>Tr\u00e1mites y Solicitudes<\/strong>\u00bb (aparece en el panel de la izquierda):<\/p>\n\n\n\n<figure class=\"wp-block-image size-full is-resized\"><img loading=\"lazy\" decoding=\"async\" width=\"284\" height=\"352\" src=\"https:\/\/somosdelprieto.com\/wp-content\/uploads\/2026\/05\/Captura.jpg\" alt=\"\" class=\"wp-image-23932\" style=\"width:284px;height:auto\" srcset=\"https:\/\/somosdelprieto.com\/wp-content\/uploads\/2026\/05\/Captura.jpg 284w, https:\/\/somosdelprieto.com\/wp-content\/uploads\/2026\/05\/Captura-242x300.jpg 242w\" sizes=\"auto, (max-width: 284px) 100vw, 284px\" \/><\/figure>\n\n\n\n<p>Con cualquiera de las dos opciones aparecer\u00e1 la siguiente pantalla. Ah\u00ed <strong>seleccionamos el tr\u00e1mite<\/strong>:<\/p>\n\n\n\n<figure class=\"wp-block-image size-full\"><img loading=\"lazy\" decoding=\"async\" width=\"1036\" height=\"594\" src=\"https:\/\/somosdelprieto.com\/wp-content\/uploads\/2026\/05\/Basico-1.jpg\" alt=\"\" class=\"wp-image-23921\" srcset=\"https:\/\/somosdelprieto.com\/wp-content\/uploads\/2026\/05\/Basico-1.jpg 1036w, https:\/\/somosdelprieto.com\/wp-content\/uploads\/2026\/05\/Basico-1-300x172.jpg 300w, https:\/\/somosdelprieto.com\/wp-content\/uploads\/2026\/05\/Basico-1-1024x587.jpg 1024w, https:\/\/somosdelprieto.com\/wp-content\/uploads\/2026\/05\/Basico-1-768x440.jpg 768w\" sizes=\"auto, (max-width: 767px) 89vw, (max-width: 1000px) 54vw, (max-width: 1071px) 543px, 580px\" \/><\/figure>\n\n\n\n<p><\/p>\n\n\n\n<p class=\"has-medium-font-size\"><strong><mark class=\"has-inline-color has-vivid-cyan-blue-color\">CLAVES DE ACCESO<\/mark><\/strong><\/p>\n\n\n\n<p>Para&nbsp;acceder a la Plataforma EducamosCLM, las personas solicitantes <strong>necesitar\u00e1n disponer de una&nbsp;<u>credencial de acceso<\/u>&nbsp;(usuario y contrase\u00f1a)<\/strong>, de un&nbsp;sistema de firma basado en certificados electr\u00f3nicos cualificados y avanzados o del&nbsp;sistema Cl@ve&nbsp;(Identidad Electr\u00f3nica para las Administraciones P\u00fablicas).<\/p>\n\n\n\n<p><mark class=\"has-inline-color has-vivid-red-color\"> <strong>En caso de que la persona solicitante sea menor de edad, para realizar la solicitud de admisi\u00f3n y la matr\u00edcula ser\u00e1 necesario acceder con el usuario y clave de alguno de sus tutores.<\/strong><\/mark><\/p>\n\n\n\n<p>En caso de&nbsp;no disponer&nbsp;de dicha&nbsp;credencial&nbsp;de acceso de EducamosCLM, las personas interesadas&nbsp;podr\u00e1n solicitarla&nbsp;de forma&nbsp;electr\u00f3nica, siempre y cuando dispongan de un medio de firma electr\u00f3nica,&nbsp;o de forma presencial, previa identificaci\u00f3n, en cualquiera de los centros del \u00e1mbito de gesti\u00f3n de esta comunidad aut\u00f3noma sostenidos con fondos p\u00fablicos que impartan las ense\u00f1anzas de Formaci\u00f3n Profesional o Bachillerato o Educaci\u00f3n Secundaria Obligatoria, as\u00ed como en las Delegaciones Provinciales de la Consejer\u00eda de Educaci\u00f3n, Cultura y Deportes.<\/p>\n\n\n\n<p class=\"has-black-color has-text-color has-background\" style=\"background-color:#ecdade\"><strong>Se recuerda que la entrega de contrase\u00f1as para el acceso, solicitud y\/o firma en la plataforma es \u00daNICAMENTE PRESENCIAL del TITULAR mediante la exhibici\u00f3n de su propio DNI\/NIE\/PASAPORTE (contrase\u00f1a personal e intransferible).<\/strong><\/p>\n\n\n\n<p class=\"has-medium-font-size\"><strong><span class=\"has-inline-color has-vivid-cyan-blue-color\">MATRICULACI\u00d3N<\/span><\/strong><\/p>\n\n\n\n<p>Los <strong>plazos<\/strong> para la <strong>matriculaci\u00f3n<\/strong> son los siguientes:<\/p>\n\n\n\n<p><strong><span class=\"has-inline-color has-vivid-purple-color\">1. ALUMNADO QUE HA SIDO ADMITIDO EN EL PROCESO DE ADMISI\u00d3N<\/span><\/strong>: el plazo de matr\u00edcula es <strong>del 29 de junio al 2 de julio de 2026.<\/strong><\/p>\n\n\n\n<p class=\"has-vivid-purple-color has-text-color has-link-color wp-elements-12cddd8a297b6cddefd5a5e7c7249b84\"><strong><span class=\"has-inline-color has-vivid-purple-color\">2.ALUMNADO QUE REPITE CURSO O QUE PROMOCIONA DE PRIMERO A SEGUNDO<\/span><\/strong> <strong>(SIEMPRE QUE PERMANEZCA EN EL MISMO CENTRO)<\/strong>: <mark style=\"background-color:#ffffff\" class=\"has-inline-color has-black-color\">el plazo es <strong>del 19 al 24 de junio<\/strong><\/mark> <strong><mark style=\"background-color:#ffffff\" class=\"has-inline-color has-black-color\">de 2026.<\/mark><\/strong><\/p>\n\n\n\n<p><\/p>\n\n\n\n<p id=\"block-0deb6e12-b5cb-4d14-a86f-e69dbdf633ba\">Adem\u00e1s,&nbsp;deber\u00e1n realizar el&nbsp;<strong>pago del seguro escolar<\/strong>, mediante transferencia bancaria de&nbsp;<strong>1,12\u20ac<\/strong>, indicando en el&nbsp;<strong>concepto<\/strong>&nbsp;del ingreso el&nbsp;<strong>nombre y apellidos y el curso del alumno\/a que se matricula<\/strong>.&nbsp;<strong>El n\u00famero de cuenta es<\/strong>&nbsp;el siguiente: ES06 2103 7247 1800 3003 2098.<\/p>\n\n\n\n<p id=\"block-c62f22f6-df53-40fa-91b2-97ba44f676b5\"><em>El alumnado de&nbsp;<strong>1\u00ba y 2\u00ba de E.S.O. no<\/strong>&nbsp;<strong>tienen que pagar<\/strong>&nbsp;el seguro escolar. Tambi\u00e9n est\u00e1n exentos del pago el alumnado de<strong>&nbsp;28 a\u00f1os o mayores<\/strong>.<\/em><\/p>\n\n\n\n<p id=\"block-74b6529d-90bc-48aa-9cf0-d921585c899a\">Es importante que&nbsp;<strong>guarden el justificante<\/strong>&nbsp;de pago, ya que les har\u00e1 falta.<\/p>\n\n\n\n<p id=\"block-23f91bcc-6fc5-4d46-b652-fd448d38255e\">Por \u00faltimo, deben rellenar el siguiente formulario&nbsp;<a href=\"https:\/\/forms.office.com\/e\/g9ZJ823EDc\">https:\/\/forms.office.com\/e\/g9ZJ823EDc<\/a>&nbsp;para&nbsp;<strong>enviar&nbsp;<\/strong>digitalizada la siguiente<strong>&nbsp;documentaci\u00f3n necesaria<\/strong>:<\/p>\n\n\n\n<ul id=\"block-360e0ee0-7952-4f74-8205-21377a4debed\" class=\"wp-block-list\">\n<li><strong>DNI por ambas caras.<\/strong><\/li>\n\n\n\n<li><strong>N\u00famero de la Seguridad Social<\/strong> <strong><mark class=\"has-inline-color has-vivid-red-color\">( ES IMPORTANTE QUE SEA EL N\u00daMERO PROPIO DEL ALUMNO, QUE NO APAREZCA COMO BENEFICIARIO NI QUE EL N\u00daMERO SEA TEMPORAL)<\/mark>.<\/strong><\/li>\n\n\n\n<li><strong>Una Fotograf\u00eda.<\/strong><\/li>\n\n\n\n<li><strong>Justificante del pago del seguro escolar.<\/strong><\/li>\n<\/ul>\n\n\n\n<p class=\"has-medium-font-size\"><strong><span class=\"has-inline-color has-vivid-red-color\">IMPORTANTE: LA ENTREGA DE TODA LA DOCUMENTACI\u00d3N DEBER\u00c1 REALIZARSE EN LAS SIGUIENTES FECHAS:<\/span><\/strong><\/p>\n\n\n\n<ol class=\"wp-block-list\">\n<li>El alumnado <strong>admitido en el proceso de admisi\u00f3n<\/strong>: hasta el <strong>10 de septiembre de 2026<\/strong>.<\/li>\n\n\n\n<li>El alumnado que <strong>repite curso o promociona de primero a segundo<\/strong>: hasta el <strong>10 de septiembre de 2026.<\/strong><\/li>\n<\/ol>\n\n\n\n<p class=\"has-black-color has-pale-pink-background-color has-text-color has-background\"><strong>Las personas solicitantes que hayan obtenido un puesto escolar en la adjudicaci\u00f3n definitiva y NO FORMALICEN su matr\u00edcula en los plazos indicados, perder\u00e1n el derecho a la plaza asignada y ser\u00e1n excluidos del proceso de admisi\u00f3n.<\/strong><\/p>\n\n\n\n<p class=\"has-text-align-center has-medium-font-size\"><br><span class=\"has-inline-color has-vivid-cyan-blue-color\"><strong>REQUISITOS DE ACCESO<\/strong><\/span><\/p>\n\n\n\n<ul class=\"wp-block-list has-normal-font-size\">\n<li>Tener cumplidos <strong>quince a\u00f1os<\/strong>, o cumplirlos durante el a\u00f1o natural en curso, y <strong>no superar<\/strong> los <strong>diecisiete <\/strong>a\u00f1os de edad en el momento del acceso ni durante el a\u00f1o natural en curso.<\/li>\n\n\n\n<li>Haber <strong>cursado&nbsp;3\u00ba de ESO<\/strong> o, excepcionalmente, haber cursado el segundo curso de la Educaci\u00f3n Secundaria Obligatoria.<\/li>\n\n\n\n<li>Ser objeto de <strong>Propuesta de acceso a Formaci\u00f3n Profesional B\u00e1sica<\/strong> del equipo docente o solicitar a petici\u00f3n propia, junto con los padres, madres, tutores o tutoras legales, la incorporaci\u00f3n a un ciclo formativo de grado b\u00e1sico, conforme a lo establecido en el art\u00edculo 30 de la Ley Org\u00e1nica 2\/2006, de 3 de mayo, de Educaci\u00f3n.<\/li>\n<\/ul>\n\n\n\n<p class=\"has-text-align-center has-medium-font-size\"><strong><span class=\"has-inline-color has-vivid-cyan-blue-color\">TITULACI\u00d3N<\/span><\/strong><\/p>\n\n\n\n<p class=\"has-normal-font-size\">Quienes superen el ciclo formativo recibir\u00e1n el&nbsp;<strong><u>t\u00edtulo Profesional B\u00e1sico<\/u><\/strong>&nbsp;correspondiente que:<\/p>\n\n\n\n<ul class=\"wp-block-list has-normal-font-size\">\n<li>Permitir\u00e1 el&nbsp;<strong>acceso a los ciclos formativos de grado medio<\/strong>&nbsp;de la Formaci\u00f3n Profesional del sistema educativo.<\/li>\n\n\n\n<li>Podr\u00e1n obtener el&nbsp;<strong><u>t\u00edtulo de graduado en Educaci\u00f3n Secundaria Obligatoria<\/u><\/strong>, siempre que, en la evaluaci\u00f3n final del ciclo formativo, el equipo docente considere que han alcanzado los objetivos de la Educaci\u00f3n Secundaria Obligatoria y adquirido las competencias correspondientes.<\/li>\n<\/ul>\n\n\n\n<!--more-->\n\n\n\n<p class=\"has-medium-font-size\"><a href=\"https:\/\/educacion.castillalamancha.es\/fp\/preguntas-frecuentes-ciclos-formativos-de-grado-basico-grado-medio-y-grado-superior\" target=\"_blank\" rel=\"noreferrer noopener\"><strong><mark style=\"background-color:#ffffff\" class=\"has-inline-color has-vivid-cyan-blue-color\">PREGUNTAS FRECUENTES<\/mark><\/strong><\/a><\/p>\n\n\n\n<p class=\"has-medium-font-size\"><strong><a href=\"https:\/\/educacion.castillalamancha.es\/normativa-de-fp-modificacion-de-la-oferta-educativa\" target=\"_blank\" rel=\"noreferrer noopener\"><span class=\"has-inline-color has-vivid-cyan-blue-color\">NORMATIVA CICLOS FORMATIVOS GRADO B\u00c1SICO<\/span><\/a><\/strong><\/p>\n\n\n\n<p><\/p>\n","protected":false},"excerpt":{"rendered":"<p>La Ley Org\u00e1nica 8\/2013, de 9 de diciembre, para la mejora de la calidad educativa, crea los ciclos de Formaci\u00f3n Profesional B\u00e1sica dentro de la Formaci\u00f3n Profesional del sistema educativo, como medida para facilitar la permanencia de los alumnos y las alumnas en el sistema educativo y ofrecerles mayores posibilidades para su desarrollo personal y &hellip; <\/p>\n<p class=\"link-more\"><a href=\"https:\/\/somosdelprieto.com\/index.php\/secretaria\/formacion-profesional-basica\/\" class=\"more-link\">Continuar leyendo<span class=\"screen-reader-text\"> \u00abCICLOS FORMATIVOS DE GRADO B\u00c1SICO\u00bb<\/span><\/a><\/p>\n","protected":false},"author":53,"featured_media":0,"parent":2439,"menu_order":0,"comment_status":"closed","ping_status":"closed","template":"","meta":{"footnotes":""},"class_list":["post-2480","page","type-page","status-publish","hentry"],"_links":{"self":[{"href":"https:\/\/somosdelprieto.com\/index.php\/wp-json\/wp\/v2\/pages\/2480","targetHints":{"allow":["GET"]}}],"collection":[{"href":"https:\/\/somosdelprieto.com\/index.php\/wp-json\/wp\/v2\/pages"}],"about":[{"href":"https:\/\/somosdelprieto.com\/index.php\/wp-json\/wp\/v2\/types\/page"}],"author":[{"embeddable":true,"href":"https:\/\/somosdelprieto.com\/index.php\/wp-json\/wp\/v2\/users\/53"}],"replies":[{"embeddable":true,"href":"https:\/\/somosdelprieto.com\/index.php\/wp-json\/wp\/v2\/comments?post=2480"}],"version-history":[{"count":109,"href":"https:\/\/somosdelprieto.com\/index.php\/wp-json\/wp\/v2\/pages\/2480\/revisions"}],"predecessor-version":[{"id":23940,"href":"https:\/\/somosdelprieto.com\/index.php\/wp-json\/wp\/v2\/pages\/2480\/revisions\/23940"}],"up":[{"embeddable":true,"href":"https:\/\/somosdelprieto.com\/index.php\/wp-json\/wp\/v2\/pages\/2439"}],"wp:attachment":[{"href":"https:\/\/somosdelprieto.com\/index.php\/wp-json\/wp\/v2\/media?parent=2480"}],"curies":[{"name":"wp","href":"https:\/\/api.w.org\/{rel}","templated":true}]}}