{"id":2465,"date":"2020-12-16T10:13:11","date_gmt":"2020-12-16T09:13:11","guid":{"rendered":"https:\/\/somosdelprieto.com\/?page_id=2465"},"modified":"2025-11-12T10:21:44","modified_gmt":"2025-11-12T09:21:44","slug":"renuncia-convocatoria","status":"publish","type":"page","link":"https:\/\/somosdelprieto.com\/index.php\/secretaria\/renuncia-convocatoria\/","title":{"rendered":"Renuncia Convocatoria"},"content":{"rendered":"<div class=\"wp-block-image\">\n<figure class=\"aligncenter size-large is-resized\"><img decoding=\"async\" src=\"https:\/\/somosdelprieto.com\/wp-content\/uploads\/2020\/12\/renuncia-a-convocatoria.jpg\" alt=\"\" class=\"wp-image-2777\" style=\"width:709px;height:270px\" \/><\/figure>\n<\/div>\n\n\n<p class=\"has-medium-font-size\"><strong><span class=\"has-inline-color has-vivid-red-color\">CICLOS FORMATIVOS DE GRADO B\u00c1SICO, MEDIO Y SUPERIOR<\/span><\/strong><\/p>\n\n\n\n<p><strong><mark class=\"has-inline-color has-luminous-vivid-orange-color\">NUEVA LEY DE EDUCACI\u00d3N &#8211; RENUNCIA A CONVOCATORIA<\/mark><\/strong><\/p>\n\n\n\n<div class=\"wp-block-file\"><a id=\"wp-block-file--media-2f15e12f-02a4-4967-ba9a-25b3537f0875\" href=\"https:\/\/somosdelprieto.com\/wp-content\/uploads\/2025\/03\/ANEXO-VII-RENUNCIA-CONVOCATORIA-Formulario.pdf\">ANEXO VII RENUNCIA CONVOCATORIA<\/a><a href=\"https:\/\/somosdelprieto.com\/wp-content\/uploads\/2025\/03\/ANEXO-VII-RENUNCIA-CONVOCATORIA-Formulario.pdf\" class=\"wp-block-file__button wp-element-button\" download aria-describedby=\"wp-block-file--media-2f15e12f-02a4-4967-ba9a-25b3537f0875\">Descarga<\/a><\/div>\n\n\n\n<p>Para realizar el tr\u00e1mite de Renuncia a Convocatoria el alumno tiene que entrar en el siguiente formulario:<\/p>\n\n\n\n<p><a href=\"https:\/\/forms.office.com\/e\/fv5xKy9df2\">https:\/\/forms.office.com\/e\/fv5xKy9df2<\/a><\/p>\n\n\n\n<p>Una vez dentro del formulario,  debe adjuntarse el Anexo VII que se ha descargado previamente y se ha rellenado con todos los datos; y la documentaci\u00f3n acreditativa, se permite adjuntar en una pregunta del formulario en PDF o en IMAGEN. Es importante no olvidarse de ENVIAR dicho formulario.<\/p>\n\n\n\n<p><strong><mark class=\"has-inline-color has-luminous-vivid-orange-color\">INSTRUCCIONES PARA ACCEDER AL FORMULARIO:<\/mark><\/strong><\/p>\n\n\n\n<p><em>Se accede al formulario con el&nbsp;<strong>usuario de EducamosCLM del estudiante<\/strong>, seguido de&nbsp;<strong>@educastillalamancha.es<\/strong>&nbsp;(ver imagen 1).<\/em><\/p>\n\n\n\n<p><em>A continuaci\u00f3n, debe iniciar sesi\u00f3n en el entorno de EducamosCLM del estudiante, mediante su&nbsp;<strong>usuario y contrase\u00f1a<\/strong>&nbsp;(ver imagen 2).<\/em><\/p>\n\n\n\n<figure class=\"wp-block-image\"><img loading=\"lazy\" decoding=\"async\" width=\"1024\" height=\"665\" src=\"https:\/\/somosdelprieto.com\/wp-content\/uploads\/2024\/06\/Paso1-1-1024x665.jpg\" alt=\"\" class=\"wp-image-19115\" srcset=\"https:\/\/somosdelprieto.com\/wp-content\/uploads\/2024\/06\/Paso1-1-1024x665.jpg 1024w, https:\/\/somosdelprieto.com\/wp-content\/uploads\/2024\/06\/Paso1-1-300x195.jpg 300w, https:\/\/somosdelprieto.com\/wp-content\/uploads\/2024\/06\/Paso1-1-768x499.jpg 768w, https:\/\/somosdelprieto.com\/wp-content\/uploads\/2024\/06\/Paso1-1.jpg 1163w\" sizes=\"auto, (max-width: 767px) 89vw, (max-width: 1000px) 54vw, (max-width: 1071px) 543px, 580px\" \/><\/figure>\n\n\n\n<figure class=\"wp-block-image\"><img loading=\"lazy\" decoding=\"async\" width=\"1024\" height=\"682\" src=\"https:\/\/somosdelprieto.com\/wp-content\/uploads\/2024\/06\/Paso2-1024x682.jpg\" alt=\"\" class=\"wp-image-19105\" srcset=\"https:\/\/somosdelprieto.com\/wp-content\/uploads\/2024\/06\/Paso2-1024x682.jpg 1024w, https:\/\/somosdelprieto.com\/wp-content\/uploads\/2024\/06\/Paso2-300x200.jpg 300w, https:\/\/somosdelprieto.com\/wp-content\/uploads\/2024\/06\/Paso2-768x512.jpg 768w, https:\/\/somosdelprieto.com\/wp-content\/uploads\/2024\/06\/Paso2.jpg 1198w\" sizes=\"auto, (max-width: 767px) 89vw, (max-width: 1000px) 54vw, (max-width: 1071px) 543px, 580px\" \/><\/figure>\n\n\n\n<p><\/p>\n\n\n\n<p class=\"has-vivid-cyan-blue-color has-text-color\"><strong>Se recuerda que para la concesi\u00f3n de la renuncia a convocatoria de cualquier m\u00f3dulo profesional, es necesario adjuntar la documentaci\u00f3n acreditativa correspondiente (vida laboral, contrato de trabajo, documentaci\u00f3n m\u00e9dica, etc.).<\/strong><\/p>\n\n\n\n<p class=\"has-vivid-red-color has-text-color has-medium-font-size\"><strong><span class=\"has-inline-color has-luminous-vivid-orange-color\">T\u00c9NGASE EN CUENTA QUE :<\/span><\/strong><\/p>\n\n\n\n<ul class=\"wp-block-list\">\n<li>La solicitud de renuncia a la convocatoria <strong>se presentar\u00e1, con antelaci\u00f3n a la evaluaci\u00f3n ordinaria<\/strong> de los m\u00f3dulos profesionales para los que solicita la renuncia.<\/li>\n<\/ul>\n\n\n\n<ul class=\"wp-block-list\">\n<li>A fin de no agotar las convocatorias ordinarias previstas para cada m\u00f3dulo profesional, el alumnado podr\u00e1 renunciar a la evaluaci\u00f3n y calificaci\u00f3n de la primera de las convocatorias anuales de todos o algunos de los m\u00f3dulos profesionales del ciclo formativo en el que haya formalizado la matr\u00edcula, <strong>siempre que concurra alguna de las siguientes condiciones, que deber\u00e1n acreditarse documentalmente:<\/strong><\/li>\n<\/ul>\n\n\n\n<p><em>a)<\/em> <strong>Enfermedad prolongada o accidente<\/strong> del alumno.<br><em>b)<\/em> <strong>Obligaciones de tipo personal o familiar<\/strong> que impidan la normal dedicaci\u00f3n al estudio.<br><em>c)<\/em> Otras <strong>circunstancias extraordinarias<\/strong> apreciadas por la Direcci\u00f3n del centro donde curse el ciclo formativo.<\/p>\n\n\n\n<ul class=\"wp-block-list\">\n<li>La Direcci\u00f3n del centro resolver\u00e1, en el <strong>plazo m\u00e1ximo de 10 d\u00edas<\/strong>, comunic\u00e1ndoselo al interesado.<\/li>\n<\/ul>\n\n\n\n<hr class=\"wp-block-separator has-css-opacity is-style-wide\" \/>\n\n\n\n<p class=\"has-medium-font-size\"><span class=\"has-inline-color has-vivid-red-color\"><strong>CICLOS FORMATIVOS DE GRADO B\u00c1SICO<\/strong><\/span><\/p>\n\n\n\n<p>En las ense\u00f1anzas de Formaci\u00f3n Profesional B\u00e1sica, a fin de no agotar las dos convocatorias previstas para la evaluaci\u00f3n del <strong>m\u00f3dulo de FCT<\/strong>, el alumno podr\u00e1 <strong>renunciar a la evaluaci\u00f3n y calificaci\u00f3n<\/strong> el mismo, siempre que concurra alguna de las siguientes condiciones, que deber\u00e1n acreditarse documentalmente:<\/p>\n\n\n\n<ul class=\"wp-block-list\">\n<li>Enfermedad prolongada o accidente del alumno.<\/li>\n\n\n\n<li>Incorporaci\u00f3n a un puesto de trabajo en horario incompatible.<\/li>\n\n\n\n<li>Obligaciones de tipo personal o familiar que impidan la normal dedicaci\u00f3n al estudio.<\/li>\n\n\n\n<li>Otras circunstancias extraordinarias apreciadas por el director del centro.<\/li>\n<\/ul>\n\n\n\n<p>La solicitud de renuncia se presentar\u00e1 en el centro, seg\u00fan el modelo del Anexo II, con antelaci\u00f3n a la evaluaci\u00f3n ordinaria.<\/p>\n\n\n\n<div class=\"wp-block-file\"><a href=\"https:\/\/somosdelprieto.com\/wp-content\/uploads\/2023\/03\/Anexo-ii_Renuncia-Modulo-FCT.pdf\">Anexo II Renuncia al Modulo FCT. Grado B\u00e1sico<\/a><a href=\"https:\/\/somosdelprieto.com\/wp-content\/uploads\/2023\/03\/Anexo-ii_Renuncia-Modulo-FCT.pdf\" class=\"wp-block-file__button wp-element-button\" download>Descarga<\/a><\/div>\n\n\n\n<p><\/p>\n","protected":false},"excerpt":{"rendered":"<p>CICLOS FORMATIVOS DE GRADO B\u00c1SICO, MEDIO Y SUPERIOR NUEVA LEY DE EDUCACI\u00d3N &#8211; RENUNCIA A CONVOCATORIA Para realizar el tr\u00e1mite de Renuncia a Convocatoria el alumno tiene que entrar en el siguiente formulario: https:\/\/forms.office.com\/e\/fv5xKy9df2 Una vez dentro del formulario, debe adjuntarse el Anexo VII que se ha descargado previamente y se ha rellenado con todos &hellip; <\/p>\n<p class=\"link-more\"><a href=\"https:\/\/somosdelprieto.com\/index.php\/secretaria\/renuncia-convocatoria\/\" class=\"more-link\">Continuar leyendo<span class=\"screen-reader-text\"> \u00abRenuncia Convocatoria\u00bb<\/span><\/a><\/p>\n","protected":false},"author":53,"featured_media":0,"parent":2439,"menu_order":0,"comment_status":"closed","ping_status":"closed","template":"","meta":{"footnotes":""},"class_list":["post-2465","page","type-page","status-publish","hentry"],"_links":{"self":[{"href":"https:\/\/somosdelprieto.com\/index.php\/wp-json\/wp\/v2\/pages\/2465","targetHints":{"allow":["GET"]}}],"collection":[{"href":"https:\/\/somosdelprieto.com\/index.php\/wp-json\/wp\/v2\/pages"}],"about":[{"href":"https:\/\/somosdelprieto.com\/index.php\/wp-json\/wp\/v2\/types\/page"}],"author":[{"embeddable":true,"href":"https:\/\/somosdelprieto.com\/index.php\/wp-json\/wp\/v2\/users\/53"}],"replies":[{"embeddable":true,"href":"https:\/\/somosdelprieto.com\/index.php\/wp-json\/wp\/v2\/comments?post=2465"}],"version-history":[{"count":21,"href":"https:\/\/somosdelprieto.com\/index.php\/wp-json\/wp\/v2\/pages\/2465\/revisions"}],"predecessor-version":[{"id":22607,"href":"https:\/\/somosdelprieto.com\/index.php\/wp-json\/wp\/v2\/pages\/2465\/revisions\/22607"}],"up":[{"embeddable":true,"href":"https:\/\/somosdelprieto.com\/index.php\/wp-json\/wp\/v2\/pages\/2439"}],"wp:attachment":[{"href":"https:\/\/somosdelprieto.com\/index.php\/wp-json\/wp\/v2\/media?parent=2465"}],"curies":[{"name":"wp","href":"https:\/\/api.w.org\/{rel}","templated":true}]}}