{"id":2441,"date":"2020-12-16T08:51:04","date_gmt":"2020-12-16T07:51:04","guid":{"rendered":"https:\/\/somosdelprieto.com\/?page_id=2441"},"modified":"2025-11-12T10:01:51","modified_gmt":"2025-11-12T09:01:51","slug":"anulacion-matricula","status":"publish","type":"page","link":"https:\/\/somosdelprieto.com\/index.php\/secretaria\/anulacion-matricula\/","title":{"rendered":"Anulaci\u00f3n Matr\u00edcula"},"content":{"rendered":"<div class=\"wp-block-image is-resized\">\n<figure class=\"aligncenter size-large\"><img decoding=\"async\" src=\"https:\/\/somosdelprieto.com\/wp-content\/uploads\/2020\/12\/Anulaci\u00f3n-matr\u00edcula-2.jpg\" alt=\"\" class=\"wp-image-2771\" \/><\/figure>\n<\/div>\n\n\n<div class=\"wp-block-file\"><a id=\"wp-block-file--media-810263f6-6c0c-414a-afec-9549564f545c\" href=\"https:\/\/somosdelprieto.com\/wp-content\/uploads\/2025\/03\/FORM-ANEXO-II-ANULACION-MATRICULA.pdf\" target=\"_blank\" rel=\"noreferrer noopener\">ANEXO-II-ANULACION-MATRICULA<\/a><a href=\"https:\/\/somosdelprieto.com\/wp-content\/uploads\/2025\/03\/FORM-ANEXO-II-ANULACION-MATRICULA.pdf\" class=\"wp-block-file__button wp-element-button\" download aria-describedby=\"wp-block-file--media-810263f6-6c0c-414a-afec-9549564f545c\">Descarga<\/a><\/div>\n\n\n\n<p>Para realizar la anulaci\u00f3n de matr\u00edcula, el alumno tendr\u00e1 que solicitarlo a la Direcci\u00f3n del Centro a trav\u00e9s de este formulario:<\/p>\n\n\n\n<blockquote class=\"wp-block-quote is-layout-flow wp-block-quote-is-layout-flow\">\n<h2 class=\"wp-block-heading\"><a href=\"https:\/\/forms.office.com\/e\/V9vDktwMGc\">https:\/\/forms.office.com\/e\/V9vDktwMGc<\/a><\/h2>\n<\/blockquote>\n\n\n\n<p>Una vez dentro del formulario, debe adjuntar el Anexo II que se ha descargado previamente y se ha rellenado con todos los datos, se permite adjuntar en una pregunta del formulario en PDF o en IMAGEN. Importante no olvidarse de ENVIAR dicho formulario.<\/p>\n\n\n\n<p><strong><mark class=\"has-inline-color has-luminous-vivid-orange-color\">INSTRUCCIONES PARA ACCEDER AL FORMULARIO:<\/mark><\/strong><\/p>\n\n\n\n<p><em>Se accede al formulario con el&nbsp;<strong>usuario de EducamosCLM del estudiante<\/strong>, seguido de&nbsp;<strong>@educastillalamancha.es<\/strong>&nbsp;(ver imagen 1).<\/em><\/p>\n\n\n\n<p><em>A continuaci\u00f3n, debe iniciar sesi\u00f3n en el entorno de EducamosCLM del estudiante, mediante su&nbsp;<strong>usuario y contrase\u00f1a<\/strong>&nbsp;(ver imagen 2).<\/em><\/p>\n\n\n\n<figure class=\"wp-block-image\"><img loading=\"lazy\" decoding=\"async\" width=\"1024\" height=\"665\" src=\"https:\/\/somosdelprieto.com\/wp-content\/uploads\/2024\/06\/Paso1-1-1024x665.jpg\" alt=\"\" class=\"wp-image-19115\" srcset=\"https:\/\/somosdelprieto.com\/wp-content\/uploads\/2024\/06\/Paso1-1-1024x665.jpg 1024w, https:\/\/somosdelprieto.com\/wp-content\/uploads\/2024\/06\/Paso1-1-300x195.jpg 300w, https:\/\/somosdelprieto.com\/wp-content\/uploads\/2024\/06\/Paso1-1-768x499.jpg 768w, https:\/\/somosdelprieto.com\/wp-content\/uploads\/2024\/06\/Paso1-1.jpg 1163w\" sizes=\"auto, (max-width: 767px) 89vw, (max-width: 1000px) 54vw, (max-width: 1071px) 543px, 580px\" \/><\/figure>\n\n\n\n<figure class=\"wp-block-image\"><img loading=\"lazy\" decoding=\"async\" width=\"1024\" height=\"682\" src=\"https:\/\/somosdelprieto.com\/wp-content\/uploads\/2024\/06\/Paso2-1024x682.jpg\" alt=\"\" class=\"wp-image-19105\" srcset=\"https:\/\/somosdelprieto.com\/wp-content\/uploads\/2024\/06\/Paso2-1024x682.jpg 1024w, https:\/\/somosdelprieto.com\/wp-content\/uploads\/2024\/06\/Paso2-300x200.jpg 300w, https:\/\/somosdelprieto.com\/wp-content\/uploads\/2024\/06\/Paso2-768x512.jpg 768w, https:\/\/somosdelprieto.com\/wp-content\/uploads\/2024\/06\/Paso2.jpg 1198w\" sizes=\"auto, (max-width: 767px) 89vw, (max-width: 1000px) 54vw, (max-width: 1071px) 543px, 580px\" \/><\/figure>\n\n\n\n<p><\/p>\n\n\n\n<p><strong><mark class=\"has-inline-color has-luminous-vivid-orange-color\">ANULACI\u00d3N DE MATRICULA PARA CICLOS FORMATIVOS DE SEGUNDOS CURSOS (LEY ANTERIOR):<\/mark><\/strong><\/p>\n\n\n\n<div class=\"wp-block-file\"><a href=\"https:\/\/somosdelprieto.com\/wp-content\/uploads\/2023\/03\/ANULACION_MATRICULA_FP_BASICA_Solicitud.pdf\" target=\"_blank\" rel=\"noreferrer noopener\">Anulaci\u00f3n de Matr\u00edcula FP Grado B\u00e1sico (Anexo III)<\/a><a href=\"https:\/\/somosdelprieto.com\/wp-content\/uploads\/2023\/03\/ANULACION_MATRICULA_FP_BASICA_Solicitud.pdf\" class=\"wp-block-file__button wp-element-button\" download>Descarga<\/a><\/div>\n\n\n\n<div class=\"wp-block-file\"><a href=\"https:\/\/somosdelprieto.com\/wp-content\/uploads\/2020\/12\/Anexo-IV-Anulaci\u00f3n-Matricula-FP.pdf\" target=\"_blank\" rel=\"noreferrer noopener\">Anulaci\u00f3n de Matr\u00edcula FP Grado Medio y Grado Superior (Anexo IV)<\/a><a href=\"https:\/\/somosdelprieto.com\/wp-content\/uploads\/2020\/12\/Anexo-IV-Anulaci\u00f3n-Matricula-FP.pdf\" class=\"wp-block-file__button wp-element-button\" download>Descarga<\/a><\/div>\n\n\n\n<p><\/p>\n\n\n\n<p class=\"has-vivid-red-color has-text-color has-medium-font-size\"><strong>T\u00c9NGASE EN CUENTA QUE :<\/strong><\/p>\n\n\n\n<ul class=\"wp-block-list\">\n<li><strong>La renuncia<\/strong> a matr\u00edcula <strong>supondr\u00e1 causar baja en todos los m\u00f3dulos profesionales (asignaturas)<\/strong> en que est\u00e9 matriculado el alumno <strong>y<\/strong> por consiguiente <strong>no ser\u00e1 evaluado<\/strong> en ninguna de las convocatorias correspondientes al curso.<\/li>\n<\/ul>\n\n\n\n<ul class=\"wp-block-list\">\n<li>Solo se podr\u00e1n conceder un <strong>m\u00e1ximo de 2 renuncias<\/strong>.<\/li>\n<\/ul>\n\n\n\n<ul class=\"wp-block-list\">\n<li>Podr\u00e1 solicitarse por el alumno <strong>antes de finalizar el mes de abril<\/strong>.<\/li>\n<\/ul>\n\n\n\n<ul class=\"wp-block-list\">\n<li><strong>La anulaci\u00f3n<\/strong> de matr\u00edcula supondr\u00e1 que \u00e9sta <strong>no computar\u00e1 a efectos de convocatorias consumidas<\/strong>.<\/li>\n<\/ul>\n\n\n\n<ul class=\"wp-block-list\">\n<li>El alumno <strong>perder\u00e1 el derecho de reserva de plaza<\/strong>, por lo que <strong>si desea continuar<\/strong> en el futuro <strong>dichos estudios<\/strong>, deber\u00e1 concurrir de <strong>nuevo<\/strong> al <strong>procedimiento <\/strong>general <strong>de admisi\u00f3n<\/strong> establecido.<\/li>\n<\/ul>\n\n\n\n<p><\/p>\n","protected":false},"excerpt":{"rendered":"<p>Para realizar la anulaci\u00f3n de matr\u00edcula, el alumno tendr\u00e1 que solicitarlo a la Direcci\u00f3n del Centro a trav\u00e9s de este formulario: https:\/\/forms.office.com\/e\/V9vDktwMGc Una vez dentro del formulario, debe adjuntar el Anexo II que se ha descargado previamente y se ha rellenado con todos los datos, se permite adjuntar en una pregunta del formulario en PDF &hellip; <\/p>\n<p class=\"link-more\"><a href=\"https:\/\/somosdelprieto.com\/index.php\/secretaria\/anulacion-matricula\/\" class=\"more-link\">Continuar leyendo<span class=\"screen-reader-text\"> \u00abAnulaci\u00f3n Matr\u00edcula\u00bb<\/span><\/a><\/p>\n","protected":false},"author":53,"featured_media":0,"parent":2439,"menu_order":1,"comment_status":"closed","ping_status":"closed","template":"","meta":{"footnotes":""},"class_list":["post-2441","page","type-page","status-publish","hentry"],"_links":{"self":[{"href":"https:\/\/somosdelprieto.com\/index.php\/wp-json\/wp\/v2\/pages\/2441","targetHints":{"allow":["GET"]}}],"collection":[{"href":"https:\/\/somosdelprieto.com\/index.php\/wp-json\/wp\/v2\/pages"}],"about":[{"href":"https:\/\/somosdelprieto.com\/index.php\/wp-json\/wp\/v2\/types\/page"}],"author":[{"embeddable":true,"href":"https:\/\/somosdelprieto.com\/index.php\/wp-json\/wp\/v2\/users\/53"}],"replies":[{"embeddable":true,"href":"https:\/\/somosdelprieto.com\/index.php\/wp-json\/wp\/v2\/comments?post=2441"}],"version-history":[{"count":56,"href":"https:\/\/somosdelprieto.com\/index.php\/wp-json\/wp\/v2\/pages\/2441\/revisions"}],"predecessor-version":[{"id":22605,"href":"https:\/\/somosdelprieto.com\/index.php\/wp-json\/wp\/v2\/pages\/2441\/revisions\/22605"}],"up":[{"embeddable":true,"href":"https:\/\/somosdelprieto.com\/index.php\/wp-json\/wp\/v2\/pages\/2439"}],"wp:attachment":[{"href":"https:\/\/somosdelprieto.com\/index.php\/wp-json\/wp\/v2\/media?parent=2441"}],"curies":[{"name":"wp","href":"https:\/\/api.w.org\/{rel}","templated":true}]}}