{"id":2424,"date":"2020-12-09T19:03:46","date_gmt":"2020-12-09T18:03:46","guid":{"rendered":"https:\/\/somosdelprieto.com\/?page_id=2424"},"modified":"2020-12-09T19:05:56","modified_gmt":"2020-12-09T18:05:56","slug":"microsoft-teams","status":"publish","type":"page","link":"https:\/\/somosdelprieto.com\/index.php\/guias-de-ayuda\/microsoft-teams\/","title":{"rendered":"Microsoft Teams."},"content":{"rendered":"\n<div class=\"wp-block-file\"><a href=\"https:\/\/somosdelprieto.com\/wp-content\/uploads\/2020\/12\/Teams-Credenciales.pdf\">Obtenci\u00f3n de credenciales para profesorado:<\/a><a href=\"https:\/\/somosdelprieto.com\/wp-content\/uploads\/2020\/12\/Teams-Credenciales.pdf\" class=\"wp-block-file__button\" download>Descarga<\/a><\/div>\n\n\n\n<div class=\"wp-block-file\"><a href=\"https:\/\/somosdelprieto.com\/wp-content\/uploads\/2020\/12\/Gui\u0301a-Microsoft-Teams-para-trabajo-docente-CLM.pdf\">Gui\u0301a para trabajo docente:<\/a><a href=\"https:\/\/somosdelprieto.com\/wp-content\/uploads\/2020\/12\/Gui\u0301a-Microsoft-Teams-para-trabajo-docente-CLM.pdf\" class=\"wp-block-file__button\" download>Descarga<\/a><\/div>\n\n\n\n<p>Si tampoco tienes credenciales de la intranet del portal de Educaci\u00f3n de la Junta de Comunidades de Castilla La Mancha, las puedes solicitar a la siguiente direcci\u00f3n de correo electr\u00f3nico: <a rel=\"noreferrer noopener\" href=\"mailto:solicitudes.secundaria.cr@jccm.es\" target=\"_blank\">solicitudes.secundaria.cr@jccm.es<\/a><\/p>\n","protected":false},"excerpt":{"rendered":"<p>Si tampoco tienes credenciales de la intranet del portal de Educaci\u00f3n de la Junta de Comunidades de Castilla La Mancha, las puedes solicitar a la siguiente direcci\u00f3n de correo electr\u00f3nico: solicitudes.secundaria.cr@jccm.es<\/p>\n","protected":false},"author":1,"featured_media":0,"parent":2309,"menu_order":0,"comment_status":"closed","ping_status":"closed","template":"","meta":{"footnotes":""},"class_list":["post-2424","page","type-page","status-publish","hentry"],"_links":{"self":[{"href":"https:\/\/somosdelprieto.com\/index.php\/wp-json\/wp\/v2\/pages\/2424","targetHints":{"allow":["GET"]}}],"collection":[{"href":"https:\/\/somosdelprieto.com\/index.php\/wp-json\/wp\/v2\/pages"}],"about":[{"href":"https:\/\/somosdelprieto.com\/index.php\/wp-json\/wp\/v2\/types\/page"}],"author":[{"embeddable":true,"href":"https:\/\/somosdelprieto.com\/index.php\/wp-json\/wp\/v2\/users\/1"}],"replies":[{"embeddable":true,"href":"https:\/\/somosdelprieto.com\/index.php\/wp-json\/wp\/v2\/comments?post=2424"}],"version-history":[{"count":2,"href":"https:\/\/somosdelprieto.com\/index.php\/wp-json\/wp\/v2\/pages\/2424\/revisions"}],"predecessor-version":[{"id":2430,"href":"https:\/\/somosdelprieto.com\/index.php\/wp-json\/wp\/v2\/pages\/2424\/revisions\/2430"}],"up":[{"embeddable":true,"href":"https:\/\/somosdelprieto.com\/index.php\/wp-json\/wp\/v2\/pages\/2309"}],"wp:attachment":[{"href":"https:\/\/somosdelprieto.com\/index.php\/wp-json\/wp\/v2\/media?parent=2424"}],"curies":[{"name":"wp","href":"https:\/\/api.w.org\/{rel}","templated":true}]}}