{"id":2309,"date":"2020-11-28T12:29:39","date_gmt":"2020-11-28T11:29:39","guid":{"rendered":"https:\/\/somosdelprieto.com\/?page_id=2309"},"modified":"2025-02-17T14:34:43","modified_gmt":"2025-02-17T13:34:43","slug":"guias-de-ayuda","status":"publish","type":"page","link":"https:\/\/somosdelprieto.com\/index.php\/guias-de-ayuda\/","title":{"rendered":"Gu\u00edas de ayuda"},"content":{"rendered":"\n<p>En esta p\u00e1gina puedes ver gu\u00edas que te servir\u00e1n de ayuda para distintos procesos:<\/p>\n\n\n\n<ul class=\"wp-block-list\">\n<li><a href=\"https:\/\/view.genial.ly\/615f589b50b1390de45b462a\/presentation-aulas-del-prieto\" target=\"_blank\" rel=\"noreferrer noopener\">Aulas diversificadas: otra manera de ense\u00f1ar<\/a><\/li>\n\n\n\n<li><a href=\"https:\/\/docs.google.com\/document\/d\/1fq44zt5yyMLTds6v_IYafpRKUQX_-AU4PTqRScOBPRY\/edit?usp=sharing\" data-type=\"link\" data-id=\"https:\/\/docs.google.com\/document\/d\/1fq44zt5yyMLTds6v_IYafpRKUQX_-AU4PTqRScOBPRY\/edit?usp=sharing\">Reserva de Aulas Diversificadas.<\/a><\/li>\n\n\n\n<li><a href=\"https:\/\/docs.google.com\/document\/d\/1O-MkeLEV7U8sWvv_YP-LiaO0wLTHjZ7LHvjtChZZroQ\" target=\"_blank\" rel=\"noreferrer noopener\">Ausencias del profesorado.<\/a><\/li>\n\n\n\n<li><a href=\"https:\/\/crfpcastilla.sharepoint.com\/sites\/EPT13003336E01-Empleo\" data-type=\"link\" data-id=\"https:\/\/crfpcastilla.sharepoint.com\/sites\/EPT13003336E01-Empleo\" target=\"_blank\" rel=\"noreferrer noopener\">Portal Empleo y FCT.<\/a><\/li>\n\n\n\n<li><a href=\"https:\/\/view.genial.ly\/62ffaeda43f6d80019ec9b1a\/presentation-guia-para-profesores-2022-2023\" target=\"_blank\" rel=\"noreferrer noopener\"><strong>Gu\u00eda para profesorado de nueva incorporaci\u00f3n (NUEVA)<\/strong><\/a><\/li>\n\n\n\n<li><a href=\"https:\/\/view.genial.ly\/631a0a0f3f44d20018526bc4\/presentation-guia-para-alumnado-2022-2023\" target=\"_blank\" rel=\"noreferrer noopener\"><strong>Gu\u00eda para el alumnado (NUEVA)<\/strong><\/a><\/li>\n\n\n\n<li><a href=\"https:\/\/somosdelprieto.com\/index.php\/guias-de-ayuda\/microsoft-teams\/\" target=\"_blank\" rel=\"noreferrer noopener\">Microsoft Teams (Obtenci\u00f3n de credenciales y gu\u00eda de iniciaci\u00f3n).<\/a><\/li>\n\n\n\n<li><a href=\"https:\/\/view.genially.com\/67b3285184beda91e41a8c4e\/interactive-content-tramitacion-partes-disiciplinarios-2025\" data-type=\"URL\" data-id=\"https:\/\/view.genial.ly\/620b3e3bfa23990018c60c2b\/interactive-content-nueva-tramitacion-partes-disiciplinarios\" target=\"_blank\" rel=\"noreferrer noopener\">Partes de incidencias.<\/a><\/li>\n\n\n\n<li><a href=\"https:\/\/docs.google.com\/document\/d\/1jt7PBg1WXo9GzDhqYKbdVlFqDpSPUoLlmp3F8h8uLi8\/edit?usp=sharing\" target=\"_blank\" rel=\"noreferrer noopener\">Publicaci\u00f3n en la web.<\/a><\/li>\n\n\n\n<li><a href=\"https:\/\/view.genial.ly\/6407395593c62900107a60ff\/presentation-jornadas-de-orientacion-academica-y-profesional-ies-clara-campoamor\" data-type=\"URL\" data-id=\"https:\/\/view.genial.ly\/6407395593c62900107a60ff\/presentation-jornadas-de-orientacion-academica-y-profesional-ies-clara-campoamor\" target=\"_blank\" rel=\"noreferrer noopener\">Orientaci\u00f3n Profesional.<\/a><\/li>\n\n\n\n<li><a href=\"https:\/\/drive.google.com\/drive\/folders\/1PlGKot2p_L7afeAuNmoFxaJHIJ312IGu?usp=sharing\">Otras gu\u00edas<\/a><\/li>\n<\/ul>\n\n\n\n<p><\/p>\n","protected":false},"excerpt":{"rendered":"<p>En esta p\u00e1gina puedes ver gu\u00edas que te servir\u00e1n de ayuda para distintos procesos:<\/p>\n","protected":false},"author":1,"featured_media":0,"parent":0,"menu_order":0,"comment_status":"closed","ping_status":"closed","template":"","meta":{"footnotes":""},"class_list":["post-2309","page","type-page","status-publish","hentry"],"_links":{"self":[{"href":"https:\/\/somosdelprieto.com\/index.php\/wp-json\/wp\/v2\/pages\/2309","targetHints":{"allow":["GET"]}}],"collection":[{"href":"https:\/\/somosdelprieto.com\/index.php\/wp-json\/wp\/v2\/pages"}],"about":[{"href":"https:\/\/somosdelprieto.com\/index.php\/wp-json\/wp\/v2\/types\/page"}],"author":[{"embeddable":true,"href":"https:\/\/somosdelprieto.com\/index.php\/wp-json\/wp\/v2\/users\/1"}],"replies":[{"embeddable":true,"href":"https:\/\/somosdelprieto.com\/index.php\/wp-json\/wp\/v2\/comments?post=2309"}],"version-history":[{"count":21,"href":"https:\/\/somosdelprieto.com\/index.php\/wp-json\/wp\/v2\/pages\/2309\/revisions"}],"predecessor-version":[{"id":20528,"href":"https:\/\/somosdelprieto.com\/index.php\/wp-json\/wp\/v2\/pages\/2309\/revisions\/20528"}],"wp:attachment":[{"href":"https:\/\/somosdelprieto.com\/index.php\/wp-json\/wp\/v2\/media?parent=2309"}],"curies":[{"name":"wp","href":"https:\/\/api.w.org\/{rel}","templated":true}]}}