{"id":22649,"date":"2025-11-19T17:48:33","date_gmt":"2025-11-19T16:48:33","guid":{"rendered":"https:\/\/somosdelprieto.com\/?page_id=22649"},"modified":"2025-11-19T17:48:33","modified_gmt":"2025-11-19T16:48:33","slug":"actividades-del-departamento","status":"publish","type":"page","link":"https:\/\/somosdelprieto.com\/index.php\/actividades-del-departamento\/","title":{"rendered":"ACTIVIDADES DEL DEPARTAMENTO"},"content":{"rendered":"\n<p>En esta secci\u00f3n podr\u00e1s encontrar fotos y v\u00eddeos que reflejan la vida cotidiana de los  ciclos formativos que forman parte de nuestro departamento de Comercio y Marketing.<\/p>\n\n\n\n<p><\/p>\n","protected":false},"excerpt":{"rendered":"<p>En esta secci\u00f3n podr\u00e1s encontrar fotos y v\u00eddeos que reflejan la vida cotidiana de los ciclos formativos que forman parte de nuestro departamento de Comercio y Marketing.<\/p>\n","protected":false},"author":18,"featured_media":0,"parent":0,"menu_order":0,"comment_status":"closed","ping_status":"closed","template":"","meta":{"footnotes":""},"class_list":["post-22649","page","type-page","status-publish","hentry"],"_links":{"self":[{"href":"https:\/\/somosdelprieto.com\/index.php\/wp-json\/wp\/v2\/pages\/22649","targetHints":{"allow":["GET"]}}],"collection":[{"href":"https:\/\/somosdelprieto.com\/index.php\/wp-json\/wp\/v2\/pages"}],"about":[{"href":"https:\/\/somosdelprieto.com\/index.php\/wp-json\/wp\/v2\/types\/page"}],"author":[{"embeddable":true,"href":"https:\/\/somosdelprieto.com\/index.php\/wp-json\/wp\/v2\/users\/18"}],"replies":[{"embeddable":true,"href":"https:\/\/somosdelprieto.com\/index.php\/wp-json\/wp\/v2\/comments?post=22649"}],"version-history":[{"count":1,"href":"https:\/\/somosdelprieto.com\/index.php\/wp-json\/wp\/v2\/pages\/22649\/revisions"}],"predecessor-version":[{"id":22652,"href":"https:\/\/somosdelprieto.com\/index.php\/wp-json\/wp\/v2\/pages\/22649\/revisions\/22652"}],"wp:attachment":[{"href":"https:\/\/somosdelprieto.com\/index.php\/wp-json\/wp\/v2\/media?parent=22649"}],"curies":[{"name":"wp","href":"https:\/\/api.w.org\/{rel}","templated":true}]}}