{"id":21803,"date":"2025-06-12T13:58:28","date_gmt":"2025-06-12T11:58:28","guid":{"rendered":"https:\/\/somosdelprieto.com\/?page_id=21803"},"modified":"2025-06-12T14:10:07","modified_gmt":"2025-06-12T12:10:07","slug":"becas-y-ayudas-para-alumnos-con-necesidad-especifica-de-apoyo-educativo","status":"publish","type":"page","link":"https:\/\/somosdelprieto.com\/index.php\/becas-y-ayudas-para-alumnos-con-necesidad-especifica-de-apoyo-educativo\/","title":{"rendered":"Becas y ayudas"},"content":{"rendered":"\n<figure class=\"wp-block-image size-full\"><img loading=\"lazy\" decoding=\"async\" width=\"906\" height=\"237\" src=\"https:\/\/somosdelprieto.com\/wp-content\/uploads\/2025\/06\/Sin-titulo-1.jpg\" alt=\"\" class=\"wp-image-21813\" srcset=\"https:\/\/somosdelprieto.com\/wp-content\/uploads\/2025\/06\/Sin-titulo-1.jpg 906w, https:\/\/somosdelprieto.com\/wp-content\/uploads\/2025\/06\/Sin-titulo-1-300x78.jpg 300w, https:\/\/somosdelprieto.com\/wp-content\/uploads\/2025\/06\/Sin-titulo-1-768x201.jpg 768w\" sizes=\"auto, (max-width: 767px) 89vw, (max-width: 1000px) 54vw, (max-width: 1071px) 543px, 580px\" \/><\/figure>\n\n\n\n<p class=\"has-medium-font-size\"><strong><mark class=\"has-inline-color has-vivid-cyan-blue-color\">CONVOCATORIA AYUDAS PARA ALUMNOS CON NECESIDAD ESPEC\u00cdFICA DE APOYO EDUCATIVO PARA EL CURSO 2025-2026<\/mark><\/strong><\/p>\n\n\n\n<p>Se convocan para el&nbsp;<strong>curso 2025-2026<\/strong>&nbsp;<strong>ayudas individualizadas<\/strong>&nbsp;para alumnos con&nbsp;<strong>necesidades espec\u00edficas de apoyo educativo<\/strong> que est\u00e9n cursando alguno de los siguientes niveles educativos: <\/p>\n\n\n\n<p>a) Educaci\u00f3n Infantil.<br>b) Educaci\u00f3n Primaria.<br>c) Educaci\u00f3n Secundaria Obligatoria.<br>d) Bachillerato.<br>e) Ciclos formativos de grado medio y superior.<br>f) Ense\u00f1anzas art\u00edsticas profesionales.<br>g) Ciclos Formativos de Grado B\u00e1sico.<br>h) Programas de formaci\u00f3n para la transici\u00f3n a la vida adulta.<br>i) Otros programas formativos de formaci\u00f3n profesional.<\/p>\n\n\n\n<p>Puede consultar toda la informaci\u00f3n en el siguiente enlace:<\/p>\n\n\n\n<p><a href=\"https:\/\/boe.es\/diario_boe\/txt.php?id=BOE-B-2025-15040\" target=\"_blank\" rel=\"noreferrer noopener\">Convocatoria-Becas-ACNEAE-2025-2026<\/a><\/p>\n\n\n\n<p class=\"has-medium-font-size\">El plazo de presentaci\u00f3n de solicitudes se extender\u00e1&nbsp;<strong><mark class=\"has-inline-color has-vivid-red-color\">desde el d\u00eda 30 de abril de 2025 hasta el d\u00eda 11 de septiembre de 2025<\/mark><\/strong>, ambos inclusive.<\/p>\n\n\n\n<p>Las solicitudes tanto de ayudas como de subsidios<strong>&nbsp;deber\u00e1n cumplimentarse mediante el formulario<\/strong>&nbsp;accesible por internet en la direcci\u00f3n&nbsp;<a href=\"https:\/\/www.educacionfpydeportes.gob.es\/servicios-al-ciudadano\/catalogo\/general\/05\/050140\/ficha\/050140-2025.html#dg1\" target=\"_blank\" rel=\"noreferrer noopener\">www.educacionyfp.gob.es<\/a>&nbsp;o a trav\u00e9s de la sede electr\u00f3nica del Ministerio de Educaci\u00f3n y Formaci\u00f3n Profesional en la direcci\u00f3n&nbsp;<a href=\"https:\/\/sede.educacion.gob.es\/\">https:\/\/sede.educacion.gob.es<\/a><\/p>\n\n\n\n<p>PARA M\u00c1S INFORMACI\u00d3N:<\/p>\n\n\n\n<p><a href=\"https:\/\/www.educacionfpydeportes.gob.es\/servicios-al-ciudadano\/catalogo\/general\/05\/050140\/ficha\/050140-2025.html#dc1\">https:\/\/www.educacionfpydeportes.gob.es\/servicios-al-ciudadano\/catalogo\/general\/05\/050140\/ficha\/050140-2025.html#dc1<\/a><\/p>\n","protected":false},"excerpt":{"rendered":"<p>CONVOCATORIA AYUDAS PARA ALUMNOS CON NECESIDAD ESPEC\u00cdFICA DE APOYO EDUCATIVO PARA EL CURSO 2025-2026 Se convocan para el&nbsp;curso 2025-2026&nbsp;ayudas individualizadas&nbsp;para alumnos con&nbsp;necesidades espec\u00edficas de apoyo educativo que est\u00e9n cursando alguno de los siguientes niveles educativos: a) Educaci\u00f3n Infantil.b) Educaci\u00f3n Primaria.c) Educaci\u00f3n Secundaria Obligatoria.d) Bachillerato.e) Ciclos formativos de grado medio y superior.f) Ense\u00f1anzas art\u00edsticas profesionales.g) Ciclos &hellip; <\/p>\n<p class=\"link-more\"><a href=\"https:\/\/somosdelprieto.com\/index.php\/becas-y-ayudas-para-alumnos-con-necesidad-especifica-de-apoyo-educativo\/\" class=\"more-link\">Continuar leyendo<span class=\"screen-reader-text\"> \u00abBecas y ayudas\u00bb<\/span><\/a><\/p>\n","protected":false},"author":53,"featured_media":0,"parent":0,"menu_order":0,"comment_status":"closed","ping_status":"closed","template":"","meta":{"footnotes":""},"class_list":["post-21803","page","type-page","status-publish","hentry"],"_links":{"self":[{"href":"https:\/\/somosdelprieto.com\/index.php\/wp-json\/wp\/v2\/pages\/21803","targetHints":{"allow":["GET"]}}],"collection":[{"href":"https:\/\/somosdelprieto.com\/index.php\/wp-json\/wp\/v2\/pages"}],"about":[{"href":"https:\/\/somosdelprieto.com\/index.php\/wp-json\/wp\/v2\/types\/page"}],"author":[{"embeddable":true,"href":"https:\/\/somosdelprieto.com\/index.php\/wp-json\/wp\/v2\/users\/53"}],"replies":[{"embeddable":true,"href":"https:\/\/somosdelprieto.com\/index.php\/wp-json\/wp\/v2\/comments?post=21803"}],"version-history":[{"count":7,"href":"https:\/\/somosdelprieto.com\/index.php\/wp-json\/wp\/v2\/pages\/21803\/revisions"}],"predecessor-version":[{"id":21817,"href":"https:\/\/somosdelprieto.com\/index.php\/wp-json\/wp\/v2\/pages\/21803\/revisions\/21817"}],"wp:attachment":[{"href":"https:\/\/somosdelprieto.com\/index.php\/wp-json\/wp\/v2\/media?parent=21803"}],"curies":[{"name":"wp","href":"https:\/\/api.w.org\/{rel}","templated":true}]}}