{"id":21392,"date":"2025-05-13T11:21:51","date_gmt":"2025-05-13T09:21:51","guid":{"rendered":"https:\/\/somosdelprieto.com\/?page_id=21392"},"modified":"2025-05-13T14:08:39","modified_gmt":"2025-05-13T12:08:39","slug":"camerfirma","status":"publish","type":"page","link":"https:\/\/somosdelprieto.com\/index.php\/camerfirma\/","title":{"rendered":"OBTENCI\u00d3N E INSTALACI\u00d3N DE CERTIFICADO DIGITAL CAMERFIRMA"},"content":{"rendered":"\n<figure class=\"wp-block-image size-full\"><img loading=\"lazy\" decoding=\"async\" width=\"561\" height=\"206\" src=\"https:\/\/somosdelprieto.com\/wp-content\/uploads\/2025\/05\/EDIT.jpg\" alt=\"\" class=\"wp-image-21393\" srcset=\"https:\/\/somosdelprieto.com\/wp-content\/uploads\/2025\/05\/EDIT.jpg 561w, https:\/\/somosdelprieto.com\/wp-content\/uploads\/2025\/05\/EDIT-300x110.jpg 300w\" sizes=\"auto, (max-width: 561px) 100vw, 561px\" \/><\/figure>\n\n\n\n<p><\/p>\n\n\n\n<p><strong><mark style=\"background-color:#ffffff\" class=\"has-inline-color has-vivid-cyan-blue-color\">\u00bfPARA QU\u00c9 SIRVE?<\/mark><\/strong><\/p>\n\n\n\n<p>Los certificados electr\u00f3nicos tramitados en la plataforma&nbsp;<strong>CAMERFIRMA<\/strong> podr\u00e1n ser utilizados en distintos procedimientos administrativos tanto en las Consejer\u00edas como en los organismos pertenecientes a la Junta de Comunidades de Castilla la Mancha y en el resto de Administraciones P\u00fablicas, con absoluta validez y eficacia jur\u00eddica en todos aquellos tr\u00e1mites en los que se solicite la identificaci\u00f3n o firma electr\u00f3nica del ciudadano.<\/p>\n\n\n\n<p>Este certificado de persona f\u00edsica posibilita la verificaci\u00f3n de la identidad de las personas solicitantes a trav\u00e9s de una acreditaci\u00f3n online que permite realizar gestiones de manera telem\u00e1tica.<\/p>\n\n\n\n<p>De esta manera se ofrece a la ciudadan\u00eda numerosas ventajas como la realizaci\u00f3n de distintos tr\u00e1mites administrativos de manera r\u00e1pida y segura ya que todo se hace a trav\u00e9s de internet sin necesidad de desplazamiento o espera.<\/p>\n\n\n\n<p><strong><mark style=\"background-color:#ffffff\" class=\"has-inline-color has-vivid-cyan-blue-color\">\u00bfC\u00d3MO OBTENER E INSTALAR EL CERTIFICADO?<\/mark><\/strong><\/p>\n\n\n\n<p>Se deber\u00e1n seguir los siguientes pasos:<\/p>\n\n\n\n<ol class=\"wp-block-list\">\n<li><strong><mark style=\"background-color:#ffffff\" class=\"has-inline-color has-vivid-green-cyan-color\">SOLICITUD: <\/mark><\/strong>Se deber\u00e1 solicitar el certificado de firma electr\u00f3nica en el siguiente enlace: <a href=\"https:\/\/secure.camerfirma.com\/solicitudes_status\/solicitud_1.php?codpro=IBKXYZ2R&amp;num_perfil=510\" target=\"_blank\" rel=\"noreferrer noopener\">https:\/\/secure.camerfirma.com\/solicitudes_status\/solicitud_1.php?codpro=IBKXYZ2R&amp;num_perfil=510<\/a> . Una vez hagamos la solicitud, nos llegar\u00e1 un <strong>email<\/strong> para <strong>confirmar<\/strong> la solicitud, y tambi\u00e9n un <strong>c\u00f3digo de descarga<\/strong>, necesario para la posterior descarga.<\/li>\n\n\n\n<li><strong><mark style=\"background-color:#ffffff\" class=\"has-inline-color has-vivid-green-cyan-color\">ACREDITACI\u00d3N DE IDENTIDAD:<\/mark><\/strong> Posteriormente ser\u00e1 necesario acreditar su identidad ense\u00f1ando el<strong> DNI f\u00edsico<\/strong> en alguna de las oficinas que la Junta pone a disposici\u00f3n de la ciudadan\u00eda.                                                                                                                                                                   LISTADO DE OFICINAS DE REGISTRO DE FIRMA ELECTR\u00d3NICA DE CIUDADANO EN CASTILLA LA MANCHA: <a href=\"https:\/\/castillalamancha.es\/sites\/default\/files\/documentos\/pdf\/20200115\/oficinas_registro_certificado_electronico_ciudadano_web_jccm_enero_2020.pdf\" target=\"_blank\" rel=\"noreferrer noopener\">https:\/\/castillalamancha.es\/sites\/default\/files\/documentos\/pdf\/20200115\/oficinas_registro_certificado_electronico_ciudadano_web_jccm_enero_2020.pdf<\/a><\/li>\n\n\n\n<li><strong><mark style=\"background-color:#ffffff\" class=\"has-inline-color has-vivid-green-cyan-color\">DESCARGA E INSTALACI\u00d3N:<\/mark><\/strong> Una vez hayamos acreditado nuestra identidad en una oficina de registro de firma electr\u00f3nica, nos va a llegar un <strong>email<\/strong> para proceder a <strong>descargarnos el certificado<\/strong>.<\/li>\n<\/ol>\n\n\n\n<figure class=\"wp-block-image size-full\"><img loading=\"lazy\" decoding=\"async\" width=\"686\" height=\"499\" src=\"https:\/\/somosdelprieto.com\/wp-content\/uploads\/2025\/05\/1.-CamerFirma-Pagina-de-Descarga.jpg\" alt=\"\" class=\"wp-image-21399\" srcset=\"https:\/\/somosdelprieto.com\/wp-content\/uploads\/2025\/05\/1.-CamerFirma-Pagina-de-Descarga.jpg 686w, https:\/\/somosdelprieto.com\/wp-content\/uploads\/2025\/05\/1.-CamerFirma-Pagina-de-Descarga-300x218.jpg 300w\" sizes=\"auto, (max-width: 686px) 100vw, 686px\" \/><\/figure>\n\n\n\n<p>A continuaci\u00f3n debemos introducir el <strong>c\u00f3digo de descarga<\/strong> que ya hab\u00edamos recibido en el momento de realizar la solicitud:<\/p>\n\n\n\n<figure class=\"wp-block-image size-large\"><img loading=\"lazy\" decoding=\"async\" width=\"1024\" height=\"492\" src=\"https:\/\/somosdelprieto.com\/wp-content\/uploads\/2025\/05\/2.CamerFirma-Codigo-de-Descarga-1024x492.jpg\" alt=\"\" class=\"wp-image-21400\" srcset=\"https:\/\/somosdelprieto.com\/wp-content\/uploads\/2025\/05\/2.CamerFirma-Codigo-de-Descarga-1024x492.jpg 1024w, https:\/\/somosdelprieto.com\/wp-content\/uploads\/2025\/05\/2.CamerFirma-Codigo-de-Descarga-300x144.jpg 300w, https:\/\/somosdelprieto.com\/wp-content\/uploads\/2025\/05\/2.CamerFirma-Codigo-de-Descarga-768x369.jpg 768w, https:\/\/somosdelprieto.com\/wp-content\/uploads\/2025\/05\/2.CamerFirma-Codigo-de-Descarga.jpg 1219w\" sizes=\"auto, (max-width: 767px) 89vw, (max-width: 1000px) 54vw, (max-width: 1071px) 543px, 580px\" \/><\/figure>\n\n\n\n<p>Una vez introducido el c\u00f3digo de descarga, procederemos a descargarnos el archivo del certificado: Descargar &#8211; Guardar como &#8211; Seleccionamos la carpeta donde lo queramos guardar &#8211; Guardar.<\/p>\n\n\n\n<figure class=\"wp-block-image size-full\"><img loading=\"lazy\" decoding=\"async\" width=\"612\" height=\"633\" src=\"https:\/\/somosdelprieto.com\/wp-content\/uploads\/2025\/05\/3.-CamerFirma-Descarga-1.jpg\" alt=\"\" class=\"wp-image-21402\" srcset=\"https:\/\/somosdelprieto.com\/wp-content\/uploads\/2025\/05\/3.-CamerFirma-Descarga-1.jpg 612w, https:\/\/somosdelprieto.com\/wp-content\/uploads\/2025\/05\/3.-CamerFirma-Descarga-1-290x300.jpg 290w\" sizes=\"auto, (max-width: 612px) 100vw, 612px\" \/><\/figure>\n\n\n\n<p>Tras finalizar la descarga, recibiremos un email para confirmar la descarga indicando el <strong>Pin de Activaci\u00f3n<\/strong>, necesario para instalar el certificado.<\/p>\n\n\n\n<figure class=\"wp-block-image size-full\"><img loading=\"lazy\" decoding=\"async\" width=\"654\" height=\"653\" src=\"https:\/\/somosdelprieto.com\/wp-content\/uploads\/2025\/05\/4.CamerFirma-Pin.jpg\" alt=\"\" class=\"wp-image-21403\" srcset=\"https:\/\/somosdelprieto.com\/wp-content\/uploads\/2025\/05\/4.CamerFirma-Pin.jpg 654w, https:\/\/somosdelprieto.com\/wp-content\/uploads\/2025\/05\/4.CamerFirma-Pin-300x300.jpg 300w, https:\/\/somosdelprieto.com\/wp-content\/uploads\/2025\/05\/4.CamerFirma-Pin-150x150.jpg 150w, https:\/\/somosdelprieto.com\/wp-content\/uploads\/2025\/05\/4.CamerFirma-Pin-100x100.jpg 100w\" sizes=\"auto, (max-width: 654px) 100vw, 654px\" \/><\/figure>\n\n\n\n<p>Ahora debemos hacer doble clic en el archivo que nos hemos descargado para comenzar la <strong>instalaci\u00f3n<\/strong> y se nos abrir\u00e1 el asistente para importar certificados:<\/p>\n\n\n\n<figure class=\"wp-block-image size-full\"><img loading=\"lazy\" decoding=\"async\" width=\"400\" height=\"387\" src=\"https:\/\/somosdelprieto.com\/wp-content\/uploads\/2025\/05\/inicio-asist-1.jpg\" alt=\"\" class=\"wp-image-21406\" srcset=\"https:\/\/somosdelprieto.com\/wp-content\/uploads\/2025\/05\/inicio-asist-1.jpg 400w, https:\/\/somosdelprieto.com\/wp-content\/uploads\/2025\/05\/inicio-asist-1-300x290.jpg 300w\" sizes=\"auto, (max-width: 400px) 100vw, 400px\" \/><\/figure>\n\n\n\n<p> Donde pone \u00abContrase\u00f1a\u00bb debemos introducir el <strong>pin de activaci\u00f3n<\/strong> recibido anteriormente.<\/p>\n\n\n\n<figure class=\"wp-block-image size-large\"><img loading=\"lazy\" decoding=\"async\" width=\"1024\" height=\"590\" src=\"https:\/\/somosdelprieto.com\/wp-content\/uploads\/2025\/05\/5.Asistente-para-importar-certificados-Contrasena-1024x590.jpg\" alt=\"\" class=\"wp-image-21404\" srcset=\"https:\/\/somosdelprieto.com\/wp-content\/uploads\/2025\/05\/5.Asistente-para-importar-certificados-Contrasena-1024x590.jpg 1024w, https:\/\/somosdelprieto.com\/wp-content\/uploads\/2025\/05\/5.Asistente-para-importar-certificados-Contrasena-300x173.jpg 300w, https:\/\/somosdelprieto.com\/wp-content\/uploads\/2025\/05\/5.Asistente-para-importar-certificados-Contrasena-768x443.jpg 768w, https:\/\/somosdelprieto.com\/wp-content\/uploads\/2025\/05\/5.Asistente-para-importar-certificados-Contrasena.jpg 1086w\" sizes=\"auto, (max-width: 767px) 89vw, (max-width: 1000px) 54vw, (max-width: 1071px) 543px, 580px\" \/><\/figure>\n\n\n\n<p>Elegimos d\u00f3nde queremos guargar el archivo del certificado<\/p>\n\n\n\n<figure class=\"wp-block-image size-full\"><img loading=\"lazy\" decoding=\"async\" width=\"398\" height=\"400\" src=\"https:\/\/somosdelprieto.com\/wp-content\/uploads\/2025\/05\/6.Asistente-para-importar-certificados2.jpg\" alt=\"\" class=\"wp-image-21407\" srcset=\"https:\/\/somosdelprieto.com\/wp-content\/uploads\/2025\/05\/6.Asistente-para-importar-certificados2.jpg 398w, https:\/\/somosdelprieto.com\/wp-content\/uploads\/2025\/05\/6.Asistente-para-importar-certificados2-150x150.jpg 150w, https:\/\/somosdelprieto.com\/wp-content\/uploads\/2025\/05\/6.Asistente-para-importar-certificados2-100x100.jpg 100w\" sizes=\"auto, (max-width: 398px) 100vw, 398px\" \/><\/figure>\n\n\n\n<p>Seguimos los pasos para finalizar la instalaci\u00f3n<\/p>\n\n\n\n<figure class=\"wp-block-image size-full\"><img loading=\"lazy\" decoding=\"async\" width=\"949\" height=\"515\" src=\"https:\/\/somosdelprieto.com\/wp-content\/uploads\/2025\/05\/7.Asistente-para-importar-certificados3.jpg\" alt=\"\" class=\"wp-image-21408\" srcset=\"https:\/\/somosdelprieto.com\/wp-content\/uploads\/2025\/05\/7.Asistente-para-importar-certificados3.jpg 949w, https:\/\/somosdelprieto.com\/wp-content\/uploads\/2025\/05\/7.Asistente-para-importar-certificados3-300x163.jpg 300w, https:\/\/somosdelprieto.com\/wp-content\/uploads\/2025\/05\/7.Asistente-para-importar-certificados3-768x417.jpg 768w\" sizes=\"auto, (max-width: 767px) 89vw, (max-width: 1000px) 54vw, (max-width: 1071px) 543px, 580px\" \/><\/figure>\n\n\n\n<p>Y con esto ya habremos finalizado la instalaci\u00f3n del certificado camerfirma<\/p>\n\n\n\n<figure class=\"wp-block-image size-full\"><img loading=\"lazy\" decoding=\"async\" width=\"430\" height=\"205\" src=\"https:\/\/somosdelprieto.com\/wp-content\/uploads\/2025\/05\/88.jpg\" alt=\"\" class=\"wp-image-21410\" srcset=\"https:\/\/somosdelprieto.com\/wp-content\/uploads\/2025\/05\/88.jpg 430w, https:\/\/somosdelprieto.com\/wp-content\/uploads\/2025\/05\/88-300x143.jpg 300w\" sizes=\"auto, (max-width: 430px) 100vw, 430px\" \/><\/figure>\n","protected":false},"excerpt":{"rendered":"<p>\u00bfPARA QU\u00c9 SIRVE? Los certificados electr\u00f3nicos tramitados en la plataforma&nbsp;CAMERFIRMA podr\u00e1n ser utilizados en distintos procedimientos administrativos tanto en las Consejer\u00edas como en los organismos pertenecientes a la Junta de Comunidades de Castilla la Mancha y en el resto de Administraciones P\u00fablicas, con absoluta validez y eficacia jur\u00eddica en todos aquellos tr\u00e1mites en los que &hellip; <\/p>\n<p class=\"link-more\"><a href=\"https:\/\/somosdelprieto.com\/index.php\/camerfirma\/\" class=\"more-link\">Continuar leyendo<span class=\"screen-reader-text\"> \u00abOBTENCI\u00d3N E INSTALACI\u00d3N DE CERTIFICADO DIGITAL CAMERFIRMA\u00bb<\/span><\/a><\/p>\n","protected":false},"author":53,"featured_media":0,"parent":0,"menu_order":0,"comment_status":"closed","ping_status":"closed","template":"","meta":{"footnotes":""},"class_list":["post-21392","page","type-page","status-publish","hentry"],"_links":{"self":[{"href":"https:\/\/somosdelprieto.com\/index.php\/wp-json\/wp\/v2\/pages\/21392","targetHints":{"allow":["GET"]}}],"collection":[{"href":"https:\/\/somosdelprieto.com\/index.php\/wp-json\/wp\/v2\/pages"}],"about":[{"href":"https:\/\/somosdelprieto.com\/index.php\/wp-json\/wp\/v2\/types\/page"}],"author":[{"embeddable":true,"href":"https:\/\/somosdelprieto.com\/index.php\/wp-json\/wp\/v2\/users\/53"}],"replies":[{"embeddable":true,"href":"https:\/\/somosdelprieto.com\/index.php\/wp-json\/wp\/v2\/comments?post=21392"}],"version-history":[{"count":3,"href":"https:\/\/somosdelprieto.com\/index.php\/wp-json\/wp\/v2\/pages\/21392\/revisions"}],"predecessor-version":[{"id":21422,"href":"https:\/\/somosdelprieto.com\/index.php\/wp-json\/wp\/v2\/pages\/21392\/revisions\/21422"}],"wp:attachment":[{"href":"https:\/\/somosdelprieto.com\/index.php\/wp-json\/wp\/v2\/media?parent=21392"}],"curies":[{"name":"wp","href":"https:\/\/api.w.org\/{rel}","templated":true}]}}