{"id":2138,"date":"2020-11-14T19:05:32","date_gmt":"2020-11-14T18:05:32","guid":{"rendered":"https:\/\/somosdelprieto.com\/?page_id=2138"},"modified":"2020-11-14T19:05:50","modified_gmt":"2020-11-14T18:05:50","slug":"actividades-auxiliares-en-viveros-jardines-y-centros-de-jardineria","status":"publish","type":"page","link":"https:\/\/somosdelprieto.com\/index.php\/actividades-auxiliares-en-viveros-jardines-y-centros-de-jardineria\/","title":{"rendered":"Actividades auxiliares en viveros, jardines y centros de jardiner\u00eda."},"content":{"rendered":"\n<p><strong>Familia Profesional:<\/strong>\u00a0AGRARIA<br><strong>Nivel<\/strong>: Programas Espec\u00edficos de Formaci\u00f3n Profesional<br><strong>Cualificaci\u00f3n profesional:\u00a0<\/strong>Actividades auxiliares en viveros, jardines y centros de jardiner\u00eda.<br><strong>Duraci\u00f3n<\/strong>: 2000 horas. 2 cursos acad\u00e9micos<\/p>\n\n\n\n<figure class=\"wp-block-table\"><table><tbody><tr><td><strong>1<sup>er<\/sup>&nbsp;CURSO<\/strong><\/td><td><strong>HORAS TOTAL<\/strong><\/td><td><strong>HORAS SEM.<\/strong><\/td><td><strong>2\u00ba CURSO<\/strong><\/td><td><strong>HORAS TOTAL<\/strong><\/td><td><strong>HORAS SEM.<\/strong><\/td><\/tr><tr><td>3053. Operaciones b\u00e1sicas de<br>producci\u00f3n y mantenimiento de<br>plantas en viveros y centros de<br>jardiner\u00eda.<\/td><td><br>160<\/td><td><br>5<\/td><td>3053. Operaciones b\u00e1sicas de<br>producci\u00f3n y mantenimiento de<br>plantas en viveros y centros de<br>jardiner\u00eda.<\/td><td>160<\/td><td>5<\/td><\/tr><tr><td>3055. Operaciones b\u00e1sicas en<br>instalaci\u00f3n de jardines, parques y<br>zonas verdes.<\/td><td><br>128<\/td><td><br>4<\/td><td>3055. Operaciones b\u00e1sicas en<br>instalaci\u00f3n de jardines, parques y<br>zonas verdes.<\/td><td>125<\/td><td>4<\/td><\/tr><tr><td>3056. Operaciones b\u00e1sicas para el<br>mantenimiento de jardines, parques<br>y zonas verdes.<\/td><td><br>160<\/td><td><br>5<\/td><td>3056. Operaciones b\u00e1sicas para el<br>mantenimiento de jardines, parques y zonas verdes.<\/td><td>125<\/td><td>4<\/td><\/tr><tr><td>Ciencias aplicadas b\u00e1sicas I<\/td><td>96<\/td><td>3<\/td><td>Ciencias aplicadas b\u00e1sicas II<\/td><td>90<\/td><td>3<\/td><\/tr><tr><td>Comunicaci\u00f3n y sociedad b\u00e1sica I<\/td><td>96<\/td><td>3<\/td><td>Comunicaci\u00f3n y sociedad b\u00e1sica II<\/td><td>90<\/td><td>3<\/td><\/tr><tr><td>Autonom\u00eda y desarrollo personal<\/td><td>128<\/td><td>4<\/td><td>Autonom\u00eda y desarrollo personal<\/td><td>120<\/td><td>4<\/td><\/tr><tr><td>Atenci\u00f3n b\u00e1sica al cliente<\/td><td>64<\/td><td>2<\/td><td>Atenci\u00f3n b\u00e1sica al cliente<\/td><td>60<\/td><td>2<\/td><\/tr><tr><td>Prevenci\u00f3n de riesgos laborales<\/td><td>32<\/td><td>1<\/td><td>Prevenci\u00f3n de riesgos laborales<\/td><td>60<\/td><td>2<\/td><\/tr><tr><td>&nbsp;Iniciaci\u00f3n a la actividad laboral y<br>emprendedora<\/td><td>&nbsp;64<\/td><td>&nbsp;2<\/td><td>Iniciaci\u00f3n a la actividad laboral y<br>emprendedora<\/td><td>&nbsp;60<\/td><td>&nbsp;2<\/td><\/tr><tr><td>&nbsp;Tutor\u00eda.<\/td><td>&nbsp;32<\/td><td>&nbsp;1<\/td><td>Tutor\u00eda<\/td><td>&nbsp;30<\/td><td>&nbsp;1<\/td><\/tr><tr><td>&nbsp;<\/td><td>&nbsp;<\/td><td>&nbsp;<\/td><td>Formaci\u00f3n en centros de trabajo.<\/td><td>&nbsp;120<\/td><td>&nbsp;<\/td><\/tr><tr><td>&nbsp;<\/td><td>&nbsp;960<\/td><td>&nbsp;30<\/td><td>&nbsp;<\/td><td>&nbsp;1040<\/td><td>&nbsp;30<\/td><\/tr><\/tbody><\/table><\/figure>\n\n\n\n<figure class=\"wp-block-embed-youtube wp-block-embed is-type-video is-provider-youtube wp-embed-aspect-16-9 wp-has-aspect-ratio\"><div class=\"wp-block-embed__wrapper\">\n<iframe loading=\"lazy\" title=\"PROGRAMA ESPEC\u00cdFICO DE FP ACTIVIDADES AUXILIARES EN VIVEROS, JARDINES Y CENTROS DE JARDINER\u00cdA\" width=\"525\" height=\"295\" src=\"https:\/\/www.youtube.com\/embed\/3K06dywIrYU?feature=oembed\" frameborder=\"0\" allow=\"accelerometer; autoplay; clipboard-write; encrypted-media; gyroscope; picture-in-picture; web-share\" referrerpolicy=\"strict-origin-when-cross-origin\" allowfullscreen><\/iframe>\n<\/div><\/figure>\n\n\n\n<p><strong>Competencia general:<br><br><\/strong>Realizar operaciones auxiliares para la implantaci\u00f3n y mantenimiento de jardines, parques y zonas verdes, as\u00ed como<br>la producci\u00f3n y mantenimiento de plantas en viveros y centros de jardiner\u00eda, siguiendo instrucciones de superiores<br>o plan de trabajo, cumpliendo con las medidas de prevenci\u00f3n de riesgos laborales, calidad y protecci\u00f3n del medio<br>ambiente.<br>Desarrollar competencias y habilidades funcionales en el entorno social y laboral, facilitando el desarrollo integral<br>de la persona.<\/p>\n\n\n\n<p><strong>Relaci\u00f3n de cualificaciones y unidades de competencias del cat\u00e1logo Nacional de Cualificaciones incluidas en el Programa espec\u00edfico de formaci\u00f3n profesional de Auxiliar en viveros, jardines y centros de jardiner\u00eda.<\/strong><br>1. Cualificaci\u00f3n profesional completa:<br>a) Actividades auxiliares en viveros, jardines y centros de jardiner\u00eda AGA164_1, que comprende las siguientes uni-<br>dades de competencia:<br>&#8211; UC0520_1: Realizar operaciones auxiliares para la producci\u00f3n y mantenimiento de plantas en viveros y centros de<br>jardiner\u00eda.<br>&#8211; UC0521_1: Realizar operaciones auxiliares para la instalaci\u00f3n de jardines, parques y zonas verdes.<br>&#8211; UC0522_1: Realizar operaciones auxiliares para el mantenimiento de jardines, parques y zonas verdes.<br><strong><br>M\u00f3dulos profesionales<\/strong>:<\/p>\n\n\n\n<p>Forman parte del programa adem\u00e1s de los m\u00f3dulos comunes de formaci\u00f3n de aprendizaje permanente a que se<br>refiere el art\u00edculo 6 de la presente Orden, los siguientes m\u00f3dulos profesionales:<br>&#8211; 3053. Operaciones b\u00e1sicas de producci\u00f3n y mantenimiento de plantas en viveros y centros de jardiner\u00eda.<br>&#8211; 3055. Operaciones b\u00e1sicas en instalaci\u00f3n de jardines, parques y zonas verdes.<br>&#8211; 3056. Operaciones b\u00e1sicas para el mantenimiento de jardines, parques y zonas verdes.<br>&#8211; Formaci\u00f3n en centros de trabajo.<br>Los contenidos, resultados de aprendizaje y criterios de evaluaci\u00f3n, de cada uno de los m\u00f3dulos profesionales se<br>ajustan a lo establecido en el Decreto 69\/2014, de 24\/07\/2014, por el que se establece el curr\u00edculo del ciclo formativo<br>de Formaci\u00f3n Profesional B\u00e1sica, correspondiente al T\u00edtulo Profesional B\u00e1sico en Agro-jardiner\u00eda y Composiciones<br>Florales, en la Comunidad Aut\u00f3noma de Castilla-La Mancha.<\/p>\n","protected":false},"excerpt":{"rendered":"<p>Familia Profesional:\u00a0AGRARIANivel: Programas Espec\u00edficos de Formaci\u00f3n ProfesionalCualificaci\u00f3n profesional:\u00a0Actividades auxiliares en viveros, jardines y centros de jardiner\u00eda.Duraci\u00f3n: 2000 horas. 2 cursos acad\u00e9micos 1er&nbsp;CURSO HORAS TOTAL HORAS SEM. 2\u00ba CURSO HORAS TOTAL HORAS SEM. 3053. Operaciones b\u00e1sicas deproducci\u00f3n y mantenimiento deplantas en viveros y centros dejardiner\u00eda. 160 5 3053. Operaciones b\u00e1sicas deproducci\u00f3n y mantenimiento deplantas en viveros &hellip; <\/p>\n<p class=\"link-more\"><a href=\"https:\/\/somosdelprieto.com\/index.php\/actividades-auxiliares-en-viveros-jardines-y-centros-de-jardineria\/\" class=\"more-link\">Continuar leyendo<span class=\"screen-reader-text\"> \u00abActividades auxiliares en viveros, jardines y centros de jardiner\u00eda.\u00bb<\/span><\/a><\/p>\n","protected":false},"author":17,"featured_media":0,"parent":0,"menu_order":0,"comment_status":"closed","ping_status":"closed","template":"","meta":{"footnotes":""},"class_list":["post-2138","page","type-page","status-publish","hentry"],"_links":{"self":[{"href":"https:\/\/somosdelprieto.com\/index.php\/wp-json\/wp\/v2\/pages\/2138","targetHints":{"allow":["GET"]}}],"collection":[{"href":"https:\/\/somosdelprieto.com\/index.php\/wp-json\/wp\/v2\/pages"}],"about":[{"href":"https:\/\/somosdelprieto.com\/index.php\/wp-json\/wp\/v2\/types\/page"}],"author":[{"embeddable":true,"href":"https:\/\/somosdelprieto.com\/index.php\/wp-json\/wp\/v2\/users\/17"}],"replies":[{"embeddable":true,"href":"https:\/\/somosdelprieto.com\/index.php\/wp-json\/wp\/v2\/comments?post=2138"}],"version-history":[{"count":1,"href":"https:\/\/somosdelprieto.com\/index.php\/wp-json\/wp\/v2\/pages\/2138\/revisions"}],"predecessor-version":[{"id":2139,"href":"https:\/\/somosdelprieto.com\/index.php\/wp-json\/wp\/v2\/pages\/2138\/revisions\/2139"}],"wp:attachment":[{"href":"https:\/\/somosdelprieto.com\/index.php\/wp-json\/wp\/v2\/media?parent=2138"}],"curies":[{"name":"wp","href":"https:\/\/api.w.org\/{rel}","templated":true}]}}