{"id":2135,"date":"2020-11-14T18:59:51","date_gmt":"2020-11-14T17:59:51","guid":{"rendered":"https:\/\/somosdelprieto.com\/?page_id=2135"},"modified":"2024-02-29T20:07:33","modified_gmt":"2024-02-29T19:07:33","slug":"profesional-basico-en-mantenimiento-de-vehiculos","status":"publish","type":"page","link":"https:\/\/somosdelprieto.com\/index.php\/estudios\/fp-basica\/profesional-basico-en-mantenimiento-de-vehiculos\/","title":{"rendered":"Profesional B\u00e1sico en Mantenimiento de Veh\u00edculos"},"content":{"rendered":"\n<p class=\"has-light-green-cyan-background-color has-background\"><strong>Familia Profesional:<\/strong>&nbsp;Transporte y Mantenimiento de Veh\u00edculos.<\/p>\n\n\n\n<p class=\"has-light-green-cyan-background-color has-background\"><strong>Nivel<\/strong>: Formaci\u00f3n Profesional B\u00e1sica<\/p>\n\n\n\n<p class=\"has-light-green-cyan-background-color has-background\"><strong>Duraci\u00f3n<\/strong>: 2000 horas. 2 cursos acad\u00e9micos<\/p>\n\n\n\n<figure class=\"wp-block-table\"><table><tbody><tr><td><strong>1<sup>er<\/sup>&nbsp;CURSO<\/strong><\/td><td><strong>HORAS TOTAL<\/strong><\/td><td><strong>HORAS SEM.<\/strong><\/td><td><strong>2\u00ba CURSO<\/strong><\/td><td><strong>HORAS TOTAL<\/strong><\/td><td><strong>HORAS SEM.<\/strong><\/td><\/tr><tr><td>3043. Mecanizado y soldadura<\/td><td>190<\/td><td>6<\/td><td>3046. Electricidad del veh\u00edculo<\/td><td>135<\/td><td>5<\/td><\/tr><tr><td>3044. Amovibles<\/td><td>225<\/td><td>7<\/td><td>3047. Mec\u00e1nica del veh\u00edculo<\/td><td>265<\/td><td>10<\/td><\/tr><tr><td>3045. Preparaci\u00f3n de superficies<\/td><td>160<\/td><td>5<\/td><td>3019. Ciencias aplicadas II<\/td><td>160<\/td><td>6<\/td><\/tr><tr><td>3009. Ciencias aplicadas I<\/td><td>160<\/td><td>5<\/td><td>3012. Comunicaci\u00f3n y sociedad II<\/td><td>165<\/td><td>6<\/td><\/tr><tr><td>3011. Comunicaci\u00f3n y sociedad I<\/td><td>160<\/td><td>5<\/td><td>Tutor\u00eda.<\/td><td>25<\/td><td>1<\/td><\/tr><tr><td>Tutor\u00eda.<\/td><td>65<\/td><td>2<\/td><td>CLM0041. Iniciaci\u00f3n a la actividad emprendedora y empresarial<\/td><td>50<\/td><td>2<\/td><\/tr><tr><td>&nbsp;<\/td><td>&nbsp;<\/td><td>&nbsp;<\/td><td>3049. Formaci\u00f3n en centros de trabajo<\/td><td>240<\/td><td>&nbsp;<\/td><\/tr><\/tbody><\/table><\/figure>\n\n\n\n<p><strong>Competencias<\/strong>:<\/p>\n\n\n\n<p>Las competencias profesionales del t\u00edtulo, de acuerdo con el Cat\u00e1logo Nacional de Cualificaciones Profesionales, son las siguientes:<\/p>\n\n\n\n<p>Cualificaciones profesionales completas:<\/p>\n\n\n\n<p>&nbsp; &nbsp;a)&nbsp;Operaciones auxiliares de mantenimiento de carrocer\u00eda de veh\u00edculos TMV194_1, que comprende las siguientes unidades de competencia:<\/p>\n\n\n\n<p>UC0620_1: Efectuar operaciones de mecanizado b\u00e1sico.<\/p>\n\n\n\n<p>UC0621_1: Desmontar, montar y sustituir elementos amovibles simples de un veh\u00edculo.<\/p>\n\n\n\n<p>UC0622_1: Realizar operaciones auxiliares de preparaci\u00f3n de superficies.<\/p>\n\n\n\n<p>&nbsp; &nbsp;b) Operaciones auxiliares de mantenimiento en electromec\u00e1nica de veh\u00edculos TMV195_1, que comprende las siguientes unidades de competencia:<\/p>\n\n\n\n<p>UC0620_1: Efectuar operaciones de mecanizado b\u00e1sico.<\/p>\n\n\n\n<p>UC0623_1: Desmontar, montar y sustituir elementos mec\u00e1nicos simples del veh\u00edculo.<\/p>\n\n\n\n<p>UC0624_1: Desmontar, montar y sustituir elementos el\u00e9ctricos simples del veh\u00edculo.<\/p>\n\n\n\n<p><strong>Puestos de Trabajo<\/strong>:<\/p>\n\n\n\n<p>Este profesional ejerce su actividad en el sector del mantenimiento de veh\u00edculos, principalmente en talleres de reparaci\u00f3n y concesionarios de veh\u00edculos privados, industriales, agr\u00edcolas y de obras p\u00fablicas.<\/p>\n\n\n\n<p>Las ocupaciones y puestos de trabajo m\u00e1s relevantes son los siguientes:<\/p>\n\n\n\n<ul class=\"wp-block-list\">\n<li>Auxiliar de almac\u00e9n de recambios.<\/li>\n\n\n\n<li>Operario empresas de sustituci\u00f3n de lunas.<\/li>\n\n\n\n<li>Ayudante en el \u00e1rea de electromec\u00e1nica.<\/li>\n\n\n\n<li>Operario de taller de mec\u00e1nica r\u00e1pida.<\/li>\n<\/ul>\n","protected":false},"excerpt":{"rendered":"<p>Familia Profesional:&nbsp;Transporte y Mantenimiento de Veh\u00edculos. Nivel: Formaci\u00f3n Profesional B\u00e1sica Duraci\u00f3n: 2000 horas. 2 cursos acad\u00e9micos 1er&nbsp;CURSO HORAS TOTAL HORAS SEM. 2\u00ba CURSO HORAS TOTAL HORAS SEM. 3043. Mecanizado y soldadura 190 6 3046. Electricidad del veh\u00edculo 135 5 3044. Amovibles 225 7 3047. Mec\u00e1nica del veh\u00edculo 265 10 3045. Preparaci\u00f3n de superficies 160 5 &hellip; <\/p>\n<p class=\"link-more\"><a href=\"https:\/\/somosdelprieto.com\/index.php\/estudios\/fp-basica\/profesional-basico-en-mantenimiento-de-vehiculos\/\" class=\"more-link\">Continuar leyendo<span class=\"screen-reader-text\"> \u00abProfesional B\u00e1sico en Mantenimiento de Veh\u00edculos\u00bb<\/span><\/a><\/p>\n","protected":false},"author":51,"featured_media":0,"parent":1943,"menu_order":0,"comment_status":"closed","ping_status":"closed","template":"","meta":{"footnotes":""},"class_list":["post-2135","page","type-page","status-publish","hentry"],"_links":{"self":[{"href":"https:\/\/somosdelprieto.com\/index.php\/wp-json\/wp\/v2\/pages\/2135","targetHints":{"allow":["GET"]}}],"collection":[{"href":"https:\/\/somosdelprieto.com\/index.php\/wp-json\/wp\/v2\/pages"}],"about":[{"href":"https:\/\/somosdelprieto.com\/index.php\/wp-json\/wp\/v2\/types\/page"}],"author":[{"embeddable":true,"href":"https:\/\/somosdelprieto.com\/index.php\/wp-json\/wp\/v2\/users\/51"}],"replies":[{"embeddable":true,"href":"https:\/\/somosdelprieto.com\/index.php\/wp-json\/wp\/v2\/comments?post=2135"}],"version-history":[{"count":2,"href":"https:\/\/somosdelprieto.com\/index.php\/wp-json\/wp\/v2\/pages\/2135\/revisions"}],"predecessor-version":[{"id":17326,"href":"https:\/\/somosdelprieto.com\/index.php\/wp-json\/wp\/v2\/pages\/2135\/revisions\/17326"}],"up":[{"embeddable":true,"href":"https:\/\/somosdelprieto.com\/index.php\/wp-json\/wp\/v2\/pages\/1943"}],"wp:attachment":[{"href":"https:\/\/somosdelprieto.com\/index.php\/wp-json\/wp\/v2\/media?parent=2135"}],"curies":[{"name":"wp","href":"https:\/\/api.w.org\/{rel}","templated":true}]}}