{"id":21288,"date":"2025-05-07T11:03:58","date_gmt":"2025-05-07T09:03:58","guid":{"rendered":"https:\/\/somosdelprieto.com\/?page_id=21288"},"modified":"2025-11-19T10:33:59","modified_gmt":"2025-11-19T09:33:59","slug":"departamento-de-comercio-y-marketing","status":"publish","type":"page","link":"https:\/\/somosdelprieto.com\/index.php\/departamento-de-comercio-y-marketing\/","title":{"rendered":"PERSONAL DOCENTE"},"content":{"rendered":"\n<p><\/p>\n\n\n\n<figure class=\"wp-block-table\"><table class=\"has-fixed-layout\"><tbody><tr><td><strong>PROFESORES<\/strong><\/td><td><strong>ESPECIALIDAD<\/strong><\/td><\/tr><tr><td>LUNA LLARIO, Alfonso (JD)<\/td><td>Organizaci\u00f3n y Gesti\u00f3n Comercial<\/td><\/tr><tr><td>CASANOVA S\u00c1NCHEZ, Rosa Mar\u00eda<\/td><td>Organizaci\u00f3n y Gesti\u00f3n Comercial<\/td><\/tr><tr><td>DEL COSO HURTADO DE MENDOZA, Jos\u00e9 Luis <\/td><td>Procesos Comerciales<\/td><\/tr><tr><td>MART\u00cdN F\u00daNEZ, Luisa Mar\u00eda<\/td><td>Procesos Comerciales<\/td><\/tr><tr><td>INTILLAQUE G\u00d3MEZ PIMPOLLO, Carmelo<\/td><td>Organizaci\u00f3n y Gesti\u00f3n Comercial (biling\u00fce)<\/td><\/tr><tr><td>G\u00d3MEZ P\u00c9REZ, Jos\u00e9 Antonio<\/td><td>Organizaci\u00f3n y Gesti\u00f3n Comercial<\/td><\/tr><tr><td>MART\u00cdN LINDE, Mar<\/td><td>Procesos Comerciales<\/td><\/tr><tr><td>MART\u00cdNEZ LARA, Mar\u00eda Roc\u00edo<\/td><td>Procesos Comerciales (biling\u00fce)<\/td><\/tr><tr><td>PARADA GONZ\u00c1LEZ &#8211; NICOL\u00c1S, Clara<\/td><td>Procesos Comerciales<\/td><\/tr><tr><td>S\u00c1NCHEZ MESAS, Nuria<\/td><td>Organizaci\u00f3n y Gesti\u00f3n Comercial<\/td><\/tr><tr><td>RODRIGUEZ-RABAD\u00c1N ARAQUE, Toni<\/td><td>Organizaci\u00f3n y Gesti\u00f3n Comercial (biling\u00fce)<\/td><\/tr><tr><td>ROMERO BELL\u00d3N, ANTONIO<\/td><td>Procesos Comerciales<\/td><\/tr><tr><td>RUIZ FERN\u00c1NDEZ, Juan<\/td><td>Procesos Comerciales<\/td><\/tr><tr><td>NI\u00d1O PARRA, Ana<\/td><td>Procesos Comerciales<\/td><\/tr><\/tbody><\/table><\/figure>\n\n\n\n<p><\/p>\n","protected":false},"excerpt":{"rendered":"<p>PROFESORES ESPECIALIDAD LUNA LLARIO, Alfonso (JD) Organizaci\u00f3n y Gesti\u00f3n Comercial CASANOVA S\u00c1NCHEZ, Rosa Mar\u00eda Organizaci\u00f3n y Gesti\u00f3n Comercial DEL COSO HURTADO DE MENDOZA, Jos\u00e9 Luis Procesos Comerciales MART\u00cdN F\u00daNEZ, Luisa Mar\u00eda Procesos Comerciales INTILLAQUE G\u00d3MEZ PIMPOLLO, Carmelo Organizaci\u00f3n y Gesti\u00f3n Comercial (biling\u00fce) G\u00d3MEZ P\u00c9REZ, Jos\u00e9 Antonio Organizaci\u00f3n y Gesti\u00f3n Comercial MART\u00cdN LINDE, Mar Procesos Comerciales &hellip; <\/p>\n<p class=\"link-more\"><a href=\"https:\/\/somosdelprieto.com\/index.php\/departamento-de-comercio-y-marketing\/\" class=\"more-link\">Continuar leyendo<span class=\"screen-reader-text\"> \u00abPERSONAL DOCENTE\u00bb<\/span><\/a><\/p>\n","protected":false},"author":18,"featured_media":0,"parent":0,"menu_order":0,"comment_status":"closed","ping_status":"closed","template":"","meta":{"footnotes":""},"class_list":["post-21288","page","type-page","status-publish","hentry"],"_links":{"self":[{"href":"https:\/\/somosdelprieto.com\/index.php\/wp-json\/wp\/v2\/pages\/21288","targetHints":{"allow":["GET"]}}],"collection":[{"href":"https:\/\/somosdelprieto.com\/index.php\/wp-json\/wp\/v2\/pages"}],"about":[{"href":"https:\/\/somosdelprieto.com\/index.php\/wp-json\/wp\/v2\/types\/page"}],"author":[{"embeddable":true,"href":"https:\/\/somosdelprieto.com\/index.php\/wp-json\/wp\/v2\/users\/18"}],"replies":[{"embeddable":true,"href":"https:\/\/somosdelprieto.com\/index.php\/wp-json\/wp\/v2\/comments?post=21288"}],"version-history":[{"count":10,"href":"https:\/\/somosdelprieto.com\/index.php\/wp-json\/wp\/v2\/pages\/21288\/revisions"}],"predecessor-version":[{"id":22638,"href":"https:\/\/somosdelprieto.com\/index.php\/wp-json\/wp\/v2\/pages\/21288\/revisions\/22638"}],"wp:attachment":[{"href":"https:\/\/somosdelprieto.com\/index.php\/wp-json\/wp\/v2\/media?parent=21288"}],"curies":[{"name":"wp","href":"https:\/\/api.w.org\/{rel}","templated":true}]}}