{"id":2122,"date":"2020-11-14T18:43:56","date_gmt":"2020-11-14T17:43:56","guid":{"rendered":"https:\/\/somosdelprieto.com\/?page_id=2122"},"modified":"2025-05-14T22:39:44","modified_gmt":"2025-05-14T20:39:44","slug":"tecnico-superior-en-vitivinicultura","status":"publish","type":"page","link":"https:\/\/somosdelprieto.com\/index.php\/estudios\/ciclos-formativos-de-grado-superior\/tecnico-superior-en-vitivinicultura\/","title":{"rendered":"T\u00c9CNICO SUPERIOR EN VITIVINICULTURA"},"content":{"rendered":"\n<p><strong>Familia Profesional<\/strong>: INDUSTRIAS ALIMENTARIAS<\/p>\n\n\n\n<figure class=\"wp-block-image size-large\"><a href=\"https:\/\/www.educa.jccm.es\/es\/fpclm\/ciclos-formativos-1\/tecnico-superior-vitivinicultura\" target=\"_blank\" rel=\"https:\/\/www.educa.jccm.es\/es\/fpclm\/ciclos-formativos-1\/tecnico-superior-vitivinicultura noreferrer noopener\"><img loading=\"lazy\" decoding=\"async\" width=\"1024\" height=\"819\" src=\"https:\/\/somosdelprieto.com\/wp-content\/uploads\/2023\/11\/Verde-Menta-Blanco-Circulo-Amante-Gatos-Foto-Collage-2-1024x819.png\" alt=\"\" class=\"wp-image-16330\" srcset=\"https:\/\/somosdelprieto.com\/wp-content\/uploads\/2023\/11\/Verde-Menta-Blanco-Circulo-Amante-Gatos-Foto-Collage-2-1024x819.png 1024w, https:\/\/somosdelprieto.com\/wp-content\/uploads\/2023\/11\/Verde-Menta-Blanco-Circulo-Amante-Gatos-Foto-Collage-2-300x240.png 300w, https:\/\/somosdelprieto.com\/wp-content\/uploads\/2023\/11\/Verde-Menta-Blanco-Circulo-Amante-Gatos-Foto-Collage-2-768x614.png 768w, https:\/\/somosdelprieto.com\/wp-content\/uploads\/2023\/11\/Verde-Menta-Blanco-Circulo-Amante-Gatos-Foto-Collage-2-1536x1229.png 1536w, https:\/\/somosdelprieto.com\/wp-content\/uploads\/2023\/11\/Verde-Menta-Blanco-Circulo-Amante-Gatos-Foto-Collage-2.png 2000w\" sizes=\"auto, (max-width: 767px) 89vw, (max-width: 1000px) 54vw, (max-width: 1071px) 543px, 580px\" \/><\/a><\/figure>\n\n\n\n<p><strong>Nivel<\/strong>: CICLO FORMATIVO DE GRADO SUPERIOR<\/p>\n\n\n\n<p><strong>Duraci\u00f3n<\/strong>: 2.000 horas. 2 cursos acad\u00e9micos.<\/p>\n\n\n\n<figure class=\"wp-block-image size-large\"><img loading=\"lazy\" decoding=\"async\" width=\"1005\" height=\"1024\" src=\"https:\/\/somosdelprieto.com\/wp-content\/uploads\/2025\/05\/image-1005x1024.png\" alt=\"\" class=\"wp-image-21426\" srcset=\"https:\/\/somosdelprieto.com\/wp-content\/uploads\/2025\/05\/image-1005x1024.png 1005w, https:\/\/somosdelprieto.com\/wp-content\/uploads\/2025\/05\/image-294x300.png 294w, https:\/\/somosdelprieto.com\/wp-content\/uploads\/2025\/05\/image-768x783.png 768w, https:\/\/somosdelprieto.com\/wp-content\/uploads\/2025\/05\/image.png 1462w\" sizes=\"auto, (max-width: 767px) 89vw, (max-width: 1000px) 54vw, (max-width: 1071px) 543px, 580px\" \/><\/figure>\n\n\n\n<h2 class=\"wp-block-heading\">Competencias:<\/h2>\n\n\n\n<h3 class=\"wp-block-heading\">Enotecnia INA 016_3 :<\/h3>\n\n\n\n<p>-Supervisar la producci\u00f3n vit\u00edcola y programar los procesos de vinificaci\u00f3n.<br>-Controlar la producci\u00f3n de vino mediante an\u00e1lisis organol\u00e9pticos, microbiol\u00f3gicos y f\u00edsico-qu\u00edmicos.<br>-Coordinar y supervisar los m\u00e9todos de estabilizaci\u00f3n y crianza de vinos.<br>-Programar la puesta a punto de instalaciones y maquinaria vitivin\u00edcola.<\/p>\n\n\n\n<h3 class=\"wp-block-heading\">Industrias derivadas de la uva y del vino INA 240_3 :<\/h3>\n\n\n\n<p>-Gestionar los aprovisionamientos, el almac\u00e9n y las expediciones en la industria alimentaria y realizar actividades de apoyo a la comercializaci\u00f3n.<br>-Programar y gestionar la producci\u00f3n en la industria alimentaria.<br>-Cooperar en la implantaci\u00f3n y desarrollo del plan de calidad y gesti\u00f3n ambiental en la industria alimentaria.<br>-Desarrollar los procesos y controlar la elaboraci\u00f3n de destilados, mostos concentrados, vinagre y otros productos derivados.<br>-Controlar el proceso de envasado y acondicionamiento de bebidas.<br>-Aplicar la legislaci\u00f3n de productos vitivin\u00edcolas y sus derivados y gestionar los libros registro.<\/p>\n\n\n\n<h2 class=\"wp-block-heading\">Puestos de Trabajo:<\/h2>\n\n\n\n<p>-T\u00e9cnico vitivin\u00edcola.<br>-Encargado de proceso de destilaci\u00f3n y rectificaci\u00f3n.<br>-Encargado de recepci\u00f3n de mostos frescos y sulfitados.<br>-Supervisor de columnas de destilaci\u00f3n y concentraci\u00f3n.<br>-Encargado de la l\u00ednea de envasado de destilados, concentrados y vinagres.<br>-Encargados de envejecimiento y crianza de destilados y vinagres.<br>-T\u00e9cnico en an\u00e1lisis sensorial.<\/p>\n","protected":false},"excerpt":{"rendered":"<p>Familia Profesional: INDUSTRIAS ALIMENTARIAS Nivel: CICLO FORMATIVO DE GRADO SUPERIOR Duraci\u00f3n: 2.000 horas. 2 cursos acad\u00e9micos. Competencias: Enotecnia INA 016_3 : -Supervisar la producci\u00f3n vit\u00edcola y programar los procesos de vinificaci\u00f3n.-Controlar la producci\u00f3n de vino mediante an\u00e1lisis organol\u00e9pticos, microbiol\u00f3gicos y f\u00edsico-qu\u00edmicos.-Coordinar y supervisar los m\u00e9todos de estabilizaci\u00f3n y crianza de vinos.-Programar la puesta a punto &hellip; <\/p>\n<p class=\"link-more\"><a href=\"https:\/\/somosdelprieto.com\/index.php\/estudios\/ciclos-formativos-de-grado-superior\/tecnico-superior-en-vitivinicultura\/\" class=\"more-link\">Continuar leyendo<span class=\"screen-reader-text\"> \u00abT\u00c9CNICO SUPERIOR EN VITIVINICULTURA\u00bb<\/span><\/a><\/p>\n","protected":false},"author":22,"featured_media":0,"parent":1999,"menu_order":0,"comment_status":"closed","ping_status":"closed","template":"","meta":{"footnotes":""},"class_list":["post-2122","page","type-page","status-publish","hentry"],"_links":{"self":[{"href":"https:\/\/somosdelprieto.com\/index.php\/wp-json\/wp\/v2\/pages\/2122","targetHints":{"allow":["GET"]}}],"collection":[{"href":"https:\/\/somosdelprieto.com\/index.php\/wp-json\/wp\/v2\/pages"}],"about":[{"href":"https:\/\/somosdelprieto.com\/index.php\/wp-json\/wp\/v2\/types\/page"}],"author":[{"embeddable":true,"href":"https:\/\/somosdelprieto.com\/index.php\/wp-json\/wp\/v2\/users\/22"}],"replies":[{"embeddable":true,"href":"https:\/\/somosdelprieto.com\/index.php\/wp-json\/wp\/v2\/comments?post=2122"}],"version-history":[{"count":4,"href":"https:\/\/somosdelprieto.com\/index.php\/wp-json\/wp\/v2\/pages\/2122\/revisions"}],"predecessor-version":[{"id":21466,"href":"https:\/\/somosdelprieto.com\/index.php\/wp-json\/wp\/v2\/pages\/2122\/revisions\/21466"}],"up":[{"embeddable":true,"href":"https:\/\/somosdelprieto.com\/index.php\/wp-json\/wp\/v2\/pages\/1999"}],"wp:attachment":[{"href":"https:\/\/somosdelprieto.com\/index.php\/wp-json\/wp\/v2\/media?parent=2122"}],"curies":[{"name":"wp","href":"https:\/\/api.w.org\/{rel}","templated":true}]}}