{"id":2100,"date":"2020-11-14T18:20:05","date_gmt":"2020-11-14T17:20:05","guid":{"rendered":"https:\/\/somosdelprieto.com\/?page_id=2100"},"modified":"2021-09-01T19:42:13","modified_gmt":"2021-09-01T17:42:13","slug":"tecnico-superior-en-desarrollo-de-aplicaciones-multiplataforma","status":"publish","type":"page","link":"https:\/\/somosdelprieto.com\/index.php\/estudios\/ciclos-formativos-de-grado-superior\/tecnico-superior-en-desarrollo-de-aplicaciones-multiplataforma\/","title":{"rendered":"T\u00e9cnico Superior en Desarrollo de Aplicaciones Multiplataforma"},"content":{"rendered":"\n<p><strong><strong>Familia Profesiona<\/strong>l: INFORM\u00c1TICA Y COMUNICACIONESNivel<\/strong>: CICLO FORMATIVO DE GRADO SUPERIOR<br><\/p>\n\n\n\n<p><strong>Duraci\u00f3n<\/strong>: 2000 horas. 2 cursos acad\u00e9mico<\/p>\n\n\n\n<figure class=\"wp-block-table\"><table><tbody><tr><\/tr><tr><td><strong>1<\/strong><strong><sup>er<\/sup><\/strong><strong>&nbsp;CURSO<\/strong><\/td><td><strong>Hrs.<\/strong><strong>a\u00f1o<\/strong><\/td><td><strong>Hrs.<\/strong><strong>Sem.<\/strong><\/td><td><strong>2<\/strong><strong><sup>\u00ba<\/sup><\/strong><strong>&nbsp;CURSO<\/strong><\/td><td><strong>Hrs.<\/strong><strong>a\u00f1o<\/strong><\/td><td><strong>Hrs.<\/strong><strong>Sem.<\/strong><\/td><\/tr><tr><td>0483. Sistemas inform\u00e1ticos<\/td><td>180<\/td><td>6<\/td><td>0486. Acceso a datos<\/td><td>145<\/td><td>7<\/td><\/tr><tr><td>0484. Bases de datos<\/td><td>185<\/td><td>6<\/td><td>0488. Desarrollo de interfaces<\/td><td>130<\/td><td>7<\/td><\/tr><tr><td>0485. Programaci\u00f3n<\/td><td>205<\/td><td>6<\/td><td>0489. Programaci\u00f3n multimedia y dispositivos m\u00f3viles<\/td><td>99<\/td><td>5<\/td><\/tr><tr><td>373. Lenguajes de marcas y sistemas de informaci\u00f3n<\/td><td>134<\/td><td>4<\/td><td>0490. Programaci\u00f3n de servicios y procesos<\/td><td>65<\/td><td>3<\/td><\/tr><tr><td>0487. Entornos de desarrollo<\/td><td>110<\/td><td>3<\/td><td>0491. Sistemas de gesti\u00f3n empresarial<\/td><td>95<\/td><td>5<\/td><\/tr><tr><td>CLM0022. Ingl\u00e9s t\u00e9cnico para los ciclos formativos de grado superior de la familia profesional Inform\u00e1tica y Comunicaciones<\/td><td>64<\/td><td>2<\/td><td>0494. Empresa e iniciativa emprendedora<\/td><td>66<\/td><td>3<\/td><\/tr><tr><td>0493. Formaci\u00f3n y orientaci\u00f3n laboral.<\/td><td>82<\/td><td>3<\/td><td>0492. Proyecto de desarrollo de aplicaciones multiplataforma<\/td><td>40<\/td><td><\/td><\/tr><tr><td><\/td><td><\/td><td><\/td><td>0495. Formaci\u00f3n en centros de trabajo<\/td><td>400<\/td><td><\/td><\/tr><\/tbody><\/table><\/figure>\n\n\n\n<h2 class=\"wp-block-heading\">Competencias:<\/h2>\n\n\n\n<ul class=\"wp-block-list\"><li>Configurar y explotar sistemas inform\u00e1ticos, adaptando la configuraci\u00f3n l\u00f3gica del sistema seg\u00fan las necesidades de uso y los criterios establecidos.<\/li><li>Aplicar t\u00e9cnicas y procedimientos relacionados con la seguridad en sistemas, servicios y aplicaciones, cumpliendo el plan de seguridad.<\/li><li>Gestionar bases de datos, interpretando su dise\u00f1o l\u00f3gico y verificando integridad, consistencia, seguridad y accesibilidad de los datos.<\/li><li>Gestionar entornos de desarrollo adaptando su configuraci\u00f3n en cada caso para permitir el desarrollo y despliegue de aplicaciones.<\/li><li>Desarrollar aplicaciones multiplataforma con acceso a bases de datos utilizando lenguajes, librer\u00edas y herramientas adecuados a las especificaciones.<\/li><li>Desarrollar aplicaciones implementando un sistema completo de formularios e informes que permitan gestionar de forma integral la informaci\u00f3n almacenada.<\/li><li>Integrar contenidos gr\u00e1ficos y componentes multimedia en aplicaciones multiplataforma, empleando herramientas espec\u00edficas y cumpliendo los requerimientos establecidos.<\/li><li>Desarrollar interfaces gr\u00e1ficos de usuario interactivos y con la usabilidad adecuada, empleando componentes visuales est\u00e1ndar o implementando componentes visuales espec\u00edficos.<\/li><li>Participar en el desarrollo de juegos y aplicaciones en el \u00e1mbito del entretenimiento y la educaci\u00f3n empleando t\u00e9cnicas, motores y entornos de desarrollo espec\u00edficos.<\/li><li>Desarrollar aplicaciones para tel\u00e9fonos, PDA y otros dispositivos m\u00f3viles empleando t\u00e9cnicas y entornos de desarrollo espec\u00edficos.<\/li><li>Crear ayudas generales y sensibles al contexto, empleando herramientas espec\u00edficas e integr\u00e1ndolas en sus correspondientes aplicaciones.<\/li><li>Crear tutoriales, manuales de usuario, de instalaci\u00f3n, de configuraci\u00f3n y de administraci\u00f3n, empleando herramientas espec\u00edficas.<\/li><li>Empaquetar aplicaciones para su distribuci\u00f3n preparando paquetes auto instalables con asistentes incorporados.<\/li><li>Desarrollar aplicaciones multiproceso y multihilo empleando librer\u00edas y t\u00e9cnicas de programaci\u00f3n espec\u00edficas.<\/li><li>Desarrollar aplicaciones capaces de ofrecer servicios en red empleando mecanismos de comunicaci\u00f3n.<\/li><li>Participar en la implantaci\u00f3n de sistemas ERP-CRM evaluando la utilidad de cada uno de sus m\u00f3dulos.<\/li><li>Gestionar la informaci\u00f3n almacenada en sistemas ERP-CRM garantizando su integridad.<\/li><li>Desarrollar componentes personalizados para un sistema ERP-CRM atendiendo a los requerimientos.<\/li><li>Realizar planes de pruebas verificando el funcionamiento de los componentes software desarrollados, seg\u00fan las especificaciones.<\/li><li>Desplegar y distribuir aplicaciones en distintos \u00e1mbitos de implantaci\u00f3n verificando su comportamiento y realizando las modificaciones necesarias.<\/li><li>Establecer v\u00edas eficaces de relaci\u00f3n profesional y comunicaci\u00f3n con sus superiores, compa\u00f1eros y subordinados, respetando la autonom\u00eda y competencias de las distintas personas.<\/li><li>Liderar situaciones colectivas que se puedan producir, mediando en conflictos personales y laborales, contribuyendo al establecimiento de un ambiente de trabajo agradable, actuando en todo momento de forma respetuosa y tolerante.<\/li><li>Gestionar su carrera profesional, analizando las oportunidades de empleo, autoempleo y de aprendizaje.<\/li><li>Mantener el esp\u00edritu de innovaci\u00f3n y actualizaci\u00f3n en el \u00e1mbito de su trabajo para adaptarse a los cambios tecnol\u00f3gicos y organizativos de su entorno profesional.<\/li><li>Crear y gestionar una peque\u00f1a empresa, realizando un estudio de viabilidad de productos, de planificaci\u00f3n de la producci\u00f3n y de comercializaci\u00f3n.<\/li><li>Participar de forma activa en la vida econ\u00f3mica, social y cultural, con una actitud cr\u00edtica y responsable.<\/li><\/ul>\n\n\n\n<p><strong>P<\/strong><strong>uestos de Trabajo:<\/strong><\/p>\n\n\n\n<ul class=\"wp-block-list\"><li>Desarrollar aplicaciones inform\u00e1ticas para la gesti\u00f3n empresarial y de negocio.<\/li><li>Desarrollar aplicaciones de prop\u00f3sito general.<\/li><li>Desarrollar aplicaciones en el \u00e1mbito del entretenimiento y la inform\u00e1tica m\u00f3vil.<\/li><\/ul>\n\n\n\n<a href=\"https:\/\/somosdelprieto.com\/index.php\/departamentos\/departamento-de-informatica\/\" target=\"_blank\" rel=\"noopener\"><button type=\"button\" class=\"btn btn-primary\">M\u00e1s informaci\u00f3n sobre este ciclo en la p\u00e1gina del Departamento de Inform\u00e1tica<\/button><\/a>\n\n\n\n<p><\/p>\n","protected":false},"excerpt":{"rendered":"<p>Familia Profesional: INFORM\u00c1TICA Y COMUNICACIONESNivel: CICLO FORMATIVO DE GRADO SUPERIOR Duraci\u00f3n: 2000 horas. 2 cursos acad\u00e9mico 1er&nbsp;CURSO Hrs.a\u00f1o Hrs.Sem. 2\u00ba&nbsp;CURSO Hrs.a\u00f1o Hrs.Sem. 0483. Sistemas inform\u00e1ticos 180 6 0486. Acceso a datos 145 7 0484. Bases de datos 185 6 0488. Desarrollo de interfaces 130 7 0485. Programaci\u00f3n 205 6 0489. Programaci\u00f3n multimedia y dispositivos m\u00f3viles &hellip; <\/p>\n<p class=\"link-more\"><a href=\"https:\/\/somosdelprieto.com\/index.php\/estudios\/ciclos-formativos-de-grado-superior\/tecnico-superior-en-desarrollo-de-aplicaciones-multiplataforma\/\" class=\"more-link\">Continuar leyendo<span class=\"screen-reader-text\"> \u00abT\u00e9cnico Superior en Desarrollo de Aplicaciones Multiplataforma\u00bb<\/span><\/a><\/p>\n","protected":false},"author":24,"featured_media":0,"parent":1999,"menu_order":0,"comment_status":"closed","ping_status":"closed","template":"","meta":{"footnotes":""},"class_list":["post-2100","page","type-page","status-publish","hentry"],"_links":{"self":[{"href":"https:\/\/somosdelprieto.com\/index.php\/wp-json\/wp\/v2\/pages\/2100","targetHints":{"allow":["GET"]}}],"collection":[{"href":"https:\/\/somosdelprieto.com\/index.php\/wp-json\/wp\/v2\/pages"}],"about":[{"href":"https:\/\/somosdelprieto.com\/index.php\/wp-json\/wp\/v2\/types\/page"}],"author":[{"embeddable":true,"href":"https:\/\/somosdelprieto.com\/index.php\/wp-json\/wp\/v2\/users\/24"}],"replies":[{"embeddable":true,"href":"https:\/\/somosdelprieto.com\/index.php\/wp-json\/wp\/v2\/comments?post=2100"}],"version-history":[{"count":6,"href":"https:\/\/somosdelprieto.com\/index.php\/wp-json\/wp\/v2\/pages\/2100\/revisions"}],"predecessor-version":[{"id":15707,"href":"https:\/\/somosdelprieto.com\/index.php\/wp-json\/wp\/v2\/pages\/2100\/revisions\/15707"}],"up":[{"embeddable":true,"href":"https:\/\/somosdelprieto.com\/index.php\/wp-json\/wp\/v2\/pages\/1999"}],"wp:attachment":[{"href":"https:\/\/somosdelprieto.com\/index.php\/wp-json\/wp\/v2\/media?parent=2100"}],"curies":[{"name":"wp","href":"https:\/\/api.w.org\/{rel}","templated":true}]}}